{"id":1107,"date":"2025-08-26T16:15:28","date_gmt":"2025-08-26T16:15:28","guid":{"rendered":"https:\/\/verdihotels.com\/budapest\/?page_id=1107"},"modified":"2026-04-14T12:41:59","modified_gmt":"2026-04-14T12:41:59","slug":"evenementiel","status":"publish","type":"page","link":"https:\/\/verdihotels.com\/budapest\/fr\/evenementiel\/","title":{"rendered":"\u00c9v\u00e9nementiel"},"content":{"rendered":"<div data-elementor-type=\"wp-page\" data-elementor-id=\"1107\" class=\"elementor elementor-1107\" data-elementor-post-type=\"page\"><div class=\"breadcrumbs\"><span><span><a href=\"https:\/\/verdihotels.com\/budapest\/\">Home<\/a><\/span><\/span><\/div>\n\t\t\t\t<div class=\"elementor-element elementor-element-4aa5919 e-con-full e-flex e-con e-parent\" data-id=\"4aa5919\" data-element_type=\"container\" data-e-type=\"container\" data-settings='{\"background_background\":\"classic\"}'>\n\t\t<div class=\"elementor-element elementor-element-bb17a80 e-con-full e-flex e-con e-child\" data-id=\"bb17a80\" data-element_type=\"container\" data-e-type=\"container\">\n\t\t\t\t<div class=\"elementor-element elementor-element-975d84c elementor-widget elementor-widget-html\" data-id=\"975d84c\" data-element_type=\"widget\" data-e-type=\"widget\" data-widget_type=\"html.default\">\n\t\t\t\t<div class=\"elementor-widget-container\">\n\t\t\t\t\t<div id=\"mp-booking-engine-iframe-container\" style=\"width: 1100px\"><h2 class=\"meetintitle\">Book a Meeting<\/h2><\/div>\n    <script langcode=\"en\" whitelabel_id=\"724200\" widget_id=\"verdi_hotels\" destination=\"724166\" version=\"frontpage-v4\" src=\"https:\/\/bookingengine-mp.s3.eu-west-2.amazonaws.com\/script.js\"><\/script>\t\t\t\t<\/div>\n\t\t\t\t<\/div>\n\t\t\t\t<\/div>\n\t\t\t\t<\/div>\n\t\t\t\t<section class=\"elementor-section elementor-top-section elementor-element elementor-element-ee9865d elementor-section-full_width elementor-section-height-min-height elementor-section-height-default elementor-section-items-middle\" data-id=\"ee9865d\" data-element_type=\"section\" data-e-type=\"section\">\n\t\t\t\t\t\t<div class=\"elementor-container elementor-column-gap-default\">\n\t\t\t\t\t<div class=\"elementor-column elementor-col-50 elementor-top-column elementor-element elementor-element-be324b3\" data-id=\"be324b3\" data-element_type=\"column\" data-e-type=\"column\">\n\t\t\t<div class=\"elementor-widget-wrap elementor-element-populated\">\n\t\t\t\t\t\t<div class=\"elementor-element elementor-element-7c52125 elementor-widget elementor-widget-heading\" data-id=\"7c52125\" data-element_type=\"widget\" data-e-type=\"widget\" data-widget_type=\"heading.default\">\n\t\t\t\t<div class=\"elementor-widget-container\">\n\t\t\t\t\t<h2 class=\"elementor-heading-title elementor-size-default\">Meet &amp; Celebrate<\/h2>\t\t\t\t<\/div>\n\t\t\t\t<\/div>\n\t\t\t\t<div class=\"elementor-element elementor-element-d49f2e2 elementor-widget elementor-widget-heading\" data-id=\"d49f2e2\" data-element_type=\"widget\" data-e-type=\"widget\" data-widget_type=\"heading.default\">\n\t\t\t\t<div class=\"elementor-widget-container\">\n\t\t\t\t\t<h1 class=\"elementor-heading-title elementor-size-default\">Des espaces sur mesure pour vos &eacute;v&eacute;nements<\/h1>\t\t\t\t<\/div>\n\t\t\t\t<\/div>\n\t\t\t\t\t<\/div>\n\t\t<\/div>\n\t\t\t\t<div class=\"elementor-column elementor-col-50 elementor-top-column elementor-element elementor-element-fe7e86a\" data-id=\"fe7e86a\" data-element_type=\"column\" data-e-type=\"column\">\n\t\t\t<div class=\"elementor-widget-wrap elementor-element-populated\">\n\t\t\t\t\t\t<div class=\"elementor-element elementor-element-2c63260 elementor-widget__width-initial elementor-widget elementor-widget-text-editor\" data-id=\"2c63260\" data-element_type=\"widget\" data-e-type=\"widget\" data-widget_type=\"text-editor.default\">\n\t\t\t\t<div class=\"elementor-widget-container\">\n\t\t\t\t\t\t\t\t\t<p class=\"p1\">Vos moments privil&eacute;gi&eacute;s sont nos moments privil&eacute;gi&eacute;s. Avec nos multiples espaces &eacute;v&eacute;nementiels et notre &eacute;quipe d&eacute;vou&eacute;e, il vous suffit de nous faire part de votre vision &ndash; nous nous occuperons du reste. Chaque d&eacute;tail a son importance, qu&rsquo;il s&rsquo;agisse d&rsquo;un mariage, d&rsquo;une r&eacute;union ou d&rsquo;une conf&eacute;rence.<\/p>\t\t\t\t\t\t\t\t<\/div>\n\t\t\t\t<\/div>\n\t\t\t\t\t<\/div>\n\t\t<\/div>\n\t\t\t\t\t<\/div>\n\t\t<\/section>\n\t\t\t\t<section class=\"elementor-section elementor-top-section elementor-element elementor-element-360b9cd elementor-section-full_width elementor-section-height-min-height elementor-section-height-default elementor-section-items-middle\" data-id=\"360b9cd\" data-element_type=\"section\" data-e-type=\"section\" id=\"conference\" data-settings='{\"background_background\":\"classic\"}'>\n\t\t\t\t\t\t<div class=\"elementor-container elementor-column-gap-default\">\n\t\t\t\t\t<div class=\"elementor-column elementor-col-50 elementor-top-column elementor-element elementor-element-8a26bf9\" data-id=\"8a26bf9\" data-element_type=\"column\" data-e-type=\"column\">\n\t\t\t<div class=\"elementor-widget-wrap\">\n\t\t\t\t\t\t\t<\/div>\n\t\t<\/div>\n\t\t\t\t<div class=\"elementor-column elementor-col-50 elementor-top-column elementor-element elementor-element-c2ea283\" data-id=\"c2ea283\" data-element_type=\"column\" data-e-type=\"column\" data-settings='{\"background_background\":\"classic\"}'>\n\t\t\t<div class=\"elementor-widget-wrap elementor-element-populated\">\n\t\t\t\t\t\t<div class=\"elementor-element elementor-element-b1fda01 elementor-widget elementor-widget-heading\" data-id=\"b1fda01\" data-element_type=\"widget\" data-e-type=\"widget\" data-widget_type=\"heading.default\">\n\t\t\t\t<div class=\"elementor-widget-container\">\n\t\t\t\t\t<h2 class=\"elementor-heading-title elementor-size-default\">Meet &amp; Celebrate<\/h2>\t\t\t\t<\/div>\n\t\t\t\t<\/div>\n\t\t\t\t<div class=\"elementor-element elementor-element-6a254aa elementor-widget elementor-widget-heading\" data-id=\"6a254aa\" data-element_type=\"widget\" data-e-type=\"widget\" data-widget_type=\"heading.default\">\n\t\t\t\t<div class=\"elementor-widget-container\">\n\t\t\t\t\t<h2 class=\"elementor-heading-title elementor-size-default\">Conf&eacute;rences et r&eacute;unions<\/h2>\t\t\t\t<\/div>\n\t\t\t\t<\/div>\n\t\t\t\t<div class=\"elementor-element elementor-element-56fb65f elementor-widget__width-initial elementor-widget elementor-widget-text-editor\" data-id=\"56fb65f\" data-element_type=\"widget\" data-e-type=\"widget\" data-widget_type=\"text-editor.default\">\n\t\t\t\t<div class=\"elementor-widget-container\">\n\t\t\t\t\t\t\t\t\t<p class=\"p1\">C&rsquo;est ici que commence votre parcours vers un &eacute;v&eacute;nement inoubliable. Notre objectif: donner vie &agrave; des moments sans pareils. Si vous organisez une conf&eacute;rence ou une r&eacute;union, nous disposons de tous les outils n&eacute;cessaires pour en faire une r&eacute;alit&eacute;.<\/p>\t\t\t\t\t\t\t\t<\/div>\n\t\t\t\t<\/div>\n\t\t\t\t<div class=\"elementor-element elementor-element-a1b32dc elementor-widget elementor-widget-button\" data-id=\"a1b32dc\" data-element_type=\"widget\" data-e-type=\"widget\" data-widget_type=\"button.default\">\n\t\t\t\t<div class=\"elementor-widget-container\">\n\t\t\t\t\t\t\t\t\t<div class=\"elementor-button-wrapper\">\n\t\t\t\t\t<a class=\"elementor-button elementor-button-link elementor-size-sm\" href=\"https:\/\/verdihotels.com\/budapest\/fr\/conferences-et-reunions\/\">\n\t\t\t\t\t\t<span class=\"elementor-button-content-wrapper\">\n\t\t\t\t\t\t\t\t\t<span class=\"elementor-button-text\">Discover<\/span>\n\t\t\t\t\t<\/span>\n\t\t\t\t\t<\/a>\n\t\t\t\t<\/div>\n\t\t\t\t\t\t\t\t<\/div>\n\t\t\t\t<\/div>\n\t\t\t\t<div class=\"elementor-element elementor-element-c168398 elementor-widget elementor-widget-spacer\" data-id=\"c168398\" data-element_type=\"widget\" data-e-type=\"widget\" data-widget_type=\"spacer.default\">\n\t\t\t\t<div class=\"elementor-widget-container\">\n\t\t\t\t\t\t\t<div class=\"elementor-spacer\">\n\t\t\t<div class=\"elementor-spacer-inner\"><\/div>\n\t\t<\/div>\n\t\t\t\t\t\t<\/div>\n\t\t\t\t<\/div>\n\t\t\t\t\t<\/div>\n\t\t<\/div>\n\t\t\t\t\t<\/div>\n\t\t<\/section>\n\t\t\t\t<section class=\"elementor-section elementor-top-section elementor-element elementor-element-05e2fac elementor-section-full_width elementor-section-height-min-height elementor-section-items-top elementor-section-height-default\" data-id=\"05e2fac\" data-element_type=\"section\" data-e-type=\"section\" id=\"events\" data-settings='{\"background_background\":\"classic\"}'>\n\t\t\t\t\t\t<div class=\"elementor-container elementor-column-gap-default\">\n\t\t\t\t\t<div class=\"elementor-column elementor-col-50 elementor-top-column elementor-element elementor-element-0e7f62c\" data-id=\"0e7f62c\" data-element_type=\"column\" data-e-type=\"column\" data-settings='{\"background_background\":\"classic\"}'>\n\t\t\t<div class=\"elementor-widget-wrap elementor-element-populated\">\n\t\t\t\t\t\t<div class=\"elementor-element elementor-element-52ad466 elementor-widget elementor-widget-heading\" data-id=\"52ad466\" data-element_type=\"widget\" data-e-type=\"widget\" data-widget_type=\"heading.default\">\n\t\t\t\t<div class=\"elementor-widget-container\">\n\t\t\t\t\t<h2 class=\"elementor-heading-title elementor-size-default\">MEET &amp; CELEBRATE&#8203;<\/h2>\t\t\t\t<\/div>\n\t\t\t\t<\/div>\n\t\t\t\t<div class=\"elementor-element elementor-element-8d37efa elementor-widget elementor-widget-heading\" data-id=\"8d37efa\" data-element_type=\"widget\" data-e-type=\"widget\" data-widget_type=\"heading.default\">\n\t\t\t\t<div class=\"elementor-widget-container\">\n\t\t\t\t\t<h2 class=\"elementor-heading-title elementor-size-default\">Concr&eacute;tiser les r&ecirc;ves de mariage<\/h2>\t\t\t\t<\/div>\n\t\t\t\t<\/div>\n\t\t\t\t<div class=\"elementor-element elementor-element-0e4333a elementor-widget__width-initial elementor-widget elementor-widget-text-editor\" data-id=\"0e4333a\" data-element_type=\"widget\" data-e-type=\"widget\" data-widget_type=\"text-editor.default\">\n\t\t\t\t<div class=\"elementor-widget-container\">\n\t\t\t\t\t\t\t\t\t<p class=\"p1\">Vivez la magie de dire &laquo;oui&raquo;. Nous sommes l&agrave; pour cr&eacute;er un moment v&eacute;ritablement magnifique pour le mariage de vos r&ecirc;ves. Et nous ferons en sorte qu&rsquo;il soit aussi parfait que vous l&rsquo;avez toujours imagin&eacute;.<\/p>\t\t\t\t\t\t\t\t<\/div>\n\t\t\t\t<\/div>\n\t\t\t\t<div class=\"elementor-element elementor-element-ac4bc30 elementor-widget elementor-widget-button\" data-id=\"ac4bc30\" data-element_type=\"widget\" data-e-type=\"widget\" data-widget_type=\"button.default\">\n\t\t\t\t<div class=\"elementor-widget-container\">\n\t\t\t\t\t\t\t\t\t<div class=\"elementor-button-wrapper\">\n\t\t\t\t\t<a class=\"elementor-button elementor-button-link elementor-size-sm\" href=\"https:\/\/verdihotels.com\/budapest\/fr\/evenementiel\/mariages-et-evenements\/\">\n\t\t\t\t\t\t<span class=\"elementor-button-content-wrapper\">\n\t\t\t\t\t\t\t\t\t<span class=\"elementor-button-text\">Discover<\/span>\n\t\t\t\t\t<\/span>\n\t\t\t\t\t<\/a>\n\t\t\t\t<\/div>\n\t\t\t\t\t\t\t\t<\/div>\n\t\t\t\t<\/div>\n\t\t\t\t\t<\/div>\n\t\t<\/div>\n\t\t\t\t<div class=\"elementor-column elementor-col-50 elementor-top-column elementor-element elementor-element-6bc7738\" data-id=\"6bc7738\" data-element_type=\"column\" data-e-type=\"column\">\n\t\t\t<div class=\"elementor-widget-wrap\">\n\t\t\t\t\t\t\t<\/div>\n\t\t<\/div>\n\t\t\t\t\t<\/div>\n\t\t<\/section>\n\t\t\t\t<\/div>\n","protected":false},"excerpt":{"rendered":"<p>Book a Meeting Meet &amp; Celebrate Des espaces sur mesure pour vos \u00e9v\u00e9nements Vos moments privil\u00e9gi\u00e9s sont nos moments privil\u00e9gi\u00e9s. Avec nos multiples espaces \u00e9v\u00e9nementiels et notre \u00e9quipe d\u00e9vou\u00e9e, il vous suffit de nous faire part de votre vision \u2013 nous nous occuperons du reste. Chaque d\u00e9tail a son importance, qu\u2019il s\u2019agisse d\u2019un mariage, d\u2019une&hellip;<\/p>\n","protected":false},"author":3,"featured_media":1165,"parent":0,"menu_order":40,"comment_status":"closed","ping_status":"closed","template":"","meta":{"_acf_changed":false,"footnotes":""},"class_list":["post-1107","page","type-page","status-publish","has-post-thumbnail","hentry"],"yoast_head":"<!-- This site is optimized with the Yoast SEO plugin v27.4 - https:\/\/yoast.com\/product\/yoast-seo-wordpress\/ -->\n<title>Hotel Event Space - Verdi Budapest Aquincum<\/title>\n<meta name=\"description\" content=\"Plan your perfect event at Verdi Budapest Aquincum, offering exceptional venues and personalised service for unforgettable celebrations.\" \/>\n<meta name=\"robots\" content=\"index, follow, max-snippet:-1, max-image-preview:large, max-video-preview:-1\" \/>\n<link rel=\"canonical\" href=\"https:\/\/verdihotels.com\/budapest\/fr\/evenementiel\/\" \/>\n<meta property=\"og:locale\" content=\"en_GB\" \/>\n<meta property=\"og:type\" content=\"article\" \/>\n<meta property=\"og:title\" content=\"Hotel Event Space - Verdi Budapest Aquincum\" \/>\n<meta property=\"og:description\" content=\"Plan your perfect event at Verdi Budapest Aquincum, offering exceptional venues and personalised service for unforgettable celebrations.\" \/>\n<meta property=\"og:url\" content=\"https:\/\/verdihotels.com\/budapest\/fr\/evenementiel\/\" \/>\n<meta property=\"og:site_name\" content=\"Verdi Budapest Aquincum\" \/>\n<meta property=\"article:publisher\" content=\"https:\/\/www.facebook.com\/VerdiHotels\" \/>\n<meta property=\"article:modified_time\" content=\"2026-04-14T12:41:59+00:00\" \/>\n<meta property=\"og:image\" content=\"https:\/\/verdihotels.com\/wp-content\/uploads\/sites\/2\/2025\/09\/Verdi-Budapest-Meet-and-Celebrate.jpg\" \/>\n\t<meta property=\"og:image:width\" content=\"2000\" \/>\n\t<meta property=\"og:image:height\" content=\"1291\" \/>\n\t<meta property=\"og:image:type\" content=\"image\/jpeg\" \/>\n<meta name=\"twitter:card\" content=\"summary_large_image\" \/>\n<meta name=\"twitter:label1\" content=\"Estimated reading time\" \/>\n\t<meta name=\"twitter:data1\" content=\"1 minute\" \/>\n<script type=\"application\/ld+json\" class=\"yoast-schema-graph\">{\"@context\":\"https:\\\/\\\/schema.org\",\"@graph\":[{\"@type\":\"WebPage\",\"@id\":\"https:\\\/\\\/verdihotels.com\\\/budapest\\\/fr\\\/evenementiel\\\/\",\"url\":\"https:\\\/\\\/verdihotels.com\\\/budapest\\\/fr\\\/evenementiel\\\/\",\"name\":\"Hotel Event Space - Verdi Budapest Aquincum\",\"image\":{\"@id\":\"https:\\\/\\\/verdihotels.com\\\/budapest\\\/fr\\\/evenementiel\\\/#primaryimage\"},\"description\":\"Plan your perfect event at Verdi Budapest Aquincum, offering exceptional venues and personalised service for unforgettable celebrations.\",\"potentialAction\":[{\"@type\":\"ReadAction\",\"target\":[\"https:\\\/\\\/verdihotels.com\\\/budapest\\\/fr\\\/evenementiel\\\/\"]}]},{\"@type\":\"ImageObject\",\"inLanguage\":\"en-GB\",\"@id\":\"https:\\\/\\\/verdihotels.com\\\/budapest\\\/fr\\\/evenementiel\\\/#primaryimage\",\"url\":\"https:\\\/\\\/verdihotels.com\\\/wp-content\\\/uploads\\\/sites\\\/2\\\/2025\\\/09\\\/Verdi-Budapest-Meet-and-Celebrate.jpg\",\"contentUrl\":\"https:\\\/\\\/verdihotels.com\\\/wp-content\\\/uploads\\\/sites\\\/2\\\/2025\\\/09\\\/Verdi-Budapest-Meet-and-Celebrate.jpg\",\"width\":2000,\"height\":1291,\"caption\":\"Four people sit around a glass coffee table with books, papers, a laptop, and coffee cups, engaged in a discussion in a comfortable, colorful setting.\"},{\"@type\":\"BreadcrumbList\",\"@id\":\"https:\\\/\\\/verdihotels.com\\\/budapest\\\/fr\\\/evenementiel\\\/#breadcrumb\",\"itemListElement\":[{\"@type\":\"ListItem\",\"position\":1,\"name\":\"Home\",\"item\":\"https:\\\/\\\/verdihotels.com\\\/budapest\\\/\"},{\"@type\":\"ListItem\",\"position\":2,\"name\":\"\u00c9v\u00e9nementiel\"}]},{\"@type\":\"WebSite\",\"@id\":\"https:\\\/\\\/verdihotels.com\\\/budapest\\\/#website\",\"url\":\"https:\\\/\\\/verdihotels.com\\\/budapest\\\/\",\"name\":\"Verdi Budapest Aquincum\",\"description\":\"travelling the way it&#039;s meant to be\",\"publisher\":{\"@id\":\"https:\\\/\\\/verdihotels.com\\\/budapest\\\/#organization\"},\"potentialAction\":[{\"@type\":\"SearchAction\",\"target\":{\"@type\":\"EntryPoint\",\"urlTemplate\":\"https:\\\/\\\/verdihotels.com\\\/budapest\\\/?s={search_term_string}\"},\"query-input\":{\"@type\":\"PropertyValueSpecification\",\"valueRequired\":true,\"valueName\":\"search_term_string\"}}],\"inLanguage\":\"en-GB\"},{\"@type\":\"Organization\",\"@id\":\"https:\\\/\\\/verdihotels.com\\\/budapest\\\/#organization\",\"name\":\"Verdi Budapest Aquincum\",\"url\":\"https:\\\/\\\/verdihotels.com\\\/budapest\\\/\",\"logo\":{\"@type\":\"ImageObject\",\"inLanguage\":\"en-GB\",\"@id\":\"https:\\\/\\\/verdihotels.com\\\/budapest\\\/#\\\/schema\\\/logo\\\/image\\\/\",\"url\":\"https:\\\/\\\/verdihotels.com\\\/wp-content\\\/uploads\\\/sites\\\/2\\\/2023\\\/05\\\/Verdi-Hotels-Logo-RGB@2x.png\",\"contentUrl\":\"https:\\\/\\\/verdihotels.com\\\/wp-content\\\/uploads\\\/sites\\\/2\\\/2023\\\/05\\\/Verdi-Hotels-Logo-RGB@2x.png\",\"width\":1224,\"height\":576,\"caption\":\"Verdi Budapest Aquincum\"},\"image\":{\"@id\":\"https:\\\/\\\/verdihotels.com\\\/budapest\\\/#\\\/schema\\\/logo\\\/image\\\/\"},\"sameAs\":[\"https:\\\/\\\/www.facebook.com\\\/VerdiHotels\",\"https:\\\/\\\/www.tiktok.com\\\/@verdi_hotels\",\"https:\\\/\\\/www.instagram.com\\\/verdi_hotels\"]}]}<\/script>\n<!-- \/ Yoast SEO plugin. -->","yoast_head_json":{"title":"Hotel Event Space - Verdi Budapest Aquincum","description":"Plan your perfect event at Verdi Budapest Aquincum, offering exceptional venues and personalised service for unforgettable celebrations.","robots":{"index":"index","follow":"follow","max-snippet":"max-snippet:-1","max-image-preview":"max-image-preview:large","max-video-preview":"max-video-preview:-1"},"canonical":"https:\/\/verdihotels.com\/budapest\/fr\/evenementiel\/","og_locale":"en_GB","og_type":"article","og_title":"Hotel Event Space - Verdi Budapest Aquincum","og_description":"Plan your perfect event at Verdi Budapest Aquincum, offering exceptional venues and personalised service for unforgettable celebrations.","og_url":"https:\/\/verdihotels.com\/budapest\/fr\/evenementiel\/","og_site_name":"Verdi Budapest Aquincum","article_publisher":"https:\/\/www.facebook.com\/VerdiHotels","article_modified_time":"2026-04-14T12:41:59+00:00","og_image":[{"width":2000,"height":1291,"url":"https:\/\/verdihotels.com\/wp-content\/uploads\/sites\/2\/2025\/09\/Verdi-Budapest-Meet-and-Celebrate.jpg","type":"image\/jpeg"}],"twitter_card":"summary_large_image","twitter_misc":{"Estimated reading time":"1 minute"},"schema":{"@context":"https:\/\/schema.org","@graph":[{"@type":"WebPage","@id":"https:\/\/verdihotels.com\/budapest\/fr\/evenementiel\/","url":"https:\/\/verdihotels.com\/budapest\/fr\/evenementiel\/","name":"Hotel Event Space - Verdi Budapest Aquincum","image":{"@id":"https:\/\/verdihotels.com\/budapest\/fr\/evenementiel\/#primaryimage"},"description":"Plan your perfect event at Verdi Budapest Aquincum, offering exceptional venues and personalised service for unforgettable celebrations.","potentialAction":[{"@type":"ReadAction","target":["https:\/\/verdihotels.com\/budapest\/fr\/evenementiel\/"]}]},{"@type":"ImageObject","inLanguage":"en-GB","@id":"https:\/\/verdihotels.com\/budapest\/fr\/evenementiel\/#primaryimage","url":"https:\/\/verdihotels.com\/wp-content\/uploads\/sites\/2\/2025\/09\/Verdi-Budapest-Meet-and-Celebrate.jpg","contentUrl":"https:\/\/verdihotels.com\/wp-content\/uploads\/sites\/2\/2025\/09\/Verdi-Budapest-Meet-and-Celebrate.jpg","width":2000,"height":1291,"caption":"Four people sit around a glass coffee table with books, papers, a laptop, and coffee cups, engaged in a discussion in a comfortable, colorful setting."},{"@type":"BreadcrumbList","@id":"https:\/\/verdihotels.com\/budapest\/fr\/evenementiel\/#breadcrumb","itemListElement":[{"@type":"ListItem","position":1,"name":"Home","item":"https:\/\/verdihotels.com\/budapest\/"},{"@type":"ListItem","position":2,"name":"\u00c9v\u00e9nementiel"}]},{"@type":"WebSite","@id":"https:\/\/verdihotels.com\/budapest\/#website","url":"https:\/\/verdihotels.com\/budapest\/","name":"Verdi Budapest Aquincum","description":"travelling the way it&#039;s meant to be","publisher":{"@id":"https:\/\/verdihotels.com\/budapest\/#organization"},"potentialAction":[{"@type":"SearchAction","target":{"@type":"EntryPoint","urlTemplate":"https:\/\/verdihotels.com\/budapest\/?s={search_term_string}"},"query-input":{"@type":"PropertyValueSpecification","valueRequired":true,"valueName":"search_term_string"}}],"inLanguage":"en-GB"},{"@type":"Organization","@id":"https:\/\/verdihotels.com\/budapest\/#organization","name":"Verdi Budapest Aquincum","url":"https:\/\/verdihotels.com\/budapest\/","logo":{"@type":"ImageObject","inLanguage":"en-GB","@id":"https:\/\/verdihotels.com\/budapest\/#\/schema\/logo\/image\/","url":"https:\/\/verdihotels.com\/wp-content\/uploads\/sites\/2\/2023\/05\/Verdi-Hotels-Logo-RGB@2x.png","contentUrl":"https:\/\/verdihotels.com\/wp-content\/uploads\/sites\/2\/2023\/05\/Verdi-Hotels-Logo-RGB@2x.png","width":1224,"height":576,"caption":"Verdi Budapest Aquincum"},"image":{"@id":"https:\/\/verdihotels.com\/budapest\/#\/schema\/logo\/image\/"},"sameAs":["https:\/\/www.facebook.com\/VerdiHotels","https:\/\/www.tiktok.com\/@verdi_hotels","https:\/\/www.instagram.com\/verdi_hotels"]}]}},"acf":[],"lang":"fr","translations":{"fr":1107,"de":569,"en":43,"hu":568,"pt":953,"cs":982},"pll_sync_post":[],"_links":{"self":[{"href":"https:\/\/verdihotels.com\/budapest\/wp-json\/wp\/v2\/pages\/1107","targetHints":{"allow":["GET"]}}],"collection":[{"href":"https:\/\/verdihotels.com\/budapest\/wp-json\/wp\/v2\/pages"}],"about":[{"href":"https:\/\/verdihotels.com\/budapest\/wp-json\/wp\/v2\/types\/page"}],"author":[{"embeddable":true,"href":"https:\/\/verdihotels.com\/budapest\/wp-json\/wp\/v2\/users\/3"}],"replies":[{"embeddable":true,"href":"https:\/\/verdihotels.com\/budapest\/wp-json\/wp\/v2\/comments?post=1107"}],"version-history":[{"count":0,"href":"https:\/\/verdihotels.com\/budapest\/wp-json\/wp\/v2\/pages\/1107\/revisions"}],"wp:featuredmedia":[{"embeddable":true,"href":"https:\/\/verdihotels.com\/budapest\/wp-json\/wp\/v2\/media\/1165"}],"wp:attachment":[{"href":"https:\/\/verdihotels.com\/budapest\/wp-json\/wp\/v2\/media?parent=1107"}],"curies":[{"name":"wp","href":"https:\/\/api.w.org\/{rel}","templated":true}]}}