{"id":572,"date":"2024-09-10T11:47:31","date_gmt":"2024-09-10T11:47:31","guid":{"rendered":"https:\/\/verdihotels.com\/budapest\/?page_id=572"},"modified":"2026-04-14T12:39:31","modified_gmt":"2026-04-14T12:39:31","slug":"konferenciak-es-talalkozok","status":"publish","type":"page","link":"https:\/\/verdihotels.com\/budapest\/hu\/talalkozok-es-unnepek\/konferenciak-es-talalkozok\/","title":{"rendered":"Konferenci\u00e1k \u00e9s tal\u00e1lkoz\u00f3k"},"content":{"rendered":"<div data-elementor-type=\"wp-page\" data-elementor-id=\"572\" class=\"elementor elementor-572\" data-elementor-post-type=\"page\"><div class=\"breadcrumbs\"><span><span><a href=\"https:\/\/verdihotels.com\/budapest\/\">Home<\/a><\/span><\/span><\/div>\n\t\t\t\t<div class=\"elementor-element elementor-element-36ebbef e-con-full e-flex e-con e-parent\" data-id=\"36ebbef\" data-element_type=\"container\" data-e-type=\"container\" data-settings='{\"background_background\":\"classic\"}'>\n\t\t<div class=\"elementor-element elementor-element-c501775 e-con-full e-flex e-con e-child\" data-id=\"c501775\" data-element_type=\"container\" data-e-type=\"container\">\n\t\t\t\t<div class=\"elementor-element elementor-element-3c85f35 elementor-widget elementor-widget-html\" data-id=\"3c85f35\" data-element_type=\"widget\" data-e-type=\"widget\" data-widget_type=\"html.default\">\n\t\t\t\t<div class=\"elementor-widget-container\">\n\t\t\t\t\t<div id=\"mp-booking-engine-iframe-container\" style=\"width: 1100px\"><h2 class=\"meetintitle\">Book a Meeting<\/h2><\/div>\n    <script langcode=\"en\" whitelabel_id=\"724200\" widget_id=\"verdi_hotels\" destination=\"724166\" version=\"frontpage-v4\" src=\"https:\/\/bookingengine-mp.s3.eu-west-2.amazonaws.com\/script.js\"><\/script>\t\t\t\t<\/div>\n\t\t\t\t<\/div>\n\t\t\t\t<\/div>\n\t\t\t\t<\/div>\n\t\t\t\t<section class=\"elementor-section elementor-top-section elementor-element elementor-element-ee9865d elementor-section-full_width elementor-section-height-min-height elementor-section-items-top elementor-section-content-middle elementor-section-height-default\" data-id=\"ee9865d\" data-element_type=\"section\" data-e-type=\"section\">\n\t\t\t\t\t\t<div class=\"elementor-container elementor-column-gap-default\">\n\t\t\t\t\t<div class=\"elementor-column elementor-col-50 elementor-top-column elementor-element elementor-element-be324b3\" data-id=\"be324b3\" data-element_type=\"column\" data-e-type=\"column\">\n\t\t\t<div class=\"elementor-widget-wrap elementor-element-populated\">\n\t\t\t\t\t\t<div class=\"elementor-element elementor-element-7c52125 elementor-widget elementor-widget-heading\" data-id=\"7c52125\" data-element_type=\"widget\" data-e-type=\"widget\" data-widget_type=\"heading.default\">\n\t\t\t\t<div class=\"elementor-widget-container\">\n\t\t\t\t\t<h2 class=\"elementor-heading-title elementor-size-default\">TAL&Aacute;LKOZ&Oacute;K &Eacute;S &Uuml;NNEPEK<\/h2>\t\t\t\t<\/div>\n\t\t\t\t<\/div>\n\t\t\t\t<div class=\"elementor-element elementor-element-d49f2e2 elementor-widget elementor-widget-heading\" data-id=\"d49f2e2\" data-element_type=\"widget\" data-e-type=\"widget\" data-widget_type=\"heading.default\">\n\t\t\t\t<div class=\"elementor-widget-container\">\n\t\t\t\t\t<h1 class=\"elementor-heading-title elementor-size-default\">Konferencia &eacute;s t&aacute;rgyal&oacute;terem<\/h1>\t\t\t\t<\/div>\n\t\t\t\t<\/div>\n\t\t\t\t\t<\/div>\n\t\t<\/div>\n\t\t\t\t<div class=\"elementor-column elementor-col-50 elementor-top-column elementor-element elementor-element-fe7e86a\" data-id=\"fe7e86a\" data-element_type=\"column\" data-e-type=\"column\">\n\t\t\t<div class=\"elementor-widget-wrap elementor-element-populated\">\n\t\t\t\t\t\t<div class=\"elementor-element elementor-element-2c63260 elementor-widget__width-initial elementor-widget elementor-widget-text-editor\" data-id=\"2c63260\" data-element_type=\"widget\" data-e-type=\"widget\" data-widget_type=\"text-editor.default\">\n\t\t\t\t<div class=\"elementor-widget-container\">\n\t\t\t\t\t\t\t\t\t<p>Elk&ouml;telezettek vagyunk azir&aacute;nt, hogy minden egyes rendezv&eacute;ny eml&eacute;kezetes sikert arasson. A Verdi Budapest Aquincum csapata 14 l&eacute;gkondicion&aacute;lt t&aacute;rgyal&oacute;teremmel, technikai felszerelts&eacute;ggel, ford&iacute;t&aacute;si szolg&aacute;ltat&aacute;sokkal k&eacute;szen &aacute;ll arra, hogy a rendezv&eacute;ny minden szakasz&aacute;ban t&aacute;mogat&aacute;st ny&uacute;jtson. Mi vagyunk az &Ouml;n megb&iacute;zhat&oacute; partnere a konferenci&aacute;k vagy tal&aacute;lkoz&oacute;k megrendez&eacute;s&eacute;hez.<\/p>\t\t\t\t\t\t\t\t<\/div>\n\t\t\t\t<\/div>\n\t\t\t\t\t<\/div>\n\t\t<\/div>\n\t\t\t\t\t<\/div>\n\t\t<\/section>\n\t\t\t\t<section class=\"elementor-section elementor-top-section elementor-element elementor-element-8e4977e elementor-section-full_width elementor-section-height-min-height elementor-section-height-default elementor-section-items-middle\" data-id=\"8e4977e\" data-element_type=\"section\" data-e-type=\"section\" data-settings='{\"background_background\":\"classic\"}'>\n\t\t\t\t\t\t<div class=\"elementor-container elementor-column-gap-default\">\n\t\t\t\t\t<div class=\"elementor-column elementor-col-50 elementor-top-column elementor-element elementor-element-42e8c04\" data-id=\"42e8c04\" data-element_type=\"column\" data-e-type=\"column\" data-settings='{\"background_background\":\"classic\"}'>\n\t\t\t<div class=\"elementor-widget-wrap elementor-element-populated\">\n\t\t\t\t\t\t<section class=\"elementor-section elementor-inner-section elementor-element elementor-element-f0cca07 elementor-section-boxed elementor-section-height-default elementor-section-height-default\" data-id=\"f0cca07\" data-element_type=\"section\" data-e-type=\"section\">\n\t\t\t\t\t\t<div class=\"elementor-container elementor-column-gap-default\">\n\t\t\t\t\t<div class=\"elementor-column elementor-col-100 elementor-inner-column elementor-element elementor-element-a52fb22\" data-id=\"a52fb22\" data-element_type=\"column\" data-e-type=\"column\">\n\t\t\t<div class=\"elementor-widget-wrap elementor-element-populated\">\n\t\t\t\t\t\t<div class=\"elementor-element elementor-element-a2b317e elementor-widget elementor-widget-spacer\" data-id=\"a2b317e\" data-element_type=\"widget\" data-e-type=\"widget\" data-widget_type=\"spacer.default\">\n\t\t\t\t<div class=\"elementor-widget-container\">\n\t\t\t\t\t\t\t<div class=\"elementor-spacer\">\n\t\t\t<div class=\"elementor-spacer-inner\"><\/div>\n\t\t<\/div>\n\t\t\t\t\t\t<\/div>\n\t\t\t\t<\/div>\n\t\t\t\t\t<\/div>\n\t\t<\/div>\n\t\t\t\t\t<\/div>\n\t\t<\/section>\n\t\t\t\t\t<\/div>\n\t\t<\/div>\n\t\t\t\t<div class=\"elementor-column elementor-col-50 elementor-top-column elementor-element elementor-element-8d7da91\" data-id=\"8d7da91\" data-element_type=\"column\" data-e-type=\"column\" data-settings='{\"background_background\":\"classic\"}'>\n\t\t\t<div class=\"elementor-widget-wrap elementor-element-populated\">\n\t\t\t\t\t\t<div class=\"elementor-element elementor-element-abbb1d8 elementor-widget__width-initial elementor-widget elementor-widget-text-editor\" data-id=\"abbb1d8\" data-element_type=\"widget\" data-e-type=\"widget\" data-widget_type=\"text-editor.default\">\n\t\t\t\t<div class=\"elementor-widget-container\">\n\t\t\t\t\t\t\t\t\t<p>Ak&aacute;r kis tr&eacute;ninget, ak&aacute;r 300 f&#337;s nagyszab&aacute;s&uacute; rendezv&eacute;nyt tervez, helysz&iacute;neink sokoldal&uacute;an alkalmazkodnak az &Ouml;n ig&eacute;nyeihez. A t&aacute;gas el&#337;terek t&ouml;k&eacute;letesen alkalmasak ki&aacute;ll&iacute;t&aacute;sok &eacute;s k&aacute;v&eacute;sz&uuml;netek tart&aacute;s&aacute;ra, &eacute;s rugalmasabb&aacute; teszik a rendezv&eacute;nyek tervez&eacute;s&eacute;t. A 310 k&eacute;nyelmes szoba &eacute;s lakoszt&aacute;ly b&#337;s&eacute;ges helyet k&iacute;n&aacute;l a vend&eacute;gek fogad&aacute;s&aacute;ra.<\/p><p>A rendezv&eacute;ny napj&aacute;n elk&ouml;telezett csapatunk a helysz&iacute;nen gondoskodik arr&oacute;l, hogy minden t&ouml;k&eacute;letesen a hely&eacute;n legyen, &iacute;gy &Ouml;nnek csak a vend&eacute;geire kell koncentr&aacute;lnia, &eacute;s &eacute;lveznie a rendezv&eacute;nyt.<\/p><p>Konferenci&aacute;ja vagy tal&aacute;lkoz&oacute;ja kieg&eacute;sz&iacute;t&eacute;sek&eacute;nt exkluz&iacute;v szoba&aacute;rakat &eacute;s parkol&aacute;si d&iacute;jat aj&aacute;nlunk a r&eacute;sztvev&#337;k sz&aacute;m&aacute;ra.<\/p><p>L&eacute;pjen vel&uuml;nk kapcsolatba, hogy kialak&iacute;thassuk az &Ouml;nnek megfelel&#337; csomagot, &eacute;s munkat&aacute;rsaink felkereshess&eacute;k &Ouml;nt a r&eacute;szletekkel.<\/p>\t\t\t\t\t\t\t\t<\/div>\n\t\t\t\t<\/div>\n\t\t\t\t<div class=\"elementor-element elementor-element-95827ca elementor-tablet-align-justify elementor-widget__width-auto elementor-widget-tablet__width-inherit elementor-widget elementor-widget-button\" data-id=\"95827ca\" data-element_type=\"widget\" data-e-type=\"widget\" data-widget_type=\"button.default\">\n\t\t\t\t<div class=\"elementor-widget-container\">\n\t\t\t\t\t\t\t\t\t<div class=\"elementor-button-wrapper\">\n\t\t\t\t\t<a class=\"elementor-button elementor-button-link elementor-size-sm\" href=\"https:\/\/verdihotels.com\/wp-content\/uploads\/2025\/01\/Verdi_Budapest_Factsheet-Events-compressed.pdf\">\n\t\t\t\t\t\t<span class=\"elementor-button-content-wrapper\">\n\t\t\t\t\t\t\t\t\t<span class=\"elementor-button-text\">T&aacute;j&eacute;koztat&oacute; let&ouml;lt&eacute;se<\/span>\n\t\t\t\t\t<\/span>\n\t\t\t\t\t<\/a>\n\t\t\t\t<\/div>\n\t\t\t\t\t\t\t\t<\/div>\n\t\t\t\t<\/div>\n\t\t\t\t<div class=\"elementor-element elementor-element-cccd6f6 elementor-tablet-align-justify elementor-widget__width-auto elementor-widget-tablet__width-inherit elementor-widget elementor-widget-button\" data-id=\"cccd6f6\" data-element_type=\"widget\" data-e-type=\"widget\" data-widget_type=\"button.default\">\n\t\t\t\t<div class=\"elementor-widget-container\">\n\t\t\t\t\t\t\t\t\t<div class=\"elementor-button-wrapper\">\n\t\t\t\t\t<a class=\"elementor-button elementor-button-link elementor-size-sm\" href=\"https:\/\/verdihotels.com\/budapest\/hu\/kapcsolatfelvetel\/\">\n\t\t\t\t\t\t<span class=\"elementor-button-content-wrapper\">\n\t\t\t\t\t\t\t\t\t<span class=\"elementor-button-text\">L&eacute;pjen vel&uuml;nk kapcsolatba<\/span>\n\t\t\t\t\t<\/span>\n\t\t\t\t\t<\/a>\n\t\t\t\t<\/div>\n\t\t\t\t\t\t\t\t<\/div>\n\t\t\t\t<\/div>\n\t\t\t\t<div class=\"elementor-element elementor-element-d6668b3 elementor-widget elementor-widget-spacer\" data-id=\"d6668b3\" data-element_type=\"widget\" data-e-type=\"widget\" data-widget_type=\"spacer.default\">\n\t\t\t\t<div class=\"elementor-widget-container\">\n\t\t\t\t\t\t\t<div class=\"elementor-spacer\">\n\t\t\t<div class=\"elementor-spacer-inner\"><\/div>\n\t\t<\/div>\n\t\t\t\t\t\t<\/div>\n\t\t\t\t<\/div>\n\t\t\t\t\t<\/div>\n\t\t<\/div>\n\t\t\t\t\t<\/div>\n\t\t<\/section>\n\t\t\t\t<\/div>\n","protected":false},"excerpt":{"rendered":"<p>Book a Meeting TAL\u00c1LKOZ\u00d3K \u00c9S \u00dcNNEPEK Konferencia \u00e9s t\u00e1rgyal\u00f3terem Elk\u00f6telezettek vagyunk azir\u00e1nt, hogy minden egyes rendezv\u00e9ny eml\u00e9kezetes sikert arasson. A Verdi Budapest Aquincum csapata 14 l\u00e9gkondicion\u00e1lt t\u00e1rgyal\u00f3teremmel, technikai felszerelts\u00e9ggel, ford\u00edt\u00e1si szolg\u00e1ltat\u00e1sokkal k\u00e9szen \u00e1ll arra, hogy a rendezv\u00e9ny minden szakasz\u00e1ban t\u00e1mogat\u00e1st ny\u00fajtson. Mi vagyunk az \u00d6n megb\u00edzhat\u00f3 partnere a konferenci\u00e1k vagy tal\u00e1lkoz\u00f3k megrendez\u00e9s\u00e9hez. Ak\u00e1r kis tr\u00e9ninget,&hellip;<\/p>\n","protected":false},"author":3,"featured_media":0,"parent":568,"menu_order":40,"comment_status":"closed","ping_status":"closed","template":"","meta":{"_acf_changed":false,"footnotes":""},"class_list":["post-572","page","type-page","status-publish","hentry"],"yoast_head":"<!-- This site is optimized with the Yoast SEO plugin v27.4 - https:\/\/yoast.com\/product\/yoast-seo-wordpress\/ -->\n<title>Budapest Conference &amp; Meeting Space - Verdi Budapest Aquincum<\/title>\n<meta name=\"description\" content=\"Host successful conferences and meetings at Verdi Budapest Aquincum, featuring versatile spaces and professional service in a stunning setting.\" \/>\n<meta name=\"robots\" content=\"index, follow, max-snippet:-1, max-image-preview:large, max-video-preview:-1\" \/>\n<link rel=\"canonical\" href=\"https:\/\/verdihotels.com\/budapest\/hu\/talalkozok-es-unnepek\/konferenciak-es-talalkozok\/\" \/>\n<meta property=\"og:locale\" content=\"en_GB\" \/>\n<meta property=\"og:type\" content=\"article\" \/>\n<meta property=\"og:title\" content=\"Budapest Conference &amp; Meeting Space - Verdi Budapest Aquincum\" \/>\n<meta property=\"og:description\" content=\"Host successful conferences and meetings at Verdi Budapest Aquincum, featuring versatile spaces and professional service in a stunning setting.\" \/>\n<meta property=\"og:url\" content=\"https:\/\/verdihotels.com\/budapest\/hu\/talalkozok-es-unnepek\/konferenciak-es-talalkozok\/\" \/>\n<meta property=\"og:site_name\" content=\"Verdi Budapest Aquincum\" \/>\n<meta property=\"article:publisher\" content=\"https:\/\/www.facebook.com\/VerdiHotels\" \/>\n<meta property=\"article:modified_time\" content=\"2026-04-14T12:39:31+00:00\" \/>\n<meta name=\"twitter:card\" content=\"summary_large_image\" \/>\n<meta name=\"twitter:label1\" content=\"Estimated reading time\" \/>\n\t<meta name=\"twitter:data1\" content=\"1 minute\" \/>\n<script type=\"application\/ld+json\" class=\"yoast-schema-graph\">{\"@context\":\"https:\\\/\\\/schema.org\",\"@graph\":[{\"@type\":\"WebPage\",\"@id\":\"https:\\\/\\\/verdihotels.com\\\/budapest\\\/hu\\\/talalkozok-es-unnepek\\\/konferenciak-es-talalkozok\\\/\",\"url\":\"https:\\\/\\\/verdihotels.com\\\/budapest\\\/hu\\\/talalkozok-es-unnepek\\\/konferenciak-es-talalkozok\\\/\",\"name\":\"Budapest Conference & Meeting Space - Verdi Budapest Aquincum\",\"description\":\"Host successful conferences and meetings at Verdi Budapest Aquincum, featuring versatile spaces and professional service in a stunning setting.\",\"potentialAction\":[{\"@type\":\"ReadAction\",\"target\":[\"https:\\\/\\\/verdihotels.com\\\/budapest\\\/hu\\\/talalkozok-es-unnepek\\\/konferenciak-es-talalkozok\\\/\"]}]},{\"@type\":\"BreadcrumbList\",\"@id\":\"https:\\\/\\\/verdihotels.com\\\/budapest\\\/hu\\\/talalkozok-es-unnepek\\\/konferenciak-es-talalkozok\\\/#breadcrumb\",\"itemListElement\":[{\"@type\":\"ListItem\",\"position\":1,\"name\":\"Home\",\"item\":\"https:\\\/\\\/verdihotels.com\\\/budapest\\\/\"},{\"@type\":\"ListItem\",\"position\":2,\"name\":\"Tal\u00e1lkoz\u00f3k \u00e9s \u00fcnnepek\",\"item\":\"https:\\\/\\\/verdihotels.com\\\/budapest\\\/hu\\\/talalkozok-es-unnepek\\\/\"},{\"@type\":\"ListItem\",\"position\":3,\"name\":\"Konferenci\u00e1k \u00e9s tal\u00e1lkoz\u00f3k\"}]},{\"@type\":\"WebSite\",\"@id\":\"https:\\\/\\\/verdihotels.com\\\/budapest\\\/#website\",\"url\":\"https:\\\/\\\/verdihotels.com\\\/budapest\\\/\",\"name\":\"Verdi Budapest Aquincum\",\"description\":\"travelling the way it&#039;s meant to be\",\"publisher\":{\"@id\":\"https:\\\/\\\/verdihotels.com\\\/budapest\\\/#organization\"},\"potentialAction\":[{\"@type\":\"SearchAction\",\"target\":{\"@type\":\"EntryPoint\",\"urlTemplate\":\"https:\\\/\\\/verdihotels.com\\\/budapest\\\/?s={search_term_string}\"},\"query-input\":{\"@type\":\"PropertyValueSpecification\",\"valueRequired\":true,\"valueName\":\"search_term_string\"}}],\"inLanguage\":\"en-GB\"},{\"@type\":\"Organization\",\"@id\":\"https:\\\/\\\/verdihotels.com\\\/budapest\\\/#organization\",\"name\":\"Verdi Budapest Aquincum\",\"url\":\"https:\\\/\\\/verdihotels.com\\\/budapest\\\/\",\"logo\":{\"@type\":\"ImageObject\",\"inLanguage\":\"en-GB\",\"@id\":\"https:\\\/\\\/verdihotels.com\\\/budapest\\\/#\\\/schema\\\/logo\\\/image\\\/\",\"url\":\"https:\\\/\\\/verdihotels.com\\\/wp-content\\\/uploads\\\/sites\\\/2\\\/2023\\\/05\\\/Verdi-Hotels-Logo-RGB@2x.png\",\"contentUrl\":\"https:\\\/\\\/verdihotels.com\\\/wp-content\\\/uploads\\\/sites\\\/2\\\/2023\\\/05\\\/Verdi-Hotels-Logo-RGB@2x.png\",\"width\":1224,\"height\":576,\"caption\":\"Verdi Budapest Aquincum\"},\"image\":{\"@id\":\"https:\\\/\\\/verdihotels.com\\\/budapest\\\/#\\\/schema\\\/logo\\\/image\\\/\"},\"sameAs\":[\"https:\\\/\\\/www.facebook.com\\\/VerdiHotels\",\"https:\\\/\\\/www.tiktok.com\\\/@verdi_hotels\",\"https:\\\/\\\/www.instagram.com\\\/verdi_hotels\"]}]}<\/script>\n<!-- \/ Yoast SEO plugin. -->","yoast_head_json":{"title":"Budapest Conference & Meeting Space - Verdi Budapest Aquincum","description":"Host successful conferences and meetings at Verdi Budapest Aquincum, featuring versatile spaces and professional service in a stunning setting.","robots":{"index":"index","follow":"follow","max-snippet":"max-snippet:-1","max-image-preview":"max-image-preview:large","max-video-preview":"max-video-preview:-1"},"canonical":"https:\/\/verdihotels.com\/budapest\/hu\/talalkozok-es-unnepek\/konferenciak-es-talalkozok\/","og_locale":"en_GB","og_type":"article","og_title":"Budapest Conference & Meeting Space - Verdi Budapest Aquincum","og_description":"Host successful conferences and meetings at Verdi Budapest Aquincum, featuring versatile spaces and professional service in a stunning setting.","og_url":"https:\/\/verdihotels.com\/budapest\/hu\/talalkozok-es-unnepek\/konferenciak-es-talalkozok\/","og_site_name":"Verdi Budapest Aquincum","article_publisher":"https:\/\/www.facebook.com\/VerdiHotels","article_modified_time":"2026-04-14T12:39:31+00:00","twitter_card":"summary_large_image","twitter_misc":{"Estimated reading time":"1 minute"},"schema":{"@context":"https:\/\/schema.org","@graph":[{"@type":"WebPage","@id":"https:\/\/verdihotels.com\/budapest\/hu\/talalkozok-es-unnepek\/konferenciak-es-talalkozok\/","url":"https:\/\/verdihotels.com\/budapest\/hu\/talalkozok-es-unnepek\/konferenciak-es-talalkozok\/","name":"Budapest Conference & Meeting Space - Verdi Budapest Aquincum","description":"Host successful conferences and meetings at Verdi Budapest Aquincum, featuring versatile spaces and professional service in a stunning setting.","potentialAction":[{"@type":"ReadAction","target":["https:\/\/verdihotels.com\/budapest\/hu\/talalkozok-es-unnepek\/konferenciak-es-talalkozok\/"]}]},{"@type":"BreadcrumbList","@id":"https:\/\/verdihotels.com\/budapest\/hu\/talalkozok-es-unnepek\/konferenciak-es-talalkozok\/#breadcrumb","itemListElement":[{"@type":"ListItem","position":1,"name":"Home","item":"https:\/\/verdihotels.com\/budapest\/"},{"@type":"ListItem","position":2,"name":"Tal\u00e1lkoz\u00f3k \u00e9s \u00fcnnepek","item":"https:\/\/verdihotels.com\/budapest\/hu\/talalkozok-es-unnepek\/"},{"@type":"ListItem","position":3,"name":"Konferenci\u00e1k \u00e9s tal\u00e1lkoz\u00f3k"}]},{"@type":"WebSite","@id":"https:\/\/verdihotels.com\/budapest\/#website","url":"https:\/\/verdihotels.com\/budapest\/","name":"Verdi Budapest Aquincum","description":"travelling the way it&#039;s meant to be","publisher":{"@id":"https:\/\/verdihotels.com\/budapest\/#organization"},"potentialAction":[{"@type":"SearchAction","target":{"@type":"EntryPoint","urlTemplate":"https:\/\/verdihotels.com\/budapest\/?s={search_term_string}"},"query-input":{"@type":"PropertyValueSpecification","valueRequired":true,"valueName":"search_term_string"}}],"inLanguage":"en-GB"},{"@type":"Organization","@id":"https:\/\/verdihotels.com\/budapest\/#organization","name":"Verdi Budapest Aquincum","url":"https:\/\/verdihotels.com\/budapest\/","logo":{"@type":"ImageObject","inLanguage":"en-GB","@id":"https:\/\/verdihotels.com\/budapest\/#\/schema\/logo\/image\/","url":"https:\/\/verdihotels.com\/wp-content\/uploads\/sites\/2\/2023\/05\/Verdi-Hotels-Logo-RGB@2x.png","contentUrl":"https:\/\/verdihotels.com\/wp-content\/uploads\/sites\/2\/2023\/05\/Verdi-Hotels-Logo-RGB@2x.png","width":1224,"height":576,"caption":"Verdi Budapest Aquincum"},"image":{"@id":"https:\/\/verdihotels.com\/budapest\/#\/schema\/logo\/image\/"},"sameAs":["https:\/\/www.facebook.com\/VerdiHotels","https:\/\/www.tiktok.com\/@verdi_hotels","https:\/\/www.instagram.com\/verdi_hotels"]}]}},"acf":[],"lang":"hu","translations":{"hu":572,"de":573,"en":463,"pt":931,"cs":983,"fr":1099},"pll_sync_post":[],"_links":{"self":[{"href":"https:\/\/verdihotels.com\/budapest\/wp-json\/wp\/v2\/pages\/572","targetHints":{"allow":["GET"]}}],"collection":[{"href":"https:\/\/verdihotels.com\/budapest\/wp-json\/wp\/v2\/pages"}],"about":[{"href":"https:\/\/verdihotels.com\/budapest\/wp-json\/wp\/v2\/types\/page"}],"author":[{"embeddable":true,"href":"https:\/\/verdihotels.com\/budapest\/wp-json\/wp\/v2\/users\/3"}],"replies":[{"embeddable":true,"href":"https:\/\/verdihotels.com\/budapest\/wp-json\/wp\/v2\/comments?post=572"}],"version-history":[{"count":0,"href":"https:\/\/verdihotels.com\/budapest\/wp-json\/wp\/v2\/pages\/572\/revisions"}],"up":[{"embeddable":true,"href":"https:\/\/verdihotels.com\/budapest\/wp-json\/wp\/v2\/pages\/568"}],"wp:attachment":[{"href":"https:\/\/verdihotels.com\/budapest\/wp-json\/wp\/v2\/media?parent=572"}],"curies":[{"name":"wp","href":"https:\/\/api.w.org\/{rel}","templated":true}]}}