{"id":998,"date":"2025-09-02T15:39:42","date_gmt":"2025-09-02T15:39:42","guid":{"rendered":"https:\/\/verdihotels.com\/gzira\/?page_id=998"},"modified":"2026-04-09T09:35:03","modified_gmt":"2026-04-09T09:35:03","slug":"setkani-a-oslavy","status":"publish","type":"page","link":"https:\/\/verdihotels.com\/gzira\/cs\/setkani-a-oslavy\/","title":{"rendered":"Setk\u00e1n\u00ed a oslavy"},"content":{"rendered":"<div data-elementor-type=\"wp-page\" data-elementor-id=\"998\" class=\"elementor elementor-998\" data-elementor-post-type=\"page\"><div class=\"breadcrumbs\"><span><span><a href=\"https:\/\/verdihotels.com\/gzira\/\">Home<\/a><\/span><\/span><\/div>\n\t\t\t\t\t\t<section class=\"elementor-section elementor-top-section elementor-element elementor-element-df9cf92 elementor-section-height-min-height elementor-section-items-bottom elementor-section-boxed elementor-section-height-default\" data-id=\"df9cf92\" data-element_type=\"section\" data-e-type=\"section\" data-settings='{\"background_background\":\"classic\"}'>\n\t\t\t\t\t\t<div class=\"elementor-container elementor-column-gap-default\">\n\t\t\t\t\t<div class=\"elementor-column elementor-col-100 elementor-top-column elementor-element elementor-element-3cdbaeb\" data-id=\"3cdbaeb\" data-element_type=\"column\" data-e-type=\"column\">\n\t\t\t<div class=\"elementor-widget-wrap elementor-element-populated\">\n\t\t\t\t\t\t<div class=\"elementor-element elementor-element-3869bf4 elementor-widget elementor-widget-heading\" data-id=\"3869bf4\" data-element_type=\"widget\" data-e-type=\"widget\" data-widget_type=\"heading.default\">\n\t\t\t\t<div class=\"elementor-widget-container\">\n\t\t\t\t\t<h2 class=\"elementor-heading-title elementor-size-default\">Book a Meeting<\/h2>\t\t\t\t<\/div>\n\t\t\t\t<\/div>\n\t\t\t\t<div class=\"elementor-element elementor-element-0ffc69e elementor-widget elementor-widget-html\" data-id=\"0ffc69e\" data-element_type=\"widget\" data-e-type=\"widget\" data-widget_type=\"html.default\">\n\t\t\t\t<div class=\"elementor-widget-container\">\n\t\t\t\t\t<div id=\"mp-booking-engine-iframe-container\" style=\"width: 1100px\"><\/div>\n    <script langcode=\"en\" whitelabel_id=\"724200\" widget_id=\"verdi_hotels\" destination=\"722729\" version=\"frontpage-v4\" src=\"https:\/\/bookingengine-mp.s3.eu-west-2.amazonaws.com\/script.js\"><\/script>\t\t\t\t<\/div>\n\t\t\t\t<\/div>\n\t\t\t\t\t<\/div>\n\t\t<\/div>\n\t\t\t\t\t<\/div>\n\t\t<\/section>\n\t\t\t\t<section class=\"elementor-section elementor-top-section elementor-element elementor-element-ee9865d elementor-section-full_width elementor-section-height-min-height elementor-section-height-default elementor-section-items-middle\" data-id=\"ee9865d\" data-element_type=\"section\" data-e-type=\"section\">\n\t\t\t\t\t\t<div class=\"elementor-container elementor-column-gap-default\">\n\t\t\t\t\t<div class=\"elementor-column elementor-col-50 elementor-top-column elementor-element elementor-element-be324b3\" data-id=\"be324b3\" data-element_type=\"column\" data-e-type=\"column\">\n\t\t\t<div class=\"elementor-widget-wrap elementor-element-populated\">\n\t\t\t\t\t\t<div class=\"elementor-element elementor-element-7c52125 elementor-widget elementor-widget-heading\" data-id=\"7c52125\" data-element_type=\"widget\" data-e-type=\"widget\" data-widget_type=\"heading.default\">\n\t\t\t\t<div class=\"elementor-widget-container\">\n\t\t\t\t\t<h2 class=\"elementor-heading-title elementor-size-default\">Jedn&aacute;n&iacute; a ud&aacute;losti<\/h2>\t\t\t\t<\/div>\n\t\t\t\t<\/div>\n\t\t\t\t<div class=\"elementor-element elementor-element-d49f2e2 elementor-widget elementor-widget-heading\" data-id=\"d49f2e2\" data-element_type=\"widget\" data-e-type=\"widget\" data-widget_type=\"heading.default\">\n\t\t\t\t<div class=\"elementor-widget-container\">\n\t\t\t\t\t<h1 class=\"elementor-heading-title elementor-size-default\">Pozvedn&#283;te sv&eacute; obchodn&iacute; ud&aacute;losti<\/h1>\t\t\t\t<\/div>\n\t\t\t\t<\/div>\n\t\t\t\t\t<\/div>\n\t\t<\/div>\n\t\t\t\t<div class=\"elementor-column elementor-col-50 elementor-top-column elementor-element elementor-element-fe7e86a\" data-id=\"fe7e86a\" data-element_type=\"column\" data-e-type=\"column\">\n\t\t\t<div class=\"elementor-widget-wrap elementor-element-populated\">\n\t\t\t\t\t\t<div class=\"elementor-element elementor-element-2c63260 elementor-widget__width-initial elementor-widget elementor-widget-text-editor\" data-id=\"2c63260\" data-element_type=\"widget\" data-e-type=\"widget\" data-widget_type=\"text-editor.default\">\n\t\t\t\t<div class=\"elementor-widget-container\">\n\t\t\t\t\t\t\t\t\t<p class=\"p1\">Prom&#283;&#328;te svou firemn&iacute; ud&aacute;lost ve velkolep&yacute; &uacute;sp&#283;ch d&iacute;ky v&yacute;jime&#269;n&eacute;mu vybaven&iacute; a&nbsp;slu&#382;b&aacute;m hotelu Verdi Gzira Promenade. A&#357; u&#382; po&#345;&aacute;d&aacute;te strategick&eacute; sch&#367;zky se sv&yacute;m t&yacute;mem, nebo host&iacute;te VIP klienty, na&scaron;e dv&#283; vyhrazen&eacute; a&nbsp;skv&#283;le vybaven&eacute; m&iacute;stnosti jsou navr&#382;eny tak, aby vyhovovaly hybridn&iacute;m sch&#367;zk&aacute;m a&nbsp;zaji&scaron;&#357;ovaly v&scaron;estrannost a&nbsp;pohodl&iacute; pro v&scaron;echny va&scaron;e obchodn&iacute; pot&#345;eby.<\/p>\t\t\t\t\t\t\t\t<\/div>\n\t\t\t\t<\/div>\n\t\t\t\t\t<\/div>\n\t\t<\/div>\n\t\t\t\t\t<\/div>\n\t\t<\/section>\n\t\t\t\t<section class=\"elementor-section elementor-top-section elementor-element elementor-element-360b9cd elementor-section-full_width elementor-section-height-min-height elementor-section-height-default elementor-section-items-middle\" data-id=\"360b9cd\" data-element_type=\"section\" data-e-type=\"section\" id=\"conference\" data-settings='{\"background_background\":\"classic\"}'>\n\t\t\t\t\t\t<div class=\"elementor-container elementor-column-gap-default\">\n\t\t\t\t\t<div class=\"elementor-column elementor-col-50 elementor-top-column elementor-element elementor-element-8a26bf9\" data-id=\"8a26bf9\" data-element_type=\"column\" data-e-type=\"column\">\n\t\t\t<div class=\"elementor-widget-wrap\">\n\t\t\t\t\t\t\t<\/div>\n\t\t<\/div>\n\t\t\t\t<div class=\"elementor-column elementor-col-50 elementor-top-column elementor-element elementor-element-c2ea283\" data-id=\"c2ea283\" data-element_type=\"column\" data-e-type=\"column\" data-settings='{\"background_background\":\"classic\"}'>\n\t\t\t<div class=\"elementor-widget-wrap elementor-element-populated\">\n\t\t\t\t\t\t<div class=\"elementor-element elementor-element-56fb65f elementor-widget__width-initial elementor-widget elementor-widget-text-editor\" data-id=\"56fb65f\" data-element_type=\"widget\" data-e-type=\"widget\" data-widget_type=\"text-editor.default\">\n\t\t\t\t<div class=\"elementor-widget-container\">\n\t\t\t\t\t\t\t\t\t<p>Vyu&#382;ijte na&scaron;e konkurenceschopn&eacute; ceny, exkluzivn&iacute; v&yacute;hody a&nbsp;p&#345;izp&#367;sobiteln&eacute; dopl&#328;ky, kter&eacute; va&scaron;i ud&aacute;lost dot&aacute;hnou k&nbsp;dokonalosti. Hotel Verdi Gzira Promenade m&aacute; ide&aacute;ln&iacute; polohu v bl&iacute;zkosti mnoha p&#345;edn&iacute;ch maltsk&yacute;ch obchodn&iacute;ch &#269;tvrt&iacute; a&nbsp;p&#345;edstavuje tak nejlep&scaron;&iacute; volbu pro po&#345;&aacute;d&aacute;n&iacute; profesion&aacute;ln&iacute;ch setk&aacute;n&iacute;.<\/p><p>Na&scaron;e stylov&eacute; a&nbsp;d&#367;mysln&#283; za&#345;&iacute;zen&eacute; konferen&#269;n&iacute; zasedac&iacute; m&iacute;stnosti mohou pohodln&#283; pojmout a&#382; 12 host&#367;. Ka&#382;d&aacute; m&iacute;stnost zaru&#269;uje naprost&yacute; klid a&nbsp;soukrom&iacute;, tak&#382;e se m&#367;&#382;ete neru&scaron;en&#283; pono&#345;it do diskus&iacute; a&nbsp;rozv&iacute;jet sv&eacute; n&aacute;pady. Prostory jsou zaplaven&eacute; p&#345;irozen&yacute;m sv&#283;tlem, pln&#283; klimatizovan&eacute; a&nbsp;vybaven&eacute; nezbytnou technikou, v&#269;etn&#283; televizn&iacute;ch obrazovek pro prezentace, vysokorychlostn&iacute; Wi-Fi a&nbsp;dostate&#269;n&eacute;ho po&#269;tu z&aacute;suvek pro bezprobl&eacute;mov&eacute; a&nbsp;produktivn&iacute; jedn&aacute;n&iacute;.<\/p>\t\t\t\t\t\t\t\t<\/div>\n\t\t\t\t<\/div>\n\t\t\t\t<div class=\"elementor-element elementor-element-c168398 elementor-widget elementor-widget-spacer\" data-id=\"c168398\" data-element_type=\"widget\" data-e-type=\"widget\" data-widget_type=\"spacer.default\">\n\t\t\t\t<div class=\"elementor-widget-container\">\n\t\t\t\t\t\t\t<div class=\"elementor-spacer\">\n\t\t\t<div class=\"elementor-spacer-inner\"><\/div>\n\t\t<\/div>\n\t\t\t\t\t\t<\/div>\n\t\t\t\t<\/div>\n\t\t\t\t<div class=\"elementor-element elementor-element-0fc0e67 elementor-align-justify elementor-widget__width-initial elementor-widget-mobile__width-inherit elementor-widget elementor-widget-button\" data-id=\"0fc0e67\" data-element_type=\"widget\" data-e-type=\"widget\" data-widget_type=\"button.default\">\n\t\t\t\t<div class=\"elementor-widget-container\">\n\t\t\t\t\t\t\t\t\t<div class=\"elementor-button-wrapper\">\n\t\t\t\t\t<a class=\"elementor-button elementor-button-link elementor-size-sm\" href=\"https:\/\/verdihotels.com\/gzira\/cs\/kontakt\/\">\n\t\t\t\t\t\t<span class=\"elementor-button-content-wrapper\">\n\t\t\t\t\t\t\t\t\t<span class=\"elementor-button-text\">Spojte se s n&aacute;mi<\/span>\n\t\t\t\t\t<\/span>\n\t\t\t\t\t<\/a>\n\t\t\t\t<\/div>\n\t\t\t\t\t\t\t\t<\/div>\n\t\t\t\t<\/div>\n\t\t\t\t\t<\/div>\n\t\t<\/div>\n\t\t\t\t\t<\/div>\n\t\t<\/section>\n\t\t\t\t<section class=\"elementor-section elementor-top-section elementor-element elementor-element-15efc0f elementor-section-full_width elementor-section-height-min-height elementor-section-height-default elementor-section-items-middle\" data-id=\"15efc0f\" data-element_type=\"section\" data-e-type=\"section\" id=\"weddings\">\n\t\t\t\t\t\t<div class=\"elementor-container elementor-column-gap-default\">\n\t\t\t\t\t<div class=\"elementor-column elementor-col-100 elementor-top-column elementor-element elementor-element-6640781\" data-id=\"6640781\" data-element_type=\"column\" data-e-type=\"column\">\n\t\t\t<div class=\"elementor-widget-wrap elementor-element-populated\">\n\t\t\t\t\t\t<div class=\"elementor-element elementor-element-bbbb05d elementor-widget__width-initial elementor-widget elementor-widget-text-editor\" data-id=\"bbbb05d\" data-element_type=\"widget\" data-e-type=\"widget\" data-widget_type=\"text-editor.default\">\n\t\t\t\t<div class=\"elementor-widget-container\">\n\t\t\t\t\t\t\t\t\t<p>P&#345;i rezervaci zasedac&iacute; m&iacute;stnosti v&nbsp;hotelu Verdi Gzira Promenade m&#367;&#382;ete tak&eacute; vyu&#382;&iacute;t podpory na&scaron;eho prvot&#345;&iacute;dn&iacute;ho t&yacute;mu, kter&yacute; dohl&iacute;&#382;&iacute; na ve&scaron;ker&eacute; logistick&eacute; pl&aacute;nov&aacute;n&iacute; a&nbsp;zaji&scaron;&#357;uje spln&#283;n&iacute; va&scaron;ich po&#382;adavk&#367; na nejvy&scaron;&scaron;&iacute; &uacute;rovni. Nab&iacute;z&iacute;me r&#367;zn&eacute; bal&iacute;&#269;ky ob&#269;erstven&iacute; p&#345;izp&#367;soben&eacute; stylu a&nbsp;pot&#345;eb&aacute;m va&scaron;&iacute; akce.<\/p><p>Po produktivn&iacute;m dni si m&#367;&#382;ete se sv&yacute;mi hosty oddechnout u&nbsp;lahodn&eacute;ho st&#345;edomo&#345;sk&eacute;ho j&iacute;dla v&nbsp;na&scaron;&iacute; hotelov&eacute; restauraci nebo si odpo&#269;inout u&nbsp;koktejlu v&nbsp;na&scaron;em elegantn&iacute;m lobby baru. Hotel Verdi Gzira v&nbsp;sob&#283; spojuje profesion&aacute;ln&iacute; dokonalost s&nbsp;bezkonkuren&#269;n&iacute; pohostinnost&iacute;, a&nbsp;je tak ide&aacute;ln&iacute;m m&iacute;stem pro va&scaron;i p&#345;&iacute;&scaron;t&iacute; obchodn&iacute; akci.<\/p>\t\t\t\t\t\t\t\t<\/div>\n\t\t\t\t<\/div>\n\t\t\t\t\t<\/div>\n\t\t<\/div>\n\t\t\t\t\t<\/div>\n\t\t<\/section>\n\t\t\t\t<\/div>\n","protected":false},"excerpt":{"rendered":"<p>Book a Meeting Jedn\u00e1n\u00ed a ud\u00e1losti Pozvedn\u011bte sv\u00e9 obchodn\u00ed ud\u00e1losti Prom\u011b\u0148te svou firemn\u00ed ud\u00e1lost ve velkolep\u00fd \u00fasp\u011bch d\u00edky v\u00fdjime\u010dn\u00e9mu vybaven\u00ed a\u00a0slu\u017eb\u00e1m hotelu Verdi Gzira Promenade. A\u0165 u\u017e po\u0159\u00e1d\u00e1te strategick\u00e9 sch\u016fzky se sv\u00fdm t\u00fdmem, nebo host\u00edte VIP klienty, na\u0161e dv\u011b vyhrazen\u00e9 a\u00a0skv\u011ble vybaven\u00e9 m\u00edstnosti jsou navr\u017eeny tak, aby vyhovovaly hybridn\u00edm sch\u016fzk\u00e1m a\u00a0zaji\u0161\u0165ovaly v\u0161estrannost a\u00a0pohodl\u00ed pro v\u0161echny&hellip;<\/p>\n","protected":false},"author":3,"featured_media":0,"parent":0,"menu_order":40,"comment_status":"closed","ping_status":"closed","template":"","meta":{"_acf_changed":false,"footnotes":""},"class_list":["post-998","page","type-page","status-publish","hentry"],"yoast_head":"<!-- This site is optimized with the Yoast SEO plugin v27.4 - https:\/\/yoast.com\/product\/yoast-seo-wordpress\/ -->\n<title>Setk\u00e1n\u00ed a oslavy - Verdi Gzira Promenade<\/title>\n<meta name=\"description\" content=\"Elevate your business events with exceptional facilities and services at Verdi Gzira Promenade.\" \/>\n<meta name=\"robots\" content=\"index, follow, max-snippet:-1, max-image-preview:large, max-video-preview:-1\" \/>\n<link rel=\"canonical\" href=\"https:\/\/verdihotels.com\/gzira\/cs\/setkani-a-oslavy\/\" \/>\n<meta property=\"og:locale\" content=\"en_US\" \/>\n<meta property=\"og:type\" content=\"article\" \/>\n<meta property=\"og:title\" content=\"Setk\u00e1n\u00ed a oslavy - Verdi Gzira Promenade\" \/>\n<meta property=\"og:description\" content=\"Elevate your business events with exceptional facilities and services at Verdi Gzira Promenade.\" \/>\n<meta property=\"og:url\" content=\"https:\/\/verdihotels.com\/gzira\/cs\/setkani-a-oslavy\/\" \/>\n<meta property=\"og:site_name\" content=\"Verdi Gzira Promenade\" \/>\n<meta property=\"article:publisher\" content=\"https:\/\/www.facebook.com\/VerdiHotels\" \/>\n<meta property=\"article:modified_time\" content=\"2026-04-09T09:35:03+00:00\" \/>\n<meta name=\"twitter:card\" content=\"summary_large_image\" \/>\n<meta name=\"twitter:label1\" content=\"Est. reading time\" \/>\n\t<meta name=\"twitter:data1\" content=\"2 minutes\" \/>\n<script type=\"application\/ld+json\" class=\"yoast-schema-graph\">{\"@context\":\"https:\\\/\\\/schema.org\",\"@graph\":[{\"@type\":\"WebPage\",\"@id\":\"https:\\\/\\\/verdihotels.com\\\/gzira\\\/cs\\\/setkani-a-oslavy\\\/\",\"url\":\"https:\\\/\\\/verdihotels.com\\\/gzira\\\/cs\\\/setkani-a-oslavy\\\/\",\"name\":\"Setk\u00e1n\u00ed a oslavy - Verdi Gzira Promenade\",\"description\":\"Elevate your business events with exceptional facilities and services at Verdi Gzira Promenade.\",\"potentialAction\":[{\"@type\":\"ReadAction\",\"target\":[\"https:\\\/\\\/verdihotels.com\\\/gzira\\\/cs\\\/setkani-a-oslavy\\\/\"]}]},{\"@type\":\"BreadcrumbList\",\"@id\":\"https:\\\/\\\/verdihotels.com\\\/gzira\\\/cs\\\/setkani-a-oslavy\\\/#breadcrumb\",\"itemListElement\":[{\"@type\":\"ListItem\",\"position\":1,\"name\":\"Home\",\"item\":\"https:\\\/\\\/verdihotels.com\\\/gzira\\\/\"},{\"@type\":\"ListItem\",\"position\":2,\"name\":\"Setk\u00e1n\u00ed a oslavy\"}]},{\"@type\":\"WebSite\",\"@id\":\"https:\\\/\\\/verdihotels.com\\\/gzira\\\/#website\",\"url\":\"https:\\\/\\\/verdihotels.com\\\/gzira\\\/\",\"name\":\"Verdi Gzira Waterfront\",\"description\":\"travelling the way it&#039;s meant to be\",\"publisher\":{\"@id\":\"https:\\\/\\\/verdihotels.com\\\/gzira\\\/#organization\"},\"potentialAction\":[{\"@type\":\"SearchAction\",\"target\":{\"@type\":\"EntryPoint\",\"urlTemplate\":\"https:\\\/\\\/verdihotels.com\\\/gzira\\\/?s={search_term_string}\"},\"query-input\":{\"@type\":\"PropertyValueSpecification\",\"valueRequired\":true,\"valueName\":\"search_term_string\"}}],\"inLanguage\":\"en-US\"},{\"@type\":\"Organization\",\"@id\":\"https:\\\/\\\/verdihotels.com\\\/gzira\\\/#organization\",\"name\":\"Verdi Gzira Waterfront\",\"url\":\"https:\\\/\\\/verdihotels.com\\\/gzira\\\/\",\"logo\":{\"@type\":\"ImageObject\",\"inLanguage\":\"en-US\",\"@id\":\"https:\\\/\\\/verdihotels.com\\\/gzira\\\/#\\\/schema\\\/logo\\\/image\\\/\",\"url\":\"https:\\\/\\\/verdihotels.com\\\/wp-content\\\/uploads\\\/sites\\\/3\\\/2023\\\/05\\\/Verdi-Hotels-Logo-RGB@2x.png\",\"contentUrl\":\"https:\\\/\\\/verdihotels.com\\\/wp-content\\\/uploads\\\/sites\\\/3\\\/2023\\\/05\\\/Verdi-Hotels-Logo-RGB@2x.png\",\"width\":1224,\"height\":576,\"caption\":\"Verdi Gzira Waterfront\"},\"image\":{\"@id\":\"https:\\\/\\\/verdihotels.com\\\/gzira\\\/#\\\/schema\\\/logo\\\/image\\\/\"},\"sameAs\":[\"https:\\\/\\\/www.facebook.com\\\/VerdiHotels\",\"https:\\\/\\\/www.tiktok.com\\\/@verdi_hotels\",\"https:\\\/\\\/www.instagram.com\\\/verdi_hotels\"]}]}<\/script>\n<!-- \/ Yoast SEO plugin. -->","yoast_head_json":{"title":"Setk\u00e1n\u00ed a oslavy - Verdi Gzira Promenade","description":"Elevate your business events with exceptional facilities and services at Verdi Gzira Promenade.","robots":{"index":"index","follow":"follow","max-snippet":"max-snippet:-1","max-image-preview":"max-image-preview:large","max-video-preview":"max-video-preview:-1"},"canonical":"https:\/\/verdihotels.com\/gzira\/cs\/setkani-a-oslavy\/","og_locale":"en_US","og_type":"article","og_title":"Setk\u00e1n\u00ed a oslavy - Verdi Gzira Promenade","og_description":"Elevate your business events with exceptional facilities and services at Verdi Gzira Promenade.","og_url":"https:\/\/verdihotels.com\/gzira\/cs\/setkani-a-oslavy\/","og_site_name":"Verdi Gzira Promenade","article_publisher":"https:\/\/www.facebook.com\/VerdiHotels","article_modified_time":"2026-04-09T09:35:03+00:00","twitter_card":"summary_large_image","twitter_misc":{"Est. reading time":"2 minutes"},"schema":{"@context":"https:\/\/schema.org","@graph":[{"@type":"WebPage","@id":"https:\/\/verdihotels.com\/gzira\/cs\/setkani-a-oslavy\/","url":"https:\/\/verdihotels.com\/gzira\/cs\/setkani-a-oslavy\/","name":"Setk\u00e1n\u00ed a oslavy - Verdi Gzira Promenade","description":"Elevate your business events with exceptional facilities and services at Verdi Gzira Promenade.","potentialAction":[{"@type":"ReadAction","target":["https:\/\/verdihotels.com\/gzira\/cs\/setkani-a-oslavy\/"]}]},{"@type":"BreadcrumbList","@id":"https:\/\/verdihotels.com\/gzira\/cs\/setkani-a-oslavy\/#breadcrumb","itemListElement":[{"@type":"ListItem","position":1,"name":"Home","item":"https:\/\/verdihotels.com\/gzira\/"},{"@type":"ListItem","position":2,"name":"Setk\u00e1n\u00ed a oslavy"}]},{"@type":"WebSite","@id":"https:\/\/verdihotels.com\/gzira\/#website","url":"https:\/\/verdihotels.com\/gzira\/","name":"Verdi Gzira Waterfront","description":"travelling the way it&#039;s meant to be","publisher":{"@id":"https:\/\/verdihotels.com\/gzira\/#organization"},"potentialAction":[{"@type":"SearchAction","target":{"@type":"EntryPoint","urlTemplate":"https:\/\/verdihotels.com\/gzira\/?s={search_term_string}"},"query-input":{"@type":"PropertyValueSpecification","valueRequired":true,"valueName":"search_term_string"}}],"inLanguage":"en-US"},{"@type":"Organization","@id":"https:\/\/verdihotels.com\/gzira\/#organization","name":"Verdi Gzira Waterfront","url":"https:\/\/verdihotels.com\/gzira\/","logo":{"@type":"ImageObject","inLanguage":"en-US","@id":"https:\/\/verdihotels.com\/gzira\/#\/schema\/logo\/image\/","url":"https:\/\/verdihotels.com\/wp-content\/uploads\/sites\/3\/2023\/05\/Verdi-Hotels-Logo-RGB@2x.png","contentUrl":"https:\/\/verdihotels.com\/wp-content\/uploads\/sites\/3\/2023\/05\/Verdi-Hotels-Logo-RGB@2x.png","width":1224,"height":576,"caption":"Verdi Gzira Waterfront"},"image":{"@id":"https:\/\/verdihotels.com\/gzira\/#\/schema\/logo\/image\/"},"sameAs":["https:\/\/www.facebook.com\/VerdiHotels","https:\/\/www.tiktok.com\/@verdi_hotels","https:\/\/www.instagram.com\/verdi_hotels"]}]}},"acf":[],"lang":"cs","translations":{"cs":998,"fr":1192,"en":43,"hu":631,"de":632,"pt":1097},"pll_sync_post":[],"_links":{"self":[{"href":"https:\/\/verdihotels.com\/gzira\/wp-json\/wp\/v2\/pages\/998","targetHints":{"allow":["GET"]}}],"collection":[{"href":"https:\/\/verdihotels.com\/gzira\/wp-json\/wp\/v2\/pages"}],"about":[{"href":"https:\/\/verdihotels.com\/gzira\/wp-json\/wp\/v2\/types\/page"}],"author":[{"embeddable":true,"href":"https:\/\/verdihotels.com\/gzira\/wp-json\/wp\/v2\/users\/3"}],"replies":[{"embeddable":true,"href":"https:\/\/verdihotels.com\/gzira\/wp-json\/wp\/v2\/comments?post=998"}],"version-history":[{"count":0,"href":"https:\/\/verdihotels.com\/gzira\/wp-json\/wp\/v2\/pages\/998\/revisions"}],"wp:attachment":[{"href":"https:\/\/verdihotels.com\/gzira\/wp-json\/wp\/v2\/media?parent=998"}],"curies":[{"name":"wp","href":"https:\/\/api.w.org\/{rel}","templated":true}]}}