{"id":1026,"date":"2025-09-23T21:30:03","date_gmt":"2025-09-23T21:30:03","guid":{"rendered":"https:\/\/verdihotels.com\/prague\/?page_id=1026"},"modified":"2025-09-23T21:33:05","modified_gmt":"2025-09-23T21:33:05","slug":"fitneszkozpont","status":"publish","type":"page","link":"https:\/\/verdihotels.com\/prague\/hu\/szabadidos-elmenyek\/fitneszkozpont\/","title":{"rendered":"Fitneszk\u00f6zpont"},"content":{"rendered":"<div data-elementor-type=\"wp-page\" data-elementor-id=\"1026\" class=\"elementor elementor-1026\" data-elementor-post-type=\"page\"><div class=\"breadcrumbs\"><span><span><a href=\"https:\/\/verdihotels.com\/prague\/\">Home<\/a><\/span><\/span><\/div>\n\t\t\t\t\t\t<section class=\"elementor-section elementor-top-section elementor-element elementor-element-79a551a elementor-section-full_width elementor-section-height-min-height elementor-section-items-bottom elementor-section-height-default\" data-id=\"79a551a\" data-element_type=\"section\" data-e-type=\"section\" data-settings='{\"background_background\":\"classic\",\"background_motion_fx_motion_fx_scrolling\":\"yes\",\"background_motion_fx_scale_effect\":\"yes\",\"background_motion_fx_scale_speed\":{\"unit\":\"px\",\"size\":\"5\",\"sizes\":[]},\"background_motion_fx_scale_direction\":\"out-in\",\"background_motion_fx_scale_range\":{\"unit\":\"%\",\"size\":\"\",\"sizes\":{\"start\":20,\"end\":80}},\"background_motion_fx_devices\":[\"desktop\",\"tablet\",\"mobile\"]}'>\n\t\t\t\t\t\t<div class=\"elementor-container elementor-column-gap-default\">\n\t\t\t\t\t<div class=\"elementor-column elementor-col-100 elementor-top-column elementor-element elementor-element-9a24082\" data-id=\"9a24082\" data-element_type=\"column\" data-e-type=\"column\">\n\t\t\t<div class=\"elementor-widget-wrap elementor-element-populated\">\n\t\t\t\t\t\t<section class=\"elementor-section elementor-inner-section elementor-element elementor-element-63f55d0 elementor-section-full_width elementor-section-content-middle bookwidgets elementor-hidden-desktop elementor-hidden-tablet elementor-hidden-mobile elementor-section-height-default elementor-section-height-default\" data-id=\"63f55d0\" data-element_type=\"section\" data-e-type=\"section\" data-settings='{\"background_background\":\"classic\"}'>\n\t\t\t\t\t\t<div class=\"elementor-container elementor-column-gap-default\">\n\t\t\t\t\t<div class=\"elementor-column elementor-col-100 elementor-inner-column elementor-element elementor-element-bb4b0a8\" data-id=\"bb4b0a8\" data-element_type=\"column\" data-e-type=\"column\" data-settings='{\"background_background\":\"classic\"}'>\n\t\t\t<div class=\"elementor-widget-wrap elementor-element-populated\">\n\t\t\t\t\t\t<div class=\"elementor-element elementor-element-1160f19 elementor-widget__width-auto elementor-widget elementor-widget-heading\" data-id=\"1160f19\" data-element_type=\"widget\" data-e-type=\"widget\" data-widget_type=\"heading.default\">\n\t\t\t\t<div class=\"elementor-widget-container\">\n\t\t\t\t\t<h6 class=\"elementor-heading-title elementor-size-default\">Adults<\/h6>\t\t\t\t<\/div>\n\t\t\t\t<\/div>\n\t\t\t\t<div class=\"elementor-element elementor-element-cfe898c elementor-align-justify elementor-widget__width-initial elementor-widget elementor-widget-button\" data-id=\"cfe898c\" data-element_type=\"widget\" data-e-type=\"widget\" data-widget_type=\"button.default\">\n\t\t\t\t<div class=\"elementor-widget-container\">\n\t\t\t\t\t\t\t\t\t<div class=\"elementor-button-wrapper\">\n\t\t\t\t\t<a class=\"elementor-button elementor-button-link elementor-size-sm\" href=\"#\">\n\t\t\t\t\t\t<span class=\"elementor-button-content-wrapper\">\n\t\t\t\t\t\t<span class=\"elementor-button-icon\">\n\t\t\t\t<svg aria-hidden=\"true\" class=\"e-font-icon-svg e-fas-chevron-down\" viewbox=\"0 0 448 512\" xmlns=\"http:\/\/www.w3.org\/2000\/svg\"><path d=\"M207.029 381.476L12.686 187.132c-9.373-9.373-9.373-24.569 0-33.941l22.667-22.667c9.357-9.357 24.522-9.375 33.901-.04L224 284.505l154.745-154.021c9.379-9.335 24.544-9.317 33.901.04l22.667 22.667c9.373 9.373 9.373 24.569 0 33.941L240.971 381.476c-9.373 9.372-24.569 9.372-33.942 0z\"><\/path><\/svg>\t\t\t<\/span>\n\t\t\t\t\t\t\t\t\t<span class=\"elementor-button-text\">1<\/span>\n\t\t\t\t\t<\/span>\n\t\t\t\t\t<\/a>\n\t\t\t\t<\/div>\n\t\t\t\t\t\t\t\t<\/div>\n\t\t\t\t<\/div>\n\t\t\t\t<div class=\"elementor-element elementor-element-e81f626 elementor-widget__width-auto elementor-widget elementor-widget-heading\" data-id=\"e81f626\" data-element_type=\"widget\" data-e-type=\"widget\" data-widget_type=\"heading.default\">\n\t\t\t\t<div class=\"elementor-widget-container\">\n\t\t\t\t\t<h6 class=\"elementor-heading-title elementor-size-default\">Children<\/h6>\t\t\t\t<\/div>\n\t\t\t\t<\/div>\n\t\t\t\t<div class=\"elementor-element elementor-element-1ec74e7 elementor-align-justify elementor-widget__width-initial elementor-widget elementor-widget-button\" data-id=\"1ec74e7\" data-element_type=\"widget\" data-e-type=\"widget\" data-widget_type=\"button.default\">\n\t\t\t\t<div class=\"elementor-widget-container\">\n\t\t\t\t\t\t\t\t\t<div class=\"elementor-button-wrapper\">\n\t\t\t\t\t<a class=\"elementor-button elementor-button-link elementor-size-sm\" href=\"#\">\n\t\t\t\t\t\t<span class=\"elementor-button-content-wrapper\">\n\t\t\t\t\t\t<span class=\"elementor-button-icon\">\n\t\t\t\t<svg aria-hidden=\"true\" class=\"e-font-icon-svg e-fas-chevron-down\" viewbox=\"0 0 448 512\" xmlns=\"http:\/\/www.w3.org\/2000\/svg\"><path d=\"M207.029 381.476L12.686 187.132c-9.373-9.373-9.373-24.569 0-33.941l22.667-22.667c9.357-9.357 24.522-9.375 33.901-.04L224 284.505l154.745-154.021c9.379-9.335 24.544-9.317 33.901.04l22.667 22.667c9.373 9.373 9.373 24.569 0 33.941L240.971 381.476c-9.373 9.372-24.569 9.372-33.942 0z\"><\/path><\/svg>\t\t\t<\/span>\n\t\t\t\t\t\t\t\t\t<span class=\"elementor-button-text\">1<\/span>\n\t\t\t\t\t<\/span>\n\t\t\t\t\t<\/a>\n\t\t\t\t<\/div>\n\t\t\t\t\t\t\t\t<\/div>\n\t\t\t\t<\/div>\n\t\t\t\t<div class=\"elementor-element elementor-element-9ac220d elementor-widget__width-auto elementor-widget elementor-widget-heading\" data-id=\"9ac220d\" data-element_type=\"widget\" data-e-type=\"widget\" data-widget_type=\"heading.default\">\n\t\t\t\t<div class=\"elementor-widget-container\">\n\t\t\t\t\t<h6 class=\"elementor-heading-title elementor-size-default\">From<\/h6>\t\t\t\t<\/div>\n\t\t\t\t<\/div>\n\t\t\t\t<div class=\"elementor-element elementor-element-5c3fdbb elementor-align-justify elementor-widget__width-initial elementor-widget elementor-widget-button\" data-id=\"5c3fdbb\" data-element_type=\"widget\" data-e-type=\"widget\" data-widget_type=\"button.default\">\n\t\t\t\t<div class=\"elementor-widget-container\">\n\t\t\t\t\t\t\t\t\t<div class=\"elementor-button-wrapper\">\n\t\t\t\t\t<a class=\"elementor-button elementor-button-link elementor-size-sm\" href=\"#\">\n\t\t\t\t\t\t<span class=\"elementor-button-content-wrapper\">\n\t\t\t\t\t\t<span class=\"elementor-button-icon\">\n\t\t\t\t<svg aria-hidden=\"true\" class=\"e-font-icon-svg e-fas-chevron-down\" viewbox=\"0 0 448 512\" xmlns=\"http:\/\/www.w3.org\/2000\/svg\"><path d=\"M207.029 381.476L12.686 187.132c-9.373-9.373-9.373-24.569 0-33.941l22.667-22.667c9.357-9.357 24.522-9.375 33.901-.04L224 284.505l154.745-154.021c9.379-9.335 24.544-9.317 33.901.04l22.667 22.667c9.373 9.373 9.373 24.569 0 33.941L240.971 381.476c-9.373 9.372-24.569 9.372-33.942 0z\"><\/path><\/svg>\t\t\t<\/span>\n\t\t\t\t\t\t\t\t\t<span class=\"elementor-button-text\">12\/04\/2026<\/span>\n\t\t\t\t\t<\/span>\n\t\t\t\t\t<\/a>\n\t\t\t\t<\/div>\n\t\t\t\t\t\t\t\t<\/div>\n\t\t\t\t<\/div>\n\t\t\t\t<div class=\"elementor-element elementor-element-0416a38 elementor-widget__width-auto elementor-widget elementor-widget-heading\" data-id=\"0416a38\" data-element_type=\"widget\" data-e-type=\"widget\" data-widget_type=\"heading.default\">\n\t\t\t\t<div class=\"elementor-widget-container\">\n\t\t\t\t\t<h6 class=\"elementor-heading-title elementor-size-default\">To<\/h6>\t\t\t\t<\/div>\n\t\t\t\t<\/div>\n\t\t\t\t<div class=\"elementor-element elementor-element-2cdf04e elementor-align-justify elementor-widget__width-initial elementor-widget elementor-widget-button\" data-id=\"2cdf04e\" data-element_type=\"widget\" data-e-type=\"widget\" data-widget_type=\"button.default\">\n\t\t\t\t<div class=\"elementor-widget-container\">\n\t\t\t\t\t\t\t\t\t<div class=\"elementor-button-wrapper\">\n\t\t\t\t\t<a class=\"elementor-button elementor-button-link elementor-size-sm\" href=\"#\">\n\t\t\t\t\t\t<span class=\"elementor-button-content-wrapper\">\n\t\t\t\t\t\t<span class=\"elementor-button-icon\">\n\t\t\t\t<svg aria-hidden=\"true\" class=\"e-font-icon-svg e-fas-chevron-down\" viewbox=\"0 0 448 512\" xmlns=\"http:\/\/www.w3.org\/2000\/svg\"><path d=\"M207.029 381.476L12.686 187.132c-9.373-9.373-9.373-24.569 0-33.941l22.667-22.667c9.357-9.357 24.522-9.375 33.901-.04L224 284.505l154.745-154.021c9.379-9.335 24.544-9.317 33.901.04l22.667 22.667c9.373 9.373 9.373 24.569 0 33.941L240.971 381.476c-9.373 9.372-24.569 9.372-33.942 0z\"><\/path><\/svg>\t\t\t<\/span>\n\t\t\t\t\t\t\t\t\t<span class=\"elementor-button-text\">12\/04\/2026<\/span>\n\t\t\t\t\t<\/span>\n\t\t\t\t\t<\/a>\n\t\t\t\t<\/div>\n\t\t\t\t\t\t\t\t<\/div>\n\t\t\t\t<\/div>\n\t\t\t\t<div class=\"elementor-element elementor-element-3bf5f82 elementor-align-justify elementor-widget__width-initial elementor-widget elementor-widget-button\" data-id=\"3bf5f82\" data-element_type=\"widget\" data-e-type=\"widget\" data-widget_type=\"button.default\">\n\t\t\t\t<div class=\"elementor-widget-container\">\n\t\t\t\t\t\t\t\t\t<div class=\"elementor-button-wrapper\">\n\t\t\t\t\t<a class=\"elementor-button elementor-button-link elementor-size-sm\" href=\"#\">\n\t\t\t\t\t\t<span class=\"elementor-button-content-wrapper\">\n\t\t\t\t\t\t\t\t\t<span class=\"elementor-button-text\">Book Now<\/span>\n\t\t\t\t\t<\/span>\n\t\t\t\t\t<\/a>\n\t\t\t\t<\/div>\n\t\t\t\t\t\t\t\t<\/div>\n\t\t\t\t<\/div>\n\t\t\t\t\t<\/div>\n\t\t<\/div>\n\t\t\t\t\t<\/div>\n\t\t<\/section>\n\t\t\t\t\t<\/div>\n\t\t<\/div>\n\t\t\t\t\t<\/div>\n\t\t<\/section>\n\t\t\t\t<section class=\"elementor-section elementor-top-section elementor-element elementor-element-e0c8f16 elementor-section-full_width elementor-section-height-min-height elementor-section-items-top elementor-section-height-default\" data-id=\"e0c8f16\" data-element_type=\"section\" data-e-type=\"section\">\n\t\t\t\t\t\t<div class=\"elementor-container elementor-column-gap-default\">\n\t\t\t\t\t<div class=\"elementor-column elementor-col-50 elementor-top-column elementor-element elementor-element-b1d363c\" data-id=\"b1d363c\" data-element_type=\"column\" data-e-type=\"column\">\n\t\t\t<div class=\"elementor-widget-wrap elementor-element-populated\">\n\t\t\t\t\t\t<div class=\"elementor-element elementor-element-74e80c4 elementor-widget elementor-widget-heading\" data-id=\"74e80c4\" data-element_type=\"widget\" data-e-type=\"widget\" data-widget_type=\"heading.default\">\n\t\t\t\t<div class=\"elementor-widget-container\">\n\t\t\t\t\t<h2 class=\"elementor-heading-title elementor-size-default\">Szabadid&#337;s &eacute;lm&eacute;nyek<\/h2>\t\t\t\t<\/div>\n\t\t\t\t<\/div>\n\t\t\t\t<div class=\"elementor-element elementor-element-9da9beb elementor-widget elementor-widget-heading\" data-id=\"9da9beb\" data-element_type=\"widget\" data-e-type=\"widget\" data-widget_type=\"heading.default\">\n\t\t\t\t<div class=\"elementor-widget-container\">\n\t\t\t\t\t<h1 class=\"elementor-heading-title elementor-size-default\">Fitneszk&ouml;zpont<\/h1>\t\t\t\t<\/div>\n\t\t\t\t<\/div>\n\t\t\t\t\t<\/div>\n\t\t<\/div>\n\t\t\t\t<div class=\"elementor-column elementor-col-50 elementor-top-column elementor-element elementor-element-6dfd6b0\" data-id=\"6dfd6b0\" data-element_type=\"column\" data-e-type=\"column\">\n\t\t\t<div class=\"elementor-widget-wrap elementor-element-populated\">\n\t\t\t\t\t\t<div class=\"elementor-element elementor-element-ca40bc7 elementor-widget__width-initial elementor-widget elementor-widget-text-editor\" data-id=\"ca40bc7\" data-element_type=\"widget\" data-e-type=\"widget\" data-widget_type=\"text-editor.default\">\n\t\t\t\t<div class=\"elementor-widget-container\">\n\t\t\t\t\t\t\t\t\t<p class=\"p1\">Pr&aacute;g&aacute;ban t&ouml;lt&ouml;tt ideje alatt nem kell megszak&iacute;tania edz&eacute;sprogramj&aacute;t. Gy&ouml;ny&ouml;rk&ouml;dj&ouml;n a v&aacute;ros felett felkel&#337; napban, mik&ouml;zben teljes er&#337;bedob&aacute;ssal edz az egyik fut&oacute;padunkon &ndash; ez minden, amire sz&uuml;ks&eacute;ge van, hogy motiv&aacute;lt maradjon az edz&eacute;sekhez. <\/p><p class=\"p1\">Folytassa az edz&eacute;st s&uacute;lyz&oacute;inkkal &eacute;s kettlebell-k&eacute;szlet&uuml;nkkel, vagy v&aacute;lassza az alacsony terhel&eacute;ssel j&aacute;r&oacute;, de nagy energi&aacute;j&uacute; teljes&iacute;tm&eacute;nyt a ker&eacute;kp&aacute;ron vagy az elliptikus tr&eacute;neren. Az edz&eacute;s t&ouml;k&eacute;letes befejez&eacute;s&eacute;hez pedig tal&aacute;n j&oacute;l esik majd egy kellemes &uacute;sz&aacute;s a medenc&eacute;ben vagy egy pihentet&#337; g&#337;z&ouml;l&eacute;s a szaun&aacute;ban.<\/p>\t\t\t\t\t\t\t\t<\/div>\n\t\t\t\t<\/div>\n\t\t\t\t\t<\/div>\n\t\t<\/div>\n\t\t\t\t\t<\/div>\n\t\t<\/section>\n\t\t\t\t<\/div>\n","protected":false},"excerpt":{"rendered":"<p>Adults 1 Children 1 From To Book Now Szabadid\u0151s \u00e9lm\u00e9nyek Fitneszk\u00f6zpont Pr\u00e1g\u00e1ban t\u00f6lt\u00f6tt ideje alatt nem kell megszak\u00edtania edz\u00e9sprogramj\u00e1t. Gy\u00f6ny\u00f6rk\u00f6dj\u00f6n a v\u00e1ros felett felkel\u0151 napban, mik\u00f6zben teljes er\u0151bedob\u00e1ssal edz az egyik fut\u00f3padunkon \u2013 ez minden, amire sz\u00fcks\u00e9ge van, hogy motiv\u00e1lt maradjon az edz\u00e9sekhez. Folytassa az edz\u00e9st s\u00falyz\u00f3inkkal \u00e9s kettlebell-k\u00e9szlet\u00fcnkkel, vagy v\u00e1lassza az alacsony terhel\u00e9ssel j\u00e1r\u00f3,&hellip;<\/p>\n","protected":false},"author":6,"featured_media":0,"parent":1007,"menu_order":0,"comment_status":"closed","ping_status":"closed","template":"","meta":{"_acf_changed":false,"footnotes":""},"class_list":["post-1026","page","type-page","status-publish","hentry"],"yoast_head":"<!-- This site is optimized with the Yoast SEO plugin v27.3 - https:\/\/yoast.com\/product\/yoast-seo-wordpress\/ -->\n<title>Leisure Experiences: Spa &amp; Wellness - Panorama by Verdi Hotels<\/title>\n<meta name=\"description\" content=\"Experience wellness at Panorama by Verdi Hotels. Dive into our pool, unwind in the sauna, or rejuvenate at the spa. Your relaxation journey starts here.\" \/>\n<meta name=\"robots\" content=\"index, follow, max-snippet:-1, max-image-preview:large, max-video-preview:-1\" \/>\n<link rel=\"canonical\" href=\"https:\/\/verdihotels.com\/prague\/hu\/szabadidos-elmenyek\/fitneszkozpont\/\" \/>\n<meta property=\"og:locale\" content=\"en_US\" \/>\n<meta property=\"og:type\" content=\"article\" \/>\n<meta property=\"og:title\" content=\"Leisure Experiences: Spa &amp; Wellness - Panorama by Verdi Hotels\" \/>\n<meta property=\"og:description\" content=\"Experience wellness at Panorama by Verdi Hotels. Dive into our pool, unwind in the sauna, or rejuvenate at the spa. Your relaxation journey starts here.\" \/>\n<meta property=\"og:url\" content=\"https:\/\/verdihotels.com\/prague\/hu\/szabadidos-elmenyek\/fitneszkozpont\/\" \/>\n<meta property=\"og:site_name\" content=\"Verdi Prague\" \/>\n<meta property=\"article:publisher\" content=\"https:\/\/www.facebook.com\/VerdiHotels\" \/>\n<meta property=\"article:modified_time\" content=\"2025-09-23T21:33:05+00:00\" \/>\n<meta name=\"twitter:card\" content=\"summary_large_image\" \/>\n<meta name=\"twitter:label1\" content=\"Est. reading time\" \/>\n\t<meta name=\"twitter:data1\" content=\"1 minute\" \/>\n<script type=\"application\/ld+json\" class=\"yoast-schema-graph\">{\"@context\":\"https:\\\/\\\/schema.org\",\"@graph\":[{\"@type\":\"WebPage\",\"@id\":\"https:\\\/\\\/verdihotels.com\\\/prague\\\/hu\\\/szabadidos-elmenyek\\\/fitneszkozpont\\\/\",\"url\":\"https:\\\/\\\/verdihotels.com\\\/prague\\\/hu\\\/szabadidos-elmenyek\\\/fitneszkozpont\\\/\",\"name\":\"Leisure Experiences: Spa & Wellness - Panorama by Verdi Hotels\",\"description\":\"Experience wellness at Panorama by Verdi Hotels. Dive into our pool, unwind in the sauna, or rejuvenate at the spa. Your relaxation journey starts here.\",\"potentialAction\":[{\"@type\":\"ReadAction\",\"target\":[\"https:\\\/\\\/verdihotels.com\\\/prague\\\/hu\\\/szabadidos-elmenyek\\\/fitneszkozpont\\\/\"]}]},{\"@type\":\"BreadcrumbList\",\"@id\":\"https:\\\/\\\/verdihotels.com\\\/prague\\\/hu\\\/szabadidos-elmenyek\\\/fitneszkozpont\\\/#breadcrumb\",\"itemListElement\":[{\"@type\":\"ListItem\",\"position\":1,\"name\":\"Home\",\"item\":\"https:\\\/\\\/verdihotels.com\\\/prague\\\/\"},{\"@type\":\"ListItem\",\"position\":2,\"name\":\"Szabadid\u0151s \u00e9lm\u00e9nyek\",\"item\":\"https:\\\/\\\/verdihotels.com\\\/prague\\\/hu\\\/szabadidos-elmenyek\\\/\"},{\"@type\":\"ListItem\",\"position\":3,\"name\":\"Fitneszk\u00f6zpont\"}]},{\"@type\":\"WebSite\",\"@id\":\"https:\\\/\\\/verdihotels.com\\\/prague\\\/#website\",\"url\":\"https:\\\/\\\/verdihotels.com\\\/prague\\\/\",\"name\":\"Verdi Gzira Waterfront\",\"description\":\"travelling the way it&#039;s meant to be\",\"publisher\":{\"@id\":\"https:\\\/\\\/verdihotels.com\\\/prague\\\/#organization\"},\"potentialAction\":[{\"@type\":\"SearchAction\",\"target\":{\"@type\":\"EntryPoint\",\"urlTemplate\":\"https:\\\/\\\/verdihotels.com\\\/prague\\\/?s={search_term_string}\"},\"query-input\":{\"@type\":\"PropertyValueSpecification\",\"valueRequired\":true,\"valueName\":\"search_term_string\"}}],\"inLanguage\":\"en-US\"},{\"@type\":\"Organization\",\"@id\":\"https:\\\/\\\/verdihotels.com\\\/prague\\\/#organization\",\"name\":\"Verdi Gzira Waterfront\",\"url\":\"https:\\\/\\\/verdihotels.com\\\/prague\\\/\",\"logo\":{\"@type\":\"ImageObject\",\"inLanguage\":\"en-US\",\"@id\":\"https:\\\/\\\/verdihotels.com\\\/prague\\\/#\\\/schema\\\/logo\\\/image\\\/\",\"url\":\"https:\\\/\\\/verdihotels.com\\\/wp-content\\\/uploads\\\/sites\\\/8\\\/2023\\\/05\\\/Verdi-Hotels-Logo-RGB@2x.png\",\"contentUrl\":\"https:\\\/\\\/verdihotels.com\\\/wp-content\\\/uploads\\\/sites\\\/8\\\/2023\\\/05\\\/Verdi-Hotels-Logo-RGB@2x.png\",\"width\":1224,\"height\":576,\"caption\":\"Verdi Gzira Waterfront\"},\"image\":{\"@id\":\"https:\\\/\\\/verdihotels.com\\\/prague\\\/#\\\/schema\\\/logo\\\/image\\\/\"},\"sameAs\":[\"https:\\\/\\\/www.facebook.com\\\/VerdiHotels\",\"https:\\\/\\\/www.tiktok.com\\\/@verdi_hotels\",\"https:\\\/\\\/www.instagram.com\\\/verdi_hotels\"]}]}<\/script>\n<!-- \/ Yoast SEO plugin. -->","yoast_head_json":{"title":"Leisure Experiences: Spa & Wellness - Panorama by Verdi Hotels","description":"Experience wellness at Panorama by Verdi Hotels. Dive into our pool, unwind in the sauna, or rejuvenate at the spa. Your relaxation journey starts here.","robots":{"index":"index","follow":"follow","max-snippet":"max-snippet:-1","max-image-preview":"max-image-preview:large","max-video-preview":"max-video-preview:-1"},"canonical":"https:\/\/verdihotels.com\/prague\/hu\/szabadidos-elmenyek\/fitneszkozpont\/","og_locale":"en_US","og_type":"article","og_title":"Leisure Experiences: Spa & Wellness - Panorama by Verdi Hotels","og_description":"Experience wellness at Panorama by Verdi Hotels. Dive into our pool, unwind in the sauna, or rejuvenate at the spa. Your relaxation journey starts here.","og_url":"https:\/\/verdihotels.com\/prague\/hu\/szabadidos-elmenyek\/fitneszkozpont\/","og_site_name":"Verdi Prague","article_publisher":"https:\/\/www.facebook.com\/VerdiHotels","article_modified_time":"2025-09-23T21:33:05+00:00","twitter_card":"summary_large_image","twitter_misc":{"Est. reading time":"1 minute"},"schema":{"@context":"https:\/\/schema.org","@graph":[{"@type":"WebPage","@id":"https:\/\/verdihotels.com\/prague\/hu\/szabadidos-elmenyek\/fitneszkozpont\/","url":"https:\/\/verdihotels.com\/prague\/hu\/szabadidos-elmenyek\/fitneszkozpont\/","name":"Leisure Experiences: Spa & Wellness - Panorama by Verdi Hotels","description":"Experience wellness at Panorama by Verdi Hotels. Dive into our pool, unwind in the sauna, or rejuvenate at the spa. Your relaxation journey starts here.","potentialAction":[{"@type":"ReadAction","target":["https:\/\/verdihotels.com\/prague\/hu\/szabadidos-elmenyek\/fitneszkozpont\/"]}]},{"@type":"BreadcrumbList","@id":"https:\/\/verdihotels.com\/prague\/hu\/szabadidos-elmenyek\/fitneszkozpont\/#breadcrumb","itemListElement":[{"@type":"ListItem","position":1,"name":"Home","item":"https:\/\/verdihotels.com\/prague\/"},{"@type":"ListItem","position":2,"name":"Szabadid\u0151s \u00e9lm\u00e9nyek","item":"https:\/\/verdihotels.com\/prague\/hu\/szabadidos-elmenyek\/"},{"@type":"ListItem","position":3,"name":"Fitneszk\u00f6zpont"}]},{"@type":"WebSite","@id":"https:\/\/verdihotels.com\/prague\/#website","url":"https:\/\/verdihotels.com\/prague\/","name":"Verdi Gzira Waterfront","description":"travelling the way it&#039;s meant to be","publisher":{"@id":"https:\/\/verdihotels.com\/prague\/#organization"},"potentialAction":[{"@type":"SearchAction","target":{"@type":"EntryPoint","urlTemplate":"https:\/\/verdihotels.com\/prague\/?s={search_term_string}"},"query-input":{"@type":"PropertyValueSpecification","valueRequired":true,"valueName":"search_term_string"}}],"inLanguage":"en-US"},{"@type":"Organization","@id":"https:\/\/verdihotels.com\/prague\/#organization","name":"Verdi Gzira Waterfront","url":"https:\/\/verdihotels.com\/prague\/","logo":{"@type":"ImageObject","inLanguage":"en-US","@id":"https:\/\/verdihotels.com\/prague\/#\/schema\/logo\/image\/","url":"https:\/\/verdihotels.com\/wp-content\/uploads\/sites\/8\/2023\/05\/Verdi-Hotels-Logo-RGB@2x.png","contentUrl":"https:\/\/verdihotels.com\/wp-content\/uploads\/sites\/8\/2023\/05\/Verdi-Hotels-Logo-RGB@2x.png","width":1224,"height":576,"caption":"Verdi Gzira Waterfront"},"image":{"@id":"https:\/\/verdihotels.com\/prague\/#\/schema\/logo\/image\/"},"sameAs":["https:\/\/www.facebook.com\/VerdiHotels","https:\/\/www.tiktok.com\/@verdi_hotels","https:\/\/www.instagram.com\/verdi_hotels"]}]}},"acf":[],"lang":"hu","translations":{"hu":1026,"en":915,"de":1028,"fr":1029,"pt":1030,"cs":1031},"pll_sync_post":[],"_links":{"self":[{"href":"https:\/\/verdihotels.com\/prague\/wp-json\/wp\/v2\/pages\/1026","targetHints":{"allow":["GET"]}}],"collection":[{"href":"https:\/\/verdihotels.com\/prague\/wp-json\/wp\/v2\/pages"}],"about":[{"href":"https:\/\/verdihotels.com\/prague\/wp-json\/wp\/v2\/types\/page"}],"author":[{"embeddable":true,"href":"https:\/\/verdihotels.com\/prague\/wp-json\/wp\/v2\/users\/6"}],"replies":[{"embeddable":true,"href":"https:\/\/verdihotels.com\/prague\/wp-json\/wp\/v2\/comments?post=1026"}],"version-history":[{"count":0,"href":"https:\/\/verdihotels.com\/prague\/wp-json\/wp\/v2\/pages\/1026\/revisions"}],"up":[{"embeddable":true,"href":"https:\/\/verdihotels.com\/prague\/wp-json\/wp\/v2\/pages\/1007"}],"wp:attachment":[{"href":"https:\/\/verdihotels.com\/prague\/wp-json\/wp\/v2\/media?parent=1026"}],"curies":[{"name":"wp","href":"https:\/\/api.w.org\/{rel}","templated":true}]}}