{"id":1036,"date":"2025-09-23T22:15:20","date_gmt":"2025-09-23T22:15:20","guid":{"rendered":"https:\/\/verdihotels.com\/prague\/?page_id=1036"},"modified":"2026-03-10T16:14:55","modified_gmt":"2026-03-10T16:14:55","slug":"spa-e-wellness","status":"publish","type":"page","link":"https:\/\/verdihotels.com\/prague\/pt\/experiencias-de-lazer\/spa-e-wellness\/","title":{"rendered":"Spa e Wellness"},"content":{"rendered":"<h6>Adults<\/h6>\n<p>1<\/p>\n<h6>Children<\/h6>\n<p>1<\/p>\n<h6>From<\/h6>\n<h6>To<\/h6>\n<p><a href=\"#\"><br \/>\nBook Now<br \/>\n<\/a><\/p>\n<h2>Experi\u00eancias de lazer<\/h2>\n<h1>Spa e Wellness<\/h1>\n<p>Ofere\u00e7a a si pr\u00f3prio o presente de uma transforma\u00e7\u00e3o total da mente e do corpo. Os nossos terapeutas s\u00e3o especialistas numa s\u00e9rie de t\u00e9cnicas de massagem que o deixar\u00e3o totalmente tranquilo. Tranquilize os seus pensamentos enquanto a massagem escolhida o ajuda a relaxar, acalmar, desintoxicar e rejuvenescer.<\/p>\n<p><b>Entrar em contacto<\/b><\/p>\n<p>Ligar para +420 261 164 791<br \/>\nOu falar com a nossa equipa<\/p>\n<h2>Experi\u00eancia de hotel spa em Praga<\/h2>\n<h3>Massagem relaxante anti-stress<\/h3>\n<p>\u00c9 altura de eliminar o stress e relaxar o corpo e a mente. Gra\u00e7as a uma press\u00e3o ligeira e movimentos fluidos, esta \u00e9 uma massagem t\u00e3o calmante e relaxante que poder\u00e1 dormir at\u00e9 ao fim. Este tipo de massagem tamb\u00e9m pode incluir a cabe\u00e7a, o rosto e o pesco\u00e7o para uma experi\u00eancia de corpo inteiro que acalma a mente e o corpo.<\/p>\n<ul>\n<li>60 min \u00a0 \u00a0 \u00a0 1950 CZK<\/li>\n<li>90 min \u00a0 \u00a0 \u00a0 2250 CZK<\/li>\n<\/ul>\n<h3>Massagem sueca<\/h3>\n<p>A massagem sueca \u00e0s vezes \u00e9 chamada de massagem cl\u00e1ssica. A t\u00e9cnica tem como objetivo promover o relaxamento ao aliviar a tens\u00e3o muscular. Tem uma influ\u00eancia positiva na circula\u00e7\u00e3o sangu\u00ednea, acelera a regenera\u00e7\u00e3o e contribui para o relaxamento geral do corpo. Esta massagem tamb\u00e9m \u00e9 adequada para relaxamento e al\u00edvio muscular.<\/p>\n<ul>\n<li>60 min \u00a0 \u00a0 \u00a0 1950 CZK<\/li>\n<li>90 min \u00a0 \u00a0 \u00a0 2250 CZK<\/li>\n<\/ul>\n<h3>Massagem havaiana Lomi Lomi<\/h3>\n<p>Esta massagem tradicional antiga resistiu ao teste do tempo. Quase como uma dan\u00e7a, utiliza movimentos r\u00edtmicos cont\u00ednuos em movimentos longos e fluidos, incluindo com os antebra\u00e7os e os cotovelos, para eliminar a tens\u00e3o, melhorar a circula\u00e7\u00e3o e voltar a harmonizar o corpo.<\/p>\n<ul>\n<li>60 min \u00a0 \u00a0 \u00a0 1950 CZK<\/li>\n<li>90 min \u00a0 \u00a0 \u00a0 2250 CZK<\/li>\n<\/ul>\n<h3>Massagem profunda<\/h3>\n<p>Esta massagem forte atua profundamente no tecido muscular e nos tend\u00f5es. \u00c9 a escolha perfeita quando necessita de uma massagem mais forte para libertar \u00e1reas de tens\u00e3o e dor. A press\u00e3o utilizada \u00e9 lenta e firme, tornando-se mais intensa e concentrada nas zonas problem\u00e1ticas.<\/p>\n<ul>\n<li>60 min \u00a0 \u00a0 \u00a0 2050 CZK<\/li>\n<\/ul>\n<h3>Massagem com pedras de lava quente<\/h3>\n<p>Remontando aos tempos antigos, este \u00e9 um tipo de massagem mais profunda que utiliza o calor reconfortante das pedras de lava lisas para acalmar e relaxar. As pedras aquecem os m\u00fasculos, estimulando o fluxo sangu\u00edneo e o sistema linf\u00e1tico para ajudar a desintoxicar o corpo. \u00c9 a escolha perfeita para relaxar os m\u00fasculos tensos, eliminar bloqueios e diminuir o stress.<\/p>\n<ul>\n<li>60 min \u00a0 \u00a0 2150 CZK<\/li>\n<li>90 min \u00a0 \u00a0 2350 CZK<\/li>\n<\/ul>\n<h3>Massagem com esfolia\u00e7\u00e3o corporal<\/h3>\n<p>Esta combina\u00e7\u00e3o de massagem e esfolia\u00e7\u00e3o corporal vai deix\u00e1-la com a sensa\u00e7\u00e3o de ser uma pessoa totalmente nova. Misturamos a sua escolha de sal marinho, a\u00e7\u00facar ou coco com o nosso \u00f3leo de massagem para uma massagem revitalizante de corpo inteiro que remove as c\u00e9lulas mortas da pele para revelar uma pele jovem e macia ao toque.<\/p>\n<ul>\n<li>60 min \u00a0 \u00a0 \u00a02150 CZK<\/li>\n<li>90 min \u00a0 \u00a0 \u00a02350 CZK<\/li>\n<\/ul>\n<h3>Massagem arom\u00e1tica luxuosa<\/h3>\n<p>Massagem extraordin\u00e1ria elaborada para se adaptar ao seu corpo e \u00e0s suas necessidades. \u00c9 uma combina\u00e7\u00e3o das melhores t\u00e9cnicas e manobras que o nosso terapeuta pode oferecer. Uma experi\u00eancia inesquec\u00edvel para os seus sentidos, utilizando n\u00e3o apenas \u00f3leos arom\u00e1ticos quentes, mas tamb\u00e9m len\u00e7os de seda para um relaxamento ainda mais prazeroso.<\/p>\n<ul>\n<li>60 min\u00a0 \u00a0 \u00a0 \u00a02150\u00a0 CZK<\/li>\n<li>90 min \u00a0 \u00a0 \u00a0 2350 CZK<\/li>\n<\/ul>\n<h3>Sal\u00e3o de cabeleireiro e maquilhagem<\/h3>\n<p>Vai a algum s\u00edtio especial? Talvez queira confiar nas m\u00e3os de profissionais para conseguir um visual digno de uma celebridade? Os nossos estilistas fazem magia com visuais pr\u00e9-festa ou para eventos, utilizando os cosm\u00e9ticos franceses Maria Galland e os cuidados capilares Wella.<\/p>\n<h3>Pacotes especiais de spa<\/h3>\n<p>Aumente o prazer de uma estadia com um dos nossos pacotes ou ofertas de spa. Traga harmonia \u00e0 sua mente e ao seu corpo na privacidade das nossas salas de spa.<\/p>\n<p><a href=\"https:\/\/verdihotels.com\/prague\/leisure-experiences-spaces\/spa-wellness\/spa-offers\/\"><br \/>\nDESCOBRIR<br \/>\n<\/a><\/p>\n","protected":false},"excerpt":{"rendered":"<p>Adults 1 Children 1 From To Book Now Experi\u00eancias de lazer Spa e Wellness Ofere\u00e7a a si pr\u00f3prio o presente de uma transforma\u00e7\u00e3o total da mente e do corpo. Os nossos terapeutas s\u00e3o especialistas numa s\u00e9rie de t\u00e9cnicas de massagem que o deixar\u00e3o totalmente tranquilo. Tranquilize os seus pensamentos enquanto a massagem escolhida o ajuda&hellip;<\/p>\n","protected":false},"author":6,"featured_media":0,"parent":1012,"menu_order":0,"comment_status":"closed","ping_status":"closed","template":"","meta":{"_acf_changed":false,"footnotes":""},"class_list":["post-1036","page","type-page","status-publish","hentry"],"yoast_head":"<!-- This site is optimized with the Yoast SEO plugin v27.4 - https:\/\/yoast.com\/product\/yoast-seo-wordpress\/ -->\n<title>Leisure Experiences: Spa &amp; Wellness - Panorama by Verdi Hotels<\/title>\n<meta name=\"description\" content=\"Experience wellness at Panorama by Verdi Hotels. Dive into our pool, unwind in the sauna, or rejuvenate at the spa. Your relaxation journey starts here.\" \/>\n<meta name=\"robots\" content=\"index, follow, max-snippet:-1, max-image-preview:large, max-video-preview:-1\" \/>\n<link rel=\"canonical\" href=\"https:\/\/verdihotels.com\/prague\/pt\/experiencias-de-lazer\/spa-e-wellness\/\" \/>\n<meta property=\"og:locale\" content=\"en_US\" \/>\n<meta property=\"og:type\" content=\"article\" \/>\n<meta property=\"og:title\" content=\"Leisure Experiences: Spa &amp; Wellness - Panorama by Verdi Hotels\" \/>\n<meta property=\"og:description\" content=\"Experience wellness at Panorama by Verdi Hotels. Dive into our pool, unwind in the sauna, or rejuvenate at the spa. Your relaxation journey starts here.\" \/>\n<meta property=\"og:url\" content=\"https:\/\/verdihotels.com\/prague\/pt\/experiencias-de-lazer\/spa-e-wellness\/\" \/>\n<meta property=\"og:site_name\" content=\"Verdi Prague\" \/>\n<meta property=\"article:publisher\" content=\"https:\/\/www.facebook.com\/VerdiHotels\" \/>\n<meta property=\"article:modified_time\" content=\"2026-03-10T16:14:55+00:00\" \/>\n<meta name=\"twitter:card\" content=\"summary_large_image\" \/>\n<meta name=\"twitter:label1\" content=\"Est. reading time\" \/>\n\t<meta name=\"twitter:data1\" content=\"3 minutes\" \/>\n<script type=\"application\/ld+json\" class=\"yoast-schema-graph\">{\"@context\":\"https:\\\/\\\/schema.org\",\"@graph\":[{\"@type\":\"WebPage\",\"@id\":\"https:\\\/\\\/verdihotels.com\\\/prague\\\/pt\\\/experiencias-de-lazer\\\/spa-e-wellness\\\/\",\"url\":\"https:\\\/\\\/verdihotels.com\\\/prague\\\/pt\\\/experiencias-de-lazer\\\/spa-e-wellness\\\/\",\"name\":\"Leisure Experiences: Spa & Wellness - Panorama by Verdi Hotels\",\"description\":\"Experience wellness at Panorama by Verdi Hotels. Dive into our pool, unwind in the sauna, or rejuvenate at the spa. Your relaxation journey starts here.\",\"potentialAction\":[{\"@type\":\"ReadAction\",\"target\":[\"https:\\\/\\\/verdihotels.com\\\/prague\\\/pt\\\/experiencias-de-lazer\\\/spa-e-wellness\\\/\"]}]},{\"@type\":\"BreadcrumbList\",\"@id\":\"https:\\\/\\\/verdihotels.com\\\/prague\\\/pt\\\/experiencias-de-lazer\\\/spa-e-wellness\\\/#breadcrumb\",\"itemListElement\":[{\"@type\":\"ListItem\",\"position\":1,\"name\":\"Home\",\"item\":\"https:\\\/\\\/verdihotels.com\\\/prague\\\/\"},{\"@type\":\"ListItem\",\"position\":2,\"name\":\"Experi\u00eancias de lazer\",\"item\":\"https:\\\/\\\/verdihotels.com\\\/prague\\\/pt\\\/experiencias-de-lazer\\\/\"},{\"@type\":\"ListItem\",\"position\":3,\"name\":\"Spa e Wellness\"}]},{\"@type\":\"WebSite\",\"@id\":\"https:\\\/\\\/verdihotels.com\\\/prague\\\/#website\",\"url\":\"https:\\\/\\\/verdihotels.com\\\/prague\\\/\",\"name\":\"Verdi Gzira Waterfront\",\"description\":\"travelling the way it&#039;s meant to be\",\"publisher\":{\"@id\":\"https:\\\/\\\/verdihotels.com\\\/prague\\\/#organization\"},\"potentialAction\":[{\"@type\":\"SearchAction\",\"target\":{\"@type\":\"EntryPoint\",\"urlTemplate\":\"https:\\\/\\\/verdihotels.com\\\/prague\\\/?s={search_term_string}\"},\"query-input\":{\"@type\":\"PropertyValueSpecification\",\"valueRequired\":true,\"valueName\":\"search_term_string\"}}],\"inLanguage\":\"en-US\"},{\"@type\":\"Organization\",\"@id\":\"https:\\\/\\\/verdihotels.com\\\/prague\\\/#organization\",\"name\":\"Verdi Gzira Waterfront\",\"url\":\"https:\\\/\\\/verdihotels.com\\\/prague\\\/\",\"logo\":{\"@type\":\"ImageObject\",\"inLanguage\":\"en-US\",\"@id\":\"https:\\\/\\\/verdihotels.com\\\/prague\\\/#\\\/schema\\\/logo\\\/image\\\/\",\"url\":\"https:\\\/\\\/verdihotels.com\\\/wp-content\\\/uploads\\\/sites\\\/8\\\/2023\\\/05\\\/Verdi-Hotels-Logo-RGB@2x.png\",\"contentUrl\":\"https:\\\/\\\/verdihotels.com\\\/wp-content\\\/uploads\\\/sites\\\/8\\\/2023\\\/05\\\/Verdi-Hotels-Logo-RGB@2x.png\",\"width\":1224,\"height\":576,\"caption\":\"Verdi Gzira Waterfront\"},\"image\":{\"@id\":\"https:\\\/\\\/verdihotels.com\\\/prague\\\/#\\\/schema\\\/logo\\\/image\\\/\"},\"sameAs\":[\"https:\\\/\\\/www.facebook.com\\\/VerdiHotels\",\"https:\\\/\\\/www.tiktok.com\\\/@verdi_hotels\",\"https:\\\/\\\/www.instagram.com\\\/verdi_hotels\"]}]}<\/script>\n<!-- \/ Yoast SEO plugin. -->","yoast_head_json":{"title":"Leisure Experiences: Spa & Wellness - Panorama by Verdi Hotels","description":"Experience wellness at Panorama by Verdi Hotels. Dive into our pool, unwind in the sauna, or rejuvenate at the spa. Your relaxation journey starts here.","robots":{"index":"index","follow":"follow","max-snippet":"max-snippet:-1","max-image-preview":"max-image-preview:large","max-video-preview":"max-video-preview:-1"},"canonical":"https:\/\/verdihotels.com\/prague\/pt\/experiencias-de-lazer\/spa-e-wellness\/","og_locale":"en_US","og_type":"article","og_title":"Leisure Experiences: Spa & Wellness - Panorama by Verdi Hotels","og_description":"Experience wellness at Panorama by Verdi Hotels. Dive into our pool, unwind in the sauna, or rejuvenate at the spa. Your relaxation journey starts here.","og_url":"https:\/\/verdihotels.com\/prague\/pt\/experiencias-de-lazer\/spa-e-wellness\/","og_site_name":"Verdi Prague","article_publisher":"https:\/\/www.facebook.com\/VerdiHotels","article_modified_time":"2026-03-10T16:14:55+00:00","twitter_card":"summary_large_image","twitter_misc":{"Est. reading time":"3 minutes"},"schema":{"@context":"https:\/\/schema.org","@graph":[{"@type":"WebPage","@id":"https:\/\/verdihotels.com\/prague\/pt\/experiencias-de-lazer\/spa-e-wellness\/","url":"https:\/\/verdihotels.com\/prague\/pt\/experiencias-de-lazer\/spa-e-wellness\/","name":"Leisure Experiences: Spa & Wellness - Panorama by Verdi Hotels","description":"Experience wellness at Panorama by Verdi Hotels. Dive into our pool, unwind in the sauna, or rejuvenate at the spa. Your relaxation journey starts here.","potentialAction":[{"@type":"ReadAction","target":["https:\/\/verdihotels.com\/prague\/pt\/experiencias-de-lazer\/spa-e-wellness\/"]}]},{"@type":"BreadcrumbList","@id":"https:\/\/verdihotels.com\/prague\/pt\/experiencias-de-lazer\/spa-e-wellness\/#breadcrumb","itemListElement":[{"@type":"ListItem","position":1,"name":"Home","item":"https:\/\/verdihotels.com\/prague\/"},{"@type":"ListItem","position":2,"name":"Experi\u00eancias de lazer","item":"https:\/\/verdihotels.com\/prague\/pt\/experiencias-de-lazer\/"},{"@type":"ListItem","position":3,"name":"Spa e Wellness"}]},{"@type":"WebSite","@id":"https:\/\/verdihotels.com\/prague\/#website","url":"https:\/\/verdihotels.com\/prague\/","name":"Verdi Gzira Waterfront","description":"travelling the way it&#039;s meant to be","publisher":{"@id":"https:\/\/verdihotels.com\/prague\/#organization"},"potentialAction":[{"@type":"SearchAction","target":{"@type":"EntryPoint","urlTemplate":"https:\/\/verdihotels.com\/prague\/?s={search_term_string}"},"query-input":{"@type":"PropertyValueSpecification","valueRequired":true,"valueName":"search_term_string"}}],"inLanguage":"en-US"},{"@type":"Organization","@id":"https:\/\/verdihotels.com\/prague\/#organization","name":"Verdi Gzira Waterfront","url":"https:\/\/verdihotels.com\/prague\/","logo":{"@type":"ImageObject","inLanguage":"en-US","@id":"https:\/\/verdihotels.com\/prague\/#\/schema\/logo\/image\/","url":"https:\/\/verdihotels.com\/wp-content\/uploads\/sites\/8\/2023\/05\/Verdi-Hotels-Logo-RGB@2x.png","contentUrl":"https:\/\/verdihotels.com\/wp-content\/uploads\/sites\/8\/2023\/05\/Verdi-Hotels-Logo-RGB@2x.png","width":1224,"height":576,"caption":"Verdi Gzira Waterfront"},"image":{"@id":"https:\/\/verdihotels.com\/prague\/#\/schema\/logo\/image\/"},"sameAs":["https:\/\/www.facebook.com\/VerdiHotels","https:\/\/www.tiktok.com\/@verdi_hotels","https:\/\/www.instagram.com\/verdi_hotels"]}]}},"acf":[],"lang":"pt","translations":{"pt":1036,"hu":1032,"en":916,"de":1034,"fr":1035,"cs":1037},"pll_sync_post":[],"_links":{"self":[{"href":"https:\/\/verdihotels.com\/prague\/wp-json\/wp\/v2\/pages\/1036","targetHints":{"allow":["GET"]}}],"collection":[{"href":"https:\/\/verdihotels.com\/prague\/wp-json\/wp\/v2\/pages"}],"about":[{"href":"https:\/\/verdihotels.com\/prague\/wp-json\/wp\/v2\/types\/page"}],"author":[{"embeddable":true,"href":"https:\/\/verdihotels.com\/prague\/wp-json\/wp\/v2\/users\/6"}],"replies":[{"embeddable":true,"href":"https:\/\/verdihotels.com\/prague\/wp-json\/wp\/v2\/comments?post=1036"}],"version-history":[{"count":0,"href":"https:\/\/verdihotels.com\/prague\/wp-json\/wp\/v2\/pages\/1036\/revisions"}],"up":[{"embeddable":true,"href":"https:\/\/verdihotels.com\/prague\/wp-json\/wp\/v2\/pages\/1012"}],"wp:attachment":[{"href":"https:\/\/verdihotels.com\/prague\/wp-json\/wp\/v2\/media?parent=1036"}],"curies":[{"name":"wp","href":"https:\/\/api.w.org\/{rel}","templated":true}]}}