{"id":988,"date":"2025-09-23T17:35:57","date_gmt":"2025-09-23T17:35:57","guid":{"rendered":"https:\/\/verdihotels.com\/prague\/?page_id=988"},"modified":"2025-09-23T17:38:07","modified_gmt":"2025-09-23T17:38:07","slug":"a-panorama-by-verdi-hotels-szallodarol","status":"publish","type":"page","link":"https:\/\/verdihotels.com\/prague\/hu\/a-panorama-by-verdi-hotels-szallodarol\/","title":{"rendered":"A Panorama by Verdi Hotels sz\u00e1llod\u00e1r\u00f3l"},"content":{"rendered":"<div data-elementor-type=\"wp-page\" data-elementor-id=\"988\" class=\"elementor elementor-988\" data-elementor-post-type=\"page\"><div class=\"breadcrumbs\"><span><span><a href=\"https:\/\/verdihotels.com\/prague\/\">Home<\/a><\/span><\/span><\/div>\n\t\t\t\t\t\t<section class=\"elementor-section elementor-top-section elementor-element elementor-element-ee7f015 elementor-section-height-min-height elementor-section-items-bottom elementor-section-boxed elementor-section-height-default\" data-id=\"ee7f015\" data-element_type=\"section\" data-e-type=\"section\" data-settings='{\"background_background\":\"classic\",\"background_motion_fx_motion_fx_scrolling\":\"yes\",\"background_motion_fx_scale_effect\":\"yes\",\"background_motion_fx_scale_speed\":{\"unit\":\"px\",\"size\":\"5\",\"sizes\":[]},\"background_motion_fx_scale_direction\":\"out-in\",\"background_motion_fx_scale_range\":{\"unit\":\"%\",\"size\":\"\",\"sizes\":{\"start\":20,\"end\":80}},\"background_motion_fx_devices\":[\"desktop\",\"tablet\",\"mobile\"]}'>\n\t\t\t\t\t\t<div class=\"elementor-container elementor-column-gap-default\">\n\t\t\t\t\t<div class=\"elementor-column elementor-col-100 elementor-top-column elementor-element elementor-element-7088f58\" data-id=\"7088f58\" data-element_type=\"column\" data-e-type=\"column\">\n\t\t\t<div class=\"elementor-widget-wrap elementor-element-populated\">\n\t\t\t\t\t\t<div class=\"elementor-element elementor-element-107c280 elementor-widget elementor-widget-shortcode\" data-id=\"107c280\" data-element_type=\"widget\" data-e-type=\"widget\" data-widget_type=\"shortcode.default\">\n\t\t\t\t<div class=\"elementor-widget-container\">\n\t\t\t\t\t\t\t<div class=\"elementor-shortcode\"><script>\nvar verdi_destinations = {\"96870\":{\"destination\":\"Panorama by Verdi Hotels\",\"city\":\"Panorama by Verdi Hotels\",\"region\":\"Panorama by Verdi Hotels\",\"country\":\"Czech Republic\"},\"45691\":{\"destination\":\"Verdi Budapest Aquincum\",\"city\":\"Verdi Budapest Aquincum\",\"region\":\"Verdi Budapest Aquincum\",\"country\":\"Hungary\"},\"45690\":{\"destination\":\"Verdi Gzira Promenade\",\"city\":\"Verdi Gzira Promenade\",\"region\":\"Verdi Gzira Promenade\",\"country\":\"Malta\"},\"47765\":{\"destination\":\"Verdi Santar\\u00e9m\",\"city\":\"Verdi Santar\\u00e9m\",\"region\":\"Verdi Santar\\u00e9m\",\"country\":\"Portugal\"},\"45540\":{\"destination\":\"Verdi St.George\\u2019s Bay Marina\",\"city\":\"Verdi St.George\\u2019s Bay Marina\",\"region\":\"Verdi St.George\\u2019s Bay Marina\",\"country\":\"Malta\"},\"47749\":{\"destination\":\"Verdi Tunis Beach Resort\",\"city\":\"Verdi Tunis Beach Resort\",\"region\":\"Verdi Tunis Beach Resort\",\"country\":\"Tunisia\"},\"47761\":{\"destination\":\"Vivaldi by Verdi Hotels\",\"city\":\"Vivaldi by Verdi Hotels\",\"region\":\"Vivaldi by Verdi Hotels\",\"country\":\"Malta\"}};\n\nvar verdi_booking_strings = {\"adult\":\"Adult\",\"adults\":\"Adults\",\"child\":\"Child\",\"children\":\"Children\",\"room\":\"Room\",\"rooms\":\"Rooms\"};\n\n<\/script>\n\n<div class=\"booking-form hotel\" data-hotel=\"\" data-booking-form=\"1\">\n\t<form action=\"https:\/\/reservations.verdihotels.com\/\" target=\"_blank\">\n\t\t<div class=\"row\">\n\t\t\t\t\t\t<div class=\"field-group field-group-date arrive\">\n\t\t\t\t<label for=\"BFArrive1\">Check-in<\/label>\n\t\t\t\t<div class=\"field-wrapper\">\n\t\t\t\t\t<input type=\"date\" name=\"arrive\" id=\"BFArrive1\" placeholder=\"Select date...\">\n\t\t\t\t\t<i aria-hidden=\"true\" class=\"fa fa-calendar-alt\"><\/i>\n\t\t\t\t<\/div>\n\t\t\t<\/div>\n\t\t\t<div class=\"field-group field-group-date depart\">\n\t\t\t\t<label for=\"BFDepart1\">Check-out<\/label>\n\t\t\t\t<div class=\"field-wrapper\">\n\t\t\t\t\t<input type=\"date\" name=\"depart\" id=\"BFDepart1\" placeholder=\"Select date...\">\n\t\t\t\t\t<i aria-hidden=\"true\" class=\"fa fa-calendar-alt\"><\/i>\n\t\t\t\t<\/div>\n\t\t\t<\/div>\n\t\t\t<div class=\"field-group field-group-guests\" id=\"BFGuests1\">\n\t\t\t\t<label>Guests<\/label>\n\t\t\t\t<input type=\"text\" class=\"booking-form-guests\" id=\"BFGuestsField1\" readonly value=\"\">\n\t\t\t\t<div class=\"guests-dd\">\n\t\t\t\t\t<div class=\"field-group\">\n\t\t\t\t\t\t<label for=\"BFAdults1\">Adults<\/label>\n\t\t\t\t\t\t<div class=\"field-wrapper-number\">\n\t\t\t\t\t\t\t<a href=\"#\" class=\"decrease-field\">-<\/a>\n\t\t\t\t\t\t\t<input type=\"number\" name=\"adult\" id=\"BFAdults1\" value=\"1\" min=\"1\" max=\"\" readonly>\n\t\t\t\t\t\t\t<a href=\"#\" class=\"increase-field\">+<\/a>\n\t\t\t\t\t\t<\/div>\n\t\t\t\t\t<\/div>\n\t\t\t\t\t<div class=\"field-group\">\n\t\t\t\t\t\t<label for=\"BFChild1\">Children<\/label>\n\t\t\t\t\t\t<div class=\"field-wrapper-number\">\n\t\t\t\t\t\t\t<a href=\"#\" class=\"decrease-field\">-<\/a>\n\t\t\t\t\t\t\t<input type=\"number\" name=\"child\" id=\"BFChild1\" value=\"0\" min=\"0\" max=\"\" readonly>\n\t\t\t\t\t\t\t<a href=\"#\" class=\"increase-field\">+<\/a>\n\t\t\t\t\t\t<\/div>\n\t\t\t\t\t<\/div>\n\t\t\t\t\t<div class=\"field-group\">\n\t\t\t\t\t\t<label for=\"BFRooms1\">Rooms<\/label>\n\t\t\t\t\t\t<div class=\"field-wrapper-number\">\n\t\t\t\t\t\t\t<a href=\"#\" class=\"decrease-field\">-<\/a>\n\t\t\t\t\t\t\t<input type=\"number\" name=\"rooms\" id=\"BFRooms1\" value=\"1\" min=\"1\" max=\"\" readonly>\n\t\t\t\t\t\t\t<a href=\"#\" class=\"increase-field\">+<\/a>\n\t\t\t\t\t\t<\/div>\n\t\t\t\t\t<\/div>\n\t\t\t\t<\/div>\n\t\t\t<\/div>\n\t\t\t<div class=\"field-group field-group-button\">\n\t\t\t\t<input type=\"submit\" class=\"button btn-submit\" value=\"Check Availability\">\n\t\t\t<\/div>\n\t\t<\/div>\n\t\t<input type=\"hidden\" name=\"chain\" value=\"31999\">\n\t\t\t\t<input type=\"hidden\" name=\"hotel\" value=\"96870\">\n\t\t\t<\/form>\n<\/div><\/div>\n\t\t\t\t\t\t<\/div>\n\t\t\t\t<\/div>\n\t\t\t\t\t<\/div>\n\t\t<\/div>\n\t\t\t\t\t<\/div>\n\t\t<\/section>\n\t\t\t\t<section class=\"elementor-section elementor-top-section elementor-element elementor-element-a951961 elementor-section-full_width elementor-section-height-min-height elementor-section-height-default elementor-section-items-middle\" data-id=\"a951961\" data-element_type=\"section\" data-e-type=\"section\">\n\t\t\t\t\t\t<div class=\"elementor-container elementor-column-gap-default\">\n\t\t\t\t\t<div class=\"elementor-column elementor-col-50 elementor-top-column elementor-element elementor-element-ca93733\" data-id=\"ca93733\" data-element_type=\"column\" data-e-type=\"column\">\n\t\t\t<div class=\"elementor-widget-wrap elementor-element-populated\">\n\t\t\t\t\t\t<div class=\"elementor-element elementor-element-1cb1e8a elementor-widget elementor-widget-heading\" data-id=\"1cb1e8a\" data-element_type=\"widget\" data-e-type=\"widget\" data-widget_type=\"heading.default\">\n\t\t\t\t<div class=\"elementor-widget-container\">\n\t\t\t\t\t<h1 class=\"elementor-heading-title elementor-size-default\">Panorama by Verdi Hotels. A fresh perspective of Prague.<\/h1>\t\t\t\t<\/div>\n\t\t\t\t<\/div>\n\t\t\t\t\t<\/div>\n\t\t<\/div>\n\t\t\t\t<div class=\"elementor-column elementor-col-50 elementor-top-column elementor-element elementor-element-751c4dd\" data-id=\"751c4dd\" data-element_type=\"column\" data-e-type=\"column\">\n\t\t\t<div class=\"elementor-widget-wrap elementor-element-populated\">\n\t\t\t\t\t\t<div class=\"elementor-element elementor-element-173560f elementor-widget__width-initial elementor-widget elementor-widget-text-editor\" data-id=\"173560f\" data-element_type=\"widget\" data-e-type=\"widget\" data-widget_type=\"text-editor.default\">\n\t\t\t\t<div class=\"elementor-widget-container\">\n\t\t\t\t\t\t\t\t\t<p class=\"p1\">A Panorama by Verdi Hotels sz&aacute;lloda egyed&uuml;l&aacute;ll&oacute; kil&aacute;t&aacute;st ny&uacute;jt Pr&aacute;g&aacute;ra. Nem csak a l&aacute;tv&aacute;nyos kil&aacute;t&aacute;s miatt, hanem az&eacute;rt is, mert &iacute;gy megl&aacute;thatja, mennyi minden v&aacute;r m&eacute;g felfedez&eacute;sre ebben a t&ouml;rt&eacute;nelmi v&aacute;rosban.<\/p><p class=\"p1\">Pr&aacute;ga leny&#369;g&ouml;z&#337; barokk &eacute;s g&oacute;tikus &eacute;p&iacute;t&eacute;szeti remekm&#369;vekkel teli, amelyek a v&aacute;ros rendk&iacute;v&uuml;li m&uacute;ltj&aacute;ra utalnak. T&eacute;rjen be a keskeny macskak&ouml;ves utc&aacute;kba, &eacute;s fedezze fel a szobrokt&oacute;l a utcai m&#369;v&eacute;szetig terjed&#337; m&#369;alkot&aacute;sokat, amelyek mindegyike egy-egy t&ouml;rt&eacute;netet mes&eacute;l, t&uuml;kr&ouml;zve a v&aacute;ros l&aacute;zad&oacute; szellem&eacute;t a neh&eacute;z id&#337;k&ouml;n kereszt&uuml;l.<\/p>\t\t\t\t\t\t\t\t<\/div>\n\t\t\t\t<\/div>\n\t\t\t\t\t<\/div>\n\t\t<\/div>\n\t\t\t\t\t<\/div>\n\t\t<\/section>\n\t\t\t\t<section class=\"elementor-section elementor-top-section elementor-element elementor-element-6bb48c9 elementor-section-content-bottom elementor-section-boxed elementor-section-height-default elementor-section-height-default\" data-id=\"6bb48c9\" data-element_type=\"section\" data-e-type=\"section\" data-settings='{\"background_background\":\"classic\"}'>\n\t\t\t\t\t\t<div class=\"elementor-container elementor-column-gap-default\">\n\t\t\t\t\t<div class=\"elementor-column elementor-col-50 elementor-top-column elementor-element elementor-element-ad99ec3\" data-id=\"ad99ec3\" data-element_type=\"column\" data-e-type=\"column\">\n\t\t\t<div class=\"elementor-widget-wrap\">\n\t\t\t\t\t\t\t<\/div>\n\t\t<\/div>\n\t\t\t\t<div class=\"elementor-column elementor-col-50 elementor-top-column elementor-element elementor-element-eb9d397\" data-id=\"eb9d397\" data-element_type=\"column\" data-e-type=\"column\" data-settings='{\"background_background\":\"classic\"}'>\n\t\t\t<div class=\"elementor-widget-wrap elementor-element-populated\">\n\t\t\t\t\t\t<div class=\"elementor-element elementor-element-5e38a34 elementor-widget elementor-widget-heading\" data-id=\"5e38a34\" data-element_type=\"widget\" data-e-type=\"widget\" data-widget_type=\"heading.default\">\n\t\t\t\t<div class=\"elementor-widget-container\">\n\t\t\t\t\t<h2 class=\"elementor-heading-title elementor-size-default\">Allow yourself to discover your destination and let it imprint its charisma onto you.&nbsp;&nbsp;<\/h2>\t\t\t\t<\/div>\n\t\t\t\t<\/div>\n\t\t\t\t\t<\/div>\n\t\t<\/div>\n\t\t\t\t\t<\/div>\n\t\t<\/section>\n\t\t\t\t<section class=\"elementor-section elementor-top-section elementor-element elementor-element-6034201 elementor-section-full_width elementor-section-height-min-height elementor-section-height-default elementor-section-items-middle\" data-id=\"6034201\" data-element_type=\"section\" data-e-type=\"section\">\n\t\t\t\t\t\t<div class=\"elementor-container elementor-column-gap-default\">\n\t\t\t\t\t<div class=\"elementor-column elementor-col-50 elementor-top-column elementor-element elementor-element-d654894\" data-id=\"d654894\" data-element_type=\"column\" data-e-type=\"column\">\n\t\t\t<div class=\"elementor-widget-wrap\">\n\t\t\t\t\t\t\t<\/div>\n\t\t<\/div>\n\t\t\t\t<div class=\"elementor-column elementor-col-50 elementor-top-column elementor-element elementor-element-2818f4e\" data-id=\"2818f4e\" data-element_type=\"column\" data-e-type=\"column\">\n\t\t\t<div class=\"elementor-widget-wrap elementor-element-populated\">\n\t\t\t\t\t\t<div class=\"elementor-element elementor-element-442a73c elementor-widget__width-initial elementor-widget elementor-widget-text-editor\" data-id=\"442a73c\" data-element_type=\"widget\" data-e-type=\"widget\" data-widget_type=\"text-editor.default\">\n\t\t\t\t<div class=\"elementor-widget-container\">\n\t\t\t\t\t\t\t\t\t<p class=\"p1\">Sz&aacute;llod&aacute;nkt&oacute;l csak n&eacute;h&aacute;ny perc s&eacute;t&aacute;ra tal&aacute;lhat&oacute; a Pankrac metr&oacute;&aacute;llom&aacute;s, ahonnan n&eacute;gy metr&oacute;meg&aacute;ll&oacute;nyira van a belv&aacute;ros, vagy &ouml;t meg&aacute;ll&oacute;nyira a f&#337;p&aacute;lyaudvar, ahonnan Csehorsz&aacute;gon bel&uuml;lre &eacute;s m&aacute;s eur&oacute;pai v&aacute;rosokba is k&ouml;nnyen eljuthat.<\/p><p class=\"p1\">Pr&aacute;ga 4. ker&uuml;let&eacute;ben a t&ouml;meg &eacute;s a temp&oacute; egy kicsit cs&ouml;kken. De m&eacute;g mindig van mit felfedezni. Itt, Pr&aacute;ga k&ouml;zpontj&aacute;ban, a modern &eacute;p&iacute;t&eacute;szet a panelh&aacute;zakkal &eacute;s Nusle t&ouml;rt&eacute;nelmi utc&aacute;ival vegy&uuml;l. Egy r&ouml;vid s&eacute;t&aacute;ra tal&aacute;lhat&oacute; az Arkady Pankrac bev&aacute;s&aacute;rl&oacute;k&ouml;zpont ny&uuml;zsg&eacute;se vagy a Pankrac k&ouml;zponti park t&aacute;gas ter&uuml;letei, ahol csatlakozhat a helyiekhez, akik ide menek&uuml;lnek a mindennapokb&oacute;l. &Eacute;s term&eacute;szetesen, amikor lemegy a nap, Pr&aacute;ga legend&aacute;s &eacute;jszakai &eacute;lete mindig felfedez&eacute;sre v&aacute;r.<\/p><p class=\"p1\">In Prague 4, the crowds and pace are taken down a notch. Yet there&rsquo;s still more to explore. Here in central Prague, modern architecture sits next to panelaks and the historic streets of Nusle. A short walk away is the buzz of the Arkady Pankrac shopping centre or the wide-open spaces of Central Park Pankrac where you can join the locals getting away from it all. And, of course, when the sun goes down, there&rsquo;s always Prague&rsquo;s legendary nightlife waiting to be discovered.<\/p>\t\t\t\t\t\t\t\t<\/div>\n\t\t\t\t<\/div>\n\t\t\t\t\t<\/div>\n\t\t<\/div>\n\t\t\t\t\t<\/div>\n\t\t<\/section>\n\t\t\t\t<\/div>\n","protected":false},"excerpt":{"rendered":"<p>Panorama by Verdi Hotels. A fresh perspective of Prague. A Panorama by Verdi Hotels sz\u00e1lloda egyed\u00fcl\u00e1ll\u00f3 kil\u00e1t\u00e1st ny\u00fajt Pr\u00e1g\u00e1ra. Nem csak a l\u00e1tv\u00e1nyos kil\u00e1t\u00e1s miatt, hanem az\u00e9rt is, mert \u00edgy megl\u00e1thatja, mennyi minden v\u00e1r m\u00e9g felfedez\u00e9sre ebben a t\u00f6rt\u00e9nelmi v\u00e1rosban. Pr\u00e1ga leny\u0171g\u00f6z\u0151 barokk \u00e9s g\u00f3tikus \u00e9p\u00edt\u00e9szeti remekm\u0171vekkel teli, amelyek a v\u00e1ros rendk\u00edv\u00fcli m\u00faltj\u00e1ra utalnak. T\u00e9rjen&hellip;<\/p>\n","protected":false},"author":6,"featured_media":0,"parent":0,"menu_order":-1,"comment_status":"closed","ping_status":"closed","template":"","meta":{"_acf_changed":false,"footnotes":""},"class_list":["post-988","page","type-page","status-publish","hentry"],"yoast_head":"<!-- This site is optimized with the Yoast SEO plugin v27.5 - https:\/\/yoast.com\/product\/yoast-seo-wordpress\/ -->\n<title>About Panorama by Verdi Hotels<\/title>\n<meta name=\"description\" content=\"Enjoy modern comfort at Panorama by Verdi Hotels, just minutes from the Old Town with panoramic views, a wellness spa and easy Metro access.\" \/>\n<meta name=\"robots\" content=\"index, follow, max-snippet:-1, max-image-preview:large, max-video-preview:-1\" \/>\n<link rel=\"canonical\" href=\"https:\/\/verdihotels.com\/prague\/hu\/a-panorama-by-verdi-hotels-szallodarol\/\" \/>\n<meta property=\"og:locale\" content=\"en_US\" \/>\n<meta property=\"og:type\" content=\"article\" \/>\n<meta property=\"og:title\" content=\"About Panorama by Verdi Hotels\" \/>\n<meta property=\"og:description\" content=\"Enjoy modern comfort at Panorama by Verdi Hotels, just minutes from the Old Town with panoramic views, a wellness spa and easy Metro access.\" \/>\n<meta property=\"og:url\" content=\"https:\/\/verdihotels.com\/prague\/hu\/a-panorama-by-verdi-hotels-szallodarol\/\" \/>\n<meta property=\"og:site_name\" content=\"Verdi Prague\" \/>\n<meta property=\"article:publisher\" content=\"https:\/\/www.facebook.com\/VerdiHotels\" \/>\n<meta property=\"article:modified_time\" content=\"2025-09-23T17:38:07+00:00\" \/>\n<meta name=\"twitter:card\" content=\"summary_large_image\" \/>\n<meta name=\"twitter:label1\" content=\"Est. reading time\" \/>\n\t<meta name=\"twitter:data1\" content=\"2 minutes\" \/>\n<script type=\"application\/ld+json\" class=\"yoast-schema-graph\">{\"@context\":\"https:\\\/\\\/schema.org\",\"@graph\":[{\"@type\":\"WebPage\",\"@id\":\"https:\\\/\\\/verdihotels.com\\\/prague\\\/hu\\\/a-panorama-by-verdi-hotels-szallodarol\\\/\",\"url\":\"https:\\\/\\\/verdihotels.com\\\/prague\\\/hu\\\/a-panorama-by-verdi-hotels-szallodarol\\\/\",\"name\":\"About Panorama by Verdi Hotels\",\"description\":\"Enjoy modern comfort at Panorama by Verdi Hotels, just minutes from the Old Town with panoramic views, a wellness spa and easy Metro access.\",\"potentialAction\":[{\"@type\":\"ReadAction\",\"target\":[\"https:\\\/\\\/verdihotels.com\\\/prague\\\/hu\\\/a-panorama-by-verdi-hotels-szallodarol\\\/\"]}]},{\"@type\":\"BreadcrumbList\",\"@id\":\"https:\\\/\\\/verdihotels.com\\\/prague\\\/hu\\\/a-panorama-by-verdi-hotels-szallodarol\\\/#breadcrumb\",\"itemListElement\":[{\"@type\":\"ListItem\",\"position\":1,\"name\":\"Home\",\"item\":\"https:\\\/\\\/verdihotels.com\\\/prague\\\/\"},{\"@type\":\"ListItem\",\"position\":2,\"name\":\"A Panorama by Verdi Hotels sz\u00e1llod\u00e1r\u00f3l\"}]},{\"@type\":\"WebSite\",\"@id\":\"https:\\\/\\\/verdihotels.com\\\/prague\\\/#website\",\"url\":\"https:\\\/\\\/verdihotels.com\\\/prague\\\/\",\"name\":\"Verdi Gzira Waterfront\",\"description\":\"travelling the way it&#039;s meant to be\",\"publisher\":{\"@id\":\"https:\\\/\\\/verdihotels.com\\\/prague\\\/#organization\"},\"potentialAction\":[{\"@type\":\"SearchAction\",\"target\":{\"@type\":\"EntryPoint\",\"urlTemplate\":\"https:\\\/\\\/verdihotels.com\\\/prague\\\/?s={search_term_string}\"},\"query-input\":{\"@type\":\"PropertyValueSpecification\",\"valueRequired\":true,\"valueName\":\"search_term_string\"}}],\"inLanguage\":\"en-US\"},{\"@type\":\"Organization\",\"@id\":\"https:\\\/\\\/verdihotels.com\\\/prague\\\/#organization\",\"name\":\"Verdi Gzira Waterfront\",\"url\":\"https:\\\/\\\/verdihotels.com\\\/prague\\\/\",\"logo\":{\"@type\":\"ImageObject\",\"inLanguage\":\"en-US\",\"@id\":\"https:\\\/\\\/verdihotels.com\\\/prague\\\/#\\\/schema\\\/logo\\\/image\\\/\",\"url\":\"https:\\\/\\\/verdihotels.com\\\/wp-content\\\/uploads\\\/sites\\\/8\\\/2023\\\/05\\\/Verdi-Hotels-Logo-RGB@2x.png\",\"contentUrl\":\"https:\\\/\\\/verdihotels.com\\\/wp-content\\\/uploads\\\/sites\\\/8\\\/2023\\\/05\\\/Verdi-Hotels-Logo-RGB@2x.png\",\"width\":1224,\"height\":576,\"caption\":\"Verdi Gzira Waterfront\"},\"image\":{\"@id\":\"https:\\\/\\\/verdihotels.com\\\/prague\\\/#\\\/schema\\\/logo\\\/image\\\/\"},\"sameAs\":[\"https:\\\/\\\/www.facebook.com\\\/VerdiHotels\",\"https:\\\/\\\/www.tiktok.com\\\/@verdi_hotels\",\"https:\\\/\\\/www.instagram.com\\\/verdi_hotels\"]}]}<\/script>\n<!-- \/ Yoast SEO plugin. -->","yoast_head_json":{"title":"About Panorama by Verdi Hotels","description":"Enjoy modern comfort at Panorama by Verdi Hotels, just minutes from the Old Town with panoramic views, a wellness spa and easy Metro access.","robots":{"index":"index","follow":"follow","max-snippet":"max-snippet:-1","max-image-preview":"max-image-preview:large","max-video-preview":"max-video-preview:-1"},"canonical":"https:\/\/verdihotels.com\/prague\/hu\/a-panorama-by-verdi-hotels-szallodarol\/","og_locale":"en_US","og_type":"article","og_title":"About Panorama by Verdi Hotels","og_description":"Enjoy modern comfort at Panorama by Verdi Hotels, just minutes from the Old Town with panoramic views, a wellness spa and easy Metro access.","og_url":"https:\/\/verdihotels.com\/prague\/hu\/a-panorama-by-verdi-hotels-szallodarol\/","og_site_name":"Verdi Prague","article_publisher":"https:\/\/www.facebook.com\/VerdiHotels","article_modified_time":"2025-09-23T17:38:07+00:00","twitter_card":"summary_large_image","twitter_misc":{"Est. reading time":"2 minutes"},"schema":{"@context":"https:\/\/schema.org","@graph":[{"@type":"WebPage","@id":"https:\/\/verdihotels.com\/prague\/hu\/a-panorama-by-verdi-hotels-szallodarol\/","url":"https:\/\/verdihotels.com\/prague\/hu\/a-panorama-by-verdi-hotels-szallodarol\/","name":"About Panorama by Verdi Hotels","description":"Enjoy modern comfort at Panorama by Verdi Hotels, just minutes from the Old Town with panoramic views, a wellness spa and easy Metro access.","potentialAction":[{"@type":"ReadAction","target":["https:\/\/verdihotels.com\/prague\/hu\/a-panorama-by-verdi-hotels-szallodarol\/"]}]},{"@type":"BreadcrumbList","@id":"https:\/\/verdihotels.com\/prague\/hu\/a-panorama-by-verdi-hotels-szallodarol\/#breadcrumb","itemListElement":[{"@type":"ListItem","position":1,"name":"Home","item":"https:\/\/verdihotels.com\/prague\/"},{"@type":"ListItem","position":2,"name":"A Panorama by Verdi Hotels sz\u00e1llod\u00e1r\u00f3l"}]},{"@type":"WebSite","@id":"https:\/\/verdihotels.com\/prague\/#website","url":"https:\/\/verdihotels.com\/prague\/","name":"Verdi Gzira Waterfront","description":"travelling the way it&#039;s meant to be","publisher":{"@id":"https:\/\/verdihotels.com\/prague\/#organization"},"potentialAction":[{"@type":"SearchAction","target":{"@type":"EntryPoint","urlTemplate":"https:\/\/verdihotels.com\/prague\/?s={search_term_string}"},"query-input":{"@type":"PropertyValueSpecification","valueRequired":true,"valueName":"search_term_string"}}],"inLanguage":"en-US"},{"@type":"Organization","@id":"https:\/\/verdihotels.com\/prague\/#organization","name":"Verdi Gzira Waterfront","url":"https:\/\/verdihotels.com\/prague\/","logo":{"@type":"ImageObject","inLanguage":"en-US","@id":"https:\/\/verdihotels.com\/prague\/#\/schema\/logo\/image\/","url":"https:\/\/verdihotels.com\/wp-content\/uploads\/sites\/8\/2023\/05\/Verdi-Hotels-Logo-RGB@2x.png","contentUrl":"https:\/\/verdihotels.com\/wp-content\/uploads\/sites\/8\/2023\/05\/Verdi-Hotels-Logo-RGB@2x.png","width":1224,"height":576,"caption":"Verdi Gzira Waterfront"},"image":{"@id":"https:\/\/verdihotels.com\/prague\/#\/schema\/logo\/image\/"},"sameAs":["https:\/\/www.facebook.com\/VerdiHotels","https:\/\/www.tiktok.com\/@verdi_hotels","https:\/\/www.instagram.com\/verdi_hotels"]}]}},"acf":[],"lang":"hu","translations":{"hu":988,"en":36,"de":990,"pt":991,"fr":993,"cs":994},"pll_sync_post":{},"_links":{"self":[{"href":"https:\/\/verdihotels.com\/prague\/wp-json\/wp\/v2\/pages\/988","targetHints":{"allow":["GET"]}}],"collection":[{"href":"https:\/\/verdihotels.com\/prague\/wp-json\/wp\/v2\/pages"}],"about":[{"href":"https:\/\/verdihotels.com\/prague\/wp-json\/wp\/v2\/types\/page"}],"author":[{"embeddable":true,"href":"https:\/\/verdihotels.com\/prague\/wp-json\/wp\/v2\/users\/6"}],"replies":[{"embeddable":true,"href":"https:\/\/verdihotels.com\/prague\/wp-json\/wp\/v2\/comments?post=988"}],"version-history":[{"count":0,"href":"https:\/\/verdihotels.com\/prague\/wp-json\/wp\/v2\/pages\/988\/revisions"}],"wp:attachment":[{"href":"https:\/\/verdihotels.com\/prague\/wp-json\/wp\/v2\/media?parent=988"}],"curies":[{"name":"wp","href":"https:\/\/api.w.org\/{rel}","templated":true}]}}