{"id":993,"date":"2025-09-23T17:46:14","date_gmt":"2025-09-23T17:46:14","guid":{"rendered":"https:\/\/verdihotels.com\/prague\/?page_id=993"},"modified":"2025-09-23T17:46:40","modified_gmt":"2025-09-23T17:46:40","slug":"a-propos-du-panorama-by-verdi-hotels","status":"publish","type":"page","link":"https:\/\/verdihotels.com\/prague\/fr\/a-propos-du-panorama-by-verdi-hotels\/","title":{"rendered":"\u00a0\u00c0 propos du Panorama by Verdi Hotels"},"content":{"rendered":"<div data-elementor-type=\"wp-page\" data-elementor-id=\"993\" class=\"elementor elementor-993\" data-elementor-post-type=\"page\"><div class=\"breadcrumbs\"><span><span><a href=\"https:\/\/verdihotels.com\/prague\/\">Home<\/a><\/span><\/span><\/div>\n\t\t\t\t\t\t<section class=\"elementor-section elementor-top-section elementor-element elementor-element-ee7f015 elementor-section-height-min-height elementor-section-items-bottom elementor-section-boxed elementor-section-height-default\" data-id=\"ee7f015\" data-element_type=\"section\" data-e-type=\"section\" data-settings='{\"background_background\":\"classic\",\"background_motion_fx_motion_fx_scrolling\":\"yes\",\"background_motion_fx_scale_effect\":\"yes\",\"background_motion_fx_scale_speed\":{\"unit\":\"px\",\"size\":\"5\",\"sizes\":[]},\"background_motion_fx_scale_direction\":\"out-in\",\"background_motion_fx_scale_range\":{\"unit\":\"%\",\"size\":\"\",\"sizes\":{\"start\":20,\"end\":80}},\"background_motion_fx_devices\":[\"desktop\",\"tablet\",\"mobile\"]}'>\n\t\t\t\t\t\t<div class=\"elementor-container elementor-column-gap-default\">\n\t\t\t\t\t<div class=\"elementor-column elementor-col-100 elementor-top-column elementor-element elementor-element-7088f58\" data-id=\"7088f58\" data-element_type=\"column\" data-e-type=\"column\">\n\t\t\t<div class=\"elementor-widget-wrap elementor-element-populated\">\n\t\t\t\t\t\t<div class=\"elementor-element elementor-element-107c280 elementor-widget elementor-widget-shortcode\" data-id=\"107c280\" data-element_type=\"widget\" data-e-type=\"widget\" data-widget_type=\"shortcode.default\">\n\t\t\t\t<div class=\"elementor-widget-container\">\n\t\t\t\t\t\t\t<div class=\"elementor-shortcode\"><script>\nvar verdi_destinations = {\"96870\":{\"destination\":\"Panorama by Verdi Hotels\",\"city\":\"Panorama by Verdi Hotels\",\"region\":\"Panorama by Verdi Hotels\",\"country\":\"Czech Republic\"},\"45691\":{\"destination\":\"Verdi Budapest Aquincum\",\"city\":\"Verdi Budapest Aquincum\",\"region\":\"Verdi Budapest Aquincum\",\"country\":\"Hungary\"},\"45690\":{\"destination\":\"Verdi Gzira Promenade\",\"city\":\"Verdi Gzira Promenade\",\"region\":\"Verdi Gzira Promenade\",\"country\":\"Malta\"},\"47765\":{\"destination\":\"Verdi Santar\\u00e9m\",\"city\":\"Verdi Santar\\u00e9m\",\"region\":\"Verdi Santar\\u00e9m\",\"country\":\"Portugal\"},\"45540\":{\"destination\":\"Verdi St.George\\u2019s Bay Marina\",\"city\":\"Verdi St.George\\u2019s Bay Marina\",\"region\":\"Verdi St.George\\u2019s Bay Marina\",\"country\":\"Malta\"},\"47749\":{\"destination\":\"Verdi Tunis Beach Resort\",\"city\":\"Verdi Tunis Beach Resort\",\"region\":\"Verdi Tunis Beach Resort\",\"country\":\"Tunisia\"},\"47761\":{\"destination\":\"Vivaldi by Verdi Hotels\",\"city\":\"Vivaldi by Verdi Hotels\",\"region\":\"Vivaldi by Verdi Hotels\",\"country\":\"Malta\"}};\n\nvar verdi_booking_strings = {\"adult\":\"Adult\",\"adults\":\"Adults\",\"child\":\"Child\",\"children\":\"Children\",\"room\":\"Room\",\"rooms\":\"Rooms\"};\n\n<\/script>\n\n<div class=\"booking-form hotel\" data-hotel=\"\" data-booking-form=\"1\">\n\t<form action=\"https:\/\/reservations.verdihotels.com\/\" target=\"_blank\">\n\t\t<div class=\"row\">\n\t\t\t\t\t\t<div class=\"field-group field-group-date arrive\">\n\t\t\t\t<label for=\"BFArrive1\">Check-in<\/label>\n\t\t\t\t<div class=\"field-wrapper\">\n\t\t\t\t\t<input type=\"date\" name=\"arrive\" id=\"BFArrive1\" placeholder=\"Select date...\">\n\t\t\t\t\t<i aria-hidden=\"true\" class=\"fa fa-calendar-alt\"><\/i>\n\t\t\t\t<\/div>\n\t\t\t<\/div>\n\t\t\t<div class=\"field-group field-group-date depart\">\n\t\t\t\t<label for=\"BFDepart1\">Check-out<\/label>\n\t\t\t\t<div class=\"field-wrapper\">\n\t\t\t\t\t<input type=\"date\" name=\"depart\" id=\"BFDepart1\" placeholder=\"Select date...\">\n\t\t\t\t\t<i aria-hidden=\"true\" class=\"fa fa-calendar-alt\"><\/i>\n\t\t\t\t<\/div>\n\t\t\t<\/div>\n\t\t\t<div class=\"field-group field-group-guests\" id=\"BFGuests1\">\n\t\t\t\t<label>Guests<\/label>\n\t\t\t\t<input type=\"text\" class=\"booking-form-guests\" id=\"BFGuestsField1\" readonly value=\"\">\n\t\t\t\t<div class=\"guests-dd\">\n\t\t\t\t\t<div class=\"field-group\">\n\t\t\t\t\t\t<label for=\"BFAdults1\">Adults<\/label>\n\t\t\t\t\t\t<div class=\"field-wrapper-number\">\n\t\t\t\t\t\t\t<a href=\"#\" class=\"decrease-field\">-<\/a>\n\t\t\t\t\t\t\t<input type=\"number\" name=\"adult\" id=\"BFAdults1\" value=\"1\" min=\"1\" max=\"\" readonly>\n\t\t\t\t\t\t\t<a href=\"#\" class=\"increase-field\">+<\/a>\n\t\t\t\t\t\t<\/div>\n\t\t\t\t\t<\/div>\n\t\t\t\t\t<div class=\"field-group\">\n\t\t\t\t\t\t<label for=\"BFChild1\">Children<\/label>\n\t\t\t\t\t\t<div class=\"field-wrapper-number\">\n\t\t\t\t\t\t\t<a href=\"#\" class=\"decrease-field\">-<\/a>\n\t\t\t\t\t\t\t<input type=\"number\" name=\"child\" id=\"BFChild1\" value=\"0\" min=\"0\" max=\"\" readonly>\n\t\t\t\t\t\t\t<a href=\"#\" class=\"increase-field\">+<\/a>\n\t\t\t\t\t\t<\/div>\n\t\t\t\t\t<\/div>\n\t\t\t\t\t<div class=\"field-group\">\n\t\t\t\t\t\t<label for=\"BFRooms1\">Rooms<\/label>\n\t\t\t\t\t\t<div class=\"field-wrapper-number\">\n\t\t\t\t\t\t\t<a href=\"#\" class=\"decrease-field\">-<\/a>\n\t\t\t\t\t\t\t<input type=\"number\" name=\"rooms\" id=\"BFRooms1\" value=\"1\" min=\"1\" max=\"\" readonly>\n\t\t\t\t\t\t\t<a href=\"#\" class=\"increase-field\">+<\/a>\n\t\t\t\t\t\t<\/div>\n\t\t\t\t\t<\/div>\n\t\t\t\t<\/div>\n\t\t\t<\/div>\n\t\t\t<div class=\"field-group field-group-button\">\n\t\t\t\t<input type=\"submit\" class=\"button btn-submit\" value=\"Check Availability\">\n\t\t\t<\/div>\n\t\t<\/div>\n\t\t<input type=\"hidden\" name=\"chain\" value=\"31999\">\n\t\t\t\t<input type=\"hidden\" name=\"hotel\" value=\"96870\">\n\t\t\t<\/form>\n<\/div><\/div>\n\t\t\t\t\t\t<\/div>\n\t\t\t\t<\/div>\n\t\t\t\t\t<\/div>\n\t\t<\/div>\n\t\t\t\t\t<\/div>\n\t\t<\/section>\n\t\t\t\t<section class=\"elementor-section elementor-top-section elementor-element elementor-element-a951961 elementor-section-full_width elementor-section-height-min-height elementor-section-height-default elementor-section-items-middle\" data-id=\"a951961\" data-element_type=\"section\" data-e-type=\"section\">\n\t\t\t\t\t\t<div class=\"elementor-container elementor-column-gap-default\">\n\t\t\t\t\t<div class=\"elementor-column elementor-col-50 elementor-top-column elementor-element elementor-element-ca93733\" data-id=\"ca93733\" data-element_type=\"column\" data-e-type=\"column\">\n\t\t\t<div class=\"elementor-widget-wrap elementor-element-populated\">\n\t\t\t\t\t\t<div class=\"elementor-element elementor-element-1cb1e8a elementor-widget elementor-widget-heading\" data-id=\"1cb1e8a\" data-element_type=\"widget\" data-e-type=\"widget\" data-widget_type=\"heading.default\">\n\t\t\t\t<div class=\"elementor-widget-container\">\n\t\t\t\t\t<h1 class=\"elementor-heading-title elementor-size-default\">Panorama by Verdi Hotels. A fresh perspective of Prague.<\/h1>\t\t\t\t<\/div>\n\t\t\t\t<\/div>\n\t\t\t\t\t<\/div>\n\t\t<\/div>\n\t\t\t\t<div class=\"elementor-column elementor-col-50 elementor-top-column elementor-element elementor-element-751c4dd\" data-id=\"751c4dd\" data-element_type=\"column\" data-e-type=\"column\">\n\t\t\t<div class=\"elementor-widget-wrap elementor-element-populated\">\n\t\t\t\t\t\t<div class=\"elementor-element elementor-element-173560f elementor-widget__width-initial elementor-widget elementor-widget-text-editor\" data-id=\"173560f\" data-element_type=\"widget\" data-e-type=\"widget\" data-widget_type=\"text-editor.default\">\n\t\t\t\t<div class=\"elementor-widget-container\">\n\t\t\t\t\t\t\t\t\t<p class=\"p1\">Le Panorama by Verdi Hotels vous offre une perspective unique sur Prague. D&rsquo;une part, bien entendu, gr&acirc;ce &agrave; ses vues spectaculaires, mais &eacute;galement parce qu&rsquo;il vous permet de d&eacute;couvrir tout ce que cette ville historique peut offrir.<\/p><p class=\"p1\">Prague regorge de superbes &eacute;difices baroques et gothiques qui t&eacute;moignent de son pass&eacute; extraordinaire. Au d&eacute;tour de ruelles pav&eacute;es, d&eacute;couvrez des &oelig;uvres allant de la sculpture classique au street art, chacune racontant une histoire incarnant l&rsquo;esprit rebelle de la ville &agrave; travers les p&eacute;riodes difficiles de son histoire.<\/p>\t\t\t\t\t\t\t\t<\/div>\n\t\t\t\t<\/div>\n\t\t\t\t\t<\/div>\n\t\t<\/div>\n\t\t\t\t\t<\/div>\n\t\t<\/section>\n\t\t\t\t<section class=\"elementor-section elementor-top-section elementor-element elementor-element-6bb48c9 elementor-section-content-bottom elementor-section-boxed elementor-section-height-default elementor-section-height-default\" data-id=\"6bb48c9\" data-element_type=\"section\" data-e-type=\"section\" data-settings='{\"background_background\":\"classic\"}'>\n\t\t\t\t\t\t<div class=\"elementor-container elementor-column-gap-default\">\n\t\t\t\t\t<div class=\"elementor-column elementor-col-50 elementor-top-column elementor-element elementor-element-ad99ec3\" data-id=\"ad99ec3\" data-element_type=\"column\" data-e-type=\"column\">\n\t\t\t<div class=\"elementor-widget-wrap\">\n\t\t\t\t\t\t\t<\/div>\n\t\t<\/div>\n\t\t\t\t<div class=\"elementor-column elementor-col-50 elementor-top-column elementor-element elementor-element-eb9d397\" data-id=\"eb9d397\" data-element_type=\"column\" data-e-type=\"column\" data-settings='{\"background_background\":\"classic\"}'>\n\t\t\t<div class=\"elementor-widget-wrap elementor-element-populated\">\n\t\t\t\t\t\t<div class=\"elementor-element elementor-element-5e38a34 elementor-widget elementor-widget-heading\" data-id=\"5e38a34\" data-element_type=\"widget\" data-e-type=\"widget\" data-widget_type=\"heading.default\">\n\t\t\t\t<div class=\"elementor-widget-container\">\n\t\t\t\t\t<h2 class=\"elementor-heading-title elementor-size-default\">Allow yourself to discover your destination and let it imprint its charisma onto you.&nbsp;&nbsp;<\/h2>\t\t\t\t<\/div>\n\t\t\t\t<\/div>\n\t\t\t\t\t<\/div>\n\t\t<\/div>\n\t\t\t\t\t<\/div>\n\t\t<\/section>\n\t\t\t\t<section class=\"elementor-section elementor-top-section elementor-element elementor-element-6034201 elementor-section-full_width elementor-section-height-min-height elementor-section-height-default elementor-section-items-middle\" data-id=\"6034201\" data-element_type=\"section\" data-e-type=\"section\">\n\t\t\t\t\t\t<div class=\"elementor-container elementor-column-gap-default\">\n\t\t\t\t\t<div class=\"elementor-column elementor-col-50 elementor-top-column elementor-element elementor-element-d654894\" data-id=\"d654894\" data-element_type=\"column\" data-e-type=\"column\">\n\t\t\t<div class=\"elementor-widget-wrap\">\n\t\t\t\t\t\t\t<\/div>\n\t\t<\/div>\n\t\t\t\t<div class=\"elementor-column elementor-col-50 elementor-top-column elementor-element elementor-element-2818f4e\" data-id=\"2818f4e\" data-element_type=\"column\" data-e-type=\"column\">\n\t\t\t<div class=\"elementor-widget-wrap elementor-element-populated\">\n\t\t\t\t\t\t<div class=\"elementor-element elementor-element-442a73c elementor-widget__width-initial elementor-widget elementor-widget-text-editor\" data-id=\"442a73c\" data-element_type=\"widget\" data-e-type=\"widget\" data-widget_type=\"text-editor.default\">\n\t\t\t\t<div class=\"elementor-widget-container\">\n\t\t\t\t\t\t\t\t\t<p class=\"p1\">Depuis notre h&ocirc;tel, vous rejoindrez en quelques minutes &agrave; pied la station de m&eacute;tro Pankrac, puis en quatre arr&ecirc;ts le centre-ville, ou en cinq arr&ecirc;ts la gare centrale, pour vos correspondances vers d&rsquo;autres villes tch&egrave;ques et europ&eacute;ennes.<\/p><p class=\"p1\">&Agrave; Prague 4, la foule et le rythme sont un peu moins intenses. Mais il y a encore beaucoup &agrave; explorer. Ici, dans le centre de Prague, une architecture moderne c&ocirc;toie les panel&aacute;ks et les rues historiques de Nusle. &Agrave; quelques pas, vous trouverez l&rsquo;effervescence du centre commercial Arkady Pankrac ou les grands espaces du Park Na Pankr&aacute;ci, dans lequel vous pourrez vous joindre aux habitants pour quelques moments loin de tout. Et bien s&ucirc;r, lorsque le soleil se couche, la l&eacute;gendaire vie nocturne de Prague n&rsquo;attend que d&rsquo;&ecirc;tre d&eacute;couverte.<\/p>\t\t\t\t\t\t\t\t<\/div>\n\t\t\t\t<\/div>\n\t\t\t\t\t<\/div>\n\t\t<\/div>\n\t\t\t\t\t<\/div>\n\t\t<\/section>\n\t\t\t\t<\/div>\n","protected":false},"excerpt":{"rendered":"<p>Panorama by Verdi Hotels. A fresh perspective of Prague. Le Panorama by Verdi Hotels vous offre une perspective unique sur Prague. D\u2019une part, bien entendu, gr\u00e2ce \u00e0 ses vues spectaculaires, mais \u00e9galement parce qu\u2019il vous permet de d\u00e9couvrir tout ce que cette ville historique peut offrir. Prague regorge de superbes \u00e9difices baroques et gothiques qui&hellip;<\/p>\n","protected":false},"author":6,"featured_media":0,"parent":0,"menu_order":-1,"comment_status":"closed","ping_status":"closed","template":"","meta":{"_acf_changed":false,"footnotes":""},"class_list":["post-993","page","type-page","status-publish","hentry"],"yoast_head":"<!-- This site is optimized with the Yoast SEO plugin v27.6 - https:\/\/yoast.com\/product\/yoast-seo-wordpress\/ -->\n<title>About Panorama by Verdi Hotels<\/title>\n<meta name=\"description\" content=\"Enjoy modern comfort at Panorama by Verdi Hotels, just minutes from the Old Town with panoramic views, a wellness spa and easy Metro access.\" \/>\n<meta name=\"robots\" content=\"index, follow, max-snippet:-1, max-image-preview:large, max-video-preview:-1\" \/>\n<link rel=\"canonical\" href=\"https:\/\/verdihotels.com\/prague\/fr\/a-propos-du-panorama-by-verdi-hotels\/\" \/>\n<meta property=\"og:locale\" content=\"en_US\" \/>\n<meta property=\"og:type\" content=\"article\" \/>\n<meta property=\"og:title\" content=\"About Panorama by Verdi Hotels\" \/>\n<meta property=\"og:description\" content=\"Enjoy modern comfort at Panorama by Verdi Hotels, just minutes from the Old Town with panoramic views, a wellness spa and easy Metro access.\" \/>\n<meta property=\"og:url\" content=\"https:\/\/verdihotels.com\/prague\/fr\/a-propos-du-panorama-by-verdi-hotels\/\" \/>\n<meta property=\"og:site_name\" content=\"Verdi Prague\" \/>\n<meta property=\"article:publisher\" content=\"https:\/\/www.facebook.com\/VerdiHotels\" \/>\n<meta property=\"article:modified_time\" content=\"2025-09-23T17:46:40+00:00\" \/>\n<meta name=\"twitter:card\" content=\"summary_large_image\" \/>\n<meta name=\"twitter:label1\" content=\"Est. reading time\" \/>\n\t<meta name=\"twitter:data1\" content=\"2 minutes\" \/>\n<script type=\"application\/ld+json\" class=\"yoast-schema-graph\">{\"@context\":\"https:\\\/\\\/schema.org\",\"@graph\":[{\"@type\":\"WebPage\",\"@id\":\"https:\\\/\\\/verdihotels.com\\\/prague\\\/fr\\\/a-propos-du-panorama-by-verdi-hotels\\\/\",\"url\":\"https:\\\/\\\/verdihotels.com\\\/prague\\\/fr\\\/a-propos-du-panorama-by-verdi-hotels\\\/\",\"name\":\"About Panorama by Verdi Hotels\",\"description\":\"Enjoy modern comfort at Panorama by Verdi Hotels, just minutes from the Old Town with panoramic views, a wellness spa and easy Metro access.\",\"potentialAction\":[{\"@type\":\"ReadAction\",\"target\":[\"https:\\\/\\\/verdihotels.com\\\/prague\\\/fr\\\/a-propos-du-panorama-by-verdi-hotels\\\/\"]}]},{\"@type\":\"BreadcrumbList\",\"@id\":\"https:\\\/\\\/verdihotels.com\\\/prague\\\/fr\\\/a-propos-du-panorama-by-verdi-hotels\\\/#breadcrumb\",\"itemListElement\":[{\"@type\":\"ListItem\",\"position\":1,\"name\":\"Home\",\"item\":\"https:\\\/\\\/verdihotels.com\\\/prague\\\/\"},{\"@type\":\"ListItem\",\"position\":2,\"name\":\"\u00a0\u00c0 propos du Panorama by Verdi Hotels\"}]},{\"@type\":\"WebSite\",\"@id\":\"https:\\\/\\\/verdihotels.com\\\/prague\\\/#website\",\"url\":\"https:\\\/\\\/verdihotels.com\\\/prague\\\/\",\"name\":\"Verdi Gzira Waterfront\",\"description\":\"travelling the way it&#039;s meant to be\",\"publisher\":{\"@id\":\"https:\\\/\\\/verdihotels.com\\\/prague\\\/#organization\"},\"potentialAction\":[{\"@type\":\"SearchAction\",\"target\":{\"@type\":\"EntryPoint\",\"urlTemplate\":\"https:\\\/\\\/verdihotels.com\\\/prague\\\/?s={search_term_string}\"},\"query-input\":{\"@type\":\"PropertyValueSpecification\",\"valueRequired\":true,\"valueName\":\"search_term_string\"}}],\"inLanguage\":\"en-US\"},{\"@type\":\"Organization\",\"@id\":\"https:\\\/\\\/verdihotels.com\\\/prague\\\/#organization\",\"name\":\"Verdi Gzira Waterfront\",\"url\":\"https:\\\/\\\/verdihotels.com\\\/prague\\\/\",\"logo\":{\"@type\":\"ImageObject\",\"inLanguage\":\"en-US\",\"@id\":\"https:\\\/\\\/verdihotels.com\\\/prague\\\/#\\\/schema\\\/logo\\\/image\\\/\",\"url\":\"https:\\\/\\\/verdihotels.com\\\/wp-content\\\/uploads\\\/sites\\\/8\\\/2023\\\/05\\\/Verdi-Hotels-Logo-RGB@2x.png\",\"contentUrl\":\"https:\\\/\\\/verdihotels.com\\\/wp-content\\\/uploads\\\/sites\\\/8\\\/2023\\\/05\\\/Verdi-Hotels-Logo-RGB@2x.png\",\"width\":1224,\"height\":576,\"caption\":\"Verdi Gzira Waterfront\"},\"image\":{\"@id\":\"https:\\\/\\\/verdihotels.com\\\/prague\\\/#\\\/schema\\\/logo\\\/image\\\/\"},\"sameAs\":[\"https:\\\/\\\/www.facebook.com\\\/VerdiHotels\",\"https:\\\/\\\/www.tiktok.com\\\/@verdi_hotels\",\"https:\\\/\\\/www.instagram.com\\\/verdi_hotels\"]}]}<\/script>\n<!-- \/ Yoast SEO plugin. -->","yoast_head_json":{"title":"About Panorama by Verdi Hotels","description":"Enjoy modern comfort at Panorama by Verdi Hotels, just minutes from the Old Town with panoramic views, a wellness spa and easy Metro access.","robots":{"index":"index","follow":"follow","max-snippet":"max-snippet:-1","max-image-preview":"max-image-preview:large","max-video-preview":"max-video-preview:-1"},"canonical":"https:\/\/verdihotels.com\/prague\/fr\/a-propos-du-panorama-by-verdi-hotels\/","og_locale":"en_US","og_type":"article","og_title":"About Panorama by Verdi Hotels","og_description":"Enjoy modern comfort at Panorama by Verdi Hotels, just minutes from the Old Town with panoramic views, a wellness spa and easy Metro access.","og_url":"https:\/\/verdihotels.com\/prague\/fr\/a-propos-du-panorama-by-verdi-hotels\/","og_site_name":"Verdi Prague","article_publisher":"https:\/\/www.facebook.com\/VerdiHotels","article_modified_time":"2025-09-23T17:46:40+00:00","twitter_card":"summary_large_image","twitter_misc":{"Est. reading time":"2 minutes"},"schema":{"@context":"https:\/\/schema.org","@graph":[{"@type":"WebPage","@id":"https:\/\/verdihotels.com\/prague\/fr\/a-propos-du-panorama-by-verdi-hotels\/","url":"https:\/\/verdihotels.com\/prague\/fr\/a-propos-du-panorama-by-verdi-hotels\/","name":"About Panorama by Verdi Hotels","description":"Enjoy modern comfort at Panorama by Verdi Hotels, just minutes from the Old Town with panoramic views, a wellness spa and easy Metro access.","potentialAction":[{"@type":"ReadAction","target":["https:\/\/verdihotels.com\/prague\/fr\/a-propos-du-panorama-by-verdi-hotels\/"]}]},{"@type":"BreadcrumbList","@id":"https:\/\/verdihotels.com\/prague\/fr\/a-propos-du-panorama-by-verdi-hotels\/#breadcrumb","itemListElement":[{"@type":"ListItem","position":1,"name":"Home","item":"https:\/\/verdihotels.com\/prague\/"},{"@type":"ListItem","position":2,"name":"\u00a0\u00c0 propos du Panorama by Verdi Hotels"}]},{"@type":"WebSite","@id":"https:\/\/verdihotels.com\/prague\/#website","url":"https:\/\/verdihotels.com\/prague\/","name":"Verdi Gzira Waterfront","description":"travelling the way it&#039;s meant to be","publisher":{"@id":"https:\/\/verdihotels.com\/prague\/#organization"},"potentialAction":[{"@type":"SearchAction","target":{"@type":"EntryPoint","urlTemplate":"https:\/\/verdihotels.com\/prague\/?s={search_term_string}"},"query-input":{"@type":"PropertyValueSpecification","valueRequired":true,"valueName":"search_term_string"}}],"inLanguage":"en-US"},{"@type":"Organization","@id":"https:\/\/verdihotels.com\/prague\/#organization","name":"Verdi Gzira Waterfront","url":"https:\/\/verdihotels.com\/prague\/","logo":{"@type":"ImageObject","inLanguage":"en-US","@id":"https:\/\/verdihotels.com\/prague\/#\/schema\/logo\/image\/","url":"https:\/\/verdihotels.com\/wp-content\/uploads\/sites\/8\/2023\/05\/Verdi-Hotels-Logo-RGB@2x.png","contentUrl":"https:\/\/verdihotels.com\/wp-content\/uploads\/sites\/8\/2023\/05\/Verdi-Hotels-Logo-RGB@2x.png","width":1224,"height":576,"caption":"Verdi Gzira Waterfront"},"image":{"@id":"https:\/\/verdihotels.com\/prague\/#\/schema\/logo\/image\/"},"sameAs":["https:\/\/www.facebook.com\/VerdiHotels","https:\/\/www.tiktok.com\/@verdi_hotels","https:\/\/www.instagram.com\/verdi_hotels"]}]}},"acf":[],"lang":"fr","translations":{"fr":993,"en":36,"hu":988,"de":990,"pt":991,"cs":994},"pll_sync_post":{},"_links":{"self":[{"href":"https:\/\/verdihotels.com\/prague\/wp-json\/wp\/v2\/pages\/993","targetHints":{"allow":["GET"]}}],"collection":[{"href":"https:\/\/verdihotels.com\/prague\/wp-json\/wp\/v2\/pages"}],"about":[{"href":"https:\/\/verdihotels.com\/prague\/wp-json\/wp\/v2\/types\/page"}],"author":[{"embeddable":true,"href":"https:\/\/verdihotels.com\/prague\/wp-json\/wp\/v2\/users\/6"}],"replies":[{"embeddable":true,"href":"https:\/\/verdihotels.com\/prague\/wp-json\/wp\/v2\/comments?post=993"}],"version-history":[{"count":0,"href":"https:\/\/verdihotels.com\/prague\/wp-json\/wp\/v2\/pages\/993\/revisions"}],"wp:attachment":[{"href":"https:\/\/verdihotels.com\/prague\/wp-json\/wp\/v2\/media?parent=993"}],"curies":[{"name":"wp","href":"https:\/\/api.w.org\/{rel}","templated":true}]}}