{"id":999,"date":"2025-10-08T17:02:19","date_gmt":"2025-10-08T17:02:19","guid":{"rendered":"https:\/\/verdihotels.com\/santarem\/?page_id=999"},"modified":"2025-10-14T06:40:53","modified_gmt":"2025-10-14T06:40:53","slug":"talalkozok-es-unnepek","status":"publish","type":"page","link":"https:\/\/verdihotels.com\/santarem\/hu\/talalkozok-es-unnepek\/","title":{"rendered":"Tal\u00e1lkoz\u00f3k \u00e9s \u00fcnnepek\u00a0"},"content":{"rendered":"<div data-elementor-type=\"wp-page\" data-elementor-id=\"999\" class=\"elementor elementor-999\" data-elementor-post-type=\"page\"><div class=\"breadcrumbs\"><span><span><a href=\"https:\/\/verdihotels.com\/santarem\/\">Home<\/a><\/span><\/span><\/div>\n\t\t\t\t\t\t<section class=\"elementor-section elementor-top-section elementor-element elementor-element-8216db0 elementor-section-full_width elementor-section-height-min-height elementor-section-items-bottom elementor-section-height-default\" data-id=\"8216db0\" data-element_type=\"section\" data-e-type=\"section\" data-settings='{\"background_background\":\"classic\"}'>\n\t\t\t\t\t\t<div class=\"elementor-container elementor-column-gap-default\">\n\t\t\t\t\t<div class=\"elementor-column elementor-col-100 elementor-top-column elementor-element elementor-element-241cb0e\" data-id=\"241cb0e\" data-element_type=\"column\" data-e-type=\"column\">\n\t\t\t<div class=\"elementor-widget-wrap\">\n\t\t\t\t\t\t\t<\/div>\n\t\t<\/div>\n\t\t\t\t\t<\/div>\n\t\t<\/section>\n\t\t\t\t<section class=\"elementor-section elementor-top-section elementor-element elementor-element-ee9865d elementor-section-full_width elementor-section-height-min-height elementor-section-height-default elementor-section-items-middle\" data-id=\"ee9865d\" data-element_type=\"section\" data-e-type=\"section\">\n\t\t\t\t\t\t<div class=\"elementor-container elementor-column-gap-default\">\n\t\t\t\t\t<div class=\"elementor-column elementor-col-50 elementor-top-column elementor-element elementor-element-be324b3\" data-id=\"be324b3\" data-element_type=\"column\" data-e-type=\"column\">\n\t\t\t<div class=\"elementor-widget-wrap elementor-element-populated\">\n\t\t\t\t\t\t<div class=\"elementor-element elementor-element-7c52125 elementor-widget elementor-widget-heading\" data-id=\"7c52125\" data-element_type=\"widget\" data-e-type=\"widget\" data-widget_type=\"heading.default\">\n\t\t\t\t<div class=\"elementor-widget-container\">\n\t\t\t\t\t<h2 class=\"elementor-heading-title elementor-size-default\">Tal&aacute;lkoz&oacute;k &eacute;s &uuml;nnepek<\/h2>\t\t\t\t<\/div>\n\t\t\t\t<\/div>\n\t\t\t\t<div class=\"elementor-element elementor-element-d49f2e2 elementor-widget elementor-widget-heading\" data-id=\"d49f2e2\" data-element_type=\"widget\" data-e-type=\"widget\" data-widget_type=\"heading.default\">\n\t\t\t\t<div class=\"elementor-widget-container\">\n\t\t\t\t\t<h1 class=\"elementor-heading-title elementor-size-default\">Hozza &ouml;ssze az embereket Santar&eacute;mben<\/h1>\t\t\t\t<\/div>\n\t\t\t\t<\/div>\n\t\t\t\t\t<\/div>\n\t\t<\/div>\n\t\t\t\t<div class=\"elementor-column elementor-col-50 elementor-top-column elementor-element elementor-element-fe7e86a\" data-id=\"fe7e86a\" data-element_type=\"column\" data-e-type=\"column\">\n\t\t\t<div class=\"elementor-widget-wrap elementor-element-populated\">\n\t\t\t\t\t\t<div class=\"elementor-element elementor-element-2c63260 elementor-widget__width-initial elementor-widget elementor-widget-text-editor\" data-id=\"2c63260\" data-element_type=\"widget\" data-e-type=\"widget\" data-widget_type=\"text-editor.default\">\n\t\t\t\t<div class=\"elementor-widget-container\">\n\t\t\t\t\t\t\t\t\t<p class=\"p1\">Ak&aacute;r &uuml;zleti, ak&aacute;r szabadid&#337;s rendezv&eacute;nyt tervez, mi t&ouml;k&eacute;letes alkalmat teremt&uuml;nk az &Ouml;n sz&aacute;m&aacute;ra. Nyugodt &eacute;letst&iacute;lus&aacute;val &eacute;s gazdag t&ouml;rt&eacute;nelm&eacute;vel Santar&eacute;m idilli h&aacute;tteret biztos&iacute;t tal&aacute;lkoz&oacute;k, konferenci&aacute;k vagy csal&aacute;di &uuml;nneps&eacute;gek megrendez&eacute;s&eacute;hez.<\/p><p class=\"p1\">Z&ouml;kken&#337;mentes szolg&aacute;ltat&aacute;ssal &eacute;s &aacute;tgondolt r&eacute;szletekkel csapatunk gondoskodik arr&oacute;l, hogy rendezv&eacute;nye ugyanolyan hat&aacute;sos legyen, mint amennyire eml&eacute;kezetes. Rugalmas, f&eacute;ny&aacute;rban &uacute;sz&oacute; tereink &eacute;s a Leziria &eacute;s a Tajo foly&oacute;ra ny&iacute;l&oacute; csod&aacute;latos kil&aacute;t&aacute;sunk miatt a Verdi Santar&eacute;m hangulatos &eacute;s eml&eacute;kezetes helysz&iacute;n minden alkalomra.<\/p>\t\t\t\t\t\t\t\t<\/div>\n\t\t\t\t<\/div>\n\t\t\t\t\t<\/div>\n\t\t<\/div>\n\t\t\t\t\t<\/div>\n\t\t<\/section>\n\t\t<div class=\"elementor-element elementor-element-83ed606 e-con-full e-flex e-con e-parent\" data-id=\"83ed606\" data-element_type=\"container\" data-e-type=\"container\" data-settings='{\"background_background\":\"classic\"}'>\n\t\t<div class=\"elementor-element elementor-element-e1ab959 e-con-full e-flex e-con e-child\" data-id=\"e1ab959\" data-element_type=\"container\" data-e-type=\"container\">\n\t\t\t\t<\/div>\n\t\t<div class=\"elementor-element elementor-element-8745a5c e-con-full e-flex e-con e-child\" data-id=\"8745a5c\" data-element_type=\"container\" data-e-type=\"container\" data-settings='{\"background_background\":\"classic\"}'>\n\t\t\t\t<div class=\"elementor-element elementor-element-659df40 elementor-widget elementor-widget-heading\" data-id=\"659df40\" data-element_type=\"widget\" data-e-type=\"widget\" data-widget_type=\"heading.default\">\n\t\t\t\t<div class=\"elementor-widget-container\">\n\t\t\t\t\t<h2 class=\"elementor-heading-title elementor-size-default\">Konferenci&aacute;k &eacute;s tal&aacute;lkoz&oacute;k<\/h2>\t\t\t\t<\/div>\n\t\t\t\t<\/div>\n\t\t\t\t<div class=\"elementor-element elementor-element-dad3267 elementor-widget__width-initial elementor-widget elementor-widget-text-editor\" data-id=\"dad3267\" data-element_type=\"widget\" data-e-type=\"widget\" data-widget_type=\"text-editor.default\">\n\t\t\t\t<div class=\"elementor-widget-container\">\n\t\t\t\t\t\t\t\t\t<p class=\"p1\">Az &Ouml;n &uuml;zleti rendezv&eacute;ny&eacute;nek sikere sz&aacute;munkra ugyanolyan fontos, mint &Ouml;nnek. A k&eacute;pz&eacute;sekt&#337;l a 250 f&#337;ig terjed&#337; nagy konferenci&aacute;kig, a Verdi Santar&eacute;m sz&aacute;llod&aacute;ban rendelkez&uuml;nk a megfelel&#337; helyis&eacute;gekkel, technol&oacute;gi&aacute;val &eacute;s professzion&aacute;lis szolg&aacute;ltat&aacute;sokkal, hogy biztos&iacute;tsuk a z&ouml;kken&#337;mentes &eacute;s sikeres lebonyol&iacute;t&aacute;st.<\/p>\t\t\t\t\t\t\t\t<\/div>\n\t\t\t\t<\/div>\n\t\t\t\t<div class=\"elementor-element elementor-element-2f26e12 elementor-widget elementor-widget-spacer\" data-id=\"2f26e12\" data-element_type=\"widget\" data-e-type=\"widget\" data-widget_type=\"spacer.default\">\n\t\t\t\t<div class=\"elementor-widget-container\">\n\t\t\t\t\t\t\t<div class=\"elementor-spacer\">\n\t\t\t<div class=\"elementor-spacer-inner\"><\/div>\n\t\t<\/div>\n\t\t\t\t\t\t<\/div>\n\t\t\t\t<\/div>\n\t\t\t\t<div class=\"elementor-element elementor-element-0a0e63f elementor-align-justify elementor-widget__width-initial elementor-widget-mobile__width-inherit elementor-widget elementor-widget-button\" data-id=\"0a0e63f\" data-element_type=\"widget\" data-e-type=\"widget\" data-widget_type=\"button.default\">\n\t\t\t\t<div class=\"elementor-widget-container\">\n\t\t\t\t\t\t\t\t\t<div class=\"elementor-button-wrapper\">\n\t\t\t\t\t<a class=\"elementor-button elementor-button-link elementor-size-sm\" href=\"https:\/\/verdihotels.com\/santarem\/meet-celebrate\/conferences-meetings\/\">\n\t\t\t\t\t\t<span class=\"elementor-button-content-wrapper\">\n\t\t\t\t\t\t\t\t\t<span class=\"elementor-button-text\">FELFEDEZ&Eacute;S<\/span>\n\t\t\t\t\t<\/span>\n\t\t\t\t\t<\/a>\n\t\t\t\t<\/div>\n\t\t\t\t\t\t\t\t<\/div>\n\t\t\t\t<\/div>\n\t\t\t\t<\/div>\n\t\t\t\t<\/div>\n\t\t<div class=\"elementor-element elementor-element-1b8061f e-con-full e-flex e-con e-parent\" data-id=\"1b8061f\" data-element_type=\"container\" data-e-type=\"container\" data-settings='{\"background_background\":\"classic\"}'>\n\t\t<div class=\"elementor-element elementor-element-ff96932 e-con-full e-flex e-con e-child\" data-id=\"ff96932\" data-element_type=\"container\" data-e-type=\"container\">\n\t\t\t\t<\/div>\n\t\t<div class=\"elementor-element elementor-element-af702e9 e-con-full e-flex e-con e-child\" data-id=\"af702e9\" data-element_type=\"container\" data-e-type=\"container\" data-settings='{\"background_background\":\"classic\"}'>\n\t\t\t\t<div class=\"elementor-element elementor-element-0dba0cb elementor-widget elementor-widget-heading\" data-id=\"0dba0cb\" data-element_type=\"widget\" data-e-type=\"widget\" data-widget_type=\"heading.default\">\n\t\t\t\t<div class=\"elementor-widget-container\">\n\t\t\t\t\t<h2 class=\"elementor-heading-title elementor-size-default\">Esk&uuml;v&#337;k<\/h2>\t\t\t\t<\/div>\n\t\t\t\t<\/div>\n\t\t\t\t<div class=\"elementor-element elementor-element-1843577 elementor-widget__width-initial elementor-widget elementor-widget-text-editor\" data-id=\"1843577\" data-element_type=\"widget\" data-e-type=\"widget\" data-widget_type=\"text-editor.default\">\n\t\t\t\t<div class=\"elementor-widget-container\">\n\t\t\t\t\t\t\t\t\t<p class=\"p1\">Esk&uuml;v&#337;je napja &eacute;let&eacute;nek egyik legk&uuml;l&ouml;nlegesebb napja. Santar&eacute;mi csapatunk k&eacute;szen &aacute;ll arra, hogy seg&iacute;tsen &Ouml;nnek egy olyan &uuml;nneps&eacute;get szervezni, amely egyar&aacute;nt lesz t&ouml;k&eacute;letes &eacute;s eml&eacute;kezetes.<\/p>\t\t\t\t\t\t\t\t<\/div>\n\t\t\t\t<\/div>\n\t\t\t\t<div class=\"elementor-element elementor-element-efd68bf elementor-widget elementor-widget-spacer\" data-id=\"efd68bf\" data-element_type=\"widget\" data-e-type=\"widget\" data-widget_type=\"spacer.default\">\n\t\t\t\t<div class=\"elementor-widget-container\">\n\t\t\t\t\t\t\t<div class=\"elementor-spacer\">\n\t\t\t<div class=\"elementor-spacer-inner\"><\/div>\n\t\t<\/div>\n\t\t\t\t\t\t<\/div>\n\t\t\t\t<\/div>\n\t\t\t\t<div class=\"elementor-element elementor-element-82a794e elementor-align-justify elementor-widget__width-initial elementor-widget-mobile__width-inherit elementor-widget elementor-widget-button\" data-id=\"82a794e\" data-element_type=\"widget\" data-e-type=\"widget\" data-widget_type=\"button.default\">\n\t\t\t\t<div class=\"elementor-widget-container\">\n\t\t\t\t\t\t\t\t\t<div class=\"elementor-button-wrapper\">\n\t\t\t\t\t<a class=\"elementor-button elementor-button-link elementor-size-sm\" href=\"https:\/\/verdihotels.com\/santarem\/meet-celebrate\/weddings\/\">\n\t\t\t\t\t\t<span class=\"elementor-button-content-wrapper\">\n\t\t\t\t\t\t\t\t\t<span class=\"elementor-button-text\">FELFEDEZ&Eacute;S<\/span>\n\t\t\t\t\t<\/span>\n\t\t\t\t\t<\/a>\n\t\t\t\t<\/div>\n\t\t\t\t\t\t\t\t<\/div>\n\t\t\t\t<\/div>\n\t\t\t\t<\/div>\n\t\t\t\t<\/div>\n\t\t<div class=\"elementor-element elementor-element-d6d5328 e-con-full e-flex e-con e-parent\" data-id=\"d6d5328\" data-element_type=\"container\" data-e-type=\"container\" data-settings='{\"background_background\":\"classic\"}'>\n\t\t<div class=\"elementor-element elementor-element-a8daa03 e-con-full e-flex e-con e-child\" data-id=\"a8daa03\" data-element_type=\"container\" data-e-type=\"container\">\n\t\t\t\t<\/div>\n\t\t<div class=\"elementor-element elementor-element-f2593b1 e-con-full e-flex e-con e-child\" data-id=\"f2593b1\" data-element_type=\"container\" data-e-type=\"container\" data-settings='{\"background_background\":\"classic\"}'>\n\t\t\t\t<div class=\"elementor-element elementor-element-8d677ba elementor-widget elementor-widget-heading\" data-id=\"8d677ba\" data-element_type=\"widget\" data-e-type=\"widget\" data-widget_type=\"heading.default\">\n\t\t\t\t<div class=\"elementor-widget-container\">\n\t\t\t\t\t<h2 class=\"elementor-heading-title elementor-size-default\">K&uuml;l&ouml;nleges &uuml;nneps&eacute;gek<\/h2>\t\t\t\t<\/div>\n\t\t\t\t<\/div>\n\t\t\t\t<div class=\"elementor-element elementor-element-9aea89c elementor-widget__width-initial elementor-widget elementor-widget-text-editor\" data-id=\"9aea89c\" data-element_type=\"widget\" data-e-type=\"widget\" data-widget_type=\"text-editor.default\">\n\t\t\t\t<div class=\"elementor-widget-container\">\n\t\t\t\t\t\t\t\t\t<p class=\"p1\">Mindig &ouml;r&ouml;m, ha &ouml;sszehozhatjuk a csal&aacute;dtagokat &eacute;s bar&aacute;tokat egy k&uuml;l&ouml;nleges &uuml;nneps&eacute;gekre. Hadd seg&iacute;ts&uuml;nk &Ouml;nnek megosztani &eacute;let&eacute;nek nagy pillanatait egy olyan rendezv&eacute;nyen, amely alkalomhoz ill&#337;en lehet meghitt vagy nagyszab&aacute;s&uacute;, k&ouml;tetlen vagy form&aacute;lis.<\/p>\t\t\t\t\t\t\t\t<\/div>\n\t\t\t\t<\/div>\n\t\t\t\t<div class=\"elementor-element elementor-element-5447328 elementor-widget elementor-widget-spacer\" data-id=\"5447328\" data-element_type=\"widget\" data-e-type=\"widget\" data-widget_type=\"spacer.default\">\n\t\t\t\t<div class=\"elementor-widget-container\">\n\t\t\t\t\t\t\t<div class=\"elementor-spacer\">\n\t\t\t<div class=\"elementor-spacer-inner\"><\/div>\n\t\t<\/div>\n\t\t\t\t\t\t<\/div>\n\t\t\t\t<\/div>\n\t\t\t\t<div class=\"elementor-element elementor-element-f8cf046 elementor-align-justify elementor-widget__width-initial elementor-widget-mobile__width-inherit elementor-widget elementor-widget-button\" data-id=\"f8cf046\" data-element_type=\"widget\" data-e-type=\"widget\" data-widget_type=\"button.default\">\n\t\t\t\t<div class=\"elementor-widget-container\">\n\t\t\t\t\t\t\t\t\t<div class=\"elementor-button-wrapper\">\n\t\t\t\t\t<a class=\"elementor-button elementor-button-link elementor-size-sm\" href=\"https:\/\/verdihotels.com\/santarem\/meet-celebrate\/special-celebrations\/\">\n\t\t\t\t\t\t<span class=\"elementor-button-content-wrapper\">\n\t\t\t\t\t\t\t\t\t<span class=\"elementor-button-text\">FELFEDEZ&Eacute;S<\/span>\n\t\t\t\t\t<\/span>\n\t\t\t\t\t<\/a>\n\t\t\t\t<\/div>\n\t\t\t\t\t\t\t\t<\/div>\n\t\t\t\t<\/div>\n\t\t\t\t<\/div>\n\t\t\t\t<\/div>\n\t\t\t\t<\/div>\n","protected":false},"excerpt":{"rendered":"<p>Tal\u00e1lkoz\u00f3k \u00e9s \u00fcnnepek Hozza \u00f6ssze az embereket Santar\u00e9mben Ak\u00e1r \u00fczleti, ak\u00e1r szabadid\u0151s rendezv\u00e9nyt tervez, mi t\u00f6k\u00e9letes alkalmat teremt\u00fcnk az \u00d6n sz\u00e1m\u00e1ra. Nyugodt \u00e9letst\u00edlus\u00e1val \u00e9s gazdag t\u00f6rt\u00e9nelm\u00e9vel Santar\u00e9m idilli h\u00e1tteret biztos\u00edt tal\u00e1lkoz\u00f3k, konferenci\u00e1k vagy csal\u00e1di \u00fcnneps\u00e9gek megrendez\u00e9s\u00e9hez. Z\u00f6kken\u0151mentes szolg\u00e1ltat\u00e1ssal \u00e9s \u00e1tgondolt r\u00e9szletekkel csapatunk gondoskodik arr\u00f3l, hogy rendezv\u00e9nye ugyanolyan hat\u00e1sos legyen, mint amennyire eml\u00e9kezetes. Rugalmas, f\u00e9ny\u00e1rban \u00fasz\u00f3&hellip;<\/p>\n","protected":false},"author":6,"featured_media":0,"parent":0,"menu_order":2,"comment_status":"closed","ping_status":"closed","template":"","meta":{"_acf_changed":false,"footnotes":""},"class_list":["post-999","page","type-page","status-publish","hentry"],"yoast_head":"<!-- This site is optimized with the Yoast SEO plugin v27.5 - https:\/\/yoast.com\/product\/yoast-seo-wordpress\/ -->\n<title>Tal\u00e1lkoz\u00f3k \u00e9s \u00fcnnepek\u00a0 - Verdi Santar\u00e9m<\/title>\n<meta name=\"description\" content=\"Elevate your business events with exceptional facilities and services at Verdi Gzira Promenade.\" \/>\n<meta name=\"robots\" content=\"index, follow, max-snippet:-1, max-image-preview:large, max-video-preview:-1\" \/>\n<link rel=\"canonical\" href=\"https:\/\/verdihotels.com\/santarem\/hu\/talalkozok-es-unnepek\/\" \/>\n<meta property=\"og:locale\" content=\"en_US\" \/>\n<meta property=\"og:type\" content=\"article\" \/>\n<meta property=\"og:title\" content=\"Tal\u00e1lkoz\u00f3k \u00e9s \u00fcnnepek\u00a0 - Verdi Santar\u00e9m\" \/>\n<meta property=\"og:description\" content=\"Elevate your business events with exceptional facilities and services at Verdi Gzira Promenade.\" \/>\n<meta property=\"og:url\" content=\"https:\/\/verdihotels.com\/santarem\/hu\/talalkozok-es-unnepek\/\" \/>\n<meta property=\"og:site_name\" content=\"Verdi Santar\u00e9m\" \/>\n<meta property=\"article:publisher\" content=\"https:\/\/www.facebook.com\/VerdiHotels\" \/>\n<meta property=\"article:modified_time\" content=\"2025-10-14T06:40:53+00:00\" \/>\n<meta name=\"twitter:card\" content=\"summary_large_image\" \/>\n<meta name=\"twitter:label1\" content=\"Est. reading time\" \/>\n\t<meta name=\"twitter:data1\" content=\"1 minute\" \/>\n<script type=\"application\/ld+json\" class=\"yoast-schema-graph\">{\"@context\":\"https:\\\/\\\/schema.org\",\"@graph\":[{\"@type\":\"WebPage\",\"@id\":\"https:\\\/\\\/verdihotels.com\\\/santarem\\\/hu\\\/talalkozok-es-unnepek\\\/\",\"url\":\"https:\\\/\\\/verdihotels.com\\\/santarem\\\/hu\\\/talalkozok-es-unnepek\\\/\",\"name\":\"Tal\u00e1lkoz\u00f3k \u00e9s \u00fcnnepek\u00a0 - Verdi Santar\u00e9m\",\"description\":\"Elevate your business events with exceptional facilities and services at Verdi Gzira Promenade.\",\"potentialAction\":[{\"@type\":\"ReadAction\",\"target\":[\"https:\\\/\\\/verdihotels.com\\\/santarem\\\/hu\\\/talalkozok-es-unnepek\\\/\"]}]},{\"@type\":\"BreadcrumbList\",\"@id\":\"https:\\\/\\\/verdihotels.com\\\/santarem\\\/hu\\\/talalkozok-es-unnepek\\\/#breadcrumb\",\"itemListElement\":[{\"@type\":\"ListItem\",\"position\":1,\"name\":\"Home\",\"item\":\"https:\\\/\\\/verdihotels.com\\\/santarem\\\/\"},{\"@type\":\"ListItem\",\"position\":2,\"name\":\"Tal\u00e1lkoz\u00f3k \u00e9s \u00fcnnepek\u00a0\"}]},{\"@type\":\"WebSite\",\"@id\":\"https:\\\/\\\/verdihotels.com\\\/santarem\\\/#website\",\"url\":\"https:\\\/\\\/verdihotels.com\\\/santarem\\\/\",\"name\":\"Verdi Gzira Waterfront\",\"description\":\"travelling the way it&#039;s meant to be\",\"publisher\":{\"@id\":\"https:\\\/\\\/verdihotels.com\\\/santarem\\\/#organization\"},\"potentialAction\":[{\"@type\":\"SearchAction\",\"target\":{\"@type\":\"EntryPoint\",\"urlTemplate\":\"https:\\\/\\\/verdihotels.com\\\/santarem\\\/?s={search_term_string}\"},\"query-input\":{\"@type\":\"PropertyValueSpecification\",\"valueRequired\":true,\"valueName\":\"search_term_string\"}}],\"inLanguage\":\"en-US\"},{\"@type\":\"Organization\",\"@id\":\"https:\\\/\\\/verdihotels.com\\\/santarem\\\/#organization\",\"name\":\"Verdi Gzira Waterfront\",\"url\":\"https:\\\/\\\/verdihotels.com\\\/santarem\\\/\",\"logo\":{\"@type\":\"ImageObject\",\"inLanguage\":\"en-US\",\"@id\":\"https:\\\/\\\/verdihotels.com\\\/santarem\\\/#\\\/schema\\\/logo\\\/image\\\/\",\"url\":\"https:\\\/\\\/verdihotels.com\\\/wp-content\\\/uploads\\\/sites\\\/7\\\/2023\\\/05\\\/Verdi-Hotels-Logo-RGB@2x.png\",\"contentUrl\":\"https:\\\/\\\/verdihotels.com\\\/wp-content\\\/uploads\\\/sites\\\/7\\\/2023\\\/05\\\/Verdi-Hotels-Logo-RGB@2x.png\",\"width\":1224,\"height\":576,\"caption\":\"Verdi Gzira Waterfront\"},\"image\":{\"@id\":\"https:\\\/\\\/verdihotels.com\\\/santarem\\\/#\\\/schema\\\/logo\\\/image\\\/\"},\"sameAs\":[\"https:\\\/\\\/www.facebook.com\\\/VerdiHotels\",\"https:\\\/\\\/www.tiktok.com\\\/@verdi_hotels\",\"https:\\\/\\\/www.instagram.com\\\/verdi_hotels\"]}]}<\/script>\n<!-- \/ Yoast SEO plugin. -->","yoast_head_json":{"title":"Tal\u00e1lkoz\u00f3k \u00e9s \u00fcnnepek\u00a0 - Verdi Santar\u00e9m","description":"Elevate your business events with exceptional facilities and services at Verdi Gzira Promenade.","robots":{"index":"index","follow":"follow","max-snippet":"max-snippet:-1","max-image-preview":"max-image-preview:large","max-video-preview":"max-video-preview:-1"},"canonical":"https:\/\/verdihotels.com\/santarem\/hu\/talalkozok-es-unnepek\/","og_locale":"en_US","og_type":"article","og_title":"Tal\u00e1lkoz\u00f3k \u00e9s \u00fcnnepek\u00a0 - Verdi Santar\u00e9m","og_description":"Elevate your business events with exceptional facilities and services at Verdi Gzira Promenade.","og_url":"https:\/\/verdihotels.com\/santarem\/hu\/talalkozok-es-unnepek\/","og_site_name":"Verdi Santar\u00e9m","article_publisher":"https:\/\/www.facebook.com\/VerdiHotels","article_modified_time":"2025-10-14T06:40:53+00:00","twitter_card":"summary_large_image","twitter_misc":{"Est. reading time":"1 minute"},"schema":{"@context":"https:\/\/schema.org","@graph":[{"@type":"WebPage","@id":"https:\/\/verdihotels.com\/santarem\/hu\/talalkozok-es-unnepek\/","url":"https:\/\/verdihotels.com\/santarem\/hu\/talalkozok-es-unnepek\/","name":"Tal\u00e1lkoz\u00f3k \u00e9s \u00fcnnepek\u00a0 - Verdi Santar\u00e9m","description":"Elevate your business events with exceptional facilities and services at Verdi Gzira Promenade.","potentialAction":[{"@type":"ReadAction","target":["https:\/\/verdihotels.com\/santarem\/hu\/talalkozok-es-unnepek\/"]}]},{"@type":"BreadcrumbList","@id":"https:\/\/verdihotels.com\/santarem\/hu\/talalkozok-es-unnepek\/#breadcrumb","itemListElement":[{"@type":"ListItem","position":1,"name":"Home","item":"https:\/\/verdihotels.com\/santarem\/"},{"@type":"ListItem","position":2,"name":"Tal\u00e1lkoz\u00f3k \u00e9s \u00fcnnepek\u00a0"}]},{"@type":"WebSite","@id":"https:\/\/verdihotels.com\/santarem\/#website","url":"https:\/\/verdihotels.com\/santarem\/","name":"Verdi Gzira Waterfront","description":"travelling the way it&#039;s meant to be","publisher":{"@id":"https:\/\/verdihotels.com\/santarem\/#organization"},"potentialAction":[{"@type":"SearchAction","target":{"@type":"EntryPoint","urlTemplate":"https:\/\/verdihotels.com\/santarem\/?s={search_term_string}"},"query-input":{"@type":"PropertyValueSpecification","valueRequired":true,"valueName":"search_term_string"}}],"inLanguage":"en-US"},{"@type":"Organization","@id":"https:\/\/verdihotels.com\/santarem\/#organization","name":"Verdi Gzira Waterfront","url":"https:\/\/verdihotels.com\/santarem\/","logo":{"@type":"ImageObject","inLanguage":"en-US","@id":"https:\/\/verdihotels.com\/santarem\/#\/schema\/logo\/image\/","url":"https:\/\/verdihotels.com\/wp-content\/uploads\/sites\/7\/2023\/05\/Verdi-Hotels-Logo-RGB@2x.png","contentUrl":"https:\/\/verdihotels.com\/wp-content\/uploads\/sites\/7\/2023\/05\/Verdi-Hotels-Logo-RGB@2x.png","width":1224,"height":576,"caption":"Verdi Gzira Waterfront"},"image":{"@id":"https:\/\/verdihotels.com\/santarem\/#\/schema\/logo\/image\/"},"sameAs":["https:\/\/www.facebook.com\/VerdiHotels","https:\/\/www.tiktok.com\/@verdi_hotels","https:\/\/www.instagram.com\/verdi_hotels"]}]}},"acf":[],"lang":"hu","translations":{"hu":999,"en":43,"de":1000,"fr":1001,"pt":1002,"cs":1003},"pll_sync_post":{},"_links":{"self":[{"href":"https:\/\/verdihotels.com\/santarem\/wp-json\/wp\/v2\/pages\/999","targetHints":{"allow":["GET"]}}],"collection":[{"href":"https:\/\/verdihotels.com\/santarem\/wp-json\/wp\/v2\/pages"}],"about":[{"href":"https:\/\/verdihotels.com\/santarem\/wp-json\/wp\/v2\/types\/page"}],"author":[{"embeddable":true,"href":"https:\/\/verdihotels.com\/santarem\/wp-json\/wp\/v2\/users\/6"}],"replies":[{"embeddable":true,"href":"https:\/\/verdihotels.com\/santarem\/wp-json\/wp\/v2\/comments?post=999"}],"version-history":[{"count":0,"href":"https:\/\/verdihotels.com\/santarem\/wp-json\/wp\/v2\/pages\/999\/revisions"}],"wp:attachment":[{"href":"https:\/\/verdihotels.com\/santarem\/wp-json\/wp\/v2\/media?parent=999"}],"curies":[{"name":"wp","href":"https:\/\/api.w.org\/{rel}","templated":true}]}}