{"id":36080,"date":"2023-05-25T15:50:18","date_gmt":"2023-05-25T15:50:18","guid":{"rendered":"https:\/\/verdistjulians.wpenginepowered.com\/?page_id=36"},"modified":"2024-09-26T09:40:31","modified_gmt":"2024-09-26T09:40:31","slug":"ueber-das-verdi-st-georges-bay","status":"publish","type":"page","link":"https:\/\/verdihotels.com\/stgeorgesbay\/de\/ueber-das-verdi-st-georges-bay\/","title":{"rendered":"\u00dcber das Verdi St George&#8217;s Bay"},"content":{"rendered":"<div data-elementor-type=\"wp-page\" data-elementor-id=\"36080\" class=\"elementor elementor-36080\" data-elementor-post-type=\"page\"><div class=\"breadcrumbs\"><span><span><a href=\"https:\/\/verdihotels.com\/stgeorgesbay\/\">Home<\/a><\/span><\/span><\/div>\n\t\t\t\t\t\t<section class=\"elementor-section elementor-top-section elementor-element elementor-element-ffe6e57 elementor-section-height-min-height elementor-section-items-bottom elementor-section-content-bottom elementor-section-boxed elementor-section-height-default\" data-id=\"ffe6e57\" data-element_type=\"section\" data-e-type=\"section\" data-settings='{\"background_background\":\"slideshow\",\"background_motion_fx_scale_effect\":\"yes\",\"background_motion_fx_scale_speed\":{\"unit\":\"px\",\"size\":\"5\",\"sizes\":[]},\"background_slideshow_gallery\":[{\"id\":\"404\",\"url\":\"https:\\\/\\\/verdihotels.com\\\/wp-content\\\/uploads\\\/sites\\\/4\\\/2024\\\/05\\\/Verdi-Malta-JKI-169-e1697209719154.jpg\"},{\"id\":\"472\",\"url\":\"https:\\\/\\\/verdihotels.com\\\/wp-content\\\/uploads\\\/sites\\\/4\\\/2024\\\/05\\\/Verdi-Malta-Mdina.jpg\"}],\"background_slideshow_lazyload\":\"yes\",\"background_motion_fx_scale_direction\":\"out-in\",\"background_motion_fx_scale_range\":{\"unit\":\"%\",\"size\":\"\",\"sizes\":{\"start\":20,\"end\":80}},\"background_motion_fx_devices\":[\"desktop\",\"tablet\",\"mobile\"],\"background_slideshow_loop\":\"yes\",\"background_slideshow_slide_duration\":5000,\"background_slideshow_slide_transition\":\"fade\",\"background_slideshow_transition_duration\":500}'>\n\t\t\t\t\t\t<div class=\"elementor-container elementor-column-gap-default\">\n\t\t\t\t\t<div class=\"elementor-column elementor-col-100 elementor-top-column elementor-element elementor-element-2548a9b\" data-id=\"2548a9b\" data-element_type=\"column\" data-e-type=\"column\">\n\t\t\t<div class=\"elementor-widget-wrap elementor-element-populated\">\n\t\t\t\t\t\t<div class=\"elementor-element elementor-element-6a461f6 elementor-widget elementor-widget-shortcode\" data-id=\"6a461f6\" data-element_type=\"widget\" data-e-type=\"widget\" data-widget_type=\"shortcode.default\">\n\t\t\t\t<div class=\"elementor-widget-container\">\n\t\t\t\t\t\t\t<div class=\"elementor-shortcode\"><script>\nvar verdi_destinations = {\"96870\":{\"destination\":\"Panorama by Verdi Hotels\",\"city\":\"Panorama by Verdi Hotels\",\"region\":\"Panorama by Verdi Hotels\",\"country\":\"Czech Republic\"},\"45691\":{\"destination\":\"Verdi Budapest Aquincum\",\"city\":\"Verdi Budapest Aquincum\",\"region\":\"Verdi Budapest Aquincum\",\"country\":\"Hungary\"},\"45690\":{\"destination\":\"Verdi Gzira Promenade\",\"city\":\"Verdi Gzira Promenade\",\"region\":\"Verdi Gzira Promenade\",\"country\":\"Malta\"},\"47765\":{\"destination\":\"Verdi Santar\\u00e9m\",\"city\":\"Verdi Santar\\u00e9m\",\"region\":\"Verdi Santar\\u00e9m\",\"country\":\"Portugal\"},\"45540\":{\"destination\":\"Verdi St.George\\u2019s Bay Marina\",\"city\":\"Verdi St.George\\u2019s Bay Marina\",\"region\":\"Verdi St.George\\u2019s Bay Marina\",\"country\":\"Malta\"},\"47749\":{\"destination\":\"Verdi Tunis Beach Resort\",\"city\":\"Verdi Tunis Beach Resort\",\"region\":\"Verdi Tunis Beach Resort\",\"country\":\"Tunisia\"},\"47761\":{\"destination\":\"Vivaldi by Verdi Hotels\",\"city\":\"Vivaldi by Verdi Hotels\",\"region\":\"Vivaldi by Verdi Hotels\",\"country\":\"Malta\"}};\n\nvar verdi_booking_strings = {\"adult\":\"Adult\",\"adults\":\"Adults\",\"child\":\"Child\",\"children\":\"Children\",\"room\":\"Room\",\"rooms\":\"Rooms\"};\n\n<\/script>\n\n<div class=\"booking-form hotel\" data-hotel=\"\" data-booking-form=\"1\">\n\t<form action=\"https:\/\/reservations.verdihotels.com\/\" target=\"_blank\">\n\t\t<div class=\"row\">\n\t\t\t\t\t\t<div class=\"field-group field-group-date arrive\">\n\t\t\t\t<label for=\"BFArrive1\">Check-in<\/label>\n\t\t\t\t<div class=\"field-wrapper\">\n\t\t\t\t\t<input type=\"date\" name=\"arrive\" id=\"BFArrive1\" placeholder=\"Select date...\">\n\t\t\t\t\t<i aria-hidden=\"true\" class=\"fa fa-calendar-alt\"><\/i>\n\t\t\t\t<\/div>\n\t\t\t<\/div>\n\t\t\t<div class=\"field-group field-group-date depart\">\n\t\t\t\t<label for=\"BFDepart1\">Check-out<\/label>\n\t\t\t\t<div class=\"field-wrapper\">\n\t\t\t\t\t<input type=\"date\" name=\"depart\" id=\"BFDepart1\" placeholder=\"Select date...\">\n\t\t\t\t\t<i aria-hidden=\"true\" class=\"fa fa-calendar-alt\"><\/i>\n\t\t\t\t<\/div>\n\t\t\t<\/div>\n\t\t\t<div class=\"field-group field-group-guests\" id=\"BFGuests1\">\n\t\t\t\t<label>Guests<\/label>\n\t\t\t\t<input type=\"text\" class=\"booking-form-guests\" id=\"BFGuestsField1\" readonly value=\"\">\n\t\t\t\t<div class=\"guests-dd\">\n\t\t\t\t\t<div class=\"field-group\">\n\t\t\t\t\t\t<label for=\"BFAdults1\">Adults<\/label>\n\t\t\t\t\t\t<div class=\"field-wrapper-number\">\n\t\t\t\t\t\t\t<a href=\"#\" class=\"decrease-field\">-<\/a>\n\t\t\t\t\t\t\t<input type=\"number\" name=\"adult\" id=\"BFAdults1\" value=\"1\" min=\"1\" max=\"\" readonly>\n\t\t\t\t\t\t\t<a href=\"#\" class=\"increase-field\">+<\/a>\n\t\t\t\t\t\t<\/div>\n\t\t\t\t\t<\/div>\n\t\t\t\t\t<div class=\"field-group\">\n\t\t\t\t\t\t<label for=\"BFChild1\">Children<\/label>\n\t\t\t\t\t\t<div class=\"field-wrapper-number\">\n\t\t\t\t\t\t\t<a href=\"#\" class=\"decrease-field\">-<\/a>\n\t\t\t\t\t\t\t<input type=\"number\" name=\"child\" id=\"BFChild1\" value=\"0\" min=\"0\" max=\"\" readonly>\n\t\t\t\t\t\t\t<a href=\"#\" class=\"increase-field\">+<\/a>\n\t\t\t\t\t\t<\/div>\n\t\t\t\t\t<\/div>\n\t\t\t\t\t<div class=\"field-group\">\n\t\t\t\t\t\t<label for=\"BFRooms1\">Rooms<\/label>\n\t\t\t\t\t\t<div class=\"field-wrapper-number\">\n\t\t\t\t\t\t\t<a href=\"#\" class=\"decrease-field\">-<\/a>\n\t\t\t\t\t\t\t<input type=\"number\" name=\"rooms\" id=\"BFRooms1\" value=\"1\" min=\"1\" max=\"\" readonly>\n\t\t\t\t\t\t\t<a href=\"#\" class=\"increase-field\">+<\/a>\n\t\t\t\t\t\t<\/div>\n\t\t\t\t\t<\/div>\n\t\t\t\t<\/div>\n\t\t\t<\/div>\n\t\t\t<div class=\"field-group field-group-button\">\n\t\t\t\t<input type=\"submit\" class=\"button btn-submit\" value=\"Check Availability\">\n\t\t\t<\/div>\n\t\t<\/div>\n\t\t<input type=\"hidden\" name=\"chain\" value=\"31999\">\n\t\t\t\t<input type=\"hidden\" name=\"hotel\" value=\"45540\">\n\t\t\t<\/form>\n<\/div><\/div>\n\t\t\t\t\t\t<\/div>\n\t\t\t\t<\/div>\n\t\t\t\t\t<\/div>\n\t\t<\/div>\n\t\t\t\t\t<\/div>\n\t\t<\/section>\n\t\t\t\t<section class=\"elementor-section elementor-top-section elementor-element elementor-element-a951961 elementor-section-full_width elementor-section-height-min-height elementor-section-height-default elementor-section-items-middle\" data-id=\"a951961\" data-element_type=\"section\" data-e-type=\"section\">\n\t\t\t\t\t\t<div class=\"elementor-container elementor-column-gap-default\">\n\t\t\t\t\t<div class=\"elementor-column elementor-col-50 elementor-top-column elementor-element elementor-element-ca93733\" data-id=\"ca93733\" data-element_type=\"column\" data-e-type=\"column\">\n\t\t\t<div class=\"elementor-widget-wrap elementor-element-populated\">\n\t\t\t\t\t\t<div class=\"elementor-element elementor-element-1cb1e8a elementor-widget elementor-widget-heading\" data-id=\"1cb1e8a\" data-element_type=\"widget\" data-e-type=\"widget\" data-widget_type=\"heading.default\">\n\t\t\t\t<div class=\"elementor-widget-container\">\n\t\t\t\t\t<h1 class=\"elementor-heading-title elementor-size-default\">Erfahre bei Erlebnissen nach Ma&szlig;, was das Wesen Maltas ausmacht.<\/h1>\t\t\t\t<\/div>\n\t\t\t\t<\/div>\n\t\t\t\t\t<\/div>\n\t\t<\/div>\n\t\t\t\t<div class=\"elementor-column elementor-col-50 elementor-top-column elementor-element elementor-element-751c4dd\" data-id=\"751c4dd\" data-element_type=\"column\" data-e-type=\"column\">\n\t\t\t<div class=\"elementor-widget-wrap elementor-element-populated\">\n\t\t\t\t\t\t<div class=\"elementor-element elementor-element-173560f elementor-widget__width-initial elementor-widget elementor-widget-text-editor\" data-id=\"173560f\" data-element_type=\"widget\" data-e-type=\"widget\" data-widget_type=\"text-editor.default\">\n\t\t\t\t<div class=\"elementor-widget-container\">\n\t\t\t\t\t\t\t\t\t<p>Ganz gleich, ob du Entdeckungen, Momente der stillen Besinnung oder Vergn&uuml;gungen in einer Gruppe suchst, das Verdi St. George&rsquo;s Bay Marina ist die perfekte Kulisse, vor der sich deine individuelle Reise entfaltet. Unser Team ist dein dich umsorgender Fixpunkt und dein begeisterter Begleiter. Es k&uuml;mmert sich darum, dass alles, was du ben&ouml;tigst, dir m&uuml;helos zur Verf&uuml;gung steht.<\/p>\t\t\t\t\t\t\t\t<\/div>\n\t\t\t\t<\/div>\n\t\t\t\t\t<\/div>\n\t\t<\/div>\n\t\t\t\t\t<\/div>\n\t\t<\/section>\n\t\t\t\t<section class=\"elementor-section elementor-top-section elementor-element elementor-element-6bb48c9 elementor-section-content-bottom elementor-section-boxed elementor-section-height-default elementor-section-height-default\" data-id=\"6bb48c9\" data-element_type=\"section\" data-e-type=\"section\" data-settings='{\"background_background\":\"classic\"}'>\n\t\t\t\t\t\t<div class=\"elementor-container elementor-column-gap-default\">\n\t\t\t\t\t<div class=\"elementor-column elementor-col-50 elementor-top-column elementor-element elementor-element-ad99ec3\" data-id=\"ad99ec3\" data-element_type=\"column\" data-e-type=\"column\">\n\t\t\t<div class=\"elementor-widget-wrap\">\n\t\t\t\t\t\t\t<\/div>\n\t\t<\/div>\n\t\t\t\t<div class=\"elementor-column elementor-col-50 elementor-top-column elementor-element elementor-element-eb9d397\" data-id=\"eb9d397\" data-element_type=\"column\" data-e-type=\"column\" data-settings='{\"background_background\":\"classic\"}'>\n\t\t\t<div class=\"elementor-widget-wrap elementor-element-populated\">\n\t\t\t\t\t\t<div class=\"elementor-element elementor-element-5e38a34 elementor-widget elementor-widget-heading\" data-id=\"5e38a34\" data-element_type=\"widget\" data-e-type=\"widget\" data-widget_type=\"heading.default\">\n\t\t\t\t<div class=\"elementor-widget-container\">\n\t\t\t\t\t<h2 class=\"elementor-heading-title elementor-size-default\">Wo Authentizit&auml;t, Gemeinschaft und Entdeckung Hand in Hand gehen.<\/h2>\t\t\t\t<\/div>\n\t\t\t\t<\/div>\n\t\t\t\t\t<\/div>\n\t\t<\/div>\n\t\t\t\t\t<\/div>\n\t\t<\/section>\n\t\t\t\t<section class=\"elementor-section elementor-top-section elementor-element elementor-element-08f71d1 elementor-section-full_width elementor-section-height-default elementor-section-height-default\" data-id=\"08f71d1\" data-element_type=\"section\" data-e-type=\"section\">\n\t\t\t\t\t\t<div class=\"elementor-container elementor-column-gap-default\">\n\t\t\t\t\t<div class=\"elementor-column elementor-col-50 elementor-top-column elementor-element elementor-element-7a519c2\" data-id=\"7a519c2\" data-element_type=\"column\" data-e-type=\"column\">\n\t\t\t<div class=\"elementor-widget-wrap\">\n\t\t\t\t\t\t\t<\/div>\n\t\t<\/div>\n\t\t\t\t<div class=\"elementor-column elementor-col-50 elementor-top-column elementor-element elementor-element-a6ceb37\" data-id=\"a6ceb37\" data-element_type=\"column\" data-e-type=\"column\">\n\t\t\t<div class=\"elementor-widget-wrap elementor-element-populated\">\n\t\t\t\t\t\t<div class=\"elementor-element elementor-element-5b76544 elementor-widget__width-initial elementor-widget elementor-widget-text-editor\" data-id=\"5b76544\" data-element_type=\"widget\" data-e-type=\"widget\" data-widget_type=\"text-editor.default\">\n\t\t\t\t<div class=\"elementor-widget-container\">\n\t\t\t\t\t\t\t\t\t<p>Mit unserem ausf&uuml;hrlichen Stadtf&uuml;hrer navigierst du ganz einfach zu den wichtigsten Sehensw&uuml;rdigkeiten und versteckten Highlights und mit unserer auf deine Interessen zugeschnittenen Aktivit&auml;tenkarte st&uuml;rzt du dich in individuelle Abenteuer. Solltest du dir etwas Besonderes oder Au&szlig;ergew&ouml;hnliches w&uuml;nschen, kannst du darauf vertrauen, dass unsere sachkundigen G&auml;stebetreuer dich auf den richtigen Pfad lenken. Willkommen in einer Welt der Entdeckungen und des Hochgef&uuml;hls, in der jeder Moment so gestaltet ist, dass er zum Ausdruck des einzigartigen Charakters deiner Reise wird.<\/p>\t\t\t\t\t\t\t\t<\/div>\n\t\t\t\t<\/div>\n\t\t\t\t\t<\/div>\n\t\t<\/div>\n\t\t\t\t\t<\/div>\n\t\t<\/section>\n\t\t\t\t<\/div>\n","protected":false},"excerpt":{"rendered":"<p>\u00dcber das Verdi St George&#8217;s Bay \u00dcber das Verdi St George&#8217;s Bay Erfahre bei Erlebnissen nach Ma\u00df, was das Wesen Maltas ausmacht. Ganz gleich, ob du Entdeckungen, Momente der stillen Besinnung oder Vergn\u00fcgungen in einer Gruppe suchst, das Verdi St. George&#8217;s Bay Marina ist die perfekte Kulisse, vor der sich deine individuelle Reise entfaltet. Unser&hellip;<\/p>\n","protected":false},"author":1,"featured_media":0,"parent":0,"menu_order":-1,"comment_status":"closed","ping_status":"closed","template":"","meta":{"_acf_changed":false,"footnotes":""},"class_list":["post-36080","page","type-page","status-publish","hentry"],"yoast_head":"<!-- This site is optimized with the Yoast SEO plugin v27.3 - https:\/\/yoast.com\/product\/yoast-seo-wordpress\/ -->\n<title>About Us - Verdi St. George\u2019s Bay Marina<\/title>\n<meta name=\"description\" content=\"Immerse in Malta&#039;s essence through tailor-made experiences at Verdi St. George\u2019s Bay Marina. Your unique journey awaits.\" \/>\n<meta name=\"robots\" content=\"index, follow, max-snippet:-1, max-image-preview:large, max-video-preview:-1\" \/>\n<link rel=\"canonical\" href=\"https:\/\/verdihotels.com\/stgeorgesbay\/de\/ueber-das-verdi-st-georges-bay\/\" \/>\n<meta property=\"og:locale\" content=\"en_US\" \/>\n<meta property=\"og:type\" content=\"article\" \/>\n<meta property=\"og:title\" content=\"About Us - Verdi St. George\u2019s Bay Marina\" \/>\n<meta property=\"og:description\" content=\"Immerse in Malta&#039;s essence through tailor-made experiences at Verdi St. George\u2019s Bay Marina. Your unique journey awaits.\" \/>\n<meta property=\"og:url\" content=\"https:\/\/verdihotels.com\/stgeorgesbay\/de\/ueber-das-verdi-st-georges-bay\/\" \/>\n<meta property=\"og:site_name\" content=\"Verdi St. George\u2019s Bay Marina\" \/>\n<meta property=\"article:publisher\" content=\"https:\/\/www.facebook.com\/VerdiHotels\" \/>\n<meta property=\"article:modified_time\" content=\"2024-09-26T09:40:31+00:00\" \/>\n<meta name=\"twitter:card\" content=\"summary_large_image\" \/>\n<meta name=\"twitter:label1\" content=\"Est. reading time\" \/>\n\t<meta name=\"twitter:data1\" content=\"1 minute\" \/>\n<script type=\"application\/ld+json\" class=\"yoast-schema-graph\">{\"@context\":\"https:\\\/\\\/schema.org\",\"@graph\":[{\"@type\":\"WebPage\",\"@id\":\"https:\\\/\\\/verdihotels.com\\\/stgeorgesbay\\\/de\\\/ueber-das-verdi-st-georges-bay\\\/\",\"url\":\"https:\\\/\\\/verdihotels.com\\\/stgeorgesbay\\\/de\\\/ueber-das-verdi-st-georges-bay\\\/\",\"name\":\"About Us - Verdi St. George\u2019s Bay Marina\",\"description\":\"Immerse in Malta's essence through tailor-made experiences at Verdi St. George\u2019s Bay Marina. Your unique journey awaits.\",\"potentialAction\":[{\"@type\":\"ReadAction\",\"target\":[\"https:\\\/\\\/verdihotels.com\\\/stgeorgesbay\\\/de\\\/ueber-das-verdi-st-georges-bay\\\/\"]}]},{\"@type\":\"BreadcrumbList\",\"@id\":\"https:\\\/\\\/verdihotels.com\\\/stgeorgesbay\\\/de\\\/ueber-das-verdi-st-georges-bay\\\/#breadcrumb\",\"itemListElement\":[{\"@type\":\"ListItem\",\"position\":1,\"name\":\"Home\",\"item\":\"https:\\\/\\\/verdihotels.com\\\/stgeorgesbay\\\/\"},{\"@type\":\"ListItem\",\"position\":2,\"name\":\"\u00dcber das Verdi St George&#8217;s Bay\"}]},{\"@type\":\"WebSite\",\"@id\":\"https:\\\/\\\/verdihotels.com\\\/stgeorgesbay\\\/#website\",\"url\":\"https:\\\/\\\/verdihotels.com\\\/stgeorgesbay\\\/\",\"name\":\"Verdi St. George\u2019s Bay Marina\",\"description\":\"travelling the way it&#039;s meant to be\",\"publisher\":{\"@id\":\"https:\\\/\\\/verdihotels.com\\\/stgeorgesbay\\\/#organization\"},\"potentialAction\":[{\"@type\":\"SearchAction\",\"target\":{\"@type\":\"EntryPoint\",\"urlTemplate\":\"https:\\\/\\\/verdihotels.com\\\/stgeorgesbay\\\/?s={search_term_string}\"},\"query-input\":{\"@type\":\"PropertyValueSpecification\",\"valueRequired\":true,\"valueName\":\"search_term_string\"}}],\"inLanguage\":\"en-US\"},{\"@type\":\"Organization\",\"@id\":\"https:\\\/\\\/verdihotels.com\\\/stgeorgesbay\\\/#organization\",\"name\":\"Verdi St. George\u2019s Bay Marina\",\"url\":\"https:\\\/\\\/verdihotels.com\\\/stgeorgesbay\\\/\",\"logo\":{\"@type\":\"ImageObject\",\"inLanguage\":\"en-US\",\"@id\":\"https:\\\/\\\/verdihotels.com\\\/stgeorgesbay\\\/#\\\/schema\\\/logo\\\/image\\\/\",\"url\":\"https:\\\/\\\/verdihotels.com\\\/wp-content\\\/uploads\\\/sites\\\/4\\\/2023\\\/05\\\/Verdi-Hotels-Logo-RGB@2x.png\",\"contentUrl\":\"https:\\\/\\\/verdihotels.com\\\/wp-content\\\/uploads\\\/sites\\\/4\\\/2023\\\/05\\\/Verdi-Hotels-Logo-RGB@2x.png\",\"width\":1224,\"height\":576,\"caption\":\"Verdi St. George\u2019s Bay Marina\"},\"image\":{\"@id\":\"https:\\\/\\\/verdihotels.com\\\/stgeorgesbay\\\/#\\\/schema\\\/logo\\\/image\\\/\"},\"sameAs\":[\"https:\\\/\\\/www.facebook.com\\\/VerdiHotels\",\"https:\\\/\\\/www.tiktok.com\\\/@verdi_hotels\",\"https:\\\/\\\/www.instagram.com\\\/verdi_hotels\"]}]}<\/script>\n<!-- \/ Yoast SEO plugin. -->","yoast_head_json":{"title":"About Us - Verdi St. George\u2019s Bay Marina","description":"Immerse in Malta's essence through tailor-made experiences at Verdi St. George\u2019s Bay Marina. Your unique journey awaits.","robots":{"index":"index","follow":"follow","max-snippet":"max-snippet:-1","max-image-preview":"max-image-preview:large","max-video-preview":"max-video-preview:-1"},"canonical":"https:\/\/verdihotels.com\/stgeorgesbay\/de\/ueber-das-verdi-st-georges-bay\/","og_locale":"en_US","og_type":"article","og_title":"About Us - Verdi St. George\u2019s Bay Marina","og_description":"Immerse in Malta's essence through tailor-made experiences at Verdi St. George\u2019s Bay Marina. Your unique journey awaits.","og_url":"https:\/\/verdihotels.com\/stgeorgesbay\/de\/ueber-das-verdi-st-georges-bay\/","og_site_name":"Verdi St. George\u2019s Bay Marina","article_publisher":"https:\/\/www.facebook.com\/VerdiHotels","article_modified_time":"2024-09-26T09:40:31+00:00","twitter_card":"summary_large_image","twitter_misc":{"Est. reading time":"1 minute"},"schema":{"@context":"https:\/\/schema.org","@graph":[{"@type":"WebPage","@id":"https:\/\/verdihotels.com\/stgeorgesbay\/de\/ueber-das-verdi-st-georges-bay\/","url":"https:\/\/verdihotels.com\/stgeorgesbay\/de\/ueber-das-verdi-st-georges-bay\/","name":"About Us - Verdi St. George\u2019s Bay Marina","description":"Immerse in Malta's essence through tailor-made experiences at Verdi St. George\u2019s Bay Marina. Your unique journey awaits.","potentialAction":[{"@type":"ReadAction","target":["https:\/\/verdihotels.com\/stgeorgesbay\/de\/ueber-das-verdi-st-georges-bay\/"]}]},{"@type":"BreadcrumbList","@id":"https:\/\/verdihotels.com\/stgeorgesbay\/de\/ueber-das-verdi-st-georges-bay\/#breadcrumb","itemListElement":[{"@type":"ListItem","position":1,"name":"Home","item":"https:\/\/verdihotels.com\/stgeorgesbay\/"},{"@type":"ListItem","position":2,"name":"\u00dcber das Verdi St George&#8217;s Bay"}]},{"@type":"WebSite","@id":"https:\/\/verdihotels.com\/stgeorgesbay\/#website","url":"https:\/\/verdihotels.com\/stgeorgesbay\/","name":"Verdi St. George\u2019s Bay Marina","description":"travelling the way it&#039;s meant to be","publisher":{"@id":"https:\/\/verdihotels.com\/stgeorgesbay\/#organization"},"potentialAction":[{"@type":"SearchAction","target":{"@type":"EntryPoint","urlTemplate":"https:\/\/verdihotels.com\/stgeorgesbay\/?s={search_term_string}"},"query-input":{"@type":"PropertyValueSpecification","valueRequired":true,"valueName":"search_term_string"}}],"inLanguage":"en-US"},{"@type":"Organization","@id":"https:\/\/verdihotels.com\/stgeorgesbay\/#organization","name":"Verdi St. George\u2019s Bay Marina","url":"https:\/\/verdihotels.com\/stgeorgesbay\/","logo":{"@type":"ImageObject","inLanguage":"en-US","@id":"https:\/\/verdihotels.com\/stgeorgesbay\/#\/schema\/logo\/image\/","url":"https:\/\/verdihotels.com\/wp-content\/uploads\/sites\/4\/2023\/05\/Verdi-Hotels-Logo-RGB@2x.png","contentUrl":"https:\/\/verdihotels.com\/wp-content\/uploads\/sites\/4\/2023\/05\/Verdi-Hotels-Logo-RGB@2x.png","width":1224,"height":576,"caption":"Verdi St. George\u2019s Bay Marina"},"image":{"@id":"https:\/\/verdihotels.com\/stgeorgesbay\/#\/schema\/logo\/image\/"},"sameAs":["https:\/\/www.facebook.com\/VerdiHotels","https:\/\/www.tiktok.com\/@verdi_hotels","https:\/\/www.instagram.com\/verdi_hotels"]}]}},"acf":[],"lang":"de","translations":{"de":36080,"en":36,"hu":36079,"pt":36768,"fr":36787,"cs":36844},"pll_sync_post":[],"_links":{"self":[{"href":"https:\/\/verdihotels.com\/stgeorgesbay\/wp-json\/wp\/v2\/pages\/36080","targetHints":{"allow":["GET"]}}],"collection":[{"href":"https:\/\/verdihotels.com\/stgeorgesbay\/wp-json\/wp\/v2\/pages"}],"about":[{"href":"https:\/\/verdihotels.com\/stgeorgesbay\/wp-json\/wp\/v2\/types\/page"}],"author":[{"embeddable":true,"href":"https:\/\/verdihotels.com\/stgeorgesbay\/wp-json\/wp\/v2\/users\/1"}],"replies":[{"embeddable":true,"href":"https:\/\/verdihotels.com\/stgeorgesbay\/wp-json\/wp\/v2\/comments?post=36080"}],"version-history":[{"count":0,"href":"https:\/\/verdihotels.com\/stgeorgesbay\/wp-json\/wp\/v2\/pages\/36080\/revisions"}],"wp:attachment":[{"href":"https:\/\/verdihotels.com\/stgeorgesbay\/wp-json\/wp\/v2\/media?parent=36080"}],"curies":[{"name":"wp","href":"https:\/\/api.w.org\/{rel}","templated":true}]}}