{"id":36102,"date":"2023-05-25T15:54:38","date_gmt":"2023-05-25T15:54:38","guid":{"rendered":"https:\/\/verdistjulians.wpenginepowered.com\/?page_id=43"},"modified":"2026-04-09T09:09:34","modified_gmt":"2026-04-09T09:09:34","slug":"meet-celebrate","status":"publish","type":"page","link":"https:\/\/verdihotels.com\/stgeorgesbay\/de\/meet-celebrate\/","title":{"rendered":"Tagen und feiern"},"content":{"rendered":"<div data-elementor-type=\"wp-page\" data-elementor-id=\"36102\" class=\"elementor elementor-36102\" data-elementor-post-type=\"page\"><div class=\"breadcrumbs\"><span><span><a href=\"https:\/\/verdihotels.com\/stgeorgesbay\/\">Home<\/a><\/span><\/span><\/div>\n\t\t\t\t\t\t<section class=\"elementor-section elementor-top-section elementor-element elementor-element-23dc7f8 elementor-section-height-min-height elementor-section-items-bottom elementor-section-boxed elementor-section-height-default\" data-id=\"23dc7f8\" data-element_type=\"section\" data-e-type=\"section\" data-settings='{\"background_background\":\"classic\"}'>\n\t\t\t\t\t\t<div class=\"elementor-container elementor-column-gap-default\">\n\t\t\t\t\t<div class=\"elementor-column elementor-col-100 elementor-top-column elementor-element elementor-element-a762864\" data-id=\"a762864\" data-element_type=\"column\" data-e-type=\"column\">\n\t\t\t<div class=\"elementor-widget-wrap elementor-element-populated\">\n\t\t\t\t\t\t<div class=\"elementor-element elementor-element-3a89559 elementor-widget elementor-widget-heading\" data-id=\"3a89559\" data-element_type=\"widget\" data-e-type=\"widget\" data-widget_type=\"heading.default\">\n\t\t\t\t<div class=\"elementor-widget-container\">\n\t\t\t\t\t<h2 class=\"elementor-heading-title elementor-size-default\">Book a Meeting<\/h2>\t\t\t\t<\/div>\n\t\t\t\t<\/div>\n\t\t\t\t<div class=\"elementor-element elementor-element-be60bec elementor-widget elementor-widget-html\" data-id=\"be60bec\" data-element_type=\"widget\" data-e-type=\"widget\" data-widget_type=\"html.default\">\n\t\t\t\t<div class=\"elementor-widget-container\">\n\t\t\t\t\t<div id=\"mp-booking-engine-iframe-container\" style=\"width: 1100px\"><\/div>\n    <script langcode=\"en\" whitelabel_id=\"724200\" widget_id=\"verdi_hotels\" destination=\"721465\" version=\"frontpage-v4\" src=\"https:\/\/bookingengine-mp.s3.eu-west-2.amazonaws.com\/script.js\"><\/script>\t\t\t\t<\/div>\n\t\t\t\t<\/div>\n\t\t\t\t\t<\/div>\n\t\t<\/div>\n\t\t\t\t\t<\/div>\n\t\t<\/section>\n\t\t\t\t<section class=\"elementor-section elementor-top-section elementor-element elementor-element-ee9865d elementor-section-full_width elementor-section-height-min-height elementor-section-height-default elementor-section-items-middle\" data-id=\"ee9865d\" data-element_type=\"section\" data-e-type=\"section\">\n\t\t\t\t\t\t<div class=\"elementor-container elementor-column-gap-default\">\n\t\t\t\t\t<div class=\"elementor-column elementor-col-50 elementor-top-column elementor-element elementor-element-be324b3\" data-id=\"be324b3\" data-element_type=\"column\" data-e-type=\"column\">\n\t\t\t<div class=\"elementor-widget-wrap elementor-element-populated\">\n\t\t\t\t\t\t<div class=\"elementor-element elementor-element-7c52125 elementor-widget elementor-widget-heading\" data-id=\"7c52125\" data-element_type=\"widget\" data-e-type=\"widget\" data-widget_type=\"heading.default\">\n\t\t\t\t<div class=\"elementor-widget-container\">\n\t\t\t\t\t<h2 class=\"elementor-heading-title elementor-size-default\">TAGEN UND FEIERN<\/h2>\t\t\t\t<\/div>\n\t\t\t\t<\/div>\n\t\t\t\t<div class=\"elementor-element elementor-element-d49f2e2 elementor-widget elementor-widget-heading\" data-id=\"d49f2e2\" data-element_type=\"widget\" data-e-type=\"widget\" data-widget_type=\"heading.default\">\n\t\t\t\t<div class=\"elementor-widget-container\">\n\t\t\t\t\t<h1 class=\"elementor-heading-title elementor-size-default\">Hotel-Tagungsr&auml;ume in Malta<\/h1>\t\t\t\t<\/div>\n\t\t\t\t<\/div>\n\t\t\t\t\t<\/div>\n\t\t<\/div>\n\t\t\t\t<div class=\"elementor-column elementor-col-50 elementor-top-column elementor-element elementor-element-fe7e86a\" data-id=\"fe7e86a\" data-element_type=\"column\" data-e-type=\"column\">\n\t\t\t<div class=\"elementor-widget-wrap elementor-element-populated\">\n\t\t\t\t\t\t<div class=\"elementor-element elementor-element-2c63260 elementor-widget__width-initial elementor-widget elementor-widget-text-editor\" data-id=\"2c63260\" data-element_type=\"widget\" data-e-type=\"widget\" data-widget_type=\"text-editor.default\">\n\t\t\t\t<div class=\"elementor-widget-container\">\n\t\t\t\t\t\t\t\t\t<p class=\"p1\">Wir bei Verdi St. George&rsquo;s Bay Marina wissen, wie sehr dir deine Veranstaltung am Herzen liegt, sowohl unter professionellen als auch unter pers&ouml;nlichen Gesichtspunkten. Ob du eine Vorstandssitzung im kleinen Kreis abhalten willst oder eine gro&szlig;e Konferenz organisierst, unser engagiertes Veranstaltungsteam sorgt f&uuml;r eine reibungslose Abwicklung.<\/p>\t\t\t\t\t\t\t\t<\/div>\n\t\t\t\t<\/div>\n\t\t\t\t\t<\/div>\n\t\t<\/div>\n\t\t\t\t\t<\/div>\n\t\t<\/section>\n\t\t\t\t<section class=\"elementor-section elementor-top-section elementor-element elementor-element-360b9cd elementor-section-full_width elementor-section-height-min-height elementor-section-height-default elementor-section-items-middle\" data-id=\"360b9cd\" data-element_type=\"section\" data-e-type=\"section\" id=\"conference\" data-settings='{\"background_background\":\"classic\"}'>\n\t\t\t\t\t\t<div class=\"elementor-container elementor-column-gap-default\">\n\t\t\t\t\t<div class=\"elementor-column elementor-col-50 elementor-top-column elementor-element elementor-element-8a26bf9\" data-id=\"8a26bf9\" data-element_type=\"column\" data-e-type=\"column\">\n\t\t\t<div class=\"elementor-widget-wrap elementor-element-populated\">\n\t\t\t\t\t\t<div class=\"elementor-element elementor-element-9e68d1d elementor-widget elementor-widget-spacer\" data-id=\"9e68d1d\" data-element_type=\"widget\" data-e-type=\"widget\" data-widget_type=\"spacer.default\">\n\t\t\t\t<div class=\"elementor-widget-container\">\n\t\t\t\t\t\t\t<div class=\"elementor-spacer\">\n\t\t\t<div class=\"elementor-spacer-inner\"><\/div>\n\t\t<\/div>\n\t\t\t\t\t\t<\/div>\n\t\t\t\t<\/div>\n\t\t\t\t\t<\/div>\n\t\t<\/div>\n\t\t\t\t<div class=\"elementor-column elementor-col-50 elementor-top-column elementor-element elementor-element-c2ea283\" data-id=\"c2ea283\" data-element_type=\"column\" data-e-type=\"column\" data-settings='{\"background_background\":\"classic\"}'>\n\t\t\t<div class=\"elementor-widget-wrap elementor-element-populated\">\n\t\t\t\t\t\t<div class=\"elementor-element elementor-element-b1fda01 elementor-widget elementor-widget-heading\" data-id=\"b1fda01\" data-element_type=\"widget\" data-e-type=\"widget\" data-widget_type=\"heading.default\">\n\t\t\t\t<div class=\"elementor-widget-container\">\n\t\t\t\t\t<h2 class=\"elementor-heading-title elementor-size-default\">TAGEN UND FEIERN<\/h2>\t\t\t\t<\/div>\n\t\t\t\t<\/div>\n\t\t\t\t<div class=\"elementor-element elementor-element-6a254aa elementor-widget elementor-widget-heading\" data-id=\"6a254aa\" data-element_type=\"widget\" data-e-type=\"widget\" data-widget_type=\"heading.default\">\n\t\t\t\t<div class=\"elementor-widget-container\">\n\t\t\t\t\t<h2 class=\"elementor-heading-title elementor-size-default\">Entdecke die<br>\nperfekte Location<\/h2>\t\t\t\t<\/div>\n\t\t\t\t<\/div>\n\t\t\t\t<div class=\"elementor-element elementor-element-56fb65f elementor-widget__width-initial elementor-widget elementor-widget-text-editor\" data-id=\"56fb65f\" data-element_type=\"widget\" data-e-type=\"widget\" data-widget_type=\"text-editor.default\">\n\t\t\t\t<div class=\"elementor-widget-container\">\n\t\t\t\t\t\t\t\t\t<p class=\"p1\">Deine Hochzeit sollte als fr&ouml;hlicher Anlass geplant werden. Wir im The Verdi St. George&rsquo;s Bay Marina organisieren sie f&uuml;r dich. Ob du dir eine gro&szlig;e Feier oder ein Fest im kleinen Kreis mit Familie und Freunden vorstellst, unser Resort ist der ideale Rahmen f&uuml;r dein besonderes Ereignis.<\/p>\t\t\t\t\t\t\t\t<\/div>\n\t\t\t\t<\/div>\n\t\t\t\t<div class=\"elementor-element elementor-element-c168398 elementor-widget elementor-widget-spacer\" data-id=\"c168398\" data-element_type=\"widget\" data-e-type=\"widget\" data-widget_type=\"spacer.default\">\n\t\t\t\t<div class=\"elementor-widget-container\">\n\t\t\t\t\t\t\t<div class=\"elementor-spacer\">\n\t\t\t<div class=\"elementor-spacer-inner\"><\/div>\n\t\t<\/div>\n\t\t\t\t\t\t<\/div>\n\t\t\t\t<\/div>\n\t\t\t\t<div class=\"elementor-element elementor-element-00a0291 elementor-widget elementor-widget-button\" data-id=\"00a0291\" data-element_type=\"widget\" data-e-type=\"widget\" data-widget_type=\"button.default\">\n\t\t\t\t<div class=\"elementor-widget-container\">\n\t\t\t\t\t\t\t\t\t<div class=\"elementor-button-wrapper\">\n\t\t\t\t\t<a class=\"elementor-button elementor-button-link elementor-size-sm\" href=\"https:\/\/verdihotels.com\/stgeorgesbay\/meet-celebrate\/weddings-events\/\">\n\t\t\t\t\t\t<span class=\"elementor-button-content-wrapper\">\n\t\t\t\t\t\t\t\t\t<span class=\"elementor-button-text\">Entdecken<\/span>\n\t\t\t\t\t<\/span>\n\t\t\t\t\t<\/a>\n\t\t\t\t<\/div>\n\t\t\t\t\t\t\t\t<\/div>\n\t\t\t\t<\/div>\n\t\t\t\t\t<\/div>\n\t\t<\/div>\n\t\t\t\t\t<\/div>\n\t\t<\/section>\n\t\t\t\t<section class=\"elementor-section elementor-top-section elementor-element elementor-element-05e2fac elementor-section-full_width elementor-section-height-min-height elementor-section-items-top elementor-section-height-default\" data-id=\"05e2fac\" data-element_type=\"section\" data-e-type=\"section\" id=\"events\" data-settings='{\"background_background\":\"classic\"}'>\n\t\t\t\t\t\t<div class=\"elementor-container elementor-column-gap-default\">\n\t\t\t\t\t<div class=\"elementor-column elementor-col-50 elementor-top-column elementor-element elementor-element-0e7f62c\" data-id=\"0e7f62c\" data-element_type=\"column\" data-e-type=\"column\" data-settings='{\"background_background\":\"classic\",\"motion_fx_motion_fx_scrolling\":\"yes\",\"motion_fx_translateY_effect\":\"yes\",\"motion_fx_translateY_speed\":{\"unit\":\"px\",\"size\":\"2\",\"sizes\":[]},\"motion_fx_devices\":[\"desktop\",\"tablet\"],\"motion_fx_translateY_affectedRange\":{\"unit\":\"%\",\"size\":\"\",\"sizes\":{\"start\":0,\"end\":100}}}'>\n\t\t\t<div class=\"elementor-widget-wrap elementor-element-populated\">\n\t\t\t\t\t\t<div class=\"elementor-element elementor-element-52ad466 elementor-widget elementor-widget-heading\" data-id=\"52ad466\" data-element_type=\"widget\" data-e-type=\"widget\" data-widget_type=\"heading.default\">\n\t\t\t\t<div class=\"elementor-widget-container\">\n\t\t\t\t\t<h2 class=\"elementor-heading-title elementor-size-default\">TAGEN UND FEIERN<\/h2>\t\t\t\t<\/div>\n\t\t\t\t<\/div>\n\t\t\t\t<div class=\"elementor-element elementor-element-8d37efa elementor-widget__width-initial elementor-widget elementor-widget-heading\" data-id=\"8d37efa\" data-element_type=\"widget\" data-e-type=\"widget\" data-widget_type=\"heading.default\">\n\t\t\t\t<div class=\"elementor-widget-container\">\n\t\t\t\t\t<h2 class=\"elementor-heading-title elementor-size-default\">Plane dein n&auml;chstes Event in Malta<\/h2>\t\t\t\t<\/div>\n\t\t\t\t<\/div>\n\t\t\t\t<div class=\"elementor-element elementor-element-0e4333a elementor-widget__width-initial elementor-widget elementor-widget-text-editor\" data-id=\"0e4333a\" data-element_type=\"widget\" data-e-type=\"widget\" data-widget_type=\"text-editor.default\">\n\t\t\t\t<div class=\"elementor-widget-container\">\n\t\t\t\t\t\t\t\t\t<p class=\"p1\">Dank seiner vielen Sonnenstunden und seiner reichen Geschichte hat sich Malta zu einem der beliebtesten Ziele f&uuml;r Tagungen, Incentives, Kongresse und Ausstellungen (MICE) entwickelt.<\/p>\t\t\t\t\t\t\t\t<\/div>\n\t\t\t\t<\/div>\n\t\t\t\t<div class=\"elementor-element elementor-element-6cc51e1 elementor-widget elementor-widget-spacer\" data-id=\"6cc51e1\" data-element_type=\"widget\" data-e-type=\"widget\" data-widget_type=\"spacer.default\">\n\t\t\t\t<div class=\"elementor-widget-container\">\n\t\t\t\t\t\t\t<div class=\"elementor-spacer\">\n\t\t\t<div class=\"elementor-spacer-inner\"><\/div>\n\t\t<\/div>\n\t\t\t\t\t\t<\/div>\n\t\t\t\t<\/div>\n\t\t\t\t<div class=\"elementor-element elementor-element-1aace53 elementor-widget elementor-widget-button\" data-id=\"1aace53\" data-element_type=\"widget\" data-e-type=\"widget\" data-widget_type=\"button.default\">\n\t\t\t\t<div class=\"elementor-widget-container\">\n\t\t\t\t\t\t\t\t\t<div class=\"elementor-button-wrapper\">\n\t\t\t\t\t<a class=\"elementor-button elementor-button-link elementor-size-sm\" href=\"https:\/\/verdihotels.com\/stgeorgesbay\/meet-celebrate\/meetings-and-events\/\">\n\t\t\t\t\t\t<span class=\"elementor-button-content-wrapper\">\n\t\t\t\t\t\t\t\t\t<span class=\"elementor-button-text\">Entdecken<\/span>\n\t\t\t\t\t<\/span>\n\t\t\t\t\t<\/a>\n\t\t\t\t<\/div>\n\t\t\t\t\t\t\t\t<\/div>\n\t\t\t\t<\/div>\n\t\t\t\t\t<\/div>\n\t\t<\/div>\n\t\t\t\t<div class=\"elementor-column elementor-col-50 elementor-top-column elementor-element elementor-element-6bc7738\" data-id=\"6bc7738\" data-element_type=\"column\" data-e-type=\"column\">\n\t\t\t<div class=\"elementor-widget-wrap\">\n\t\t\t\t\t\t\t<\/div>\n\t\t<\/div>\n\t\t\t\t\t<\/div>\n\t\t<\/section>\n\t\t\t\t<\/div>\n","protected":false},"excerpt":{"rendered":"<p>Book a Meeting TAGEN UND FEIERN Hotel-Tagungsr\u00e4ume in Malta Wir bei Verdi St. George&#8217;s Bay Marina wissen, wie sehr dir deine Veranstaltung am Herzen liegt, sowohl unter professionellen als auch unter pers\u00f6nlichen Gesichtspunkten. Ob du eine Vorstandssitzung im kleinen Kreis abhalten willst oder eine gro\u00dfe Konferenz organisierst, unser engagiertes Veranstaltungsteam sorgt f\u00fcr eine reibungslose Abwicklung.&hellip;<\/p>\n","protected":false},"author":1,"featured_media":0,"parent":0,"menu_order":40,"comment_status":"closed","ping_status":"closed","template":"","meta":{"_acf_changed":false,"footnotes":""},"class_list":["post-36102","page","type-page","status-publish","hentry"],"yoast_head":"<!-- This site is optimized with the Yoast SEO plugin v27.4 - https:\/\/yoast.com\/product\/yoast-seo-wordpress\/ -->\n<title>Tagen und feiern - Verdi St. George\u2019s Bay Marina<\/title>\n<meta name=\"description\" content=\"Elevate your business events with exceptional facilities and services at Verdi St. George\u2019s Bay Marina. Versatile rooms for strategy meetings and VIP guests.\" \/>\n<meta name=\"robots\" content=\"index, follow, max-snippet:-1, max-image-preview:large, max-video-preview:-1\" \/>\n<link rel=\"canonical\" href=\"https:\/\/verdihotels.com\/stgeorgesbay\/de\/meet-celebrate\/\" \/>\n<meta property=\"og:locale\" content=\"en_US\" \/>\n<meta property=\"og:type\" content=\"article\" \/>\n<meta property=\"og:title\" content=\"Tagen und feiern - Verdi St. George\u2019s Bay Marina\" \/>\n<meta property=\"og:description\" content=\"Elevate your business events with exceptional facilities and services at Verdi St. George\u2019s Bay Marina. Versatile rooms for strategy meetings and VIP guests.\" \/>\n<meta property=\"og:url\" content=\"https:\/\/verdihotels.com\/stgeorgesbay\/de\/meet-celebrate\/\" \/>\n<meta property=\"og:site_name\" content=\"Verdi St. George\u2019s Bay Marina\" \/>\n<meta property=\"article:publisher\" content=\"https:\/\/www.facebook.com\/VerdiHotels\" \/>\n<meta property=\"article:modified_time\" content=\"2026-04-09T09:09:34+00:00\" \/>\n<meta name=\"twitter:card\" content=\"summary_large_image\" \/>\n<meta name=\"twitter:label1\" content=\"Est. reading time\" \/>\n\t<meta name=\"twitter:data1\" content=\"1 minute\" \/>\n<script type=\"application\/ld+json\" class=\"yoast-schema-graph\">{\"@context\":\"https:\\\/\\\/schema.org\",\"@graph\":[{\"@type\":\"WebPage\",\"@id\":\"https:\\\/\\\/verdihotels.com\\\/stgeorgesbay\\\/de\\\/meet-celebrate\\\/\",\"url\":\"https:\\\/\\\/verdihotels.com\\\/stgeorgesbay\\\/de\\\/meet-celebrate\\\/\",\"name\":\"Tagen und feiern - Verdi St. George\u2019s Bay Marina\",\"description\":\"Elevate your business events with exceptional facilities and services at Verdi St. George\u2019s Bay Marina. Versatile rooms for strategy meetings and VIP guests.\",\"potentialAction\":[{\"@type\":\"ReadAction\",\"target\":[\"https:\\\/\\\/verdihotels.com\\\/stgeorgesbay\\\/de\\\/meet-celebrate\\\/\"]}]},{\"@type\":\"BreadcrumbList\",\"@id\":\"https:\\\/\\\/verdihotels.com\\\/stgeorgesbay\\\/de\\\/meet-celebrate\\\/#breadcrumb\",\"itemListElement\":[{\"@type\":\"ListItem\",\"position\":1,\"name\":\"Home\",\"item\":\"https:\\\/\\\/verdihotels.com\\\/stgeorgesbay\\\/\"},{\"@type\":\"ListItem\",\"position\":2,\"name\":\"Tagen und feiern\"}]},{\"@type\":\"WebSite\",\"@id\":\"https:\\\/\\\/verdihotels.com\\\/stgeorgesbay\\\/#website\",\"url\":\"https:\\\/\\\/verdihotels.com\\\/stgeorgesbay\\\/\",\"name\":\"Verdi St. George\u2019s Bay Marina\",\"description\":\"travelling the way it&#039;s meant to be\",\"publisher\":{\"@id\":\"https:\\\/\\\/verdihotels.com\\\/stgeorgesbay\\\/#organization\"},\"potentialAction\":[{\"@type\":\"SearchAction\",\"target\":{\"@type\":\"EntryPoint\",\"urlTemplate\":\"https:\\\/\\\/verdihotels.com\\\/stgeorgesbay\\\/?s={search_term_string}\"},\"query-input\":{\"@type\":\"PropertyValueSpecification\",\"valueRequired\":true,\"valueName\":\"search_term_string\"}}],\"inLanguage\":\"en-US\"},{\"@type\":\"Organization\",\"@id\":\"https:\\\/\\\/verdihotels.com\\\/stgeorgesbay\\\/#organization\",\"name\":\"Verdi St. George\u2019s Bay Marina\",\"url\":\"https:\\\/\\\/verdihotels.com\\\/stgeorgesbay\\\/\",\"logo\":{\"@type\":\"ImageObject\",\"inLanguage\":\"en-US\",\"@id\":\"https:\\\/\\\/verdihotels.com\\\/stgeorgesbay\\\/#\\\/schema\\\/logo\\\/image\\\/\",\"url\":\"https:\\\/\\\/verdihotels.com\\\/wp-content\\\/uploads\\\/sites\\\/4\\\/2023\\\/05\\\/Verdi-Hotels-Logo-RGB@2x.png\",\"contentUrl\":\"https:\\\/\\\/verdihotels.com\\\/wp-content\\\/uploads\\\/sites\\\/4\\\/2023\\\/05\\\/Verdi-Hotels-Logo-RGB@2x.png\",\"width\":1224,\"height\":576,\"caption\":\"Verdi St. George\u2019s Bay Marina\"},\"image\":{\"@id\":\"https:\\\/\\\/verdihotels.com\\\/stgeorgesbay\\\/#\\\/schema\\\/logo\\\/image\\\/\"},\"sameAs\":[\"https:\\\/\\\/www.facebook.com\\\/VerdiHotels\",\"https:\\\/\\\/www.tiktok.com\\\/@verdi_hotels\",\"https:\\\/\\\/www.instagram.com\\\/verdi_hotels\"]}]}<\/script>\n<!-- \/ Yoast SEO plugin. -->","yoast_head_json":{"title":"Tagen und feiern - Verdi St. George\u2019s Bay Marina","description":"Elevate your business events with exceptional facilities and services at Verdi St. George\u2019s Bay Marina. Versatile rooms for strategy meetings and VIP guests.","robots":{"index":"index","follow":"follow","max-snippet":"max-snippet:-1","max-image-preview":"max-image-preview:large","max-video-preview":"max-video-preview:-1"},"canonical":"https:\/\/verdihotels.com\/stgeorgesbay\/de\/meet-celebrate\/","og_locale":"en_US","og_type":"article","og_title":"Tagen und feiern - Verdi St. George\u2019s Bay Marina","og_description":"Elevate your business events with exceptional facilities and services at Verdi St. George\u2019s Bay Marina. Versatile rooms for strategy meetings and VIP guests.","og_url":"https:\/\/verdihotels.com\/stgeorgesbay\/de\/meet-celebrate\/","og_site_name":"Verdi St. George\u2019s Bay Marina","article_publisher":"https:\/\/www.facebook.com\/VerdiHotels","article_modified_time":"2026-04-09T09:09:34+00:00","twitter_card":"summary_large_image","twitter_misc":{"Est. reading time":"1 minute"},"schema":{"@context":"https:\/\/schema.org","@graph":[{"@type":"WebPage","@id":"https:\/\/verdihotels.com\/stgeorgesbay\/de\/meet-celebrate\/","url":"https:\/\/verdihotels.com\/stgeorgesbay\/de\/meet-celebrate\/","name":"Tagen und feiern - Verdi St. George\u2019s Bay Marina","description":"Elevate your business events with exceptional facilities and services at Verdi St. George\u2019s Bay Marina. Versatile rooms for strategy meetings and VIP guests.","potentialAction":[{"@type":"ReadAction","target":["https:\/\/verdihotels.com\/stgeorgesbay\/de\/meet-celebrate\/"]}]},{"@type":"BreadcrumbList","@id":"https:\/\/verdihotels.com\/stgeorgesbay\/de\/meet-celebrate\/#breadcrumb","itemListElement":[{"@type":"ListItem","position":1,"name":"Home","item":"https:\/\/verdihotels.com\/stgeorgesbay\/"},{"@type":"ListItem","position":2,"name":"Tagen und feiern"}]},{"@type":"WebSite","@id":"https:\/\/verdihotels.com\/stgeorgesbay\/#website","url":"https:\/\/verdihotels.com\/stgeorgesbay\/","name":"Verdi St. George\u2019s Bay Marina","description":"travelling the way it&#039;s meant to be","publisher":{"@id":"https:\/\/verdihotels.com\/stgeorgesbay\/#organization"},"potentialAction":[{"@type":"SearchAction","target":{"@type":"EntryPoint","urlTemplate":"https:\/\/verdihotels.com\/stgeorgesbay\/?s={search_term_string}"},"query-input":{"@type":"PropertyValueSpecification","valueRequired":true,"valueName":"search_term_string"}}],"inLanguage":"en-US"},{"@type":"Organization","@id":"https:\/\/verdihotels.com\/stgeorgesbay\/#organization","name":"Verdi St. George\u2019s Bay Marina","url":"https:\/\/verdihotels.com\/stgeorgesbay\/","logo":{"@type":"ImageObject","inLanguage":"en-US","@id":"https:\/\/verdihotels.com\/stgeorgesbay\/#\/schema\/logo\/image\/","url":"https:\/\/verdihotels.com\/wp-content\/uploads\/sites\/4\/2023\/05\/Verdi-Hotels-Logo-RGB@2x.png","contentUrl":"https:\/\/verdihotels.com\/wp-content\/uploads\/sites\/4\/2023\/05\/Verdi-Hotels-Logo-RGB@2x.png","width":1224,"height":576,"caption":"Verdi St. George\u2019s Bay Marina"},"image":{"@id":"https:\/\/verdihotels.com\/stgeorgesbay\/#\/schema\/logo\/image\/"},"sameAs":["https:\/\/www.facebook.com\/VerdiHotels","https:\/\/www.tiktok.com\/@verdi_hotels","https:\/\/www.instagram.com\/verdi_hotels"]}]}},"acf":[],"lang":"de","translations":{"de":36102,"en":43,"hu":36101,"pt":36779,"fr":36792,"cs":36851},"pll_sync_post":[],"_links":{"self":[{"href":"https:\/\/verdihotels.com\/stgeorgesbay\/wp-json\/wp\/v2\/pages\/36102","targetHints":{"allow":["GET"]}}],"collection":[{"href":"https:\/\/verdihotels.com\/stgeorgesbay\/wp-json\/wp\/v2\/pages"}],"about":[{"href":"https:\/\/verdihotels.com\/stgeorgesbay\/wp-json\/wp\/v2\/types\/page"}],"author":[{"embeddable":true,"href":"https:\/\/verdihotels.com\/stgeorgesbay\/wp-json\/wp\/v2\/users\/1"}],"replies":[{"embeddable":true,"href":"https:\/\/verdihotels.com\/stgeorgesbay\/wp-json\/wp\/v2\/comments?post=36102"}],"version-history":[{"count":0,"href":"https:\/\/verdihotels.com\/stgeorgesbay\/wp-json\/wp\/v2\/pages\/36102\/revisions"}],"wp:attachment":[{"href":"https:\/\/verdihotels.com\/stgeorgesbay\/wp-json\/wp\/v2\/media?parent=36102"}],"curies":[{"name":"wp","href":"https:\/\/api.w.org\/{rel}","templated":true}]}}