{"id":36104,"date":"2024-05-11T07:25:02","date_gmt":"2024-05-11T07:25:02","guid":{"rendered":"https:\/\/verdihotels.com\/stgeorgesbay\/?page_id=469"},"modified":"2026-04-09T09:12:15","modified_gmt":"2026-04-09T09:12:15","slug":"konferenzen-und-besprechungen","status":"publish","type":"page","link":"https:\/\/verdihotels.com\/stgeorgesbay\/de\/meet-celebrate\/konferenzen-und-besprechungen\/","title":{"rendered":"Konferenzen und Besprechungen"},"content":{"rendered":"<div data-elementor-type=\"wp-page\" data-elementor-id=\"36104\" class=\"elementor elementor-36104\" data-elementor-post-type=\"page\"><div class=\"breadcrumbs\"><span><span><a href=\"https:\/\/verdihotels.com\/stgeorgesbay\/\">Home<\/a><\/span><\/span><\/div>\n\t\t\t\t\t\t<section class=\"elementor-section elementor-top-section elementor-element elementor-element-db19f1a elementor-section-height-min-height elementor-section-items-bottom elementor-section-boxed elementor-section-height-default\" data-id=\"db19f1a\" data-element_type=\"section\" data-e-type=\"section\" data-settings='{\"background_background\":\"classic\"}'>\n\t\t\t\t\t\t<div class=\"elementor-container elementor-column-gap-default\">\n\t\t\t\t\t<div class=\"elementor-column elementor-col-100 elementor-top-column elementor-element elementor-element-925e902\" data-id=\"925e902\" data-element_type=\"column\" data-e-type=\"column\">\n\t\t\t<div class=\"elementor-widget-wrap elementor-element-populated\">\n\t\t\t\t\t\t<div class=\"elementor-element elementor-element-fc2d20b elementor-widget elementor-widget-heading\" data-id=\"fc2d20b\" data-element_type=\"widget\" data-e-type=\"widget\" data-widget_type=\"heading.default\">\n\t\t\t\t<div class=\"elementor-widget-container\">\n\t\t\t\t\t<h2 class=\"elementor-heading-title elementor-size-default\">Book a Meeting<\/h2>\t\t\t\t<\/div>\n\t\t\t\t<\/div>\n\t\t\t\t<div class=\"elementor-element elementor-element-b1878b8 elementor-widget elementor-widget-html\" data-id=\"b1878b8\" data-element_type=\"widget\" data-e-type=\"widget\" data-widget_type=\"html.default\">\n\t\t\t\t<div class=\"elementor-widget-container\">\n\t\t\t\t\t<div id=\"mp-booking-engine-iframe-container\" style=\"width: 1100px\"><\/div>\n    <script langcode=\"en\" whitelabel_id=\"724200\" widget_id=\"verdi_hotels\" destination=\"721465\" version=\"frontpage-v4\" src=\"https:\/\/bookingengine-mp.s3.eu-west-2.amazonaws.com\/script.js\"><\/script>\t\t\t\t<\/div>\n\t\t\t\t<\/div>\n\t\t\t\t\t<\/div>\n\t\t<\/div>\n\t\t\t\t\t<\/div>\n\t\t<\/section>\n\t\t\t\t<section class=\"elementor-section elementor-top-section elementor-element elementor-element-ee9865d elementor-section-full_width elementor-section-height-min-height elementor-section-height-default elementor-section-items-middle\" data-id=\"ee9865d\" data-element_type=\"section\" data-e-type=\"section\">\n\t\t\t\t\t\t<div class=\"elementor-container elementor-column-gap-default\">\n\t\t\t\t\t<div class=\"elementor-column elementor-col-50 elementor-top-column elementor-element elementor-element-be324b3\" data-id=\"be324b3\" data-element_type=\"column\" data-e-type=\"column\">\n\t\t\t<div class=\"elementor-widget-wrap elementor-element-populated\">\n\t\t\t\t\t\t<div class=\"elementor-element elementor-element-7c52125 elementor-widget elementor-widget-heading\" data-id=\"7c52125\" data-element_type=\"widget\" data-e-type=\"widget\" data-widget_type=\"heading.default\">\n\t\t\t\t<div class=\"elementor-widget-container\">\n\t\t\t\t\t<h2 class=\"elementor-heading-title elementor-size-default\">TAGEN UND FEIERN<\/h2>\t\t\t\t<\/div>\n\t\t\t\t<\/div>\n\t\t\t\t<div class=\"elementor-element elementor-element-d49f2e2 elementor-widget elementor-widget-heading\" data-id=\"d49f2e2\" data-element_type=\"widget\" data-e-type=\"widget\" data-widget_type=\"heading.default\">\n\t\t\t\t<div class=\"elementor-widget-container\">\n\t\t\t\t\t<h1 class=\"elementor-heading-title elementor-size-default\">Plane dein n&auml;chstes Event in Malta<\/h1>\t\t\t\t<\/div>\n\t\t\t\t<\/div>\n\t\t\t\t\t<\/div>\n\t\t<\/div>\n\t\t\t\t<div class=\"elementor-column elementor-col-50 elementor-top-column elementor-element elementor-element-fe7e86a\" data-id=\"fe7e86a\" data-element_type=\"column\" data-e-type=\"column\">\n\t\t\t<div class=\"elementor-widget-wrap elementor-element-populated\">\n\t\t\t\t\t\t<div class=\"elementor-element elementor-element-2c63260 elementor-widget__width-initial elementor-widget elementor-widget-text-editor\" data-id=\"2c63260\" data-element_type=\"widget\" data-e-type=\"widget\" data-widget_type=\"text-editor.default\">\n\t\t\t\t<div class=\"elementor-widget-container\">\n\t\t\t\t\t\t\t\t\t<p class=\"p1\">Dank seiner vielen Sonnenstunden und seiner reichen Geschichte hat sich Malta zu einem der beliebtesten Ziele f&uuml;r Tagungen, Incentives, Kongresse und Ausstellungen (MICE) entwickelt.<\/p>\t\t\t\t\t\t\t\t<\/div>\n\t\t\t\t<\/div>\n\t\t\t\t\t<\/div>\n\t\t<\/div>\n\t\t\t\t\t<\/div>\n\t\t<\/section>\n\t\t\t\t<section class=\"elementor-section elementor-top-section elementor-element elementor-element-360b9cd elementor-section-full_width elementor-section-height-min-height elementor-section-height-default elementor-section-items-middle\" data-id=\"360b9cd\" data-element_type=\"section\" data-e-type=\"section\" id=\"conference\" data-settings='{\"background_background\":\"classic\"}'>\n\t\t\t\t\t\t<div class=\"elementor-container elementor-column-gap-default\">\n\t\t\t\t\t<div class=\"elementor-column elementor-col-50 elementor-top-column elementor-element elementor-element-8a26bf9\" data-id=\"8a26bf9\" data-element_type=\"column\" data-e-type=\"column\">\n\t\t\t<div class=\"elementor-widget-wrap elementor-element-populated\">\n\t\t\t\t\t\t<div class=\"elementor-element elementor-element-9e68d1d elementor-widget elementor-widget-spacer\" data-id=\"9e68d1d\" data-element_type=\"widget\" data-e-type=\"widget\" data-widget_type=\"spacer.default\">\n\t\t\t\t<div class=\"elementor-widget-container\">\n\t\t\t\t\t\t\t<div class=\"elementor-spacer\">\n\t\t\t<div class=\"elementor-spacer-inner\"><\/div>\n\t\t<\/div>\n\t\t\t\t\t\t<\/div>\n\t\t\t\t<\/div>\n\t\t\t\t\t<\/div>\n\t\t<\/div>\n\t\t\t\t<div class=\"elementor-column elementor-col-50 elementor-top-column elementor-element elementor-element-c2ea283\" data-id=\"c2ea283\" data-element_type=\"column\" data-e-type=\"column\" data-settings='{\"background_background\":\"classic\"}'>\n\t\t\t<div class=\"elementor-widget-wrap elementor-element-populated\">\n\t\t\t\t\t\t<div class=\"elementor-element elementor-element-56fb65f elementor-widget__width-initial elementor-widget elementor-widget-text-editor\" data-id=\"56fb65f\" data-element_type=\"widget\" data-e-type=\"widget\" data-widget_type=\"text-editor.default\">\n\t\t\t\t<div class=\"elementor-widget-container\">\n\t\t\t\t\t\t\t\t\t<p>Die Maltesischen Inseln genie&szlig;en einen hervorragenden Ruf rund um das Mittelmeer. Sie sind eine unverwechselbare B&uuml;hne f&uuml;r denkw&uuml;rdige Tagungen und Konferenzen, die deine Teilnehmer in Erinnerung behalten werden.<\/p><p>Das spezielle MICE-Team des Verdi St. George&rsquo;s Bay Marina setzt sich daf&uuml;r ein, dir ein Tagungs- und Konferenzprogramm nach Ma&szlig; zusammenzustellen. Dazu tragen der professionelle Service, die exzellenten Annehmlichkeiten und die fantastische Infrastruktur bei, die Sch&ouml;nheit mit Funktionalit&auml;t verbindet.<\/p><p>Wir unterst&uuml;tzen dich bei jedem Schritt der Vorbereitung und stellen eine reibungslose Veranstaltung sicher, die deine Erwartungen &uuml;bertrifft.<\/p>\t\t\t\t\t\t\t\t<\/div>\n\t\t\t\t<\/div>\n\t\t\t\t<div class=\"elementor-element elementor-element-d15126d elementor-widget elementor-widget-button\" data-id=\"d15126d\" data-element_type=\"widget\" data-e-type=\"widget\" data-widget_type=\"button.default\">\n\t\t\t\t<div class=\"elementor-widget-container\">\n\t\t\t\t\t\t\t\t\t<div class=\"elementor-button-wrapper\">\n\t\t\t\t\t<a class=\"elementor-button elementor-button-link elementor-size-sm\" href=\"https:\/\/verdihotels.com\/stgeorgesbay\/contact\/\">\n\t\t\t\t\t\t<span class=\"elementor-button-content-wrapper\">\n\t\t\t\t\t\t\t\t\t<span class=\"elementor-button-text\">Kontakt aufnehmen<\/span>\n\t\t\t\t\t<\/span>\n\t\t\t\t\t<\/a>\n\t\t\t\t<\/div>\n\t\t\t\t\t\t\t\t<\/div>\n\t\t\t\t<\/div>\n\t\t\t\t<div class=\"elementor-element elementor-element-c168398 elementor-widget elementor-widget-spacer\" data-id=\"c168398\" data-element_type=\"widget\" data-e-type=\"widget\" data-widget_type=\"spacer.default\">\n\t\t\t\t<div class=\"elementor-widget-container\">\n\t\t\t\t\t\t\t<div class=\"elementor-spacer\">\n\t\t\t<div class=\"elementor-spacer-inner\"><\/div>\n\t\t<\/div>\n\t\t\t\t\t\t<\/div>\n\t\t\t\t<\/div>\n\t\t\t\t\t<\/div>\n\t\t<\/div>\n\t\t\t\t\t<\/div>\n\t\t<\/section>\n\t\t\t\t<section class=\"elementor-section elementor-top-section elementor-element elementor-element-05e2fac elementor-section-full_width elementor-section-height-min-height elementor-section-items-top elementor-section-height-default\" data-id=\"05e2fac\" data-element_type=\"section\" data-e-type=\"section\" id=\"events\" data-settings='{\"background_background\":\"classic\"}'>\n\t\t\t\t\t\t<div class=\"elementor-container elementor-column-gap-default\">\n\t\t\t\t\t<div class=\"elementor-column elementor-col-50 elementor-top-column elementor-element elementor-element-0e7f62c\" data-id=\"0e7f62c\" data-element_type=\"column\" data-e-type=\"column\" data-settings='{\"background_background\":\"classic\",\"motion_fx_motion_fx_scrolling\":\"yes\",\"motion_fx_translateY_effect\":\"yes\",\"motion_fx_translateY_speed\":{\"unit\":\"px\",\"size\":\"2\",\"sizes\":[]},\"motion_fx_devices\":[\"desktop\",\"tablet\"],\"motion_fx_translateY_affectedRange\":{\"unit\":\"%\",\"size\":\"\",\"sizes\":{\"start\":0,\"end\":100}}}'>\n\t\t\t<div class=\"elementor-widget-wrap elementor-element-populated\">\n\t\t\t\t\t\t<div class=\"elementor-element elementor-element-52ad466 elementor-widget elementor-widget-heading\" data-id=\"52ad466\" data-element_type=\"widget\" data-e-type=\"widget\" data-widget_type=\"heading.default\">\n\t\t\t\t<div class=\"elementor-widget-container\">\n\t\t\t\t\t<h2 class=\"elementor-heading-title elementor-size-default\">BESONDERE ANL&Auml;SSE<\/h2>\t\t\t\t<\/div>\n\t\t\t\t<\/div>\n\t\t\t\t<div class=\"elementor-element elementor-element-8d37efa elementor-widget elementor-widget-heading\" data-id=\"8d37efa\" data-element_type=\"widget\" data-e-type=\"widget\" data-widget_type=\"heading.default\">\n\t\t\t\t<div class=\"elementor-widget-container\">\n\t\t\t\t\t<h2 class=\"elementor-heading-title elementor-size-default\">Bringe dein Team zusammen<\/h2>\t\t\t\t<\/div>\n\t\t\t\t<\/div>\n\t\t\t\t<div class=\"elementor-element elementor-element-0e4333a elementor-widget__width-initial elementor-widget elementor-widget-text-editor\" data-id=\"0e4333a\" data-element_type=\"widget\" data-e-type=\"widget\" data-widget_type=\"text-editor.default\">\n\t\t\t\t<div class=\"elementor-widget-container\">\n\t\t\t\t\t\t\t\t\t<p>Egal, ob es sich um dein Kernteam oder die gesamte Mannschaft handelt, Teambuilding-Klausuren vor dem Hintergrund von Maltas Sch&ouml;nheit sind daf&uuml;r bekannt, die Interaktion zu verbessern, Mitarbeiter zu belohnen und das Erreichen von Unternehmenszielen zu f&ouml;rdern.<\/p><p>Wir freuen uns auf die Gelegenheit, dich und dein Team zu begr&uuml;&szlig;en.<\/p><p>Ob du eine akribisch koordinierte gesch&auml;ftliche Besprechung, eine private Feier im kleinen Kreis oder einen beschaulichen R&uuml;ckzug vom Alltag organisierst, das Verdi St. George&rsquo;s Bay Marina ist dein idealer Gastgeber. Unser Ziel ist, dir unvergessliche Augenblicke voller Freude zu verschaffen, damit dein Aufenthalt eine wahrhaft bemerkenswerte Erfahrung wird.<\/p>\t\t\t\t\t\t\t\t<\/div>\n\t\t\t\t<\/div>\n\t\t\t\t<div class=\"elementor-element elementor-element-1aace53 elementor-widget elementor-widget-button\" data-id=\"1aace53\" data-element_type=\"widget\" data-e-type=\"widget\" data-widget_type=\"button.default\">\n\t\t\t\t<div class=\"elementor-widget-container\">\n\t\t\t\t\t\t\t\t\t<div class=\"elementor-button-wrapper\">\n\t\t\t\t\t<a class=\"elementor-button elementor-button-link elementor-size-sm\" href=\"https:\/\/verdihotels.com\/stgeorgesbay\/contact\/\">\n\t\t\t\t\t\t<span class=\"elementor-button-content-wrapper\">\n\t\t\t\t\t\t\t\t\t<span class=\"elementor-button-text\">Kontakt aufnehmen<\/span>\n\t\t\t\t\t<\/span>\n\t\t\t\t\t<\/a>\n\t\t\t\t<\/div>\n\t\t\t\t\t\t\t\t<\/div>\n\t\t\t\t<\/div>\n\t\t\t\t\t<\/div>\n\t\t<\/div>\n\t\t\t\t<div class=\"elementor-column elementor-col-50 elementor-top-column elementor-element elementor-element-6bc7738\" data-id=\"6bc7738\" data-element_type=\"column\" data-e-type=\"column\">\n\t\t\t<div class=\"elementor-widget-wrap\">\n\t\t\t\t\t\t\t<\/div>\n\t\t<\/div>\n\t\t\t\t\t<\/div>\n\t\t<\/section>\n\t\t\t\t<\/div>\n","protected":false},"excerpt":{"rendered":"<p>Book a Meeting TAGEN UND FEIERN Plane dein n\u00e4chstes Event in Malta Dank seiner vielen Sonnenstunden und seiner reichen Geschichte hat sich Malta zu einem der beliebtesten Ziele f\u00fcr Tagungen, Incentives, Kongresse und Ausstellungen (MICE) entwickelt. Die Maltesischen Inseln genie\u00dfen einen hervorragenden Ruf rund um das Mittelmeer. Sie sind eine unverwechselbare B\u00fchne f\u00fcr denkw\u00fcrdige Tagungen&hellip;<\/p>\n","protected":false},"author":1,"featured_media":0,"parent":36102,"menu_order":40,"comment_status":"closed","ping_status":"closed","template":"","meta":{"_acf_changed":false,"footnotes":""},"class_list":["post-36104","page","type-page","status-publish","hentry"],"yoast_head":"<!-- This site is optimized with the Yoast SEO plugin v27.5 - https:\/\/yoast.com\/product\/yoast-seo-wordpress\/ -->\n<title>Hotel Meetings and Events \u2013 Verdi St. George\u2019s Bay Marina<\/title>\n<meta name=\"description\" content=\"Plan your next meeting or event at Verdi St. George\u2019s Bay Marina, where comfort and convenience meet.\" \/>\n<meta name=\"robots\" content=\"index, follow, max-snippet:-1, max-image-preview:large, max-video-preview:-1\" \/>\n<link rel=\"canonical\" href=\"https:\/\/verdihotels.com\/stgeorgesbay\/de\/meet-celebrate\/konferenzen-und-besprechungen\/\" \/>\n<meta property=\"og:locale\" content=\"en_US\" \/>\n<meta property=\"og:type\" content=\"article\" \/>\n<meta property=\"og:title\" content=\"Hotel Meetings and Events \u2013 Verdi St. George\u2019s Bay Marina\" \/>\n<meta property=\"og:description\" content=\"Plan your next meeting or event at Verdi St. George\u2019s Bay Marina, where comfort and convenience meet.\" \/>\n<meta property=\"og:url\" content=\"https:\/\/verdihotels.com\/stgeorgesbay\/de\/meet-celebrate\/konferenzen-und-besprechungen\/\" \/>\n<meta property=\"og:site_name\" content=\"Verdi St. George\u2019s Bay Marina\" \/>\n<meta property=\"article:publisher\" content=\"https:\/\/www.facebook.com\/VerdiHotels\" \/>\n<meta property=\"article:modified_time\" content=\"2026-04-09T09:12:15+00:00\" \/>\n<meta name=\"twitter:card\" content=\"summary_large_image\" \/>\n<meta name=\"twitter:label1\" content=\"Est. reading time\" \/>\n\t<meta name=\"twitter:data1\" content=\"1 minute\" \/>\n<script type=\"application\/ld+json\" class=\"yoast-schema-graph\">{\"@context\":\"https:\\\/\\\/schema.org\",\"@graph\":[{\"@type\":\"WebPage\",\"@id\":\"https:\\\/\\\/verdihotels.com\\\/stgeorgesbay\\\/de\\\/meet-celebrate\\\/konferenzen-und-besprechungen\\\/\",\"url\":\"https:\\\/\\\/verdihotels.com\\\/stgeorgesbay\\\/de\\\/meet-celebrate\\\/konferenzen-und-besprechungen\\\/\",\"name\":\"Hotel Meetings and Events \u2013 Verdi St. George\u2019s Bay Marina\",\"description\":\"Plan your next meeting or event at Verdi St. George\u2019s Bay Marina, where comfort and convenience meet.\",\"potentialAction\":[{\"@type\":\"ReadAction\",\"target\":[\"https:\\\/\\\/verdihotels.com\\\/stgeorgesbay\\\/de\\\/meet-celebrate\\\/konferenzen-und-besprechungen\\\/\"]}]},{\"@type\":\"BreadcrumbList\",\"@id\":\"https:\\\/\\\/verdihotels.com\\\/stgeorgesbay\\\/de\\\/meet-celebrate\\\/konferenzen-und-besprechungen\\\/#breadcrumb\",\"itemListElement\":[{\"@type\":\"ListItem\",\"position\":1,\"name\":\"Home\",\"item\":\"https:\\\/\\\/verdihotels.com\\\/stgeorgesbay\\\/\"},{\"@type\":\"ListItem\",\"position\":2,\"name\":\"Tagen und feiern\",\"item\":\"https:\\\/\\\/verdihotels.com\\\/stgeorgesbay\\\/de\\\/meet-celebrate\\\/\"},{\"@type\":\"ListItem\",\"position\":3,\"name\":\"Konferenzen und Besprechungen\"}]},{\"@type\":\"WebSite\",\"@id\":\"https:\\\/\\\/verdihotels.com\\\/stgeorgesbay\\\/#website\",\"url\":\"https:\\\/\\\/verdihotels.com\\\/stgeorgesbay\\\/\",\"name\":\"Verdi St. George\u2019s Bay Marina\",\"description\":\"travelling the way it&#039;s meant to be\",\"publisher\":{\"@id\":\"https:\\\/\\\/verdihotels.com\\\/stgeorgesbay\\\/#organization\"},\"potentialAction\":[{\"@type\":\"SearchAction\",\"target\":{\"@type\":\"EntryPoint\",\"urlTemplate\":\"https:\\\/\\\/verdihotels.com\\\/stgeorgesbay\\\/?s={search_term_string}\"},\"query-input\":{\"@type\":\"PropertyValueSpecification\",\"valueRequired\":true,\"valueName\":\"search_term_string\"}}],\"inLanguage\":\"en-US\"},{\"@type\":\"Organization\",\"@id\":\"https:\\\/\\\/verdihotels.com\\\/stgeorgesbay\\\/#organization\",\"name\":\"Verdi St. George\u2019s Bay Marina\",\"url\":\"https:\\\/\\\/verdihotels.com\\\/stgeorgesbay\\\/\",\"logo\":{\"@type\":\"ImageObject\",\"inLanguage\":\"en-US\",\"@id\":\"https:\\\/\\\/verdihotels.com\\\/stgeorgesbay\\\/#\\\/schema\\\/logo\\\/image\\\/\",\"url\":\"https:\\\/\\\/verdihotels.com\\\/wp-content\\\/uploads\\\/sites\\\/4\\\/2023\\\/05\\\/Verdi-Hotels-Logo-RGB@2x.png\",\"contentUrl\":\"https:\\\/\\\/verdihotels.com\\\/wp-content\\\/uploads\\\/sites\\\/4\\\/2023\\\/05\\\/Verdi-Hotels-Logo-RGB@2x.png\",\"width\":1224,\"height\":576,\"caption\":\"Verdi St. George\u2019s Bay Marina\"},\"image\":{\"@id\":\"https:\\\/\\\/verdihotels.com\\\/stgeorgesbay\\\/#\\\/schema\\\/logo\\\/image\\\/\"},\"sameAs\":[\"https:\\\/\\\/www.facebook.com\\\/VerdiHotels\",\"https:\\\/\\\/www.tiktok.com\\\/@verdi_hotels\",\"https:\\\/\\\/www.instagram.com\\\/verdi_hotels\"]}]}<\/script>\n<!-- \/ Yoast SEO plugin. -->","yoast_head_json":{"title":"Hotel Meetings and Events \u2013 Verdi St. George\u2019s Bay Marina","description":"Plan your next meeting or event at Verdi St. George\u2019s Bay Marina, where comfort and convenience meet.","robots":{"index":"index","follow":"follow","max-snippet":"max-snippet:-1","max-image-preview":"max-image-preview:large","max-video-preview":"max-video-preview:-1"},"canonical":"https:\/\/verdihotels.com\/stgeorgesbay\/de\/meet-celebrate\/konferenzen-und-besprechungen\/","og_locale":"en_US","og_type":"article","og_title":"Hotel Meetings and Events \u2013 Verdi St. George\u2019s Bay Marina","og_description":"Plan your next meeting or event at Verdi St. George\u2019s Bay Marina, where comfort and convenience meet.","og_url":"https:\/\/verdihotels.com\/stgeorgesbay\/de\/meet-celebrate\/konferenzen-und-besprechungen\/","og_site_name":"Verdi St. George\u2019s Bay Marina","article_publisher":"https:\/\/www.facebook.com\/VerdiHotels","article_modified_time":"2026-04-09T09:12:15+00:00","twitter_card":"summary_large_image","twitter_misc":{"Est. reading time":"1 minute"},"schema":{"@context":"https:\/\/schema.org","@graph":[{"@type":"WebPage","@id":"https:\/\/verdihotels.com\/stgeorgesbay\/de\/meet-celebrate\/konferenzen-und-besprechungen\/","url":"https:\/\/verdihotels.com\/stgeorgesbay\/de\/meet-celebrate\/konferenzen-und-besprechungen\/","name":"Hotel Meetings and Events \u2013 Verdi St. George\u2019s Bay Marina","description":"Plan your next meeting or event at Verdi St. George\u2019s Bay Marina, where comfort and convenience meet.","potentialAction":[{"@type":"ReadAction","target":["https:\/\/verdihotels.com\/stgeorgesbay\/de\/meet-celebrate\/konferenzen-und-besprechungen\/"]}]},{"@type":"BreadcrumbList","@id":"https:\/\/verdihotels.com\/stgeorgesbay\/de\/meet-celebrate\/konferenzen-und-besprechungen\/#breadcrumb","itemListElement":[{"@type":"ListItem","position":1,"name":"Home","item":"https:\/\/verdihotels.com\/stgeorgesbay\/"},{"@type":"ListItem","position":2,"name":"Tagen und feiern","item":"https:\/\/verdihotels.com\/stgeorgesbay\/de\/meet-celebrate\/"},{"@type":"ListItem","position":3,"name":"Konferenzen und Besprechungen"}]},{"@type":"WebSite","@id":"https:\/\/verdihotels.com\/stgeorgesbay\/#website","url":"https:\/\/verdihotels.com\/stgeorgesbay\/","name":"Verdi St. George\u2019s Bay Marina","description":"travelling the way it&#039;s meant to be","publisher":{"@id":"https:\/\/verdihotels.com\/stgeorgesbay\/#organization"},"potentialAction":[{"@type":"SearchAction","target":{"@type":"EntryPoint","urlTemplate":"https:\/\/verdihotels.com\/stgeorgesbay\/?s={search_term_string}"},"query-input":{"@type":"PropertyValueSpecification","valueRequired":true,"valueName":"search_term_string"}}],"inLanguage":"en-US"},{"@type":"Organization","@id":"https:\/\/verdihotels.com\/stgeorgesbay\/#organization","name":"Verdi St. George\u2019s Bay Marina","url":"https:\/\/verdihotels.com\/stgeorgesbay\/","logo":{"@type":"ImageObject","inLanguage":"en-US","@id":"https:\/\/verdihotels.com\/stgeorgesbay\/#\/schema\/logo\/image\/","url":"https:\/\/verdihotels.com\/wp-content\/uploads\/sites\/4\/2023\/05\/Verdi-Hotels-Logo-RGB@2x.png","contentUrl":"https:\/\/verdihotels.com\/wp-content\/uploads\/sites\/4\/2023\/05\/Verdi-Hotels-Logo-RGB@2x.png","width":1224,"height":576,"caption":"Verdi St. George\u2019s Bay Marina"},"image":{"@id":"https:\/\/verdihotels.com\/stgeorgesbay\/#\/schema\/logo\/image\/"},"sameAs":["https:\/\/www.facebook.com\/VerdiHotels","https:\/\/www.tiktok.com\/@verdi_hotels","https:\/\/www.instagram.com\/verdi_hotels"]}]}},"acf":[],"lang":"de","translations":{"de":36104,"en":36103,"hu":469,"pt":36778,"fr":36791,"cs":36852},"pll_sync_post":{},"_links":{"self":[{"href":"https:\/\/verdihotels.com\/stgeorgesbay\/wp-json\/wp\/v2\/pages\/36104","targetHints":{"allow":["GET"]}}],"collection":[{"href":"https:\/\/verdihotels.com\/stgeorgesbay\/wp-json\/wp\/v2\/pages"}],"about":[{"href":"https:\/\/verdihotels.com\/stgeorgesbay\/wp-json\/wp\/v2\/types\/page"}],"author":[{"embeddable":true,"href":"https:\/\/verdihotels.com\/stgeorgesbay\/wp-json\/wp\/v2\/users\/1"}],"replies":[{"embeddable":true,"href":"https:\/\/verdihotels.com\/stgeorgesbay\/wp-json\/wp\/v2\/comments?post=36104"}],"version-history":[{"count":0,"href":"https:\/\/verdihotels.com\/stgeorgesbay\/wp-json\/wp\/v2\/pages\/36104\/revisions"}],"up":[{"embeddable":true,"href":"https:\/\/verdihotels.com\/stgeorgesbay\/wp-json\/wp\/v2\/pages\/36102"}],"wp:attachment":[{"href":"https:\/\/verdihotels.com\/stgeorgesbay\/wp-json\/wp\/v2\/media?parent=36104"}],"curies":[{"name":"wp","href":"https:\/\/api.w.org\/{rel}","templated":true}]}}