{"id":36776,"date":"2025-09-03T17:07:04","date_gmt":"2025-09-03T17:07:04","guid":{"rendered":"https:\/\/verdihotels.com\/stgeorgesbay\/?page_id=36776"},"modified":"2025-09-03T17:11:40","modified_gmt":"2025-09-03T17:11:40","slug":"auditoria-a-fornecedores-privados-de-agua","status":"publish","type":"page","link":"https:\/\/verdihotels.com\/stgeorgesbay\/pt\/auditoria-a-fornecedores-privados-de-agua\/","title":{"rendered":"Auditoria a fornecedores privados de \u00e1gua"},"content":{"rendered":"<div data-elementor-type=\"wp-page\" data-elementor-id=\"36776\" class=\"elementor elementor-36776\" data-elementor-post-type=\"page\"><div class=\"breadcrumbs\"><span><span><a href=\"https:\/\/verdihotels.com\/stgeorgesbay\/\">Home<\/a><\/span><\/span><\/div>\n\t\t\t\t\t\t<section class=\"elementor-section elementor-top-section elementor-element elementor-element-22bca43 elementor-section-boxed elementor-section-height-default elementor-section-height-default\" data-id=\"22bca43\" data-element_type=\"section\" data-e-type=\"section\">\n\t\t\t\t\t\t<div class=\"elementor-container elementor-column-gap-default\">\n\t\t\t\t\t<div class=\"elementor-column elementor-col-100 elementor-top-column elementor-element elementor-element-718bf32\" data-id=\"718bf32\" data-element_type=\"column\" data-e-type=\"column\">\n\t\t\t<div class=\"elementor-widget-wrap elementor-element-populated\">\n\t\t\t\t\t\t<div class=\"elementor-element elementor-element-5494760 elementor-widget elementor-widget-heading\" data-id=\"5494760\" data-element_type=\"widget\" data-e-type=\"widget\" data-widget_type=\"heading.default\">\n\t\t\t\t<div class=\"elementor-widget-container\">\n\t\t\t\t\t<h1 class=\"elementor-heading-title elementor-size-default\">Auditoria a fornecedores privados de &aacute;gua<\/h1>\t\t\t\t<\/div>\n\t\t\t\t<\/div>\n\t\t\t\t<div class=\"elementor-element elementor-element-773be8a elementor-widget elementor-widget-text-editor\" data-id=\"773be8a\" data-element_type=\"widget\" data-e-type=\"widget\" data-widget_type=\"text-editor.default\">\n\t\t\t\t<div class=\"elementor-widget-container\">\n\t\t\t\t\t\t\t\t\t<table width=\"456\">\n<tbody>\n<tr>\n<td width=\"137\"><b>Descri&ccedil;&atilde;o da amostra<\/b><\/td>\n<td width=\"199\">&Aacute;gua produto de RO<\/td>\n<td width=\"120\"><\/td>\n<\/tr>\n<tr>\n<td><b>N.&ordm; de registo RO<\/b><\/td>\n<td>RO DEH\/PWS 037001<\/td>\n<td><\/td>\n<\/tr>\n<tr>\n<td><\/td>\n<td><\/td>\n<td><\/td>\n<\/tr>\n<tr>\n<td><span style=\"font-size: 14.4px;\"><b>Data<\/b><\/span><b>:&nbsp;<\/b><\/td>\n<td>28\/03\/2024<\/td>\n<td><\/td>\n<\/tr>\n<tr>\n<td><\/td>\n<td><\/td>\n<td><\/td>\n<\/tr>\n<tr>\n<td><span style=\"font-size: 14.4px;\"><b>Par&acirc;metros<\/b><\/span><\/td>\n<td><span style=\"font-size: 14.4px;\"><b>Resultados<\/b><\/span><\/td>\n<td><span style=\"font-size: 14.4px;\"><b>Valor Param&eacute;trico<\/b><\/span><\/td><\/tr>\n<tr>\n<td width=\"137\">Am&oacute;nio<\/td>\n<td width=\"199\">&lt; 0.01 mg\/l<\/td>\n<td width=\"120\">0.5 mg\/l<\/td>\n<\/tr>\n<tr>\n<td width=\"137\">Cor<\/td>\n<td width=\"199\">1 PCU<\/td>\n<td width=\"120\">&lt; 15 PCU<\/td>\n<\/tr>\n<tr>\n<td width=\"137\">Condutividade<\/td>\n<td width=\"199\">176.1 &mu;S\/cm<\/td>\n<td width=\"120\">&lt; 2500 &mu;S\/cm<\/td>\n<\/tr>\n<tr>\n<td width=\"137\">pH<\/td>\n<td width=\"199\">7.02<\/td>\n<td width=\"120\">6.5 &ndash; 9.5<\/td>\n<\/tr>\n<tr>\n<td width=\"137\"><span style=\"font-size: 14.4px;\">Odor<\/span><\/td>\n<td width=\"199\">Aceit&aacute;vel<\/td>\n<td width=\"120\"><span style=\"font-size: 14.4px;\">sem altera&ccedil;&otilde;es anormais<\/span><\/td>\n<\/tr>\n<tr>\n<td width=\"137\">Sabor<\/td>\n<td width=\"199\">Aceit&aacute;vel<\/td>\n<td width=\"120\"><span style=\"font-size: 14.4px;\">sem altera&ccedil;&otilde;es anormais<\/span><\/td>\n<\/tr>\n<tr>\n<td width=\"137\"><span style=\"font-size: 14.4px;\">Contagem total de bact&eacute;rias<\/span><\/td>\n<td width=\"199\">Nula<\/td>\n<td width=\"120\">&lt;20 cfu\/ml<\/td>\n<\/tr>\n<tr>\n<td width=\"137\"><span style=\"font-size: 14.4px;\">Contagem total de coliformes<\/span><\/td>\n<td width=\"199\">Nula<\/td>\n<td width=\"120\">Nula<\/td>\n<\/tr>\n<tr>\n<td width=\"137\">Escherichia coli<\/td>\n<td width=\"199\">Nula<\/td>\n<td width=\"120\">Nula<\/td>\n<\/tr>\n<tr>\n<td width=\"137\">Pseudomonas aeruginosa<\/td>\n<td width=\"199\">Nula<\/td>\n<td width=\"120\">Nula \/ 250 ml<\/td>\n<\/tr>\n<tr>\n<td width=\"137\">Turbidez<\/td>\n<td width=\"199\">0.33 NTU<\/td>\n<td width=\"120\"><span style=\"font-size: 14.4px;\">Sem altera&ccedil;&atilde;o anormal<\/span><\/td>\n<\/tr>\n<tr>\n<td width=\"137\">Nitrito<\/td>\n<td width=\"199\">&lt; 0.01 mg\/l<\/td>\n<td width=\"120\">&lt; 0.5 mg\/l<\/td>\n<\/tr>\n<tr>\n<td width=\"137\">Cloreto<\/td>\n<td width=\"199\">33 mg\/l<\/td>\n<td width=\"120\">&lt; 250 mg\/l<\/td>\n<\/tr>\n<tr>\n<td width=\"137\">S&oacute;dio<\/td>\n<td width=\"199\">19 mg\/l<\/td>\n<td width=\"120\">&lt; 200 mg\/l<\/td>\n<\/tr>\n<tr>\n<td width=\"137\">Fluoreto<\/td>\n<td width=\"199\">&lt; 0.01 mg\/l<\/td>\n<td width=\"120\">&lt; 1.5 mg\/l<\/td>\n<\/tr>\n<tr>\n<td width=\"137\">Nitrato<\/td>\n<td width=\"199\">2.4 mg\/l<\/td>\n<td width=\"120\">&lt; 50 mg\/l<\/td>\n<\/tr>\n<tr>\n<td width=\"137\">Boro<\/td>\n<td width=\"199\">0.28 mg\/l<\/td>\n<td width=\"120\">&lt; 1 mg\/l<\/td>\n<\/tr>\n<tr>\n<td width=\"137\">Sulfato<\/td>\n<td width=\"199\">&lt; 5 mg\/l<\/td>\n<td width=\"120\">&lt; 200 mg\/l<\/td>\n<\/tr>\n<\/tbody>\n<\/table>\t\t\t\t\t\t\t\t<\/div>\n\t\t\t\t<\/div>\n\t\t\t\t\t<\/div>\n\t\t<\/div>\n\t\t\t\t\t<\/div>\n\t\t<\/section>\n\t\t\t\t<\/div>\n","protected":false},"excerpt":{"rendered":"<p>Descri\u00e7\u00e3o da amostra \u00c1gua produto de RO N.\u00ba de registo RO RO DEH\/PWS 037001 Data:&nbsp; 28\/03\/2024 Par\u00e2metros Resultados Valor Param\u00e9trico Am\u00f3nio &lt; 0.01 mg\/l 0.5 mg\/l Cor 1 PCU &lt; 15 PCU Condutividade 176.1 \u03bcS\/cm &lt; 2500 \u03bcS\/cm pH 7.02 6.5 \u2013 9.5 Odor Aceit\u00e1vel sem altera\u00e7\u00f5es anormais Sabor Aceit\u00e1vel sem altera\u00e7\u00f5es anormais Contagem total&hellip;<\/p>\n","protected":false},"author":3,"featured_media":0,"parent":0,"menu_order":0,"comment_status":"closed","ping_status":"closed","template":"","meta":{"_acf_changed":false,"footnotes":""},"class_list":["post-36776","page","type-page","status-publish","hentry"],"yoast_head":"<!-- This site is optimized with the Yoast SEO plugin v27.4 - https:\/\/yoast.com\/product\/yoast-seo-wordpress\/ -->\n<title>Auditoria a fornecedores privados de \u00e1gua - Verdi St. George\u2019s Bay Marina<\/title>\n<meta name=\"robots\" content=\"index, follow, max-snippet:-1, max-image-preview:large, max-video-preview:-1\" \/>\n<link rel=\"canonical\" href=\"https:\/\/verdihotels.com\/stgeorgesbay\/pt\/auditoria-a-fornecedores-privados-de-agua\/\" \/>\n<meta property=\"og:locale\" content=\"en_US\" \/>\n<meta property=\"og:type\" content=\"article\" \/>\n<meta property=\"og:title\" content=\"Auditoria a fornecedores privados de \u00e1gua - Verdi St. George\u2019s Bay Marina\" \/>\n<meta property=\"og:description\" content=\"Descri\u00e7\u00e3o da amostra \u00c1gua produto de RO N.\u00ba de registo RO RO DEH\/PWS 037001 Data:&nbsp; 28\/03\/2024 Par\u00e2metros Resultados Valor Param\u00e9trico Am\u00f3nio &lt; 0.01 mg\/l 0.5 mg\/l Cor 1 PCU &lt; 15 PCU Condutividade 176.1 \u03bcS\/cm &lt; 2500 \u03bcS\/cm pH 7.02 6.5 \u2013 9.5 Odor Aceit\u00e1vel sem altera\u00e7\u00f5es anormais Sabor Aceit\u00e1vel sem altera\u00e7\u00f5es anormais Contagem total&hellip;\" \/>\n<meta property=\"og:url\" content=\"https:\/\/verdihotels.com\/stgeorgesbay\/pt\/auditoria-a-fornecedores-privados-de-agua\/\" \/>\n<meta property=\"og:site_name\" content=\"Verdi St. George\u2019s Bay Marina\" \/>\n<meta property=\"article:publisher\" content=\"https:\/\/www.facebook.com\/VerdiHotels\" \/>\n<meta property=\"article:modified_time\" content=\"2025-09-03T17:11:40+00:00\" \/>\n<meta name=\"twitter:card\" content=\"summary_large_image\" \/>\n<meta name=\"twitter:label1\" content=\"Est. reading time\" \/>\n\t<meta name=\"twitter:data1\" content=\"1 minute\" \/>\n<script type=\"application\/ld+json\" class=\"yoast-schema-graph\">{\"@context\":\"https:\\\/\\\/schema.org\",\"@graph\":[{\"@type\":\"WebPage\",\"@id\":\"https:\\\/\\\/verdihotels.com\\\/stgeorgesbay\\\/pt\\\/auditoria-a-fornecedores-privados-de-agua\\\/\",\"url\":\"https:\\\/\\\/verdihotels.com\\\/stgeorgesbay\\\/pt\\\/auditoria-a-fornecedores-privados-de-agua\\\/\",\"name\":\"Auditoria a fornecedores privados de \u00e1gua - Verdi St. George\u2019s Bay Marina\",\"potentialAction\":[{\"@type\":\"ReadAction\",\"target\":[\"https:\\\/\\\/verdihotels.com\\\/stgeorgesbay\\\/pt\\\/auditoria-a-fornecedores-privados-de-agua\\\/\"]}]},{\"@type\":\"BreadcrumbList\",\"@id\":\"https:\\\/\\\/verdihotels.com\\\/stgeorgesbay\\\/pt\\\/auditoria-a-fornecedores-privados-de-agua\\\/#breadcrumb\",\"itemListElement\":[{\"@type\":\"ListItem\",\"position\":1,\"name\":\"Home\",\"item\":\"https:\\\/\\\/verdihotels.com\\\/stgeorgesbay\\\/\"},{\"@type\":\"ListItem\",\"position\":2,\"name\":\"Auditoria a fornecedores privados de \u00e1gua\"}]},{\"@type\":\"WebSite\",\"@id\":\"https:\\\/\\\/verdihotels.com\\\/stgeorgesbay\\\/#website\",\"url\":\"https:\\\/\\\/verdihotels.com\\\/stgeorgesbay\\\/\",\"name\":\"Verdi St. George\u2019s Bay Marina\",\"description\":\"travelling the way it&#039;s meant to be\",\"publisher\":{\"@id\":\"https:\\\/\\\/verdihotels.com\\\/stgeorgesbay\\\/#organization\"},\"potentialAction\":[{\"@type\":\"SearchAction\",\"target\":{\"@type\":\"EntryPoint\",\"urlTemplate\":\"https:\\\/\\\/verdihotels.com\\\/stgeorgesbay\\\/?s={search_term_string}\"},\"query-input\":{\"@type\":\"PropertyValueSpecification\",\"valueRequired\":true,\"valueName\":\"search_term_string\"}}],\"inLanguage\":\"en-US\"},{\"@type\":\"Organization\",\"@id\":\"https:\\\/\\\/verdihotels.com\\\/stgeorgesbay\\\/#organization\",\"name\":\"Verdi St. George\u2019s Bay Marina\",\"url\":\"https:\\\/\\\/verdihotels.com\\\/stgeorgesbay\\\/\",\"logo\":{\"@type\":\"ImageObject\",\"inLanguage\":\"en-US\",\"@id\":\"https:\\\/\\\/verdihotels.com\\\/stgeorgesbay\\\/#\\\/schema\\\/logo\\\/image\\\/\",\"url\":\"https:\\\/\\\/verdihotels.com\\\/wp-content\\\/uploads\\\/sites\\\/4\\\/2023\\\/05\\\/Verdi-Hotels-Logo-RGB@2x.png\",\"contentUrl\":\"https:\\\/\\\/verdihotels.com\\\/wp-content\\\/uploads\\\/sites\\\/4\\\/2023\\\/05\\\/Verdi-Hotels-Logo-RGB@2x.png\",\"width\":1224,\"height\":576,\"caption\":\"Verdi St. George\u2019s Bay Marina\"},\"image\":{\"@id\":\"https:\\\/\\\/verdihotels.com\\\/stgeorgesbay\\\/#\\\/schema\\\/logo\\\/image\\\/\"},\"sameAs\":[\"https:\\\/\\\/www.facebook.com\\\/VerdiHotels\",\"https:\\\/\\\/www.tiktok.com\\\/@verdi_hotels\",\"https:\\\/\\\/www.instagram.com\\\/verdi_hotels\"]}]}<\/script>\n<!-- \/ Yoast SEO plugin. -->","yoast_head_json":{"title":"Auditoria a fornecedores privados de \u00e1gua - Verdi St. George\u2019s Bay Marina","robots":{"index":"index","follow":"follow","max-snippet":"max-snippet:-1","max-image-preview":"max-image-preview:large","max-video-preview":"max-video-preview:-1"},"canonical":"https:\/\/verdihotels.com\/stgeorgesbay\/pt\/auditoria-a-fornecedores-privados-de-agua\/","og_locale":"en_US","og_type":"article","og_title":"Auditoria a fornecedores privados de \u00e1gua - Verdi St. George\u2019s Bay Marina","og_description":"Descri\u00e7\u00e3o da amostra \u00c1gua produto de RO N.\u00ba de registo RO RO DEH\/PWS 037001 Data:&nbsp; 28\/03\/2024 Par\u00e2metros Resultados Valor Param\u00e9trico Am\u00f3nio &lt; 0.01 mg\/l 0.5 mg\/l Cor 1 PCU &lt; 15 PCU Condutividade 176.1 \u03bcS\/cm &lt; 2500 \u03bcS\/cm pH 7.02 6.5 \u2013 9.5 Odor Aceit\u00e1vel sem altera\u00e7\u00f5es anormais Sabor Aceit\u00e1vel sem altera\u00e7\u00f5es anormais Contagem total&hellip;","og_url":"https:\/\/verdihotels.com\/stgeorgesbay\/pt\/auditoria-a-fornecedores-privados-de-agua\/","og_site_name":"Verdi St. George\u2019s Bay Marina","article_publisher":"https:\/\/www.facebook.com\/VerdiHotels","article_modified_time":"2025-09-03T17:11:40+00:00","twitter_card":"summary_large_image","twitter_misc":{"Est. reading time":"1 minute"},"schema":{"@context":"https:\/\/schema.org","@graph":[{"@type":"WebPage","@id":"https:\/\/verdihotels.com\/stgeorgesbay\/pt\/auditoria-a-fornecedores-privados-de-agua\/","url":"https:\/\/verdihotels.com\/stgeorgesbay\/pt\/auditoria-a-fornecedores-privados-de-agua\/","name":"Auditoria a fornecedores privados de \u00e1gua - Verdi St. George\u2019s Bay Marina","potentialAction":[{"@type":"ReadAction","target":["https:\/\/verdihotels.com\/stgeorgesbay\/pt\/auditoria-a-fornecedores-privados-de-agua\/"]}]},{"@type":"BreadcrumbList","@id":"https:\/\/verdihotels.com\/stgeorgesbay\/pt\/auditoria-a-fornecedores-privados-de-agua\/#breadcrumb","itemListElement":[{"@type":"ListItem","position":1,"name":"Home","item":"https:\/\/verdihotels.com\/stgeorgesbay\/"},{"@type":"ListItem","position":2,"name":"Auditoria a fornecedores privados de \u00e1gua"}]},{"@type":"WebSite","@id":"https:\/\/verdihotels.com\/stgeorgesbay\/#website","url":"https:\/\/verdihotels.com\/stgeorgesbay\/","name":"Verdi St. George\u2019s Bay Marina","description":"travelling the way it&#039;s meant to be","publisher":{"@id":"https:\/\/verdihotels.com\/stgeorgesbay\/#organization"},"potentialAction":[{"@type":"SearchAction","target":{"@type":"EntryPoint","urlTemplate":"https:\/\/verdihotels.com\/stgeorgesbay\/?s={search_term_string}"},"query-input":{"@type":"PropertyValueSpecification","valueRequired":true,"valueName":"search_term_string"}}],"inLanguage":"en-US"},{"@type":"Organization","@id":"https:\/\/verdihotels.com\/stgeorgesbay\/#organization","name":"Verdi St. George\u2019s Bay Marina","url":"https:\/\/verdihotels.com\/stgeorgesbay\/","logo":{"@type":"ImageObject","inLanguage":"en-US","@id":"https:\/\/verdihotels.com\/stgeorgesbay\/#\/schema\/logo\/image\/","url":"https:\/\/verdihotels.com\/wp-content\/uploads\/sites\/4\/2023\/05\/Verdi-Hotels-Logo-RGB@2x.png","contentUrl":"https:\/\/verdihotels.com\/wp-content\/uploads\/sites\/4\/2023\/05\/Verdi-Hotels-Logo-RGB@2x.png","width":1224,"height":576,"caption":"Verdi St. George\u2019s Bay Marina"},"image":{"@id":"https:\/\/verdihotels.com\/stgeorgesbay\/#\/schema\/logo\/image\/"},"sameAs":["https:\/\/www.facebook.com\/VerdiHotels","https:\/\/www.tiktok.com\/@verdi_hotels","https:\/\/www.instagram.com\/verdi_hotels"]}]}},"acf":[],"lang":"pt","translations":{"pt":36776,"de":36694,"en":36618,"fr":36795,"cs":36869},"pll_sync_post":[],"_links":{"self":[{"href":"https:\/\/verdihotels.com\/stgeorgesbay\/wp-json\/wp\/v2\/pages\/36776","targetHints":{"allow":["GET"]}}],"collection":[{"href":"https:\/\/verdihotels.com\/stgeorgesbay\/wp-json\/wp\/v2\/pages"}],"about":[{"href":"https:\/\/verdihotels.com\/stgeorgesbay\/wp-json\/wp\/v2\/types\/page"}],"author":[{"embeddable":true,"href":"https:\/\/verdihotels.com\/stgeorgesbay\/wp-json\/wp\/v2\/users\/3"}],"replies":[{"embeddable":true,"href":"https:\/\/verdihotels.com\/stgeorgesbay\/wp-json\/wp\/v2\/comments?post=36776"}],"version-history":[{"count":0,"href":"https:\/\/verdihotels.com\/stgeorgesbay\/wp-json\/wp\/v2\/pages\/36776\/revisions"}],"wp:attachment":[{"href":"https:\/\/verdihotels.com\/stgeorgesbay\/wp-json\/wp\/v2\/media?parent=36776"}],"curies":[{"name":"wp","href":"https:\/\/api.w.org\/{rel}","templated":true}]}}