{"id":36803,"date":"2025-09-04T15:19:43","date_gmt":"2025-09-04T15:19:43","guid":{"rendered":"https:\/\/verdihotels.com\/stgeorgesbay\/?page_id=36803"},"modified":"2025-09-04T15:21:05","modified_gmt":"2025-09-04T15:21:05","slug":"room-service","status":"publish","type":"page","link":"https:\/\/verdihotels.com\/stgeorgesbay\/fr\/restauration\/room-service\/","title":{"rendered":"Room Service"},"content":{"rendered":"<div data-elementor-type=\"wp-page\" data-elementor-id=\"36803\" class=\"elementor elementor-36803\" data-elementor-post-type=\"page\"><div class=\"breadcrumbs\"><span><span><a href=\"https:\/\/verdihotels.com\/stgeorgesbay\/\">Home<\/a><\/span><\/span><\/div>\n\t\t\t\t\t\t<section class=\"elementor-section elementor-top-section elementor-element elementor-element-aece101 elementor-section-height-min-height elementor-section-items-bottom elementor-section-boxed elementor-section-height-default\" data-id=\"aece101\" data-element_type=\"section\" data-e-type=\"section\" data-settings='{\"background_background\":\"classic\"}'>\n\t\t\t\t\t\t<div class=\"elementor-container elementor-column-gap-default\">\n\t\t\t\t\t<div class=\"elementor-column elementor-col-100 elementor-top-column elementor-element elementor-element-5c5e99a\" data-id=\"5c5e99a\" data-element_type=\"column\" data-e-type=\"column\">\n\t\t\t<div class=\"elementor-widget-wrap\">\n\t\t\t\t\t\t\t<\/div>\n\t\t<\/div>\n\t\t\t\t\t<\/div>\n\t\t<\/section>\n\t\t<div class=\"elementor-element elementor-element-fc80b41 e-flex e-con-boxed e-con e-parent\" data-id=\"fc80b41\" data-element_type=\"container\" data-e-type=\"container\">\n\t\t\t\t\t<div class=\"e-con-inner\">\n\t\t\t\t<div class=\"elementor-element elementor-element-73bb4d7 elementor-widget elementor-widget-heading\" data-id=\"73bb4d7\" data-element_type=\"widget\" data-e-type=\"widget\" data-widget_type=\"heading.default\">\n\t\t\t\t<div class=\"elementor-widget-container\">\n\t\t\t\t\t<h1 class=\"elementor-heading-title elementor-size-default\">Restauration en chambre<\/h1>\t\t\t\t<\/div>\n\t\t\t\t<\/div>\n\t\t\t\t<div class=\"elementor-element elementor-element-5aff630 elementor-widget elementor-widget-text-editor\" data-id=\"5aff630\" data-element_type=\"widget\" data-e-type=\"widget\" data-widget_type=\"text-editor.default\">\n\t\t\t\t<div class=\"elementor-widget-container\">\n\t\t\t\t\t\t\t\t\t<h4>Sublimez votre s&eacute;jour gr&acirc;ce &agrave; un service en chambre de premier ordre.<\/h4><p>Au Verdi St George&rsquo;s Bay Marina, nous comprenons que vous pouvez avoir envie de vous d&eacute;tendre simplement, dans le confort de votre chambre. C&rsquo;est pourquoi nous vous proposons un d&eacute;licieux menu en Room Service qui vous permettra de d&eacute;guster un repas gastronomique, sans jamais devoir quitter votre chambre. Notre menu offre une s&eacute;lection &eacute;tendue, qui comprend notamment de grands classiques en mati&egrave;re d&rsquo;entr&eacute;es, de plats principaux et de desserts. Que vous ayez envie d&rsquo;une l&eacute;g&egrave;re collation ou d&rsquo;un v&eacute;ritable festin, nous avons ce qu&rsquo;il vous faut.<\/p><p>Notre service de restauration en chambre est aussi pratique que simple d&rsquo;utilisation. Il vous suffit de d&eacute;crocher le t&eacute;l&eacute;phone et de passer commande.<\/p><p><strong>LE PETIT-D&Eacute;JEUNER EST SERVI DE 8H &Agrave; 10H30.<\/strong><\/p><p><strong>LE MENU &Agrave; LA CARTE EST SERVI DE 10H30 &Agrave; 22H30<\/strong><\/p><p>Les frais de prestation du Room Service s&rsquo;&eacute;l&egrave;vent &agrave; 5,50 &euro; pour toute commande inf&eacute;rieure &agrave; 10,00 &euro;.<\/p><p>Des frais de 5,50 &euro; s&rsquo;appliquent aux clients B&amp;B pour toute commande d&rsquo;un petit-d&eacute;jeuner continental.<\/p><p>Num&eacute;ro &ndash; Extension 2825<\/p>\t\t\t\t\t\t\t\t<\/div>\n\t\t\t\t<\/div>\n\t\t\t\t<div class=\"elementor-element elementor-element-48ca53c elementor-widget elementor-widget-button\" data-id=\"48ca53c\" data-element_type=\"widget\" data-e-type=\"widget\" data-widget_type=\"button.default\">\n\t\t\t\t<div class=\"elementor-widget-container\">\n\t\t\t\t\t\t\t\t\t<div class=\"elementor-button-wrapper\">\n\t\t\t\t\t<a class=\"elementor-button elementor-button-link elementor-size-sm\" href=\"https:\/\/verdihotels.com\/stgeorgesbay\/dine-with-us\/cafe-24\/menu\/\" target=\"_blank\">\n\t\t\t\t\t\t<span class=\"elementor-button-content-wrapper\">\n\t\t\t\t\t\t\t\t\t<span class=\"elementor-button-text\">View Menu<\/span>\n\t\t\t\t\t<\/span>\n\t\t\t\t\t<\/a>\n\t\t\t\t<\/div>\n\t\t\t\t\t\t\t\t<\/div>\n\t\t\t\t<\/div>\n\t\t<div class=\"elementor-element elementor-element-5635ed8 e-con-full e-flex e-con e-child\" data-id=\"5635ed8\" data-element_type=\"container\" data-e-type=\"container\">\n\t\t\t\t<div class=\"elementor-element elementor-element-5b93d50 elementor-widget elementor-widget-text-editor\" data-id=\"5b93d50\" data-element_type=\"widget\" data-e-type=\"widget\" data-widget_type=\"text-editor.default\">\n\t\t\t\t<div class=\"elementor-widget-container\">\n\t\t\t\t\t\t\t\t\t<p><em>Nous mettons tout en &oelig;uvre pour informer notre personnel de la gravit&eacute; potentielle des allergies alimentaires. Veuillez donc informer votre serveur des aliments &agrave; &eacute;viter en cas d&rsquo;allergie alimentaire.<\/em><\/p><p><em>Les produits et ingr&eacute;dients achet&eacute;s sont fabriqu&eacute;s en privil&eacute;giant les fournisseurs locaux et certifi&eacute;s, refl&eacute;tant ainsi notre engagement envers l&rsquo;environnement et le d&eacute;veloppement durable.<\/em><\/p>\t\t\t\t\t\t\t\t<\/div>\n\t\t\t\t<\/div>\n\t\t\t\t<\/div>\n\t\t\t\t\t<\/div>\n\t\t\t\t<\/div>\n\t\t\t\t<\/div>\n","protected":false},"excerpt":{"rendered":"<p>Restauration en chambre Sublimez votre s\u00e9jour gr\u00e2ce \u00e0 un service en chambre de premier ordre. Au Verdi St George\u2019s Bay Marina, nous comprenons que vous pouvez avoir envie de vous d\u00e9tendre simplement, dans le confort de votre chambre. C\u2019est pourquoi nous vous proposons un d\u00e9licieux menu en Room Service qui vous permettra de d\u00e9guster un&hellip;<\/p>\n","protected":false},"author":3,"featured_media":291,"parent":36801,"menu_order":0,"comment_status":"closed","ping_status":"closed","template":"","meta":{"_acf_changed":false,"footnotes":""},"class_list":["post-36803","page","type-page","status-publish","has-post-thumbnail","hentry"],"yoast_head":"<!-- This site is optimized with the Yoast SEO plugin v27.5 - https:\/\/yoast.com\/product\/yoast-seo-wordpress\/ -->\n<title>Room Service - Verdi St. George\u2019s Bay Marina<\/title>\n<meta name=\"robots\" content=\"index, follow, max-snippet:-1, max-image-preview:large, max-video-preview:-1\" \/>\n<link rel=\"canonical\" href=\"https:\/\/verdihotels.com\/stgeorgesbay\/fr\/restauration\/room-service\/\" \/>\n<meta property=\"og:locale\" content=\"en_US\" \/>\n<meta property=\"og:type\" content=\"article\" \/>\n<meta property=\"og:title\" content=\"Room Service - Verdi St. George\u2019s Bay Marina\" \/>\n<meta property=\"og:description\" content=\"Restauration en chambre Sublimez votre s\u00e9jour gr\u00e2ce \u00e0 un service en chambre de premier ordre. Au Verdi St George\u2019s Bay Marina, nous comprenons que vous pouvez avoir envie de vous d\u00e9tendre simplement, dans le confort de votre chambre. C\u2019est pourquoi nous vous proposons un d\u00e9licieux menu en Room Service qui vous permettra de d\u00e9guster un&hellip;\" \/>\n<meta property=\"og:url\" content=\"https:\/\/verdihotels.com\/stgeorgesbay\/fr\/restauration\/room-service\/\" \/>\n<meta property=\"og:site_name\" content=\"Verdi St. George\u2019s Bay Marina\" \/>\n<meta property=\"article:publisher\" content=\"https:\/\/www.facebook.com\/VerdiHotels\" \/>\n<meta property=\"article:modified_time\" content=\"2025-09-04T15:21:05+00:00\" \/>\n<meta property=\"og:image\" content=\"https:\/\/verdihotels.com\/wp-content\/uploads\/sites\/4\/2023\/08\/verdiprague-31.jpeg\" \/>\n\t<meta property=\"og:image:width\" content=\"740\" \/>\n\t<meta property=\"og:image:height\" content=\"459\" \/>\n\t<meta property=\"og:image:type\" content=\"image\/jpeg\" \/>\n<meta name=\"twitter:card\" content=\"summary_large_image\" \/>\n<meta name=\"twitter:label1\" content=\"Est. reading time\" \/>\n\t<meta name=\"twitter:data1\" content=\"2 minutes\" \/>\n<script type=\"application\/ld+json\" class=\"yoast-schema-graph\">{\"@context\":\"https:\\\/\\\/schema.org\",\"@graph\":[{\"@type\":\"WebPage\",\"@id\":\"https:\\\/\\\/verdihotels.com\\\/stgeorgesbay\\\/fr\\\/restauration\\\/room-service\\\/\",\"url\":\"https:\\\/\\\/verdihotels.com\\\/stgeorgesbay\\\/fr\\\/restauration\\\/room-service\\\/\",\"name\":\"Room Service - Verdi St. George\u2019s Bay Marina\",\"image\":{\"@id\":\"https:\\\/\\\/verdihotels.com\\\/stgeorgesbay\\\/fr\\\/restauration\\\/room-service\\\/#primaryimage\"},\"potentialAction\":[{\"@type\":\"ReadAction\",\"target\":[\"https:\\\/\\\/verdihotels.com\\\/stgeorgesbay\\\/fr\\\/restauration\\\/room-service\\\/\"]}]},{\"@type\":\"ImageObject\",\"inLanguage\":\"en-US\",\"@id\":\"https:\\\/\\\/verdihotels.com\\\/stgeorgesbay\\\/fr\\\/restauration\\\/room-service\\\/#primaryimage\",\"url\":\"https:\\\/\\\/verdihotels.com\\\/wp-content\\\/uploads\\\/sites\\\/4\\\/2023\\\/08\\\/verdiprague-31.jpeg\",\"contentUrl\":\"https:\\\/\\\/verdihotels.com\\\/wp-content\\\/uploads\\\/sites\\\/4\\\/2023\\\/08\\\/verdiprague-31.jpeg\",\"width\":740,\"height\":459,\"caption\":\"A cocktail garnished with flower petals and berries in a martini glass, surrounded by scattered raspberries and a white wristband with the text \\\"CORINTHIA PRAGUE\\\".\"},{\"@type\":\"BreadcrumbList\",\"@id\":\"https:\\\/\\\/verdihotels.com\\\/stgeorgesbay\\\/fr\\\/restauration\\\/room-service\\\/#breadcrumb\",\"itemListElement\":[{\"@type\":\"ListItem\",\"position\":1,\"name\":\"Home\",\"item\":\"https:\\\/\\\/verdihotels.com\\\/stgeorgesbay\\\/\"},{\"@type\":\"ListItem\",\"position\":2,\"name\":\"Restauration\",\"item\":\"https:\\\/\\\/verdihotels.com\\\/stgeorgesbay\\\/fr\\\/restauration\\\/\"},{\"@type\":\"ListItem\",\"position\":3,\"name\":\"Room Service\"}]},{\"@type\":\"WebSite\",\"@id\":\"https:\\\/\\\/verdihotels.com\\\/stgeorgesbay\\\/#website\",\"url\":\"https:\\\/\\\/verdihotels.com\\\/stgeorgesbay\\\/\",\"name\":\"Verdi St. George\u2019s Bay Marina\",\"description\":\"travelling the way it&#039;s meant to be\",\"publisher\":{\"@id\":\"https:\\\/\\\/verdihotels.com\\\/stgeorgesbay\\\/#organization\"},\"potentialAction\":[{\"@type\":\"SearchAction\",\"target\":{\"@type\":\"EntryPoint\",\"urlTemplate\":\"https:\\\/\\\/verdihotels.com\\\/stgeorgesbay\\\/?s={search_term_string}\"},\"query-input\":{\"@type\":\"PropertyValueSpecification\",\"valueRequired\":true,\"valueName\":\"search_term_string\"}}],\"inLanguage\":\"en-US\"},{\"@type\":\"Organization\",\"@id\":\"https:\\\/\\\/verdihotels.com\\\/stgeorgesbay\\\/#organization\",\"name\":\"Verdi St. George\u2019s Bay Marina\",\"url\":\"https:\\\/\\\/verdihotels.com\\\/stgeorgesbay\\\/\",\"logo\":{\"@type\":\"ImageObject\",\"inLanguage\":\"en-US\",\"@id\":\"https:\\\/\\\/verdihotels.com\\\/stgeorgesbay\\\/#\\\/schema\\\/logo\\\/image\\\/\",\"url\":\"https:\\\/\\\/verdihotels.com\\\/wp-content\\\/uploads\\\/sites\\\/4\\\/2023\\\/05\\\/Verdi-Hotels-Logo-RGB@2x.png\",\"contentUrl\":\"https:\\\/\\\/verdihotels.com\\\/wp-content\\\/uploads\\\/sites\\\/4\\\/2023\\\/05\\\/Verdi-Hotels-Logo-RGB@2x.png\",\"width\":1224,\"height\":576,\"caption\":\"Verdi St. George\u2019s Bay Marina\"},\"image\":{\"@id\":\"https:\\\/\\\/verdihotels.com\\\/stgeorgesbay\\\/#\\\/schema\\\/logo\\\/image\\\/\"},\"sameAs\":[\"https:\\\/\\\/www.facebook.com\\\/VerdiHotels\",\"https:\\\/\\\/www.tiktok.com\\\/@verdi_hotels\",\"https:\\\/\\\/www.instagram.com\\\/verdi_hotels\"]}]}<\/script>\n<!-- \/ Yoast SEO plugin. -->","yoast_head_json":{"title":"Room Service - Verdi St. George\u2019s Bay Marina","robots":{"index":"index","follow":"follow","max-snippet":"max-snippet:-1","max-image-preview":"max-image-preview:large","max-video-preview":"max-video-preview:-1"},"canonical":"https:\/\/verdihotels.com\/stgeorgesbay\/fr\/restauration\/room-service\/","og_locale":"en_US","og_type":"article","og_title":"Room Service - Verdi St. George\u2019s Bay Marina","og_description":"Restauration en chambre Sublimez votre s\u00e9jour gr\u00e2ce \u00e0 un service en chambre de premier ordre. Au Verdi St George\u2019s Bay Marina, nous comprenons que vous pouvez avoir envie de vous d\u00e9tendre simplement, dans le confort de votre chambre. C\u2019est pourquoi nous vous proposons un d\u00e9licieux menu en Room Service qui vous permettra de d\u00e9guster un&hellip;","og_url":"https:\/\/verdihotels.com\/stgeorgesbay\/fr\/restauration\/room-service\/","og_site_name":"Verdi St. George\u2019s Bay Marina","article_publisher":"https:\/\/www.facebook.com\/VerdiHotels","article_modified_time":"2025-09-04T15:21:05+00:00","og_image":[{"width":740,"height":459,"url":"https:\/\/verdihotels.com\/wp-content\/uploads\/sites\/4\/2023\/08\/verdiprague-31.jpeg","type":"image\/jpeg"}],"twitter_card":"summary_large_image","twitter_misc":{"Est. reading time":"2 minutes"},"schema":{"@context":"https:\/\/schema.org","@graph":[{"@type":"WebPage","@id":"https:\/\/verdihotels.com\/stgeorgesbay\/fr\/restauration\/room-service\/","url":"https:\/\/verdihotels.com\/stgeorgesbay\/fr\/restauration\/room-service\/","name":"Room Service - Verdi St. George\u2019s Bay Marina","image":{"@id":"https:\/\/verdihotels.com\/stgeorgesbay\/fr\/restauration\/room-service\/#primaryimage"},"potentialAction":[{"@type":"ReadAction","target":["https:\/\/verdihotels.com\/stgeorgesbay\/fr\/restauration\/room-service\/"]}]},{"@type":"ImageObject","inLanguage":"en-US","@id":"https:\/\/verdihotels.com\/stgeorgesbay\/fr\/restauration\/room-service\/#primaryimage","url":"https:\/\/verdihotels.com\/wp-content\/uploads\/sites\/4\/2023\/08\/verdiprague-31.jpeg","contentUrl":"https:\/\/verdihotels.com\/wp-content\/uploads\/sites\/4\/2023\/08\/verdiprague-31.jpeg","width":740,"height":459,"caption":"A cocktail garnished with flower petals and berries in a martini glass, surrounded by scattered raspberries and a white wristband with the text \"CORINTHIA PRAGUE\"."},{"@type":"BreadcrumbList","@id":"https:\/\/verdihotels.com\/stgeorgesbay\/fr\/restauration\/room-service\/#breadcrumb","itemListElement":[{"@type":"ListItem","position":1,"name":"Home","item":"https:\/\/verdihotels.com\/stgeorgesbay\/"},{"@type":"ListItem","position":2,"name":"Restauration","item":"https:\/\/verdihotels.com\/stgeorgesbay\/fr\/restauration\/"},{"@type":"ListItem","position":3,"name":"Room Service"}]},{"@type":"WebSite","@id":"https:\/\/verdihotels.com\/stgeorgesbay\/#website","url":"https:\/\/verdihotels.com\/stgeorgesbay\/","name":"Verdi St. George\u2019s Bay Marina","description":"travelling the way it&#039;s meant to be","publisher":{"@id":"https:\/\/verdihotels.com\/stgeorgesbay\/#organization"},"potentialAction":[{"@type":"SearchAction","target":{"@type":"EntryPoint","urlTemplate":"https:\/\/verdihotels.com\/stgeorgesbay\/?s={search_term_string}"},"query-input":{"@type":"PropertyValueSpecification","valueRequired":true,"valueName":"search_term_string"}}],"inLanguage":"en-US"},{"@type":"Organization","@id":"https:\/\/verdihotels.com\/stgeorgesbay\/#organization","name":"Verdi St. George\u2019s Bay Marina","url":"https:\/\/verdihotels.com\/stgeorgesbay\/","logo":{"@type":"ImageObject","inLanguage":"en-US","@id":"https:\/\/verdihotels.com\/stgeorgesbay\/#\/schema\/logo\/image\/","url":"https:\/\/verdihotels.com\/wp-content\/uploads\/sites\/4\/2023\/05\/Verdi-Hotels-Logo-RGB@2x.png","contentUrl":"https:\/\/verdihotels.com\/wp-content\/uploads\/sites\/4\/2023\/05\/Verdi-Hotels-Logo-RGB@2x.png","width":1224,"height":576,"caption":"Verdi St. George\u2019s Bay Marina"},"image":{"@id":"https:\/\/verdihotels.com\/stgeorgesbay\/#\/schema\/logo\/image\/"},"sameAs":["https:\/\/www.facebook.com\/VerdiHotels","https:\/\/www.tiktok.com\/@verdi_hotels","https:\/\/www.instagram.com\/verdi_hotels"]}]}},"acf":[],"lang":"fr","translations":{"fr":36803,"en":214,"hu":36097,"de":36099,"pt":36774,"cs":36850},"pll_sync_post":{},"_links":{"self":[{"href":"https:\/\/verdihotels.com\/stgeorgesbay\/wp-json\/wp\/v2\/pages\/36803","targetHints":{"allow":["GET"]}}],"collection":[{"href":"https:\/\/verdihotels.com\/stgeorgesbay\/wp-json\/wp\/v2\/pages"}],"about":[{"href":"https:\/\/verdihotels.com\/stgeorgesbay\/wp-json\/wp\/v2\/types\/page"}],"author":[{"embeddable":true,"href":"https:\/\/verdihotels.com\/stgeorgesbay\/wp-json\/wp\/v2\/users\/3"}],"replies":[{"embeddable":true,"href":"https:\/\/verdihotels.com\/stgeorgesbay\/wp-json\/wp\/v2\/comments?post=36803"}],"version-history":[{"count":0,"href":"https:\/\/verdihotels.com\/stgeorgesbay\/wp-json\/wp\/v2\/pages\/36803\/revisions"}],"up":[{"embeddable":true,"href":"https:\/\/verdihotels.com\/stgeorgesbay\/wp-json\/wp\/v2\/pages\/36801"}],"wp:featuredmedia":[{"embeddable":true,"href":"https:\/\/verdihotels.com\/stgeorgesbay\/wp-json\/wp\/v2\/media\/291"}],"wp:attachment":[{"href":"https:\/\/verdihotels.com\/stgeorgesbay\/wp-json\/wp\/v2\/media?parent=36803"}],"curies":[{"name":"wp","href":"https:\/\/api.w.org\/{rel}","templated":true}]}}