{"id":36869,"date":"2025-09-05T10:13:10","date_gmt":"2025-09-05T10:13:10","guid":{"rendered":"https:\/\/verdihotels.com\/stgeorgesbay\/?page_id=36869"},"modified":"2025-09-05T10:16:55","modified_gmt":"2025-09-05T10:16:55","slug":"audit-soukromych-dodavatelu-vody","status":"publish","type":"page","link":"https:\/\/verdihotels.com\/stgeorgesbay\/cs\/audit-soukromych-dodavatelu-vody\/","title":{"rendered":"Audit soukrom\u00fdch dodavatel\u016f vody"},"content":{"rendered":"<div data-elementor-type=\"wp-page\" data-elementor-id=\"36869\" class=\"elementor elementor-36869\" data-elementor-post-type=\"page\"><div class=\"breadcrumbs\"><span><span><a href=\"https:\/\/verdihotels.com\/stgeorgesbay\/\">Home<\/a><\/span><\/span><\/div>\n\t\t\t\t\t\t<section class=\"elementor-section elementor-top-section elementor-element elementor-element-22bca43 elementor-section-boxed elementor-section-height-default elementor-section-height-default\" data-id=\"22bca43\" data-element_type=\"section\" data-e-type=\"section\">\n\t\t\t\t\t\t<div class=\"elementor-container elementor-column-gap-default\">\n\t\t\t\t\t<div class=\"elementor-column elementor-col-100 elementor-top-column elementor-element elementor-element-718bf32\" data-id=\"718bf32\" data-element_type=\"column\" data-e-type=\"column\">\n\t\t\t<div class=\"elementor-widget-wrap elementor-element-populated\">\n\t\t\t\t\t\t<div class=\"elementor-element elementor-element-5494760 elementor-widget elementor-widget-heading\" data-id=\"5494760\" data-element_type=\"widget\" data-e-type=\"widget\" data-widget_type=\"heading.default\">\n\t\t\t\t<div class=\"elementor-widget-container\">\n\t\t\t\t\t<h1 class=\"elementor-heading-title elementor-size-default\">Audit soukrom&yacute;ch dodavatel&#367; vody<\/h1>\t\t\t\t<\/div>\n\t\t\t\t<\/div>\n\t\t\t\t<div class=\"elementor-element elementor-element-773be8a elementor-widget elementor-widget-text-editor\" data-id=\"773be8a\" data-element_type=\"widget\" data-e-type=\"widget\" data-widget_type=\"text-editor.default\">\n\t\t\t\t<div class=\"elementor-widget-container\">\n\t\t\t\t\t\t\t\t\t<table width=\"456\">\n<tbody>\n<tr>\n<td width=\"137\"><span style=\"font-size: 14.4px;\"><b>Popis vzorku<\/b><\/span><\/td>\n<td width=\"199\"><span style=\"font-size: 14.4px;\">RO produkt &bdquo;voda&ldquo;&nbsp;<\/span><\/td>\n<td width=\"120\">&nbsp;<\/td>\n<\/tr>\n<tr>\n<td><span style=\"font-size: 14.4px;\"><b>RO reg. &#269;&iacute;slo<\/b><\/span><\/td>\n<td>RO DEH\/PWS 037001<\/td>\n<td>&nbsp;<\/td>\n<\/tr>\n<tr>\n<td>&nbsp;<\/td>\n<td>&nbsp;<\/td>\n<td>&nbsp;<\/td>\n<\/tr>\n<tr>\n<td><span style=\"font-size: 14.4px;\"><b>Datum<\/b><\/span><b>:&nbsp;<\/b><\/td>\n<td>28\/03\/2024<\/td>\n<td>&nbsp;<\/td>\n<\/tr>\n<tr>\n<td>&nbsp;<\/td>\n<td>&nbsp;<\/td>\n<td>&nbsp;<\/td>\n<\/tr>\n<tr>\n<td><b>Parameter<\/b><\/td>\n<td><b>Result<\/b><\/td>\n<td><b>Parametric Value<\/b><\/td>\n<\/tr>\n<tr>\n<td>&nbsp;<\/td>\n<td>&nbsp;<\/td>\n<td>&nbsp;<\/td>\n<\/tr>\n<tr>\n<td width=\"137\">Ammonium<\/td>\n<td width=\"199\">&lt; 0.01 mg\/l<\/td>\n<td width=\"120\">0.5 mg\/l<\/td>\n<\/tr>\n<tr>\n<td width=\"137\">Barva<\/td>\n<td width=\"199\">1 PCU<\/td>\n<td width=\"120\">&lt; 15 PCU<\/td>\n<\/tr>\n<tr>\n<td width=\"137\"><span style=\"font-size: 14.4px;\">Vodivost<\/span><\/td>\n<td width=\"199\">176.1 &mu;S\/cm<\/td>\n<td width=\"120\">&lt; 2500 &mu;S\/cm<\/td>\n<\/tr>\n<tr>\n<td width=\"137\">pH<\/td>\n<td width=\"199\">7.02<\/td>\n<td width=\"120\">6.5 &ndash; 9.5<\/td>\n<\/tr>\n<tr>\n<td width=\"137\">Z&aacute;pach<\/td>\n<td width=\"199\"><span style=\"font-size: 14.4px;\">p&#345;ijateln&yacute;<\/span><\/td>\n<td width=\"120\">&#382;&aacute;dn&aacute; abnorm&aacute;ln&iacute; zm&#283;na<\/td>\n<\/tr>\n<tr>\n<td width=\"137\">Chu&#357;<\/td>\n<td width=\"199\">p&#345;ijateln&yacute;<\/td>\n<td width=\"120\"><span style=\"font-size: 14.4px;\">&#382;&aacute;dn&aacute; abnorm&aacute;ln&iacute; zm&#283;na<\/span><\/td>\n<\/tr>\n<tr>\n<td width=\"137\"><span style=\"font-size: 14.4px;\">Celkov&yacute; po&#269;et bakteri&iacute;<\/span><\/td>\n<td width=\"199\">nula<\/td>\n<td width=\"120\">&lt;20 cfu\/ml<\/td>\n<\/tr>\n<tr>\n<td width=\"137\"><span style=\"font-size: 14.4px;\">Celkov&yacute; po&#269;et koliformn&iacute;ch bakteri&iacute;<\/span><\/td>\n<td width=\"199\">nula<\/td>\n<td width=\"120\">nula<\/td>\n<\/tr>\n<tr>\n<td width=\"137\">Escherichia coli<\/td>\n<td width=\"199\">nula<\/td>\n<td width=\"120\">nula<\/td>\n<\/tr>\n<tr>\n<td width=\"137\">Pseudomonas aeruginosa<\/td>\n<td width=\"199\">nula<\/td>\n<td width=\"120\">nula \/ 250 ml<\/td>\n<\/tr>\n<tr>\n<td width=\"137\">Z&aacute;kal<\/td>\n<td width=\"199\">0.33 NTU<\/td>\n<td width=\"120\"><span style=\"font-size: 14.4px;\">&#382;&aacute;dn&aacute; abnorm&aacute;ln&iacute; zm&#283;na<\/span><\/td>\n<\/tr>\n<tr>\n<td width=\"137\">Dusitan<\/td>\n<td width=\"199\">&lt; 0.01 mg\/l<\/td>\n<td width=\"120\">&lt; 0.5 mg\/l<\/td>\n<\/tr>\n<tr>\n<td width=\"137\">Chlorid<\/td>\n<td width=\"199\">33 mg\/l&nbsp;<\/td>\n<td width=\"120\">&lt; 250 mg\/l<\/td>\n<\/tr>\n<tr>\n<td width=\"137\">Sod&iacute;k<\/td>\n<td width=\"199\">19 mg\/l<\/td>\n<td width=\"120\">&lt; 200 mg\/l<\/td>\n<\/tr>\n<tr>\n<td width=\"137\">Fluorid<\/td>\n<td width=\"199\">&lt; 0.01 mg\/l<\/td>\n<td width=\"120\">&lt; 1.5 mg\/l<\/td>\n<\/tr>\n<tr>\n<td width=\"137\">Dusi&#269;nan<\/td>\n<td width=\"199\">2.4 mg\/l<\/td>\n<td width=\"120\">&lt; 50 mg\/l<\/td>\n<\/tr>\n<tr>\n<td width=\"137\">B&oacute;r<\/td>\n<td width=\"199\">0.28 mg\/l<\/td>\n<td width=\"120\">&lt; 1 mg\/l<\/td>\n<\/tr>\n<tr>\n<td width=\"137\">Sulf&aacute;t<\/td>\n<td width=\"199\">&lt; 5 mg\/l<\/td>\n<td width=\"120\">&lt; 200 mg\/l<\/td>\n<\/tr>\n<\/tbody>\n<\/table>\t\t\t\t\t\t\t\t<\/div>\n\t\t\t\t<\/div>\n\t\t\t\t\t<\/div>\n\t\t<\/div>\n\t\t\t\t\t<\/div>\n\t\t<\/section>\n\t\t\t\t<\/div>\n","protected":false},"excerpt":{"rendered":"<p>Popis vzorku RO produkt \u201evoda\u201c&nbsp; &nbsp; RO reg. \u010d\u00edslo RO DEH\/PWS 037001 &nbsp; &nbsp; &nbsp; &nbsp; Datum:&nbsp; 28\/03\/2024 &nbsp; &nbsp; &nbsp; &nbsp; Parameter Result Parametric Value &nbsp; &nbsp; &nbsp; Ammonium &lt; 0.01 mg\/l 0.5 mg\/l Barva 1 PCU &lt; 15 PCU Vodivost 176.1 \u03bcS\/cm &lt; 2500 \u03bcS\/cm pH 7.02 6.5 \u2013 9.5 Z\u00e1pach p\u0159ijateln\u00fd \u017e\u00e1dn\u00e1&hellip;<\/p>\n","protected":false},"author":3,"featured_media":0,"parent":0,"menu_order":0,"comment_status":"closed","ping_status":"closed","template":"","meta":{"_acf_changed":false,"footnotes":""},"class_list":["post-36869","page","type-page","status-publish","hentry"],"yoast_head":"<!-- This site is optimized with the Yoast SEO plugin v27.4 - https:\/\/yoast.com\/product\/yoast-seo-wordpress\/ -->\n<title>Audit soukrom\u00fdch dodavatel\u016f vody - Verdi St. George\u2019s Bay Marina<\/title>\n<meta name=\"robots\" content=\"index, follow, max-snippet:-1, max-image-preview:large, max-video-preview:-1\" \/>\n<link rel=\"canonical\" href=\"https:\/\/verdihotels.com\/stgeorgesbay\/cs\/audit-soukromych-dodavatelu-vody\/\" \/>\n<meta property=\"og:locale\" content=\"en_US\" \/>\n<meta property=\"og:type\" content=\"article\" \/>\n<meta property=\"og:title\" content=\"Audit soukrom\u00fdch dodavatel\u016f vody - Verdi St. George\u2019s Bay Marina\" \/>\n<meta property=\"og:description\" content=\"Popis vzorku RO produkt \u201evoda\u201c&nbsp; &nbsp; RO reg. \u010d\u00edslo RO DEH\/PWS 037001 &nbsp; &nbsp; &nbsp; &nbsp; Datum:&nbsp; 28\/03\/2024 &nbsp; &nbsp; &nbsp; &nbsp; Parameter Result Parametric Value &nbsp; &nbsp; &nbsp; Ammonium &lt; 0.01 mg\/l 0.5 mg\/l Barva 1 PCU &lt; 15 PCU Vodivost 176.1 \u03bcS\/cm &lt; 2500 \u03bcS\/cm pH 7.02 6.5 \u2013 9.5 Z\u00e1pach p\u0159ijateln\u00fd \u017e\u00e1dn\u00e1&hellip;\" \/>\n<meta property=\"og:url\" content=\"https:\/\/verdihotels.com\/stgeorgesbay\/cs\/audit-soukromych-dodavatelu-vody\/\" \/>\n<meta property=\"og:site_name\" content=\"Verdi St. George\u2019s Bay Marina\" \/>\n<meta property=\"article:publisher\" content=\"https:\/\/www.facebook.com\/VerdiHotels\" \/>\n<meta property=\"article:modified_time\" content=\"2025-09-05T10:16:55+00:00\" \/>\n<meta name=\"twitter:card\" content=\"summary_large_image\" \/>\n<meta name=\"twitter:label1\" content=\"Est. reading time\" \/>\n\t<meta name=\"twitter:data1\" content=\"1 minute\" \/>\n<script type=\"application\/ld+json\" class=\"yoast-schema-graph\">{\"@context\":\"https:\\\/\\\/schema.org\",\"@graph\":[{\"@type\":\"WebPage\",\"@id\":\"https:\\\/\\\/verdihotels.com\\\/stgeorgesbay\\\/cs\\\/audit-soukromych-dodavatelu-vody\\\/\",\"url\":\"https:\\\/\\\/verdihotels.com\\\/stgeorgesbay\\\/cs\\\/audit-soukromych-dodavatelu-vody\\\/\",\"name\":\"Audit soukrom\u00fdch dodavatel\u016f vody - Verdi St. George\u2019s Bay Marina\",\"potentialAction\":[{\"@type\":\"ReadAction\",\"target\":[\"https:\\\/\\\/verdihotels.com\\\/stgeorgesbay\\\/cs\\\/audit-soukromych-dodavatelu-vody\\\/\"]}]},{\"@type\":\"BreadcrumbList\",\"@id\":\"https:\\\/\\\/verdihotels.com\\\/stgeorgesbay\\\/cs\\\/audit-soukromych-dodavatelu-vody\\\/#breadcrumb\",\"itemListElement\":[{\"@type\":\"ListItem\",\"position\":1,\"name\":\"Home\",\"item\":\"https:\\\/\\\/verdihotels.com\\\/stgeorgesbay\\\/\"},{\"@type\":\"ListItem\",\"position\":2,\"name\":\"Audit soukrom\u00fdch dodavatel\u016f vody\"}]},{\"@type\":\"WebSite\",\"@id\":\"https:\\\/\\\/verdihotels.com\\\/stgeorgesbay\\\/#website\",\"url\":\"https:\\\/\\\/verdihotels.com\\\/stgeorgesbay\\\/\",\"name\":\"Verdi St. George\u2019s Bay Marina\",\"description\":\"travelling the way it&#039;s meant to be\",\"publisher\":{\"@id\":\"https:\\\/\\\/verdihotels.com\\\/stgeorgesbay\\\/#organization\"},\"potentialAction\":[{\"@type\":\"SearchAction\",\"target\":{\"@type\":\"EntryPoint\",\"urlTemplate\":\"https:\\\/\\\/verdihotels.com\\\/stgeorgesbay\\\/?s={search_term_string}\"},\"query-input\":{\"@type\":\"PropertyValueSpecification\",\"valueRequired\":true,\"valueName\":\"search_term_string\"}}],\"inLanguage\":\"en-US\"},{\"@type\":\"Organization\",\"@id\":\"https:\\\/\\\/verdihotels.com\\\/stgeorgesbay\\\/#organization\",\"name\":\"Verdi St. George\u2019s Bay Marina\",\"url\":\"https:\\\/\\\/verdihotels.com\\\/stgeorgesbay\\\/\",\"logo\":{\"@type\":\"ImageObject\",\"inLanguage\":\"en-US\",\"@id\":\"https:\\\/\\\/verdihotels.com\\\/stgeorgesbay\\\/#\\\/schema\\\/logo\\\/image\\\/\",\"url\":\"https:\\\/\\\/verdihotels.com\\\/wp-content\\\/uploads\\\/sites\\\/4\\\/2023\\\/05\\\/Verdi-Hotels-Logo-RGB@2x.png\",\"contentUrl\":\"https:\\\/\\\/verdihotels.com\\\/wp-content\\\/uploads\\\/sites\\\/4\\\/2023\\\/05\\\/Verdi-Hotels-Logo-RGB@2x.png\",\"width\":1224,\"height\":576,\"caption\":\"Verdi St. George\u2019s Bay Marina\"},\"image\":{\"@id\":\"https:\\\/\\\/verdihotels.com\\\/stgeorgesbay\\\/#\\\/schema\\\/logo\\\/image\\\/\"},\"sameAs\":[\"https:\\\/\\\/www.facebook.com\\\/VerdiHotels\",\"https:\\\/\\\/www.tiktok.com\\\/@verdi_hotels\",\"https:\\\/\\\/www.instagram.com\\\/verdi_hotels\"]}]}<\/script>\n<!-- \/ Yoast SEO plugin. -->","yoast_head_json":{"title":"Audit soukrom\u00fdch dodavatel\u016f vody - Verdi St. George\u2019s Bay Marina","robots":{"index":"index","follow":"follow","max-snippet":"max-snippet:-1","max-image-preview":"max-image-preview:large","max-video-preview":"max-video-preview:-1"},"canonical":"https:\/\/verdihotels.com\/stgeorgesbay\/cs\/audit-soukromych-dodavatelu-vody\/","og_locale":"en_US","og_type":"article","og_title":"Audit soukrom\u00fdch dodavatel\u016f vody - Verdi St. George\u2019s Bay Marina","og_description":"Popis vzorku RO produkt \u201evoda\u201c&nbsp; &nbsp; RO reg. \u010d\u00edslo RO DEH\/PWS 037001 &nbsp; &nbsp; &nbsp; &nbsp; Datum:&nbsp; 28\/03\/2024 &nbsp; &nbsp; &nbsp; &nbsp; Parameter Result Parametric Value &nbsp; &nbsp; &nbsp; Ammonium &lt; 0.01 mg\/l 0.5 mg\/l Barva 1 PCU &lt; 15 PCU Vodivost 176.1 \u03bcS\/cm &lt; 2500 \u03bcS\/cm pH 7.02 6.5 \u2013 9.5 Z\u00e1pach p\u0159ijateln\u00fd \u017e\u00e1dn\u00e1&hellip;","og_url":"https:\/\/verdihotels.com\/stgeorgesbay\/cs\/audit-soukromych-dodavatelu-vody\/","og_site_name":"Verdi St. George\u2019s Bay Marina","article_publisher":"https:\/\/www.facebook.com\/VerdiHotels","article_modified_time":"2025-09-05T10:16:55+00:00","twitter_card":"summary_large_image","twitter_misc":{"Est. reading time":"1 minute"},"schema":{"@context":"https:\/\/schema.org","@graph":[{"@type":"WebPage","@id":"https:\/\/verdihotels.com\/stgeorgesbay\/cs\/audit-soukromych-dodavatelu-vody\/","url":"https:\/\/verdihotels.com\/stgeorgesbay\/cs\/audit-soukromych-dodavatelu-vody\/","name":"Audit soukrom\u00fdch dodavatel\u016f vody - Verdi St. George\u2019s Bay Marina","potentialAction":[{"@type":"ReadAction","target":["https:\/\/verdihotels.com\/stgeorgesbay\/cs\/audit-soukromych-dodavatelu-vody\/"]}]},{"@type":"BreadcrumbList","@id":"https:\/\/verdihotels.com\/stgeorgesbay\/cs\/audit-soukromych-dodavatelu-vody\/#breadcrumb","itemListElement":[{"@type":"ListItem","position":1,"name":"Home","item":"https:\/\/verdihotels.com\/stgeorgesbay\/"},{"@type":"ListItem","position":2,"name":"Audit soukrom\u00fdch dodavatel\u016f vody"}]},{"@type":"WebSite","@id":"https:\/\/verdihotels.com\/stgeorgesbay\/#website","url":"https:\/\/verdihotels.com\/stgeorgesbay\/","name":"Verdi St. George\u2019s Bay Marina","description":"travelling the way it&#039;s meant to be","publisher":{"@id":"https:\/\/verdihotels.com\/stgeorgesbay\/#organization"},"potentialAction":[{"@type":"SearchAction","target":{"@type":"EntryPoint","urlTemplate":"https:\/\/verdihotels.com\/stgeorgesbay\/?s={search_term_string}"},"query-input":{"@type":"PropertyValueSpecification","valueRequired":true,"valueName":"search_term_string"}}],"inLanguage":"en-US"},{"@type":"Organization","@id":"https:\/\/verdihotels.com\/stgeorgesbay\/#organization","name":"Verdi St. George\u2019s Bay Marina","url":"https:\/\/verdihotels.com\/stgeorgesbay\/","logo":{"@type":"ImageObject","inLanguage":"en-US","@id":"https:\/\/verdihotels.com\/stgeorgesbay\/#\/schema\/logo\/image\/","url":"https:\/\/verdihotels.com\/wp-content\/uploads\/sites\/4\/2023\/05\/Verdi-Hotels-Logo-RGB@2x.png","contentUrl":"https:\/\/verdihotels.com\/wp-content\/uploads\/sites\/4\/2023\/05\/Verdi-Hotels-Logo-RGB@2x.png","width":1224,"height":576,"caption":"Verdi St. George\u2019s Bay Marina"},"image":{"@id":"https:\/\/verdihotels.com\/stgeorgesbay\/#\/schema\/logo\/image\/"},"sameAs":["https:\/\/www.facebook.com\/VerdiHotels","https:\/\/www.tiktok.com\/@verdi_hotels","https:\/\/www.instagram.com\/verdi_hotels"]}]}},"acf":[],"lang":"cs","translations":{"cs":36869,"de":36694,"en":36618,"pt":36776,"fr":36795},"pll_sync_post":[],"_links":{"self":[{"href":"https:\/\/verdihotels.com\/stgeorgesbay\/wp-json\/wp\/v2\/pages\/36869","targetHints":{"allow":["GET"]}}],"collection":[{"href":"https:\/\/verdihotels.com\/stgeorgesbay\/wp-json\/wp\/v2\/pages"}],"about":[{"href":"https:\/\/verdihotels.com\/stgeorgesbay\/wp-json\/wp\/v2\/types\/page"}],"author":[{"embeddable":true,"href":"https:\/\/verdihotels.com\/stgeorgesbay\/wp-json\/wp\/v2\/users\/3"}],"replies":[{"embeddable":true,"href":"https:\/\/verdihotels.com\/stgeorgesbay\/wp-json\/wp\/v2\/comments?post=36869"}],"version-history":[{"count":0,"href":"https:\/\/verdihotels.com\/stgeorgesbay\/wp-json\/wp\/v2\/pages\/36869\/revisions"}],"wp:attachment":[{"href":"https:\/\/verdihotels.com\/stgeorgesbay\/wp-json\/wp\/v2\/media?parent=36869"}],"curies":[{"name":"wp","href":"https:\/\/api.w.org\/{rel}","templated":true}]}}