{"id":1039,"date":"2025-06-06T13:42:25","date_gmt":"2025-06-06T13:42:25","guid":{"rendered":"https:\/\/verdihotels.com\/vivaldi\/?page_id=1039"},"modified":"2026-04-14T13:01:08","modified_gmt":"2026-04-14T13:01:08","slug":"tagen-und-feiern","status":"publish","type":"page","link":"https:\/\/verdihotels.com\/vivaldi\/de\/tagen-und-feiern\/","title":{"rendered":"Tagen und feiern"},"content":{"rendered":"<div data-elementor-type=\"wp-page\" data-elementor-id=\"1039\" class=\"elementor elementor-1039\" data-elementor-post-type=\"page\"><div class=\"breadcrumbs\"><span><span><a href=\"https:\/\/verdihotels.com\/vivaldi\/\">Home<\/a><\/span><\/span><\/div>\n\t\t\t\t<div class=\"elementor-element elementor-element-b501392 e-con-full e-flex e-con e-parent\" data-id=\"b501392\" data-element_type=\"container\" data-e-type=\"container\" data-settings='{\"background_background\":\"classic\"}'>\n\t\t<div class=\"elementor-element elementor-element-9dc6a64 e-con-full e-flex e-con e-child\" data-id=\"9dc6a64\" data-element_type=\"container\" data-e-type=\"container\">\n\t\t\t\t<div class=\"elementor-element elementor-element-b5da4f5 elementor-widget elementor-widget-html\" data-id=\"b5da4f5\" data-element_type=\"widget\" data-e-type=\"widget\" data-widget_type=\"html.default\">\n\t\t\t\t<div class=\"elementor-widget-container\">\n\t\t\t\t\t<div id=\"mp-booking-engine-iframe-container\" style=\"width: 1100px\"><h2 class=\"meetintitle\">Book a Meeting<\/h2><\/div>\n    <script langcode=\"en\" whitelabel_id=\"724200\" widget_id=\"verdi_hotels\" destination=\"721517\" version=\"frontpage-v4\" src=\"https:\/\/bookingengine-mp.s3.eu-west-2.amazonaws.com\/script.js\"><\/script>\t\t\t\t<\/div>\n\t\t\t\t<\/div>\n\t\t\t\t<\/div>\n\t\t\t\t<\/div>\n\t\t\t\t<section class=\"elementor-section elementor-top-section elementor-element elementor-element-ee9865d elementor-section-full_width elementor-section-height-min-height elementor-section-height-default elementor-section-items-middle\" data-id=\"ee9865d\" data-element_type=\"section\" data-e-type=\"section\">\n\t\t\t\t\t\t<div class=\"elementor-container elementor-column-gap-default\">\n\t\t\t\t\t<div class=\"elementor-column elementor-col-50 elementor-top-column elementor-element elementor-element-be324b3\" data-id=\"be324b3\" data-element_type=\"column\" data-e-type=\"column\">\n\t\t\t<div class=\"elementor-widget-wrap elementor-element-populated\">\n\t\t\t\t\t\t<div class=\"elementor-element elementor-element-7c52125 elementor-widget elementor-widget-heading\" data-id=\"7c52125\" data-element_type=\"widget\" data-e-type=\"widget\" data-widget_type=\"heading.default\">\n\t\t\t\t<div class=\"elementor-widget-container\">\n\t\t\t\t\t<h2 class=\"elementor-heading-title elementor-size-default\">Konferenzen und Veranstaltungen <\/h2>\t\t\t\t<\/div>\n\t\t\t\t<\/div>\n\t\t\t\t<div class=\"elementor-element elementor-element-d49f2e2 elementor-widget elementor-widget-heading\" data-id=\"d49f2e2\" data-element_type=\"widget\" data-e-type=\"widget\" data-widget_type=\"heading.default\">\n\t\t\t\t<div class=\"elementor-widget-container\">\n\t\t\t\t\t<h1 class=\"elementor-heading-title elementor-size-default\">Momente, die haften bleiben<\/h1>\t\t\t\t<\/div>\n\t\t\t\t<\/div>\n\t\t\t\t\t<\/div>\n\t\t<\/div>\n\t\t\t\t<div class=\"elementor-column elementor-col-50 elementor-top-column elementor-element elementor-element-fe7e86a\" data-id=\"fe7e86a\" data-element_type=\"column\" data-e-type=\"column\">\n\t\t\t<div class=\"elementor-widget-wrap elementor-element-populated\">\n\t\t\t\t\t\t<div class=\"elementor-element elementor-element-2c63260 elementor-widget__width-initial elementor-widget elementor-widget-text-editor\" data-id=\"2c63260\" data-element_type=\"widget\" data-e-type=\"widget\" data-widget_type=\"text-editor.default\">\n\t\t\t\t<div class=\"elementor-widget-container\">\n\t\t\t\t\t\t\t\t\t<p>Das Vivaldi Malta liegt im Herzen von St. Julian&rsquo;s lebhaftem Gesch&auml;fts- und Ausgehviertel. Mit seinen vielseitigen Tagungsr&auml;umen, einem Besprechungsraum wie in einer Vorstandsetage und mehreren Konferenzr&auml;umen ist es perfekt f&uuml;r Firmen- und gesellschaftliche Veranstaltungen.<\/p><p>Von vertraulichen Meetings bis zu gro&szlig;en Banketten bietet unser Team einen reibungslosen Service, elegante R&auml;umlichkeiten und durchdachte Details, die sicherstellen, dass deine Veranstaltung ebenso eindrucksvoll wie einpr&auml;gsam wird. Was auch immer der Anlass ist, wir helfen dir, mitten im Mittelmeer ein neues Kapitel deiner Firmengeschichte aufzuschlagen.<\/p>\t\t\t\t\t\t\t\t<\/div>\n\t\t\t\t<\/div>\n\t\t\t\t\t<\/div>\n\t\t<\/div>\n\t\t\t\t\t<\/div>\n\t\t<\/section>\n\t\t\t\t<section class=\"elementor-section elementor-top-section elementor-element elementor-element-360b9cd elementor-section-full_width elementor-section-height-min-height elementor-section-height-default elementor-section-items-middle\" data-id=\"360b9cd\" data-element_type=\"section\" data-e-type=\"section\" id=\"conference\" data-settings='{\"background_background\":\"classic\"}'>\n\t\t\t\t\t\t<div class=\"elementor-container elementor-column-gap-default\">\n\t\t\t\t\t<div class=\"elementor-column elementor-col-50 elementor-top-column elementor-element elementor-element-8a26bf9\" data-id=\"8a26bf9\" data-element_type=\"column\" data-e-type=\"column\">\n\t\t\t<div class=\"elementor-widget-wrap\">\n\t\t\t\t\t\t\t<\/div>\n\t\t<\/div>\n\t\t\t\t<div class=\"elementor-column elementor-col-50 elementor-top-column elementor-element elementor-element-c2ea283\" data-id=\"c2ea283\" data-element_type=\"column\" data-e-type=\"column\" data-settings='{\"background_background\":\"classic\"}'>\n\t\t\t<div class=\"elementor-widget-wrap elementor-element-populated\">\n\t\t\t\t\t\t<div class=\"elementor-element elementor-element-56fb65f elementor-widget__width-initial elementor-widget elementor-widget-text-editor\" data-id=\"56fb65f\" data-element_type=\"widget\" data-e-type=\"widget\" data-widget_type=\"text-editor.default\">\n\t\t\t\t<div class=\"elementor-widget-container\">\n\t\t\t\t\t\t\t\t\t<p class=\"p1\">Jedes Team ist anders, und so auch jede Veranstaltung. Von Aktivit&auml;ten, um das Eis zu brechen, &uuml;ber Aufw&auml;rm&uuml;bungen vor Konferenzen bis zu ma&szlig;geschneiderten Erlebnissen &ndash; unsere Programme sind darauf ausgerichtet, leistungsstarke Teams zu motivieren, zu engagieren und zu inspirieren.<\/p><p class=\"p1\">Mit flexibler Zeitplanung, modernster Technologie und der nat&uuml;rlichen Sch&ouml;nheit Maltas als Kulisse schaffen wir Veranstaltungen, die zugleich produktiv und unvergesslich sind.<\/p>\t\t\t\t\t\t\t\t<\/div>\n\t\t\t\t<\/div>\n\t\t\t\t<div class=\"elementor-element elementor-element-c168398 elementor-widget elementor-widget-spacer\" data-id=\"c168398\" data-element_type=\"widget\" data-e-type=\"widget\" data-widget_type=\"spacer.default\">\n\t\t\t\t<div class=\"elementor-widget-container\">\n\t\t\t\t\t\t\t<div class=\"elementor-spacer\">\n\t\t\t<div class=\"elementor-spacer-inner\"><\/div>\n\t\t<\/div>\n\t\t\t\t\t\t<\/div>\n\t\t\t\t<\/div>\n\t\t\t\t<div class=\"elementor-element elementor-element-0fc0e67 elementor-align-justify elementor-widget__width-initial elementor-widget-mobile__width-inherit elementor-widget elementor-widget-button\" data-id=\"0fc0e67\" data-element_type=\"widget\" data-e-type=\"widget\" data-widget_type=\"button.default\">\n\t\t\t\t<div class=\"elementor-widget-container\">\n\t\t\t\t\t\t\t\t\t<div class=\"elementor-button-wrapper\">\n\t\t\t\t\t<a class=\"elementor-button elementor-button-link elementor-size-sm\" href=\"https:\/\/verdihotels.com\/vivaldi\/contact\/\">\n\t\t\t\t\t\t<span class=\"elementor-button-content-wrapper\">\n\t\t\t\t\t\t\t\t\t<span class=\"elementor-button-text\">Kontaktiere uns<\/span>\n\t\t\t\t\t<\/span>\n\t\t\t\t\t<\/a>\n\t\t\t\t<\/div>\n\t\t\t\t\t\t\t\t<\/div>\n\t\t\t\t<\/div>\n\t\t\t\t\t<\/div>\n\t\t<\/div>\n\t\t\t\t\t<\/div>\n\t\t<\/section>\n\t\t\t\t<\/div>\n","protected":false},"excerpt":{"rendered":"<p>Book a Meeting Konferenzen und Veranstaltungen Momente, die haften bleiben Das Vivaldi Malta liegt im Herzen von St. Julian&#8217;s lebhaftem Gesch\u00e4fts- und Ausgehviertel. Mit seinen vielseitigen Tagungsr\u00e4umen, einem Besprechungsraum wie in einer Vorstandsetage und mehreren Konferenzr\u00e4umen ist es perfekt f\u00fcr Firmen- und gesellschaftliche Veranstaltungen. Von vertraulichen Meetings bis zu gro\u00dfen Banketten bietet unser Team einen&hellip;<\/p>\n","protected":false},"author":3,"featured_media":0,"parent":0,"menu_order":40,"comment_status":"closed","ping_status":"closed","template":"","meta":{"_acf_changed":false,"footnotes":""},"class_list":["post-1039","page","type-page","status-publish","hentry"],"yoast_head":"<!-- This site is optimized with the Yoast SEO plugin v27.4 - https:\/\/yoast.com\/product\/yoast-seo-wordpress\/ -->\n<title>Event &amp; Meeting Rooms in Malta | Vivaldi Hotel<\/title>\n<meta name=\"description\" content=\"Elevate your business events at Vivaldi Malta in St Julian\u2019s. Enjoy well-equipped meeting rooms and tailored services for a seamless experience.\" \/>\n<meta name=\"robots\" content=\"index, follow, max-snippet:-1, max-image-preview:large, max-video-preview:-1\" \/>\n<link rel=\"canonical\" href=\"https:\/\/verdihotels.com\/vivaldi\/de\/tagen-und-feiern\/\" \/>\n<meta property=\"og:locale\" content=\"en_US\" \/>\n<meta property=\"og:type\" content=\"article\" \/>\n<meta property=\"og:title\" content=\"Event &amp; Meeting Rooms in Malta | Vivaldi Hotel\" \/>\n<meta property=\"og:description\" content=\"Elevate your business events at Vivaldi Malta in St Julian\u2019s. Enjoy well-equipped meeting rooms and tailored services for a seamless experience.\" \/>\n<meta property=\"og:url\" content=\"https:\/\/verdihotels.com\/vivaldi\/de\/tagen-und-feiern\/\" \/>\n<meta property=\"og:site_name\" content=\"Vivaldi\" \/>\n<meta property=\"article:publisher\" content=\"https:\/\/www.facebook.com\/VerdiHotels\" \/>\n<meta property=\"article:modified_time\" content=\"2026-04-14T13:01:08+00:00\" \/>\n<meta name=\"twitter:card\" content=\"summary_large_image\" \/>\n<meta name=\"twitter:label1\" content=\"Est. reading time\" \/>\n\t<meta name=\"twitter:data1\" content=\"1 minute\" \/>\n<script type=\"application\/ld+json\" class=\"yoast-schema-graph\">{\"@context\":\"https:\\\/\\\/schema.org\",\"@graph\":[{\"@type\":\"WebPage\",\"@id\":\"https:\\\/\\\/verdihotels.com\\\/vivaldi\\\/de\\\/tagen-und-feiern\\\/\",\"url\":\"https:\\\/\\\/verdihotels.com\\\/vivaldi\\\/de\\\/tagen-und-feiern\\\/\",\"name\":\"Event & Meeting Rooms in Malta | Vivaldi Hotel\",\"description\":\"Elevate your business events at Vivaldi Malta in St Julian\u2019s. Enjoy well-equipped meeting rooms and tailored services for a seamless experience.\",\"potentialAction\":[{\"@type\":\"ReadAction\",\"target\":[\"https:\\\/\\\/verdihotels.com\\\/vivaldi\\\/de\\\/tagen-und-feiern\\\/\"]}]},{\"@type\":\"BreadcrumbList\",\"@id\":\"https:\\\/\\\/verdihotels.com\\\/vivaldi\\\/de\\\/tagen-und-feiern\\\/#breadcrumb\",\"itemListElement\":[{\"@type\":\"ListItem\",\"position\":1,\"name\":\"Home\",\"item\":\"https:\\\/\\\/verdihotels.com\\\/vivaldi\\\/\"},{\"@type\":\"ListItem\",\"position\":2,\"name\":\"Tagen und feiern\"}]},{\"@type\":\"WebSite\",\"@id\":\"https:\\\/\\\/verdihotels.com\\\/vivaldi\\\/#website\",\"url\":\"https:\\\/\\\/verdihotels.com\\\/vivaldi\\\/\",\"name\":\"Verdi Gzira Waterfront\",\"description\":\"travelling the way it&#039;s meant to be\",\"publisher\":{\"@id\":\"https:\\\/\\\/verdihotels.com\\\/vivaldi\\\/#organization\"},\"potentialAction\":[{\"@type\":\"SearchAction\",\"target\":{\"@type\":\"EntryPoint\",\"urlTemplate\":\"https:\\\/\\\/verdihotels.com\\\/vivaldi\\\/?s={search_term_string}\"},\"query-input\":{\"@type\":\"PropertyValueSpecification\",\"valueRequired\":true,\"valueName\":\"search_term_string\"}}],\"inLanguage\":\"en-US\"},{\"@type\":\"Organization\",\"@id\":\"https:\\\/\\\/verdihotels.com\\\/vivaldi\\\/#organization\",\"name\":\"Verdi Gzira Waterfront\",\"url\":\"https:\\\/\\\/verdihotels.com\\\/vivaldi\\\/\",\"logo\":{\"@type\":\"ImageObject\",\"inLanguage\":\"en-US\",\"@id\":\"https:\\\/\\\/verdihotels.com\\\/vivaldi\\\/#\\\/schema\\\/logo\\\/image\\\/\",\"url\":\"\",\"contentUrl\":\"\",\"caption\":\"Verdi Gzira Waterfront\"},\"image\":{\"@id\":\"https:\\\/\\\/verdihotels.com\\\/vivaldi\\\/#\\\/schema\\\/logo\\\/image\\\/\"},\"sameAs\":[\"https:\\\/\\\/www.facebook.com\\\/VerdiHotels\",\"https:\\\/\\\/www.tiktok.com\\\/@verdi_hotels\",\"https:\\\/\\\/www.instagram.com\\\/verdi_hotels\"]}]}<\/script>\n<!-- \/ Yoast SEO plugin. -->","yoast_head_json":{"title":"Event & Meeting Rooms in Malta | Vivaldi Hotel","description":"Elevate your business events at Vivaldi Malta in St Julian\u2019s. Enjoy well-equipped meeting rooms and tailored services for a seamless experience.","robots":{"index":"index","follow":"follow","max-snippet":"max-snippet:-1","max-image-preview":"max-image-preview:large","max-video-preview":"max-video-preview:-1"},"canonical":"https:\/\/verdihotels.com\/vivaldi\/de\/tagen-und-feiern\/","og_locale":"en_US","og_type":"article","og_title":"Event & Meeting Rooms in Malta | Vivaldi Hotel","og_description":"Elevate your business events at Vivaldi Malta in St Julian\u2019s. Enjoy well-equipped meeting rooms and tailored services for a seamless experience.","og_url":"https:\/\/verdihotels.com\/vivaldi\/de\/tagen-und-feiern\/","og_site_name":"Vivaldi","article_publisher":"https:\/\/www.facebook.com\/VerdiHotels","article_modified_time":"2026-04-14T13:01:08+00:00","twitter_card":"summary_large_image","twitter_misc":{"Est. reading time":"1 minute"},"schema":{"@context":"https:\/\/schema.org","@graph":[{"@type":"WebPage","@id":"https:\/\/verdihotels.com\/vivaldi\/de\/tagen-und-feiern\/","url":"https:\/\/verdihotels.com\/vivaldi\/de\/tagen-und-feiern\/","name":"Event & Meeting Rooms in Malta | Vivaldi Hotel","description":"Elevate your business events at Vivaldi Malta in St Julian\u2019s. Enjoy well-equipped meeting rooms and tailored services for a seamless experience.","potentialAction":[{"@type":"ReadAction","target":["https:\/\/verdihotels.com\/vivaldi\/de\/tagen-und-feiern\/"]}]},{"@type":"BreadcrumbList","@id":"https:\/\/verdihotels.com\/vivaldi\/de\/tagen-und-feiern\/#breadcrumb","itemListElement":[{"@type":"ListItem","position":1,"name":"Home","item":"https:\/\/verdihotels.com\/vivaldi\/"},{"@type":"ListItem","position":2,"name":"Tagen und feiern"}]},{"@type":"WebSite","@id":"https:\/\/verdihotels.com\/vivaldi\/#website","url":"https:\/\/verdihotels.com\/vivaldi\/","name":"Verdi Gzira Waterfront","description":"travelling the way it&#039;s meant to be","publisher":{"@id":"https:\/\/verdihotels.com\/vivaldi\/#organization"},"potentialAction":[{"@type":"SearchAction","target":{"@type":"EntryPoint","urlTemplate":"https:\/\/verdihotels.com\/vivaldi\/?s={search_term_string}"},"query-input":{"@type":"PropertyValueSpecification","valueRequired":true,"valueName":"search_term_string"}}],"inLanguage":"en-US"},{"@type":"Organization","@id":"https:\/\/verdihotels.com\/vivaldi\/#organization","name":"Verdi Gzira Waterfront","url":"https:\/\/verdihotels.com\/vivaldi\/","logo":{"@type":"ImageObject","inLanguage":"en-US","@id":"https:\/\/verdihotels.com\/vivaldi\/#\/schema\/logo\/image\/","url":"","contentUrl":"","caption":"Verdi Gzira Waterfront"},"image":{"@id":"https:\/\/verdihotels.com\/vivaldi\/#\/schema\/logo\/image\/"},"sameAs":["https:\/\/www.facebook.com\/VerdiHotels","https:\/\/www.tiktok.com\/@verdi_hotels","https:\/\/www.instagram.com\/verdi_hotels"]}]}},"acf":[],"lang":"de","translations":{"de":1039,"en":43,"hu":1014,"pt":1093,"fr":1118,"cs":1133},"pll_sync_post":[],"_links":{"self":[{"href":"https:\/\/verdihotels.com\/vivaldi\/wp-json\/wp\/v2\/pages\/1039","targetHints":{"allow":["GET"]}}],"collection":[{"href":"https:\/\/verdihotels.com\/vivaldi\/wp-json\/wp\/v2\/pages"}],"about":[{"href":"https:\/\/verdihotels.com\/vivaldi\/wp-json\/wp\/v2\/types\/page"}],"author":[{"embeddable":true,"href":"https:\/\/verdihotels.com\/vivaldi\/wp-json\/wp\/v2\/users\/3"}],"replies":[{"embeddable":true,"href":"https:\/\/verdihotels.com\/vivaldi\/wp-json\/wp\/v2\/comments?post=1039"}],"version-history":[{"count":0,"href":"https:\/\/verdihotels.com\/vivaldi\/wp-json\/wp\/v2\/pages\/1039\/revisions"}],"wp:attachment":[{"href":"https:\/\/verdihotels.com\/vivaldi\/wp-json\/wp\/v2\/media?parent=1039"}],"curies":[{"name":"wp","href":"https:\/\/api.w.org\/{rel}","templated":true}]}}