{"id":1104,"date":"2025-09-05T14:36:37","date_gmt":"2025-09-05T14:36:37","guid":{"rendered":"https:\/\/verdihotels.com\/vivaldi\/?page_id=1104"},"modified":"2025-09-05T14:38:08","modified_gmt":"2025-09-05T14:38:08","slug":"a-propos-du-vivaldi","status":"publish","type":"page","link":"https:\/\/verdihotels.com\/vivaldi\/fr\/a-propos-du-vivaldi\/","title":{"rendered":"\u00c0 propos du Vivaldi"},"content":{"rendered":"<div data-elementor-type=\"wp-page\" data-elementor-id=\"1104\" class=\"elementor elementor-1104\" data-elementor-post-type=\"page\"><div class=\"breadcrumbs\"><span><span><a href=\"https:\/\/verdihotels.com\/vivaldi\/\">Home<\/a><\/span><\/span><\/div>\n\t\t\t\t\t\t<section class=\"elementor-section elementor-top-section elementor-element elementor-element-ee7f015 elementor-section-height-min-height elementor-section-items-bottom elementor-section-boxed elementor-section-height-default\" data-id=\"ee7f015\" data-element_type=\"section\" data-e-type=\"section\" data-settings='{\"background_background\":\"classic\",\"background_motion_fx_motion_fx_scrolling\":\"yes\",\"background_motion_fx_scale_effect\":\"yes\",\"background_motion_fx_scale_speed\":{\"unit\":\"px\",\"size\":\"5\",\"sizes\":[]},\"background_motion_fx_scale_direction\":\"out-in\",\"background_motion_fx_scale_range\":{\"unit\":\"%\",\"size\":\"\",\"sizes\":{\"start\":20,\"end\":80}},\"background_motion_fx_devices\":[\"desktop\",\"tablet\",\"mobile\"]}'>\n\t\t\t\t\t\t<div class=\"elementor-container elementor-column-gap-default\">\n\t\t\t\t\t<div class=\"elementor-column elementor-col-100 elementor-top-column elementor-element elementor-element-7088f58\" data-id=\"7088f58\" data-element_type=\"column\" data-e-type=\"column\">\n\t\t\t<div class=\"elementor-widget-wrap elementor-element-populated\">\n\t\t\t\t\t\t<div class=\"elementor-element elementor-element-107c280 elementor-widget elementor-widget-shortcode\" data-id=\"107c280\" data-element_type=\"widget\" data-e-type=\"widget\" data-widget_type=\"shortcode.default\">\n\t\t\t\t<div class=\"elementor-widget-container\">\n\t\t\t\t\t\t\t<div class=\"elementor-shortcode\"><script>\nvar verdi_destinations = {\"96870\":{\"destination\":\"Panorama by Verdi Hotels\",\"city\":\"Panorama by Verdi Hotels\",\"region\":\"Panorama by Verdi Hotels\",\"country\":\"Czech Republic\"},\"45691\":{\"destination\":\"Verdi Budapest Aquincum\",\"city\":\"Verdi Budapest Aquincum\",\"region\":\"Verdi Budapest Aquincum\",\"country\":\"Hungary\"},\"45690\":{\"destination\":\"Verdi Gzira Promenade\",\"city\":\"Verdi Gzira Promenade\",\"region\":\"Verdi Gzira Promenade\",\"country\":\"Malta\"},\"47765\":{\"destination\":\"Verdi Santar\\u00e9m\",\"city\":\"Verdi Santar\\u00e9m\",\"region\":\"Verdi Santar\\u00e9m\",\"country\":\"Portugal\"},\"45540\":{\"destination\":\"Verdi St.George\\u2019s Bay Marina\",\"city\":\"Verdi St.George\\u2019s Bay Marina\",\"region\":\"Verdi St.George\\u2019s Bay Marina\",\"country\":\"Malta\"},\"47749\":{\"destination\":\"Verdi Tunis Beach Resort\",\"city\":\"Verdi Tunis Beach Resort\",\"region\":\"Verdi Tunis Beach Resort\",\"country\":\"Tunisia\"},\"47761\":{\"destination\":\"Vivaldi by Verdi Hotels\",\"city\":\"Vivaldi by Verdi Hotels\",\"region\":\"Vivaldi by Verdi Hotels\",\"country\":\"Malta\"}};\n\nvar verdi_booking_strings = {\"adult\":\"Adult\",\"adults\":\"Adults\",\"child\":\"Child\",\"children\":\"Children\",\"room\":\"Room\",\"rooms\":\"Rooms\"};\n\n<\/script>\n\n<div class=\"booking-form hotel\" data-hotel=\"\" data-booking-form=\"1\">\n\t<form action=\"https:\/\/reservations.verdihotels.com\/\" target=\"_blank\">\n\t\t<div class=\"row\">\n\t\t\t\t\t\t<div class=\"field-group field-group-date arrive\">\n\t\t\t\t<label for=\"BFArrive1\">Check-in<\/label>\n\t\t\t\t<div class=\"field-wrapper\">\n\t\t\t\t\t<input type=\"date\" name=\"arrive\" id=\"BFArrive1\" placeholder=\"Select date...\">\n\t\t\t\t\t<i aria-hidden=\"true\" class=\"fa fa-calendar-alt\"><\/i>\n\t\t\t\t<\/div>\n\t\t\t<\/div>\n\t\t\t<div class=\"field-group field-group-date depart\">\n\t\t\t\t<label for=\"BFDepart1\">Check-out<\/label>\n\t\t\t\t<div class=\"field-wrapper\">\n\t\t\t\t\t<input type=\"date\" name=\"depart\" id=\"BFDepart1\" placeholder=\"Select date...\">\n\t\t\t\t\t<i aria-hidden=\"true\" class=\"fa fa-calendar-alt\"><\/i>\n\t\t\t\t<\/div>\n\t\t\t<\/div>\n\t\t\t<div class=\"field-group field-group-guests\" id=\"BFGuests1\">\n\t\t\t\t<label>Guests<\/label>\n\t\t\t\t<input type=\"text\" class=\"booking-form-guests\" id=\"BFGuestsField1\" readonly value=\"\">\n\t\t\t\t<div class=\"guests-dd\">\n\t\t\t\t\t<div class=\"field-group\">\n\t\t\t\t\t\t<label for=\"BFAdults1\">Adults<\/label>\n\t\t\t\t\t\t<div class=\"field-wrapper-number\">\n\t\t\t\t\t\t\t<a href=\"#\" class=\"decrease-field\">-<\/a>\n\t\t\t\t\t\t\t<input type=\"number\" name=\"adult\" id=\"BFAdults1\" value=\"1\" min=\"1\" max=\"\" readonly>\n\t\t\t\t\t\t\t<a href=\"#\" class=\"increase-field\">+<\/a>\n\t\t\t\t\t\t<\/div>\n\t\t\t\t\t<\/div>\n\t\t\t\t\t<div class=\"field-group\">\n\t\t\t\t\t\t<label for=\"BFChild1\">Children<\/label>\n\t\t\t\t\t\t<div class=\"field-wrapper-number\">\n\t\t\t\t\t\t\t<a href=\"#\" class=\"decrease-field\">-<\/a>\n\t\t\t\t\t\t\t<input type=\"number\" name=\"child\" id=\"BFChild1\" value=\"0\" min=\"0\" max=\"\" readonly>\n\t\t\t\t\t\t\t<a href=\"#\" class=\"increase-field\">+<\/a>\n\t\t\t\t\t\t<\/div>\n\t\t\t\t\t<\/div>\n\t\t\t\t\t<div class=\"field-group\">\n\t\t\t\t\t\t<label for=\"BFRooms1\">Rooms<\/label>\n\t\t\t\t\t\t<div class=\"field-wrapper-number\">\n\t\t\t\t\t\t\t<a href=\"#\" class=\"decrease-field\">-<\/a>\n\t\t\t\t\t\t\t<input type=\"number\" name=\"rooms\" id=\"BFRooms1\" value=\"1\" min=\"1\" max=\"\" readonly>\n\t\t\t\t\t\t\t<a href=\"#\" class=\"increase-field\">+<\/a>\n\t\t\t\t\t\t<\/div>\n\t\t\t\t\t<\/div>\n\t\t\t\t<\/div>\n\t\t\t<\/div>\n\t\t\t<div class=\"field-group field-group-button\">\n\t\t\t\t<input type=\"submit\" class=\"button btn-submit\" value=\"Check Availability\">\n\t\t\t<\/div>\n\t\t<\/div>\n\t\t<input type=\"hidden\" name=\"chain\" value=\"31999\">\n\t\t\t\t<input type=\"hidden\" name=\"hotel\" value=\"47761\">\n\t\t\t<\/form>\n<\/div><\/div>\n\t\t\t\t\t\t<\/div>\n\t\t\t\t<\/div>\n\t\t\t\t\t<\/div>\n\t\t<\/div>\n\t\t\t\t\t<\/div>\n\t\t<\/section>\n\t\t\t\t<section class=\"elementor-section elementor-top-section elementor-element elementor-element-a951961 elementor-section-full_width elementor-section-height-min-height elementor-section-height-default elementor-section-items-middle\" data-id=\"a951961\" data-element_type=\"section\" data-e-type=\"section\">\n\t\t\t\t\t\t<div class=\"elementor-container elementor-column-gap-default\">\n\t\t\t\t\t<div class=\"elementor-column elementor-col-50 elementor-top-column elementor-element elementor-element-ca93733\" data-id=\"ca93733\" data-element_type=\"column\" data-e-type=\"column\">\n\t\t\t<div class=\"elementor-widget-wrap elementor-element-populated\">\n\t\t\t\t\t\t<div class=\"elementor-element elementor-element-1cb1e8a elementor-widget elementor-widget-heading\" data-id=\"1cb1e8a\" data-element_type=\"widget\" data-e-type=\"widget\" data-widget_type=\"heading.default\">\n\t\t\t\t<div class=\"elementor-widget-container\">\n\t\t\t\t\t<h1 class=\"elementor-heading-title elementor-size-default\">Vivaldi &ndash; Ce qu&rsquo;il vous faut, c&rsquo;est &ecirc;tre ici <\/h1>\t\t\t\t<\/div>\n\t\t\t\t<\/div>\n\t\t\t\t\t<\/div>\n\t\t<\/div>\n\t\t\t\t<div class=\"elementor-column elementor-col-50 elementor-top-column elementor-element elementor-element-751c4dd\" data-id=\"751c4dd\" data-element_type=\"column\" data-e-type=\"column\">\n\t\t\t<div class=\"elementor-widget-wrap elementor-element-populated\">\n\t\t\t\t\t\t<div class=\"elementor-element elementor-element-173560f elementor-widget__width-initial elementor-widget elementor-widget-text-editor\" data-id=\"173560f\" data-element_type=\"widget\" data-e-type=\"widget\" data-widget_type=\"text-editor.default\">\n\t\t\t\t<div class=\"elementor-widget-container\">\n\t\t\t\t\t\t\t\t\t<p class=\"p1\">Puisant son &eacute;nergie dans le tr&egrave;s anim&eacute; quartier de San &#288;iljan et sa tr&eacute;pidante vie nocturne, le Vivaldi Malta est le lieu o&ugrave; travail, loisirs et d&eacute;couvertes se conjuguent sans effort. Au beau milieu de si&egrave;cles d&rsquo;histoire, d&rsquo;une architecture &agrave; couper le souffle et de c&ocirc;tes baign&eacute;es de soleil, Malte offre cette rare opportunit&eacute; de plonger dans le pass&eacute; tout en embrassant pleinement le pr&eacute;sent. Que vous soyez ici pour vous d&eacute;tendre, vous ressourcer ou explorer, nous sommes l&agrave; pour que chaque instant soit parfait.<br><br>Avec 263 chambres soigneusement con&ccedil;ues, dont 17 suites avec balcons priv&eacute;s et vues panoramiques sur la mer, le Vivaldi Malta allie confort et inspiration. D&eacute;lectez-vous de saveurs locales dans nos restaurants et bars, d&eacute;tendez-vous au bord de la piscine du toit ou de la piscine int&eacute;rieure, ou ressourcez-vous dans le sauna, dans le jacuzzi ou dans la salle de sport.<br><br>Des matins ensoleill&eacute;s aux promenades sous les &eacute;toiles, c&rsquo;est votre moment, votre lieu, votre histoire &agrave; raconter. Suivez les traces de l&rsquo;histoire, ou &eacute;crivez les premi&egrave;res lignes d&rsquo;un nouveau chapitre.<br><br>Puisant son &eacute;nergie dans le tr&egrave;s anim&eacute; quartier de San &#288;iljan et sa tr&eacute;pidante vie nocturne, le Vivaldi Malta est le lieu o&ugrave; travail, loisirs et d&eacute;couvertes se conjuguent sans effort.<\/p>\t\t\t\t\t\t\t\t<\/div>\n\t\t\t\t<\/div>\n\t\t\t\t\t<\/div>\n\t\t<\/div>\n\t\t\t\t\t<\/div>\n\t\t<\/section>\n\t\t\t\t<section class=\"elementor-section elementor-top-section elementor-element elementor-element-6bb48c9 elementor-section-content-bottom elementor-section-boxed elementor-section-height-default elementor-section-height-default\" data-id=\"6bb48c9\" data-element_type=\"section\" data-e-type=\"section\" data-settings='{\"background_background\":\"classic\"}'>\n\t\t\t\t\t\t<div class=\"elementor-container elementor-column-gap-default\">\n\t\t\t\t\t<div class=\"elementor-column elementor-col-50 elementor-top-column elementor-element elementor-element-ad99ec3\" data-id=\"ad99ec3\" data-element_type=\"column\" data-e-type=\"column\">\n\t\t\t<div class=\"elementor-widget-wrap\">\n\t\t\t\t\t\t\t<\/div>\n\t\t<\/div>\n\t\t\t\t<div class=\"elementor-column elementor-col-50 elementor-top-column elementor-element elementor-element-eb9d397\" data-id=\"eb9d397\" data-element_type=\"column\" data-e-type=\"column\" data-settings='{\"background_background\":\"classic\"}'>\n\t\t\t<div class=\"elementor-widget-wrap elementor-element-populated\">\n\t\t\t\t\t\t<div class=\"elementor-element elementor-element-5e38a34 elementor-widget elementor-widget-heading\" data-id=\"5e38a34\" data-element_type=\"widget\" data-e-type=\"widget\" data-widget_type=\"heading.default\">\n\t\t\t\t<div class=\"elementor-widget-container\">\n\t\t\t\t\t<h2 class=\"elementor-heading-title elementor-size-default\">Retracez les traces de l'histoire ou &eacute;crivez le d&eacute;but d'un nouveau chapitre<\/h2>\t\t\t\t<\/div>\n\t\t\t\t<\/div>\n\t\t\t\t\t<\/div>\n\t\t<\/div>\n\t\t\t\t\t<\/div>\n\t\t<\/section>\n\t\t\t\t<\/div>\n","protected":false},"excerpt":{"rendered":"<p>Vivaldi \u2013 Ce qu\u2019il vous faut, c\u2019est \u00eatre ici Puisant son \u00e9nergie dans le tr\u00e8s anim\u00e9 quartier de San \u0120iljan et sa tr\u00e9pidante vie nocturne, le Vivaldi Malta est le lieu o\u00f9 travail, loisirs et d\u00e9couvertes se conjuguent sans effort. Au beau milieu de si\u00e8cles d\u2019histoire, d\u2019une architecture \u00e0 couper le souffle et de c\u00f4tes&hellip;<\/p>\n","protected":false},"author":3,"featured_media":0,"parent":0,"menu_order":-1,"comment_status":"closed","ping_status":"closed","template":"","meta":{"_acf_changed":false,"footnotes":""},"class_list":["post-1104","page","type-page","status-publish","hentry"],"yoast_head":"<!-- This site is optimized with the Yoast SEO plugin v27.3 - https:\/\/yoast.com\/product\/yoast-seo-wordpress\/ -->\n<title>About Us \u2013 Vivaldi Malta<\/title>\n<meta name=\"description\" content=\"Experience comfort and style at Vivaldi, your destination in St.Julians, Malta\" \/>\n<meta name=\"robots\" content=\"index, follow, max-snippet:-1, max-image-preview:large, max-video-preview:-1\" \/>\n<link rel=\"canonical\" href=\"https:\/\/verdihotels.com\/vivaldi\/fr\/a-propos-du-vivaldi\/\" \/>\n<meta property=\"og:locale\" content=\"en_US\" \/>\n<meta property=\"og:type\" content=\"article\" \/>\n<meta property=\"og:title\" content=\"About Us \u2013 Vivaldi Malta\" \/>\n<meta property=\"og:description\" content=\"Experience comfort and style at Vivaldi, your destination in St.Julians, Malta\" \/>\n<meta property=\"og:url\" content=\"https:\/\/verdihotels.com\/vivaldi\/fr\/a-propos-du-vivaldi\/\" \/>\n<meta property=\"og:site_name\" content=\"Vivaldi\" \/>\n<meta property=\"article:publisher\" content=\"https:\/\/www.facebook.com\/VerdiHotels\" \/>\n<meta property=\"article:modified_time\" content=\"2025-09-05T14:38:08+00:00\" \/>\n<meta name=\"twitter:card\" content=\"summary_large_image\" \/>\n<meta name=\"twitter:label1\" content=\"Est. reading time\" \/>\n\t<meta name=\"twitter:data1\" content=\"1 minute\" \/>\n<script type=\"application\/ld+json\" class=\"yoast-schema-graph\">{\"@context\":\"https:\\\/\\\/schema.org\",\"@graph\":[{\"@type\":\"WebPage\",\"@id\":\"https:\\\/\\\/verdihotels.com\\\/vivaldi\\\/fr\\\/a-propos-du-vivaldi\\\/\",\"url\":\"https:\\\/\\\/verdihotels.com\\\/vivaldi\\\/fr\\\/a-propos-du-vivaldi\\\/\",\"name\":\"About Us \u2013 Vivaldi Malta\",\"description\":\"Experience comfort and style at Vivaldi, your destination in St.Julians, Malta\",\"potentialAction\":[{\"@type\":\"ReadAction\",\"target\":[\"https:\\\/\\\/verdihotels.com\\\/vivaldi\\\/fr\\\/a-propos-du-vivaldi\\\/\"]}]},{\"@type\":\"BreadcrumbList\",\"@id\":\"https:\\\/\\\/verdihotels.com\\\/vivaldi\\\/fr\\\/a-propos-du-vivaldi\\\/#breadcrumb\",\"itemListElement\":[{\"@type\":\"ListItem\",\"position\":1,\"name\":\"Home\",\"item\":\"https:\\\/\\\/verdihotels.com\\\/vivaldi\\\/\"},{\"@type\":\"ListItem\",\"position\":2,\"name\":\"\u00c0 propos du Vivaldi\"}]},{\"@type\":\"WebSite\",\"@id\":\"https:\\\/\\\/verdihotels.com\\\/vivaldi\\\/#website\",\"url\":\"https:\\\/\\\/verdihotels.com\\\/vivaldi\\\/\",\"name\":\"Verdi Gzira Waterfront\",\"description\":\"travelling the way it&#039;s meant to be\",\"publisher\":{\"@id\":\"https:\\\/\\\/verdihotels.com\\\/vivaldi\\\/#organization\"},\"potentialAction\":[{\"@type\":\"SearchAction\",\"target\":{\"@type\":\"EntryPoint\",\"urlTemplate\":\"https:\\\/\\\/verdihotels.com\\\/vivaldi\\\/?s={search_term_string}\"},\"query-input\":{\"@type\":\"PropertyValueSpecification\",\"valueRequired\":true,\"valueName\":\"search_term_string\"}}],\"inLanguage\":\"en-US\"},{\"@type\":\"Organization\",\"@id\":\"https:\\\/\\\/verdihotels.com\\\/vivaldi\\\/#organization\",\"name\":\"Verdi Gzira Waterfront\",\"url\":\"https:\\\/\\\/verdihotels.com\\\/vivaldi\\\/\",\"logo\":{\"@type\":\"ImageObject\",\"inLanguage\":\"en-US\",\"@id\":\"https:\\\/\\\/verdihotels.com\\\/vivaldi\\\/#\\\/schema\\\/logo\\\/image\\\/\",\"url\":\"\",\"contentUrl\":\"\",\"caption\":\"Verdi Gzira Waterfront\"},\"image\":{\"@id\":\"https:\\\/\\\/verdihotels.com\\\/vivaldi\\\/#\\\/schema\\\/logo\\\/image\\\/\"},\"sameAs\":[\"https:\\\/\\\/www.facebook.com\\\/VerdiHotels\",\"https:\\\/\\\/www.tiktok.com\\\/@verdi_hotels\",\"https:\\\/\\\/www.instagram.com\\\/verdi_hotels\"]}]}<\/script>\n<!-- \/ Yoast SEO plugin. -->","yoast_head_json":{"title":"About Us \u2013 Vivaldi Malta","description":"Experience comfort and style at Vivaldi, your destination in St.Julians, Malta","robots":{"index":"index","follow":"follow","max-snippet":"max-snippet:-1","max-image-preview":"max-image-preview:large","max-video-preview":"max-video-preview:-1"},"canonical":"https:\/\/verdihotels.com\/vivaldi\/fr\/a-propos-du-vivaldi\/","og_locale":"en_US","og_type":"article","og_title":"About Us \u2013 Vivaldi Malta","og_description":"Experience comfort and style at Vivaldi, your destination in St.Julians, Malta","og_url":"https:\/\/verdihotels.com\/vivaldi\/fr\/a-propos-du-vivaldi\/","og_site_name":"Vivaldi","article_publisher":"https:\/\/www.facebook.com\/VerdiHotels","article_modified_time":"2025-09-05T14:38:08+00:00","twitter_card":"summary_large_image","twitter_misc":{"Est. reading time":"1 minute"},"schema":{"@context":"https:\/\/schema.org","@graph":[{"@type":"WebPage","@id":"https:\/\/verdihotels.com\/vivaldi\/fr\/a-propos-du-vivaldi\/","url":"https:\/\/verdihotels.com\/vivaldi\/fr\/a-propos-du-vivaldi\/","name":"About Us \u2013 Vivaldi Malta","description":"Experience comfort and style at Vivaldi, your destination in St.Julians, Malta","potentialAction":[{"@type":"ReadAction","target":["https:\/\/verdihotels.com\/vivaldi\/fr\/a-propos-du-vivaldi\/"]}]},{"@type":"BreadcrumbList","@id":"https:\/\/verdihotels.com\/vivaldi\/fr\/a-propos-du-vivaldi\/#breadcrumb","itemListElement":[{"@type":"ListItem","position":1,"name":"Home","item":"https:\/\/verdihotels.com\/vivaldi\/"},{"@type":"ListItem","position":2,"name":"\u00c0 propos du Vivaldi"}]},{"@type":"WebSite","@id":"https:\/\/verdihotels.com\/vivaldi\/#website","url":"https:\/\/verdihotels.com\/vivaldi\/","name":"Verdi Gzira Waterfront","description":"travelling the way it&#039;s meant to be","publisher":{"@id":"https:\/\/verdihotels.com\/vivaldi\/#organization"},"potentialAction":[{"@type":"SearchAction","target":{"@type":"EntryPoint","urlTemplate":"https:\/\/verdihotels.com\/vivaldi\/?s={search_term_string}"},"query-input":{"@type":"PropertyValueSpecification","valueRequired":true,"valueName":"search_term_string"}}],"inLanguage":"en-US"},{"@type":"Organization","@id":"https:\/\/verdihotels.com\/vivaldi\/#organization","name":"Verdi Gzira Waterfront","url":"https:\/\/verdihotels.com\/vivaldi\/","logo":{"@type":"ImageObject","inLanguage":"en-US","@id":"https:\/\/verdihotels.com\/vivaldi\/#\/schema\/logo\/image\/","url":"","contentUrl":"","caption":"Verdi Gzira Waterfront"},"image":{"@id":"https:\/\/verdihotels.com\/vivaldi\/#\/schema\/logo\/image\/"},"sameAs":["https:\/\/www.facebook.com\/VerdiHotels","https:\/\/www.tiktok.com\/@verdi_hotels","https:\/\/www.instagram.com\/verdi_hotels"]}]}},"acf":[],"lang":"fr","translations":{"fr":1104,"en":36,"hu":994,"de":1041,"pt":1087,"cs":1121},"pll_sync_post":[],"_links":{"self":[{"href":"https:\/\/verdihotels.com\/vivaldi\/wp-json\/wp\/v2\/pages\/1104","targetHints":{"allow":["GET"]}}],"collection":[{"href":"https:\/\/verdihotels.com\/vivaldi\/wp-json\/wp\/v2\/pages"}],"about":[{"href":"https:\/\/verdihotels.com\/vivaldi\/wp-json\/wp\/v2\/types\/page"}],"author":[{"embeddable":true,"href":"https:\/\/verdihotels.com\/vivaldi\/wp-json\/wp\/v2\/users\/3"}],"replies":[{"embeddable":true,"href":"https:\/\/verdihotels.com\/vivaldi\/wp-json\/wp\/v2\/comments?post=1104"}],"version-history":[{"count":0,"href":"https:\/\/verdihotels.com\/vivaldi\/wp-json\/wp\/v2\/pages\/1104\/revisions"}],"wp:attachment":[{"href":"https:\/\/verdihotels.com\/vivaldi\/wp-json\/wp\/v2\/media?parent=1104"}],"curies":[{"name":"wp","href":"https:\/\/api.w.org\/{rel}","templated":true}]}}