{"id":1121,"date":"2025-09-09T12:21:29","date_gmt":"2025-09-09T12:21:29","guid":{"rendered":"https:\/\/verdihotels.com\/vivaldi\/?page_id=1121"},"modified":"2025-09-09T12:22:25","modified_gmt":"2025-09-09T12:22:25","slug":"o-hotelu-vivaldi","status":"publish","type":"page","link":"https:\/\/verdihotels.com\/vivaldi\/cs\/o-hotelu-vivaldi\/","title":{"rendered":"O hotelu Vivaldi"},"content":{"rendered":"<div data-elementor-type=\"wp-page\" data-elementor-id=\"1121\" class=\"elementor elementor-1121\" data-elementor-post-type=\"page\"><div class=\"breadcrumbs\"><span><span><a href=\"https:\/\/verdihotels.com\/vivaldi\/\">Home<\/a><\/span><\/span><\/div>\n\t\t\t\t\t\t<section class=\"elementor-section elementor-top-section elementor-element elementor-element-ee7f015 elementor-section-height-min-height elementor-section-items-bottom elementor-section-boxed elementor-section-height-default\" data-id=\"ee7f015\" data-element_type=\"section\" data-e-type=\"section\" data-settings='{\"background_background\":\"classic\",\"background_motion_fx_motion_fx_scrolling\":\"yes\",\"background_motion_fx_scale_effect\":\"yes\",\"background_motion_fx_scale_speed\":{\"unit\":\"px\",\"size\":\"5\",\"sizes\":[]},\"background_motion_fx_scale_direction\":\"out-in\",\"background_motion_fx_scale_range\":{\"unit\":\"%\",\"size\":\"\",\"sizes\":{\"start\":20,\"end\":80}},\"background_motion_fx_devices\":[\"desktop\",\"tablet\",\"mobile\"]}'>\n\t\t\t\t\t\t<div class=\"elementor-container elementor-column-gap-default\">\n\t\t\t\t\t<div class=\"elementor-column elementor-col-100 elementor-top-column elementor-element elementor-element-7088f58\" data-id=\"7088f58\" data-element_type=\"column\" data-e-type=\"column\">\n\t\t\t<div class=\"elementor-widget-wrap elementor-element-populated\">\n\t\t\t\t\t\t<div class=\"elementor-element elementor-element-107c280 elementor-widget elementor-widget-shortcode\" data-id=\"107c280\" data-element_type=\"widget\" data-e-type=\"widget\" data-widget_type=\"shortcode.default\">\n\t\t\t\t<div class=\"elementor-widget-container\">\n\t\t\t\t\t\t\t<div class=\"elementor-shortcode\"><script>\nvar verdi_destinations = {\"96870\":{\"destination\":\"Panorama by Verdi Hotels\",\"city\":\"Panorama by Verdi Hotels\",\"region\":\"Panorama by Verdi Hotels\",\"country\":\"Czech Republic\"},\"45691\":{\"destination\":\"Verdi Budapest Aquincum\",\"city\":\"Verdi Budapest Aquincum\",\"region\":\"Verdi Budapest Aquincum\",\"country\":\"Hungary\"},\"45690\":{\"destination\":\"Verdi Gzira Promenade\",\"city\":\"Verdi Gzira Promenade\",\"region\":\"Verdi Gzira Promenade\",\"country\":\"Malta\"},\"47765\":{\"destination\":\"Verdi Santar\\u00e9m\",\"city\":\"Verdi Santar\\u00e9m\",\"region\":\"Verdi Santar\\u00e9m\",\"country\":\"Portugal\"},\"45540\":{\"destination\":\"Verdi St.George\\u2019s Bay Marina\",\"city\":\"Verdi St.George\\u2019s Bay Marina\",\"region\":\"Verdi St.George\\u2019s Bay Marina\",\"country\":\"Malta\"},\"47749\":{\"destination\":\"Verdi Tunis Beach Resort\",\"city\":\"Verdi Tunis Beach Resort\",\"region\":\"Verdi Tunis Beach Resort\",\"country\":\"Tunisia\"},\"47761\":{\"destination\":\"Vivaldi by Verdi Hotels\",\"city\":\"Vivaldi by Verdi Hotels\",\"region\":\"Vivaldi by Verdi Hotels\",\"country\":\"Malta\"}};\n\nvar verdi_booking_strings = {\"adult\":\"Adult\",\"adults\":\"Adults\",\"child\":\"Child\",\"children\":\"Children\",\"room\":\"Room\",\"rooms\":\"Rooms\"};\n\n<\/script>\n\n<div class=\"booking-form hotel\" data-hotel=\"\" data-booking-form=\"1\">\n\t<form action=\"https:\/\/reservations.verdihotels.com\/\" target=\"_blank\">\n\t\t<div class=\"row\">\n\t\t\t\t\t\t<div class=\"field-group field-group-date arrive\">\n\t\t\t\t<label for=\"BFArrive1\">Check-in<\/label>\n\t\t\t\t<div class=\"field-wrapper\">\n\t\t\t\t\t<input type=\"date\" name=\"arrive\" id=\"BFArrive1\" placeholder=\"Select date...\">\n\t\t\t\t\t<i aria-hidden=\"true\" class=\"fa fa-calendar-alt\"><\/i>\n\t\t\t\t<\/div>\n\t\t\t<\/div>\n\t\t\t<div class=\"field-group field-group-date depart\">\n\t\t\t\t<label for=\"BFDepart1\">Check-out<\/label>\n\t\t\t\t<div class=\"field-wrapper\">\n\t\t\t\t\t<input type=\"date\" name=\"depart\" id=\"BFDepart1\" placeholder=\"Select date...\">\n\t\t\t\t\t<i aria-hidden=\"true\" class=\"fa fa-calendar-alt\"><\/i>\n\t\t\t\t<\/div>\n\t\t\t<\/div>\n\t\t\t<div class=\"field-group field-group-guests\" id=\"BFGuests1\">\n\t\t\t\t<label>Guests<\/label>\n\t\t\t\t<input type=\"text\" class=\"booking-form-guests\" id=\"BFGuestsField1\" readonly value=\"\">\n\t\t\t\t<div class=\"guests-dd\">\n\t\t\t\t\t<div class=\"field-group\">\n\t\t\t\t\t\t<label for=\"BFAdults1\">Adults<\/label>\n\t\t\t\t\t\t<div class=\"field-wrapper-number\">\n\t\t\t\t\t\t\t<a href=\"#\" class=\"decrease-field\">-<\/a>\n\t\t\t\t\t\t\t<input type=\"number\" name=\"adult\" id=\"BFAdults1\" value=\"1\" min=\"1\" max=\"\" readonly>\n\t\t\t\t\t\t\t<a href=\"#\" class=\"increase-field\">+<\/a>\n\t\t\t\t\t\t<\/div>\n\t\t\t\t\t<\/div>\n\t\t\t\t\t<div class=\"field-group\">\n\t\t\t\t\t\t<label for=\"BFChild1\">Children<\/label>\n\t\t\t\t\t\t<div class=\"field-wrapper-number\">\n\t\t\t\t\t\t\t<a href=\"#\" class=\"decrease-field\">-<\/a>\n\t\t\t\t\t\t\t<input type=\"number\" name=\"child\" id=\"BFChild1\" value=\"0\" min=\"0\" max=\"\" readonly>\n\t\t\t\t\t\t\t<a href=\"#\" class=\"increase-field\">+<\/a>\n\t\t\t\t\t\t<\/div>\n\t\t\t\t\t<\/div>\n\t\t\t\t\t<div class=\"field-group\">\n\t\t\t\t\t\t<label for=\"BFRooms1\">Rooms<\/label>\n\t\t\t\t\t\t<div class=\"field-wrapper-number\">\n\t\t\t\t\t\t\t<a href=\"#\" class=\"decrease-field\">-<\/a>\n\t\t\t\t\t\t\t<input type=\"number\" name=\"rooms\" id=\"BFRooms1\" value=\"1\" min=\"1\" max=\"\" readonly>\n\t\t\t\t\t\t\t<a href=\"#\" class=\"increase-field\">+<\/a>\n\t\t\t\t\t\t<\/div>\n\t\t\t\t\t<\/div>\n\t\t\t\t<\/div>\n\t\t\t<\/div>\n\t\t\t<div class=\"field-group field-group-button\">\n\t\t\t\t<input type=\"submit\" class=\"button btn-submit\" value=\"Check Availability\">\n\t\t\t<\/div>\n\t\t<\/div>\n\t\t<input type=\"hidden\" name=\"chain\" value=\"31999\">\n\t\t\t\t<input type=\"hidden\" name=\"hotel\" value=\"47761\">\n\t\t\t<\/form>\n<\/div><\/div>\n\t\t\t\t\t\t<\/div>\n\t\t\t\t<\/div>\n\t\t\t\t\t<\/div>\n\t\t<\/div>\n\t\t\t\t\t<\/div>\n\t\t<\/section>\n\t\t\t\t<section class=\"elementor-section elementor-top-section elementor-element elementor-element-a951961 elementor-section-full_width elementor-section-height-min-height elementor-section-height-default elementor-section-items-middle\" data-id=\"a951961\" data-element_type=\"section\" data-e-type=\"section\">\n\t\t\t\t\t\t<div class=\"elementor-container elementor-column-gap-default\">\n\t\t\t\t\t<div class=\"elementor-column elementor-col-50 elementor-top-column elementor-element elementor-element-ca93733\" data-id=\"ca93733\" data-element_type=\"column\" data-e-type=\"column\">\n\t\t\t<div class=\"elementor-widget-wrap elementor-element-populated\">\n\t\t\t\t\t\t<div class=\"elementor-element elementor-element-1cb1e8a elementor-widget elementor-widget-heading\" data-id=\"1cb1e8a\" data-element_type=\"widget\" data-e-type=\"widget\" data-widget_type=\"heading.default\">\n\t\t\t\t<div class=\"elementor-widget-container\">\n\t\t\t\t\t<h1 class=\"elementor-heading-title elementor-size-default\">Vivaldi &ndash; P&#345;esn&#283; tam, kde pot&#345;ebujete b&yacute;t<\/h1>\t\t\t\t<\/div>\n\t\t\t\t<\/div>\n\t\t\t\t\t<\/div>\n\t\t<\/div>\n\t\t\t\t<div class=\"elementor-column elementor-col-50 elementor-top-column elementor-element elementor-element-751c4dd\" data-id=\"751c4dd\" data-element_type=\"column\" data-e-type=\"column\">\n\t\t\t<div class=\"elementor-widget-wrap elementor-element-populated\">\n\t\t\t\t\t\t<div class=\"elementor-element elementor-element-173560f elementor-widget__width-initial elementor-widget elementor-widget-text-editor\" data-id=\"173560f\" data-element_type=\"widget\" data-e-type=\"widget\" data-widget_type=\"text-editor.default\">\n\t\t\t\t<div class=\"elementor-widget-container\">\n\t\t\t\t\t\t\t\t\t<p>Hotel Vivaldi Malta &#269;erp&aacute; energii z&nbsp;pulzuj&iacute;c&iacute; obchodn&iacute; &#269;tvrti m&#283;sta St. Julian&rsquo;s a&nbsp;bujar&eacute;ho no&#269;n&iacute;ho &#382;ivota a&nbsp;je m&iacute;stem, kde se lehce snoub&iacute; pr&aacute;ce, voln&yacute; &#269;as a&nbsp;objevov&aacute;n&iacute;. Malta, obklopen&aacute; staletou histori&iacute;, &uacute;chvatnou architekturou a&nbsp;sluncem zalit&yacute;m pob&#345;e&#382;&iacute;m, nab&iacute;z&iacute; vz&aacute;cnou p&#345;&iacute;le&#382;itost vr&aacute;tit se do minulosti a&nbsp;z&aacute;rove&#328; se pln&#283; oddat p&#345;&iacute;tomnosti. A&#357; u&#382; sem p&#345;ijedete odpo&#269;&iacute;vat, na&#269;erpat nov&eacute; s&iacute;ly nebo objevovat, jsme tu pro v&aacute;s, abychom se postarali o&nbsp;bezprobl&eacute;mov&yacute; pr&#367;b&#283;h ka&#382;d&eacute;ho okam&#382;iku.<\/p><p>Hotel Vivaldi Malta nab&iacute;z&iacute; 263 promy&scaron;len&#283; navr&#382;en&yacute;ch pokoj&#367;, v&#269;etn&#283; 17 apartm&aacute;n&#367; s&nbsp;vlastn&iacute;m balkonem a&nbsp;n&aacute;dhern&yacute;m v&yacute;hledem na mo&#345;e, a&nbsp;kombinuje tak komfort s&nbsp;inspirac&iacute;. Pochutnejte si na lok&aacute;ln&iacute;ch delikates&aacute;ch v&nbsp;na&scaron;ich restaurac&iacute;ch a&nbsp;barech, odpo&#269;i&#328;te si u&nbsp;st&#345;e&scaron;n&iacute;ho nebo kryt&eacute;ho baz&eacute;nu nebo si v&iacute;&#345;ivce &#269;i posilovn&#283;.<\/p><p>Od r&aacute;na zalit&eacute;ho sluncem a&#382; po proch&aacute;zky pln&eacute; hv&#283;zd&nbsp;&ndash; toto je v&aacute;&scaron; &#269;as, va&scaron;e m&iacute;sto, v&aacute;&scaron; p&#345;&iacute;b&#283;h, kter&yacute; m&#367;&#382;ete vypr&aacute;v&#283;t.<\/p>\t\t\t\t\t\t\t\t<\/div>\n\t\t\t\t<\/div>\n\t\t\t\t\t<\/div>\n\t\t<\/div>\n\t\t\t\t\t<\/div>\n\t\t<\/section>\n\t\t\t\t<section class=\"elementor-section elementor-top-section elementor-element elementor-element-6bb48c9 elementor-section-content-bottom elementor-section-boxed elementor-section-height-default elementor-section-height-default\" data-id=\"6bb48c9\" data-element_type=\"section\" data-e-type=\"section\" data-settings='{\"background_background\":\"classic\"}'>\n\t\t\t\t\t\t<div class=\"elementor-container elementor-column-gap-default\">\n\t\t\t\t\t<div class=\"elementor-column elementor-col-50 elementor-top-column elementor-element elementor-element-ad99ec3\" data-id=\"ad99ec3\" data-element_type=\"column\" data-e-type=\"column\">\n\t\t\t<div class=\"elementor-widget-wrap\">\n\t\t\t\t\t\t\t<\/div>\n\t\t<\/div>\n\t\t\t\t<div class=\"elementor-column elementor-col-50 elementor-top-column elementor-element elementor-element-eb9d397\" data-id=\"eb9d397\" data-element_type=\"column\" data-e-type=\"column\" data-settings='{\"background_background\":\"classic\"}'>\n\t\t\t<div class=\"elementor-widget-wrap elementor-element-populated\">\n\t\t\t\t\t\t<div class=\"elementor-element elementor-element-5e38a34 elementor-widget elementor-widget-heading\" data-id=\"5e38a34\" data-element_type=\"widget\" data-e-type=\"widget\" data-widget_type=\"heading.default\">\n\t\t\t\t<div class=\"elementor-widget-container\">\n\t\t\t\t\t<h2 class=\"elementor-heading-title elementor-size-default\">Vydejte se po stop&aacute;ch historie nebo za&#269;n&#283;te ps&aacute;t novou kapitolu.<\/h2>\t\t\t\t<\/div>\n\t\t\t\t<\/div>\n\t\t\t\t\t<\/div>\n\t\t<\/div>\n\t\t\t\t\t<\/div>\n\t\t<\/section>\n\t\t\t\t<\/div>\n","protected":false},"excerpt":{"rendered":"<p>Vivaldi \u2013 P\u0159esn\u011b tam, kde pot\u0159ebujete b\u00fdt Hotel Vivaldi Malta \u010derp\u00e1 energii z\u00a0pulzuj\u00edc\u00ed obchodn\u00ed \u010dtvrti m\u011bsta St. Julian\u2019s a\u00a0bujar\u00e9ho no\u010dn\u00edho \u017eivota a\u00a0je m\u00edstem, kde se lehce snoub\u00ed pr\u00e1ce, voln\u00fd \u010das a\u00a0objevov\u00e1n\u00ed. Malta, obklopen\u00e1 staletou histori\u00ed, \u00fachvatnou architekturou a\u00a0sluncem zalit\u00fdm pob\u0159e\u017e\u00edm, nab\u00edz\u00ed vz\u00e1cnou p\u0159\u00edle\u017eitost vr\u00e1tit se do minulosti a\u00a0z\u00e1rove\u0148 se pln\u011b oddat p\u0159\u00edtomnosti. A\u0165 u\u017e sem&hellip;<\/p>\n","protected":false},"author":3,"featured_media":0,"parent":0,"menu_order":-1,"comment_status":"closed","ping_status":"closed","template":"","meta":{"_acf_changed":false,"footnotes":""},"class_list":["post-1121","page","type-page","status-publish","hentry"],"yoast_head":"<!-- This site is optimized with the Yoast SEO plugin v27.5 - https:\/\/yoast.com\/product\/yoast-seo-wordpress\/ -->\n<title>About Us \u2013 Vivaldi Malta<\/title>\n<meta name=\"description\" content=\"Experience comfort and style at Vivaldi, your destination in St.Julians, Malta\" \/>\n<meta name=\"robots\" content=\"index, follow, max-snippet:-1, max-image-preview:large, max-video-preview:-1\" \/>\n<link rel=\"canonical\" href=\"https:\/\/verdihotels.com\/vivaldi\/cs\/o-hotelu-vivaldi\/\" \/>\n<meta property=\"og:locale\" content=\"en_US\" \/>\n<meta property=\"og:type\" content=\"article\" \/>\n<meta property=\"og:title\" content=\"About Us \u2013 Vivaldi Malta\" \/>\n<meta property=\"og:description\" content=\"Experience comfort and style at Vivaldi, your destination in St.Julians, Malta\" \/>\n<meta property=\"og:url\" content=\"https:\/\/verdihotels.com\/vivaldi\/cs\/o-hotelu-vivaldi\/\" \/>\n<meta property=\"og:site_name\" content=\"Vivaldi\" \/>\n<meta property=\"article:publisher\" content=\"https:\/\/www.facebook.com\/VerdiHotels\" \/>\n<meta property=\"article:modified_time\" content=\"2025-09-09T12:22:25+00:00\" \/>\n<meta name=\"twitter:card\" content=\"summary_large_image\" \/>\n<meta name=\"twitter:label1\" content=\"Est. reading time\" \/>\n\t<meta name=\"twitter:data1\" content=\"1 minute\" \/>\n<script type=\"application\/ld+json\" class=\"yoast-schema-graph\">{\"@context\":\"https:\\\/\\\/schema.org\",\"@graph\":[{\"@type\":\"WebPage\",\"@id\":\"https:\\\/\\\/verdihotels.com\\\/vivaldi\\\/cs\\\/o-hotelu-vivaldi\\\/\",\"url\":\"https:\\\/\\\/verdihotels.com\\\/vivaldi\\\/cs\\\/o-hotelu-vivaldi\\\/\",\"name\":\"About Us \u2013 Vivaldi Malta\",\"description\":\"Experience comfort and style at Vivaldi, your destination in St.Julians, Malta\",\"potentialAction\":[{\"@type\":\"ReadAction\",\"target\":[\"https:\\\/\\\/verdihotels.com\\\/vivaldi\\\/cs\\\/o-hotelu-vivaldi\\\/\"]}]},{\"@type\":\"BreadcrumbList\",\"@id\":\"https:\\\/\\\/verdihotels.com\\\/vivaldi\\\/cs\\\/o-hotelu-vivaldi\\\/#breadcrumb\",\"itemListElement\":[{\"@type\":\"ListItem\",\"position\":1,\"name\":\"Home\",\"item\":\"https:\\\/\\\/verdihotels.com\\\/vivaldi\\\/\"},{\"@type\":\"ListItem\",\"position\":2,\"name\":\"O hotelu Vivaldi\"}]},{\"@type\":\"WebSite\",\"@id\":\"https:\\\/\\\/verdihotels.com\\\/vivaldi\\\/#website\",\"url\":\"https:\\\/\\\/verdihotels.com\\\/vivaldi\\\/\",\"name\":\"Verdi Gzira Waterfront\",\"description\":\"travelling the way it&#039;s meant to be\",\"publisher\":{\"@id\":\"https:\\\/\\\/verdihotels.com\\\/vivaldi\\\/#organization\"},\"potentialAction\":[{\"@type\":\"SearchAction\",\"target\":{\"@type\":\"EntryPoint\",\"urlTemplate\":\"https:\\\/\\\/verdihotels.com\\\/vivaldi\\\/?s={search_term_string}\"},\"query-input\":{\"@type\":\"PropertyValueSpecification\",\"valueRequired\":true,\"valueName\":\"search_term_string\"}}],\"inLanguage\":\"en-US\"},{\"@type\":\"Organization\",\"@id\":\"https:\\\/\\\/verdihotels.com\\\/vivaldi\\\/#organization\",\"name\":\"Verdi Gzira Waterfront\",\"url\":\"https:\\\/\\\/verdihotels.com\\\/vivaldi\\\/\",\"logo\":{\"@type\":\"ImageObject\",\"inLanguage\":\"en-US\",\"@id\":\"https:\\\/\\\/verdihotels.com\\\/vivaldi\\\/#\\\/schema\\\/logo\\\/image\\\/\",\"url\":\"\",\"contentUrl\":\"\",\"caption\":\"Verdi Gzira Waterfront\"},\"image\":{\"@id\":\"https:\\\/\\\/verdihotels.com\\\/vivaldi\\\/#\\\/schema\\\/logo\\\/image\\\/\"},\"sameAs\":[\"https:\\\/\\\/www.facebook.com\\\/VerdiHotels\",\"https:\\\/\\\/www.tiktok.com\\\/@verdi_hotels\",\"https:\\\/\\\/www.instagram.com\\\/verdi_hotels\"]}]}<\/script>\n<!-- \/ Yoast SEO plugin. -->","yoast_head_json":{"title":"About Us \u2013 Vivaldi Malta","description":"Experience comfort and style at Vivaldi, your destination in St.Julians, Malta","robots":{"index":"index","follow":"follow","max-snippet":"max-snippet:-1","max-image-preview":"max-image-preview:large","max-video-preview":"max-video-preview:-1"},"canonical":"https:\/\/verdihotels.com\/vivaldi\/cs\/o-hotelu-vivaldi\/","og_locale":"en_US","og_type":"article","og_title":"About Us \u2013 Vivaldi Malta","og_description":"Experience comfort and style at Vivaldi, your destination in St.Julians, Malta","og_url":"https:\/\/verdihotels.com\/vivaldi\/cs\/o-hotelu-vivaldi\/","og_site_name":"Vivaldi","article_publisher":"https:\/\/www.facebook.com\/VerdiHotels","article_modified_time":"2025-09-09T12:22:25+00:00","twitter_card":"summary_large_image","twitter_misc":{"Est. reading time":"1 minute"},"schema":{"@context":"https:\/\/schema.org","@graph":[{"@type":"WebPage","@id":"https:\/\/verdihotels.com\/vivaldi\/cs\/o-hotelu-vivaldi\/","url":"https:\/\/verdihotels.com\/vivaldi\/cs\/o-hotelu-vivaldi\/","name":"About Us \u2013 Vivaldi Malta","description":"Experience comfort and style at Vivaldi, your destination in St.Julians, Malta","potentialAction":[{"@type":"ReadAction","target":["https:\/\/verdihotels.com\/vivaldi\/cs\/o-hotelu-vivaldi\/"]}]},{"@type":"BreadcrumbList","@id":"https:\/\/verdihotels.com\/vivaldi\/cs\/o-hotelu-vivaldi\/#breadcrumb","itemListElement":[{"@type":"ListItem","position":1,"name":"Home","item":"https:\/\/verdihotels.com\/vivaldi\/"},{"@type":"ListItem","position":2,"name":"O hotelu Vivaldi"}]},{"@type":"WebSite","@id":"https:\/\/verdihotels.com\/vivaldi\/#website","url":"https:\/\/verdihotels.com\/vivaldi\/","name":"Verdi Gzira Waterfront","description":"travelling the way it&#039;s meant to be","publisher":{"@id":"https:\/\/verdihotels.com\/vivaldi\/#organization"},"potentialAction":[{"@type":"SearchAction","target":{"@type":"EntryPoint","urlTemplate":"https:\/\/verdihotels.com\/vivaldi\/?s={search_term_string}"},"query-input":{"@type":"PropertyValueSpecification","valueRequired":true,"valueName":"search_term_string"}}],"inLanguage":"en-US"},{"@type":"Organization","@id":"https:\/\/verdihotels.com\/vivaldi\/#organization","name":"Verdi Gzira Waterfront","url":"https:\/\/verdihotels.com\/vivaldi\/","logo":{"@type":"ImageObject","inLanguage":"en-US","@id":"https:\/\/verdihotels.com\/vivaldi\/#\/schema\/logo\/image\/","url":"","contentUrl":"","caption":"Verdi Gzira Waterfront"},"image":{"@id":"https:\/\/verdihotels.com\/vivaldi\/#\/schema\/logo\/image\/"},"sameAs":["https:\/\/www.facebook.com\/VerdiHotels","https:\/\/www.tiktok.com\/@verdi_hotels","https:\/\/www.instagram.com\/verdi_hotels"]}]}},"acf":[],"lang":"cs","translations":{"cs":1121,"en":36,"hu":994,"de":1041,"pt":1087,"fr":1104},"pll_sync_post":{},"_links":{"self":[{"href":"https:\/\/verdihotels.com\/vivaldi\/wp-json\/wp\/v2\/pages\/1121","targetHints":{"allow":["GET"]}}],"collection":[{"href":"https:\/\/verdihotels.com\/vivaldi\/wp-json\/wp\/v2\/pages"}],"about":[{"href":"https:\/\/verdihotels.com\/vivaldi\/wp-json\/wp\/v2\/types\/page"}],"author":[{"embeddable":true,"href":"https:\/\/verdihotels.com\/vivaldi\/wp-json\/wp\/v2\/users\/3"}],"replies":[{"embeddable":true,"href":"https:\/\/verdihotels.com\/vivaldi\/wp-json\/wp\/v2\/comments?post=1121"}],"version-history":[{"count":0,"href":"https:\/\/verdihotels.com\/vivaldi\/wp-json\/wp\/v2\/pages\/1121\/revisions"}],"wp:attachment":[{"href":"https:\/\/verdihotels.com\/vivaldi\/wp-json\/wp\/v2\/media?parent=1121"}],"curies":[{"name":"wp","href":"https:\/\/api.w.org\/{rel}","templated":true}]}}